{"id":36860,"date":"2025-12-12T17:32:52","date_gmt":"2025-12-12T17:32:52","guid":{"rendered":"https:\/\/edirectorios.com.mx\/directorios-latinoamerica\/?post_type=product&#038;p=36860"},"modified":"2025-12-12T17:33:38","modified_gmt":"2025-12-12T17:33:38","slug":"escuelas-particulares-desde-preescolar-a-preparatoria-de-un-nse-medio-y-medio-alto-en-ciudad-de-mexico-y-area-metropolitana-empresas-aaa-en-monterrey-guadalajara-el-bajio-cd-de-mexico-ciudades-de-gr","status":"publish","type":"product","link":"https:\/\/edirectorios.com.mx\/directorios-latinoamerica\/product\/escuelas-particulares-desde-preescolar-a-preparatoria-de-un-nse-medio-y-medio-alto-en-ciudad-de-mexico-y-area-metropolitana-empresas-aaa-en-monterrey-guadalajara-el-bajio-cd-de-mexico-ciudades-de-gr\/","title":{"rendered":"Escuelas particulares desde preescolar a preparatoria de un NSE medio y medio-alto en Ciudad de M\u00e9xico y \u00c1rea Metropolitana Empresas AAA en Monterrey Guadalajara El Baj\u00edo, Cd De Mexico, ciudades de gran industria"},"content":{"rendered":"","protected":false},"excerpt":{"rendered":"<p>&nbsp;<\/p>\n<div class=\"row\">\n<div class=\"col-sm\">\n\t\t<strong>C\u00f3digo:<\/strong> <strong class=\"text-danger\"> HUBO-C8<\/strong>\n    <\/div>\n<div class=\"col-sm\">\n\t<strong>N\u00famero de registros: <\/strong>250\n\t<\/div>\n<\/div>\n<div class=\"row\">\n<div class=\"col-sm \">\n\t<strong>Folio: <\/strong><span class=\"text-danger\"> SME-0090-BM <\/span>\n\t<\/div>\n<\/div>\n<p><strong>Segmentaci\u00f3n:<\/strong><\/p>\n<div class=\"row\">\n<div class=\"col-sm \">\n\tEmpresas AAA  en Monterrey Guadalajara El Baj\u00edo, Cd De Mexico, ciudades de gran industria.<\/div>\n<\/div>\n<p><strong>Campos Contenidos:<\/strong><\/p>\n<div class=\"row\">\n<div class=\"col-sm \">\n\tEmpresa \/ Giro \/ Direcci\u00f3n \/ Ciudad \/ Estado \/ Contacto \/ Puesto Contralores o Fiscalistas o Directores de Operaciones o  Director General (NO MARKETINGS. NO GTE COMERCIAL, NO AUXILIARES) \/ Tel\u00e9fono \/ Email \/ P\u00e1gina web*opcional.  <\/div>\n<\/p><\/div>\n<div class=\"row\">\n<div class=\"col-sm\">\n\t<strong>Garant\u00eda: <\/strong>80%-85% <strong>Precio Original: <\/strong><del>$112 usd<\/del> <strong>Descuento Especial: <\/strong><strong class=\"text-danger\">20%<\/strong>\n\t<\/div>\n<\/div>\n<div class=\"row\">\n<div class=\"col text-center\">\n\t<strong>Total a Pagar: <\/strong><strong class=\"text-danger\">$93 USD<\/strong>\n\t<\/div>\n<\/div>\n","protected":false},"featured_media":31023,"template":"","meta":{"_bst_post_transparent":"","_bst_post_title":"","_bst_post_layout":"","_bst_post_sidebar_id":"","_bst_post_content_style":"","_bst_post_vertical_padding":"","_bst_post_feature":"","_bst_post_feature_position":"","_bst_post_header":false,"_bst_post_footer":false},"product_brand":[],"product_cat":[1379,1060],"product_tag":[1062,1063,1064,1067,1068,1071,1074,1075,1076,1077,1078,1079,1081,1082,1083,1084,1085,1086,1088,1089,1090,1092,1093,1097,1098,1099,1100,1102,1104,1105,1106,1117,1118,1170,1133,1135,1136,1137,1138,1139,1142,1144,1145,1146],"product_brands":[],"class_list":{"0":"post-36860","1":"product","2":"type-product","3":"status-publish","4":"has-post-thumbnail","6":"product_cat-con-mas-de-100-empleados","7":"product_cat-empresas-en-mexico","8":"product_tag-b2c-email-database","9":"product_tag-base-de-datos-campana-de-email-marketing","10":"product_tag-base-de-datos-campanas-de-email-marketing","11":"product_tag-base-de-datos-correo-masivo","12":"product_tag-base-de-datos-correo-masivos","13":"product_tag-base-de-datos-direct-e-mail-marketing","14":"product_tag-base-de-datos-email-marketer","15":"product_tag-base-de-datos-email-marketing","16":"product_tag-base-de-datos-email-masivos","17":"product_tag-base-de-datos-email-publicidad","18":"product_tag-base-de-datos-email-publicitario","19":"product_tag-base-de-datos-emailing","20":"product_tag-base-de-datos-enviar-email-masivo","21":"product_tag-base-de-datos-envio-de-email-masivo","22":"product_tag-base-de-datos-envio-masivo-correo","23":"product_tag-base-de-datos-envio-masivo-correos","24":"product_tag-base-de-datos-envio-masivo-de-emails","25":"product_tag-base-de-datos-envios-de-correo-masivos","26":"product_tag-base-de-datos-marketing","27":"product_tag-base-de-datos-marketing-por-e-mail","28":"product_tag-base-de-datos-marketing-por-email","29":"product_tag-base-de-datos-para-marketing","30":"product_tag-base-de-datos-publicidad-por-email","31":"product_tag-bases-de-datos-correos","32":"product_tag-bases-de-datos-correos-electronicos","33":"product_tag-bases-de-datos-de-emails","34":"product_tag-bases-de-datos-de-marketing","35":"product_tag-bases-de-datos-email","36":"product_tag-bases-de-datos-emailing","37":"product_tag-bases-de-datos-numeros-de-telefonos","38":"product_tag-bases-de-datos-telefono","39":"product_tag-buy-email-list","40":"product_tag-buy-email-list-database","41":"product_tag-database","42":"product_tag-email-address-list","43":"product_tag-email-lists","44":"product_tag-email-marketing-list","45":"product_tag-list-of-email-addresses","46":"product_tag-lista-de-correos","47":"product_tag-lista-de-correos-electronicos","48":"product_tag-mailing-list","49":"product_tag-marketing-correo-electronico","50":"product_tag-marketing-lists","51":"product_tag-publicidad-por-base-de-datos-correo-electronico","53":"first","54":"instock","55":"sale","56":"virtual","57":"purchasable","58":"product-type-simple","59":"entry","60":"content-bg","61":"loop-entry"},"aioseo_notices":[],"_links":{"self":[{"href":"https:\/\/edirectorios.com.mx\/directorios-latinoamerica\/wp-json\/wp\/v2\/product\/36860","targetHints":{"allow":["GET"]}}],"collection":[{"href":"https:\/\/edirectorios.com.mx\/directorios-latinoamerica\/wp-json\/wp\/v2\/product"}],"about":[{"href":"https:\/\/edirectorios.com.mx\/directorios-latinoamerica\/wp-json\/wp\/v2\/types\/product"}],"version-history":[{"count":1,"href":"https:\/\/edirectorios.com.mx\/directorios-latinoamerica\/wp-json\/wp\/v2\/product\/36860\/revisions"}],"predecessor-version":[{"id":36889,"href":"https:\/\/edirectorios.com.mx\/directorios-latinoamerica\/wp-json\/wp\/v2\/product\/36860\/revisions\/36889"}],"wp:featuredmedia":[{"embeddable":true,"href":"https:\/\/edirectorios.com.mx\/directorios-latinoamerica\/wp-json\/wp\/v2\/media\/31023"}],"wp:attachment":[{"href":"https:\/\/edirectorios.com.mx\/directorios-latinoamerica\/wp-json\/wp\/v2\/media?parent=36860"}],"wp:term":[{"taxonomy":"product_brand","embeddable":true,"href":"https:\/\/edirectorios.com.mx\/directorios-latinoamerica\/wp-json\/wp\/v2\/product_brand?post=36860"},{"taxonomy":"product_cat","embeddable":true,"href":"https:\/\/edirectorios.com.mx\/directorios-latinoamerica\/wp-json\/wp\/v2\/product_cat?post=36860"},{"taxonomy":"product_tag","embeddable":true,"href":"https:\/\/edirectorios.com.mx\/directorios-latinoamerica\/wp-json\/wp\/v2\/product_tag?post=36860"},{"taxonomy":"product_brands","embeddable":true,"href":"https:\/\/edirectorios.com.mx\/directorios-latinoamerica\/wp-json\/wp\/v2\/product_brands?post=36860"}],"curies":[{"name":"wp","href":"https:\/\/api.w.org\/{rel}","templated":true}]}}