{"id":36856,"date":"2025-12-12T17:32:51","date_gmt":"2025-12-12T17:32:51","guid":{"rendered":"https:\/\/edirectorios.com.mx\/directorios-latinoamerica\/?post_type=product&#038;p=36856"},"modified":"2025-12-12T17:33:32","modified_gmt":"2025-12-12T17:33:32","slug":"personas-fisicas-que-tengan-mas-de-30-anos-economicamente-activas-con-ingresos-superiores-de-30-mil-mensuales-en-peru-100-registros-chile-100-registros-y-mexico-100-registros","status":"publish","type":"product","link":"https:\/\/edirectorios.com.mx\/directorios-latinoamerica\/product\/personas-fisicas-que-tengan-mas-de-30-anos-economicamente-activas-con-ingresos-superiores-de-30-mil-mensuales-en-peru-100-registros-chile-100-registros-y-mexico-100-registros\/","title":{"rendered":"Personas f\u00edsicas, que tengan m\u00e1s de 30 a\u00f1os, econ\u00f3micamente activas con ingresos superiores de 30 mil mensuales en Per\u00fa (100 registros), Chile (100 registros) y M\u00e9xico (100 registros)"},"content":{"rendered":"","protected":false},"excerpt":{"rendered":"<p>&nbsp;<\/p>\n<div class=\"row\">\n<div class=\"col-sm\">\n\t\t<strong>C\u00f3digo:<\/strong> <strong class=\"text-danger\"> ROGU-Z7<\/strong>\n    <\/div>\n<div class=\"col-sm\">\n\t<strong>N\u00famero de registros: <\/strong>300\n\t<\/div>\n<\/div>\n<div class=\"row\">\n<div class=\"col-sm \">\n\t<strong>Folio: <\/strong><span class=\"text-danger\">03PARG0725-016<\/span>\n\t<\/div>\n<\/div>\n<p><strong>Segmentaci\u00f3n:<\/strong><\/p>\n<div class=\"row\">\n<div class=\"col-sm \">\n\tPersonas f\u00edsicas, que tengan m\u00e1s de 30 a\u00f1os, econ\u00f3micamente activas con ingresos superiores de 30 mil mensuales en Per\u00fa (100 registros), Chile (100 registros) y M\u00e9xico (100 registros )<\/div>\n<\/div>\n<p><strong>Campos Contenidos:<\/strong><\/p>\n<div class=\"row\">\n<div class=\"col-sm \">\n\tNombre \/ Ciudad \/ Pa\u00eds \/ Celular \/ Correo.. <\/div>\n<\/p><\/div>\n<div class=\"row\">\n<div class=\"col-sm\">\n\t<strong>Garant\u00eda: <\/strong>80%-85% <strong>Precio Original: <\/strong><del>$169 USD<\/del> <strong>Descuento Especial: <\/strong><strong class=\"text-danger\">20%<\/strong>\n\t<\/div>\n<\/div>\n<div class=\"row\">\n<div class=\"col text-center\">\n\t<strong>Total a Pagar: <\/strong><strong class=\"text-danger\">$135 USD<\/strong>\n\t<\/div>\n<\/div>\n","protected":false},"featured_media":31224,"template":"","meta":{"_bst_post_transparent":"","_bst_post_title":"","_bst_post_layout":"","_bst_post_sidebar_id":"","_bst_post_content_style":"","_bst_post_vertical_padding":"","_bst_post_feature":"","_bst_post_feature_position":"","_bst_post_header":false,"_bst_post_footer":false},"product_brand":[],"product_cat":[1233,1477],"product_tag":[1062,1063,1064,1067,1068,1071,1074,1076,1079,1082,1083,1084,1088,1090,1092,1093,1097,1098,1099,1102,1104,1105,1106,1117,1118,1170,1133,1135,1136,1137,1138,1139,1140,1144,1145,1146],"product_brands":[],"class_list":{"0":"post-36856","1":"product","2":"type-product","3":"status-publish","4":"has-post-thumbnail","6":"product_cat-latinoamerica","7":"product_cat-personas","8":"product_tag-b2c-email-database","9":"product_tag-base-de-datos-campana-de-email-marketing","10":"product_tag-base-de-datos-campanas-de-email-marketing","11":"product_tag-base-de-datos-correo-masivo","12":"product_tag-base-de-datos-correo-masivos","13":"product_tag-base-de-datos-direct-e-mail-marketing","14":"product_tag-base-de-datos-email-marketer","15":"product_tag-base-de-datos-email-masivos","16":"product_tag-base-de-datos-emailing","17":"product_tag-base-de-datos-envio-de-email-masivo","18":"product_tag-base-de-datos-envio-masivo-correo","19":"product_tag-base-de-datos-envio-masivo-correos","20":"product_tag-base-de-datos-marketing","21":"product_tag-base-de-datos-marketing-por-email","22":"product_tag-base-de-datos-para-marketing","23":"product_tag-base-de-datos-publicidad-por-email","24":"product_tag-bases-de-datos-correos","25":"product_tag-bases-de-datos-correos-electronicos","26":"product_tag-bases-de-datos-de-emails","27":"product_tag-bases-de-datos-email","28":"product_tag-bases-de-datos-emailing","29":"product_tag-bases-de-datos-numeros-de-telefonos","30":"product_tag-bases-de-datos-telefono","31":"product_tag-buy-email-list","32":"product_tag-buy-email-list-database","33":"product_tag-database","34":"product_tag-email-address-list","35":"product_tag-email-lists","36":"product_tag-email-marketing-list","37":"product_tag-list-of-email-addresses","38":"product_tag-lista-de-correos","39":"product_tag-lista-de-correos-electronicos","40":"product_tag-mail-marketing","41":"product_tag-marketing-correo-electronico","42":"product_tag-marketing-lists","43":"product_tag-publicidad-por-base-de-datos-correo-electronico","45":"first","46":"instock","47":"sale","48":"virtual","49":"purchasable","50":"product-type-simple","51":"entry","52":"content-bg","53":"loop-entry"},"aioseo_notices":[],"_links":{"self":[{"href":"https:\/\/edirectorios.com.mx\/directorios-latinoamerica\/wp-json\/wp\/v2\/product\/36856","targetHints":{"allow":["GET"]}}],"collection":[{"href":"https:\/\/edirectorios.com.mx\/directorios-latinoamerica\/wp-json\/wp\/v2\/product"}],"about":[{"href":"https:\/\/edirectorios.com.mx\/directorios-latinoamerica\/wp-json\/wp\/v2\/types\/product"}],"version-history":[{"count":1,"href":"https:\/\/edirectorios.com.mx\/directorios-latinoamerica\/wp-json\/wp\/v2\/product\/36856\/revisions"}],"predecessor-version":[{"id":36885,"href":"https:\/\/edirectorios.com.mx\/directorios-latinoamerica\/wp-json\/wp\/v2\/product\/36856\/revisions\/36885"}],"wp:featuredmedia":[{"embeddable":true,"href":"https:\/\/edirectorios.com.mx\/directorios-latinoamerica\/wp-json\/wp\/v2\/media\/31224"}],"wp:attachment":[{"href":"https:\/\/edirectorios.com.mx\/directorios-latinoamerica\/wp-json\/wp\/v2\/media?parent=36856"}],"wp:term":[{"taxonomy":"product_brand","embeddable":true,"href":"https:\/\/edirectorios.com.mx\/directorios-latinoamerica\/wp-json\/wp\/v2\/product_brand?post=36856"},{"taxonomy":"product_cat","embeddable":true,"href":"https:\/\/edirectorios.com.mx\/directorios-latinoamerica\/wp-json\/wp\/v2\/product_cat?post=36856"},{"taxonomy":"product_tag","embeddable":true,"href":"https:\/\/edirectorios.com.mx\/directorios-latinoamerica\/wp-json\/wp\/v2\/product_tag?post=36856"},{"taxonomy":"product_brands","embeddable":true,"href":"https:\/\/edirectorios.com.mx\/directorios-latinoamerica\/wp-json\/wp\/v2\/product_brands?post=36856"}],"curies":[{"name":"wp","href":"https:\/\/api.w.org\/{rel}","templated":true}]}}