{"id":36853,"date":"2025-12-12T17:32:51","date_gmt":"2025-12-12T17:32:51","guid":{"rendered":"https:\/\/edirectorios.com.mx\/directorios-latinoamerica\/?post_type=product&#038;p=36853"},"modified":"2025-12-12T17:33:27","modified_gmt":"2025-12-12T17:33:27","slug":"hombres-y-mujeres-de-40-a-65-anos-economicamente-activas-de-un-nivel-socioeconomico-c-c-y-a-b-en-naucalpan-tlalnepantla-y-atizapan-de-zaragoza-estado-de-mexico","status":"publish","type":"product","link":"https:\/\/edirectorios.com.mx\/directorios-latinoamerica\/product\/hombres-y-mujeres-de-40-a-65-anos-economicamente-activas-de-un-nivel-socioeconomico-c-c-y-a-b-en-naucalpan-tlalnepantla-y-atizapan-de-zaragoza-estado-de-mexico\/","title":{"rendered":"Hombres y mujeres, de 40 a 65 a\u00f1os, econ\u00f3micamente activas de un nivel socioecon\u00f3mico C, C+ y A\/B+ en Naucalpan, Tlalnepantla y Atizap\u00e1n de Zaragoza (Estado de M\u00e9xico)"},"content":{"rendered":"","protected":false},"excerpt":{"rendered":"<p>&nbsp;<\/p>\n<div class=\"row\">\n<div class=\"col-sm\">\n\t\t<strong>C\u00f3digo:<\/strong> <strong class=\"text-danger\"> JURE-C9<\/strong>\n    <\/div>\n<div class=\"col-sm\">\n\t<strong>N\u00famero de registros: <\/strong>500\n\t<\/div>\n<\/div>\n<div class=\"row\">\n<div class=\"col-sm \">\n\t<strong>Folio: <\/strong><span class=\"text-danger\"> JR0625B033<\/span>\n\t<\/div>\n<\/div>\n<p><strong>Segmentaci\u00f3n:<\/strong><\/p>\n<div class=\"row\">\n<div class=\"col-sm \">\n\tHombres y mujeres, de 40 a 65 a\u00f1os, econ\u00f3micamente activas de un nivel socioecon\u00f3mico C, C+ y A\/B+ en Naucalpan, Tlalnepantla y Atizap\u00e1n de Zaragoza (Estado de M\u00e9xico)<\/div>\n<\/div>\n<p><strong>Campos Contenidos:<\/strong><\/p>\n<div class=\"row\">\n<div class=\"col-sm \">\n\tNombre Completo \/ Direcci\u00f3n \/ Ciudad \/ Estado \/ Celular  \/ Email&#8230; <\/div>\n<\/p><\/div>\n<div class=\"row\">\n<div class=\"col-sm\">\n\t<strong>Garant\u00eda: <\/strong>80%-85% <strong>Precio Original: <\/strong><del>$209 USD<\/del> <strong>Descuento Especial: <\/strong><strong class=\"text-danger\">20%<\/strong>\n\t<\/div>\n<\/div>\n<div class=\"row\">\n<div class=\"col text-center\">\n\t<strong>Total a Pagar: <\/strong><strong class=\"text-danger\">$167 USD<\/strong>\n\t<\/div>\n<\/div>\n","protected":false},"featured_media":31224,"template":"","meta":{"_bst_post_transparent":"","_bst_post_title":"","_bst_post_layout":"","_bst_post_sidebar_id":"","_bst_post_content_style":"","_bst_post_vertical_padding":"","_bst_post_feature":"","_bst_post_feature_position":"","_bst_post_header":false,"_bst_post_footer":false},"product_brand":[],"product_cat":[1180],"product_tag":[1062,1063,1064,1068,1074,1075,1076,1077,1078,1079,1082,1083,1084,1085,1086,1088,1089,1090,1092,1093,1097,1098,1099,1100,1104,1105,1106,1117,1118,1170,1135,1136,1137,1138,1139,1140,1142,1144,1145,1146],"product_brands":[],"class_list":{"0":"post-36853","1":"product","2":"type-product","3":"status-publish","4":"has-post-thumbnail","6":"product_cat-personas-en-mexico","7":"product_tag-b2c-email-database","8":"product_tag-base-de-datos-campana-de-email-marketing","9":"product_tag-base-de-datos-campanas-de-email-marketing","10":"product_tag-base-de-datos-correo-masivos","11":"product_tag-base-de-datos-email-marketer","12":"product_tag-base-de-datos-email-marketing","13":"product_tag-base-de-datos-email-masivos","14":"product_tag-base-de-datos-email-publicidad","15":"product_tag-base-de-datos-email-publicitario","16":"product_tag-base-de-datos-emailing","17":"product_tag-base-de-datos-envio-de-email-masivo","18":"product_tag-base-de-datos-envio-masivo-correo","19":"product_tag-base-de-datos-envio-masivo-correos","20":"product_tag-base-de-datos-envio-masivo-de-emails","21":"product_tag-base-de-datos-envios-de-correo-masivos","22":"product_tag-base-de-datos-marketing","23":"product_tag-base-de-datos-marketing-por-e-mail","24":"product_tag-base-de-datos-marketing-por-email","25":"product_tag-base-de-datos-para-marketing","26":"product_tag-base-de-datos-publicidad-por-email","27":"product_tag-bases-de-datos-correos","28":"product_tag-bases-de-datos-correos-electronicos","29":"product_tag-bases-de-datos-de-emails","30":"product_tag-bases-de-datos-de-marketing","31":"product_tag-bases-de-datos-emailing","32":"product_tag-bases-de-datos-numeros-de-telefonos","33":"product_tag-bases-de-datos-telefono","34":"product_tag-buy-email-list","35":"product_tag-buy-email-list-database","36":"product_tag-database","37":"product_tag-email-lists","38":"product_tag-email-marketing-list","39":"product_tag-list-of-email-addresses","40":"product_tag-lista-de-correos","41":"product_tag-lista-de-correos-electronicos","42":"product_tag-mail-marketing","43":"product_tag-mailing-list","44":"product_tag-marketing-correo-electronico","45":"product_tag-marketing-lists","46":"product_tag-publicidad-por-base-de-datos-correo-electronico","48":"first","49":"instock","50":"sale","51":"virtual","52":"purchasable","53":"product-type-simple","54":"entry","55":"content-bg","56":"loop-entry"},"aioseo_notices":[],"_links":{"self":[{"href":"https:\/\/edirectorios.com.mx\/directorios-latinoamerica\/wp-json\/wp\/v2\/product\/36853","targetHints":{"allow":["GET"]}}],"collection":[{"href":"https:\/\/edirectorios.com.mx\/directorios-latinoamerica\/wp-json\/wp\/v2\/product"}],"about":[{"href":"https:\/\/edirectorios.com.mx\/directorios-latinoamerica\/wp-json\/wp\/v2\/types\/product"}],"version-history":[{"count":1,"href":"https:\/\/edirectorios.com.mx\/directorios-latinoamerica\/wp-json\/wp\/v2\/product\/36853\/revisions"}],"predecessor-version":[{"id":36881,"href":"https:\/\/edirectorios.com.mx\/directorios-latinoamerica\/wp-json\/wp\/v2\/product\/36853\/revisions\/36881"}],"wp:featuredmedia":[{"embeddable":true,"href":"https:\/\/edirectorios.com.mx\/directorios-latinoamerica\/wp-json\/wp\/v2\/media\/31224"}],"wp:attachment":[{"href":"https:\/\/edirectorios.com.mx\/directorios-latinoamerica\/wp-json\/wp\/v2\/media?parent=36853"}],"wp:term":[{"taxonomy":"product_brand","embeddable":true,"href":"https:\/\/edirectorios.com.mx\/directorios-latinoamerica\/wp-json\/wp\/v2\/product_brand?post=36853"},{"taxonomy":"product_cat","embeddable":true,"href":"https:\/\/edirectorios.com.mx\/directorios-latinoamerica\/wp-json\/wp\/v2\/product_cat?post=36853"},{"taxonomy":"product_tag","embeddable":true,"href":"https:\/\/edirectorios.com.mx\/directorios-latinoamerica\/wp-json\/wp\/v2\/product_tag?post=36853"},{"taxonomy":"product_brands","embeddable":true,"href":"https:\/\/edirectorios.com.mx\/directorios-latinoamerica\/wp-json\/wp\/v2\/product_brands?post=36853"}],"curies":[{"name":"wp","href":"https:\/\/api.w.org\/{rel}","templated":true}]}}