{"id":36834,"date":"2025-12-12T17:32:28","date_gmt":"2025-12-12T17:32:28","guid":{"rendered":"https:\/\/edirectorios.com.mx\/directorios-latinoamerica\/?post_type=product&#038;p=36834"},"modified":"2025-12-12T17:33:19","modified_gmt":"2025-12-12T17:33:19","slug":"empresas-enfocadas-en-deportes-y-vida-fitnes-a-nivel-nacional","status":"publish","type":"product","link":"https:\/\/edirectorios.com.mx\/directorios-latinoamerica\/product\/empresas-enfocadas-en-deportes-y-vida-fitnes-a-nivel-nacional\/","title":{"rendered":"Empresas enfocadas en Deportes y vida Fitnes  a Nivel Nacional."},"content":{"rendered":"","protected":false},"excerpt":{"rendered":"<p>&nbsp;<\/p>\n<div class=\"row\">\n<div class=\"col-sm\"><strong>C\u00f3digo:<\/strong> <strong class=\"text-danger\"> SELO-G5<\/strong><\/div>\n<div class=\"col-sm\"><strong>N\u00famero de registros: <\/strong>1200<\/div>\n<\/div>\n<div class=\"row\">\n<div class=\"col-sm \"><strong>Folio: <\/strong><span class=\"text-danger\">03MESL0823-024<\/span><\/div>\n<\/div>\n<p><strong>Segmentaci\u00f3n:<\/strong><\/p>\n<div class=\"row\">\n<div class=\"col-sm \">Empresas enfocada a deportes y vida fitnes en los siguientes t\u00e9rminos (EQUIPAMIENTO: Gimnasios, Entrenamiento funcional, Equipo de fitness comercial, Gimnasios para el hogar Software y apps deporte y entrenamiento . APARADOR: Ropa y calzado deportivo, Accesorios deportivos. NUTRICI\u00d3N: Vitaminas y minerales, suplementos, Isot\u00f3nicos, energ\u00eda y bebidas hidratantes, Prote\u00ednas, Alimentos deportivos y funcionales. ADICIONALES: Ecoturismo y turismo deportivo. CATEGOR\u00cdAS WELLNESS: Danza, yoga y pilates y disciplinas deportivas. NUTRICI\u00d3N: Comida vegana, sin gluten y productos naturales, Proveedores de planes de nutrici\u00f3n, Aceites esenciales, probi\u00f3ticos, Nutrici\u00f3n deportiva, Comida saludable y snacks, Vitaminas y minerales. MOSTRADOR: Bienestar y deportes. SALUD. Spas y hoteles, Medicina deportiva, Farmac\u00e9uticas, Laboratorios, Hospitales y cl\u00ednicas, Rehabilitaci\u00f3n y recuperaci\u00f3n, Tecnolog\u00eda deportiva, Dispositivos m\u00e9dicos. BELLEZA: Cosm\u00e9ticos naturales, Salud de la piel. UNIVERSIDADES: Con carreras y cursos relacionadas al deporte y rehabilitaci\u00f3n, Con carreras relacionadas al emprendimiento a Nivel Nacional.<\/div>\n<\/div>\n<p><strong>Campos Contenidos:<\/strong><\/p>\n<div class=\"row\">\n<div class=\"col-sm \">Empresa (Raz\u00f3n Social o Comercial) \/Estado \/ Ciudad \/ Nombre de la Persona \/ Apellido Paterno \/ Puesto : Director General, Socio, Directivos, Gerentes o Tomador de decisi\u00f3n \/ Tel\u00e9fono fijo \/ Correo \/ Sitio web*Opcional.<\/div>\n<\/div>\n<div class=\"row\">\n<div class=\"col-sm\"><strong>Garant\u00eda: <\/strong>80%-85% <strong>Precio Original: <\/strong><del>USD 771<\/del> <strong>Descuento Especial: <\/strong><strong class=\"text-danger\">20%<\/strong><\/div>\n<\/div>\n<div class=\"row\">\n<div class=\"col text-center\"><strong>Total a Pagar: <\/strong><strong class=\"text-danger\">USD 617<\/strong><\/div>\n<\/div>\n","protected":false},"featured_media":31013,"template":"","meta":{"_bst_post_transparent":"","_bst_post_title":"","_bst_post_layout":"","_bst_post_sidebar_id":"","_bst_post_content_style":"","_bst_post_vertical_padding":"","_bst_post_feature":"","_bst_post_feature_position":"","_bst_post_header":false,"_bst_post_footer":false},"product_brand":[],"product_cat":[1060,1210,1288,1344,1411],"product_tag":[1062,1063,1064,1067,1068,1152,1427,1069,1211,1274,1442,1409,1153,1071,1072,1074,1075,1076,1077,1078,1079,1213,1155,1386,1387,1081,1082,1083,1084,1085,1086,1214,1160,1088,1089,1090,1092,1093,1163,1313,1368,1097,1098,1099,1100,1101,1102,1104,1289,1105,1106,1107,1110,1117,1118,1170,1128,1129,1390,1130,1133,1135,1136,1220,1137,1138,1139,1140,1142,1144,1145,1206,1172,1173,1174,1175,1146,1273,1149],"product_brands":[],"class_list":{"0":"post-36834","1":"product","2":"type-product","3":"status-publish","4":"has-post-thumbnail","6":"product_cat-empresas-en-mexico","7":"product_cat-farmaceuticas","8":"product_cat-hospitales","9":"product_cat-tomador-de-decisiones","10":"product_cat-universidades-privadas","11":"product_tag-b2c-email-database","12":"product_tag-base-de-datos-campana-de-email-marketing","13":"product_tag-base-de-datos-campanas-de-email-marketing","14":"product_tag-base-de-datos-correo-masivo","15":"product_tag-base-de-datos-correo-masivos","16":"product_tag-base-de-datos-de-directivos","17":"product_tag-base-de-datos-de-directivos-en-rh","18":"product_tag-base-de-datos-de-director-general","19":"product_tag-base-de-datos-de-empresas-b2b","20":"product_tag-base-de-datos-de-empresas-en-mexico","21":"product_tag-base-de-datos-de-empresas-mexicanas","22":"product_tag-base-de-datos-de-empresas-privadas","23":"product_tag-base-de-datos-de-tomador-de-decision","24":"product_tag-base-de-datos-direct-e-mail-marketing","25":"product_tag-base-de-datos-director","26":"product_tag-base-de-datos-email-marketer","27":"product_tag-base-de-datos-email-marketing","28":"product_tag-base-de-datos-email-masivos","29":"product_tag-base-de-datos-email-publicidad","30":"product_tag-base-de-datos-email-publicitario","31":"product_tag-base-de-datos-emailing","32":"product_tag-base-de-datos-empresarial","33":"product_tag-base-de-datos-empresas","34":"product_tag-base-de-datos-empresas-en-mexico","35":"product_tag-base-de-datos-empresas-mexico","36":"product_tag-base-de-datos-enviar-email-masivo","37":"product_tag-base-de-datos-envio-de-email-masivo","38":"product_tag-base-de-datos-envio-masivo-correo","39":"product_tag-base-de-datos-envio-masivo-correos","40":"product_tag-base-de-datos-envio-masivo-de-emails","41":"product_tag-base-de-datos-envios-de-correo-masivos","42":"product_tag-base-de-datos-farmaceutica","43":"product_tag-base-de-datos-gerente","44":"product_tag-base-de-datos-marketing","45":"product_tag-base-de-datos-marketing-por-e-mail","46":"product_tag-base-de-datos-marketing-por-email","47":"product_tag-base-de-datos-para-marketing","48":"product_tag-base-de-datos-publicidad-por-email","49":"product_tag-base-de-datos-socio","50":"product_tag-base-de-datos-tecnologia","51":"product_tag-base-de-datos-universidades","52":"product_tag-bases-de-datos-correos","53":"product_tag-bases-de-datos-correos-electronicos","54":"product_tag-bases-de-datos-de-emails","55":"product_tag-bases-de-datos-de-marketing","56":"product_tag-bases-de-datos-de-telefonos","57":"product_tag-bases-de-datos-email","58":"product_tag-bases-de-datos-emailing","59":"product_tag-bases-de-datos-hospitales","60":"product_tag-bases-de-datos-numeros-de-telefonos","61":"product_tag-bases-de-datos-telefono","62":"product_tag-bases-de-datos-telefonos-fijos","63":"product_tag-business-directory","64":"product_tag-buy-email-list","65":"product_tag-buy-email-list-database","66":"product_tag-database","67":"product_tag-directorio-empresariales","68":"product_tag-directorio-empresas","69":"product_tag-directorio-mexico","70":"product_tag-directorios-de-empresas","71":"product_tag-email-address-list","72":"product_tag-email-lists","73":"product_tag-email-marketing-list","74":"product_tag-gerentes","75":"product_tag-list-of-email-addresses","76":"product_tag-lista-de-correos","77":"product_tag-lista-de-correos-electronicos","78":"product_tag-mail-marketing","79":"product_tag-mailing-list","80":"product_tag-marketing-correo-electronico","81":"product_tag-marketing-lists","82":"product_tag-phone","83":"product_tag-phone-database","84":"product_tag-phone-lists","85":"product_tag-phone-number","86":"product_tag-phone-number-list","87":"product_tag-publicidad-por-base-de-datos-correo-electronico","88":"product_tag-publicidad-por-base-de-datos-correo-electronico-bases-de-datos-de-telefonos","89":"product_tag-telefono","91":"first","92":"instock","93":"sale","94":"virtual","95":"purchasable","96":"product-type-simple","97":"entry","98":"content-bg","99":"loop-entry"},"aioseo_notices":[],"_links":{"self":[{"href":"https:\/\/edirectorios.com.mx\/directorios-latinoamerica\/wp-json\/wp\/v2\/product\/36834","targetHints":{"allow":["GET"]}}],"collection":[{"href":"https:\/\/edirectorios.com.mx\/directorios-latinoamerica\/wp-json\/wp\/v2\/product"}],"about":[{"href":"https:\/\/edirectorios.com.mx\/directorios-latinoamerica\/wp-json\/wp\/v2\/types\/product"}],"version-history":[{"count":1,"href":"https:\/\/edirectorios.com.mx\/directorios-latinoamerica\/wp-json\/wp\/v2\/product\/36834\/revisions"}],"predecessor-version":[{"id":36873,"href":"https:\/\/edirectorios.com.mx\/directorios-latinoamerica\/wp-json\/wp\/v2\/product\/36834\/revisions\/36873"}],"wp:featuredmedia":[{"embeddable":true,"href":"https:\/\/edirectorios.com.mx\/directorios-latinoamerica\/wp-json\/wp\/v2\/media\/31013"}],"wp:attachment":[{"href":"https:\/\/edirectorios.com.mx\/directorios-latinoamerica\/wp-json\/wp\/v2\/media?parent=36834"}],"wp:term":[{"taxonomy":"product_brand","embeddable":true,"href":"https:\/\/edirectorios.com.mx\/directorios-latinoamerica\/wp-json\/wp\/v2\/product_brand?post=36834"},{"taxonomy":"product_cat","embeddable":true,"href":"https:\/\/edirectorios.com.mx\/directorios-latinoamerica\/wp-json\/wp\/v2\/product_cat?post=36834"},{"taxonomy":"product_tag","embeddable":true,"href":"https:\/\/edirectorios.com.mx\/directorios-latinoamerica\/wp-json\/wp\/v2\/product_tag?post=36834"},{"taxonomy":"product_brands","embeddable":true,"href":"https:\/\/edirectorios.com.mx\/directorios-latinoamerica\/wp-json\/wp\/v2\/product_brands?post=36834"}],"curies":[{"name":"wp","href":"https:\/\/api.w.org\/{rel}","templated":true}]}}