{"id":36829,"date":"2025-12-12T17:32:27","date_gmt":"2025-12-12T17:32:27","guid":{"rendered":"https:\/\/edirectorios.com.mx\/directorios-latinoamerica\/?post_type=product&#038;p=36829"},"modified":"2025-12-12T17:33:06","modified_gmt":"2025-12-12T17:33:06","slug":"empresas-grupos-o-personas-que-sean-proveedoras-de-mercancias-en-todos-los-departamentos-de-retailers-wal-mart-soriana-chedraui-neto-etc","status":"publish","type":"product","link":"https:\/\/edirectorios.com.mx\/directorios-latinoamerica\/product\/empresas-grupos-o-personas-que-sean-proveedoras-de-mercancias-en-todos-los-departamentos-de-retailers-wal-mart-soriana-chedraui-neto-etc\/","title":{"rendered":"Empresas, grupos o personas que sean proveedoras de mercanc\u00edas en todos los departamentos de Retailers (Wal-Mart, Soriana, Chedraui, Neto, etc.)"},"content":{"rendered":"","protected":false},"excerpt":{"rendered":"<p>&nbsp;<\/p>\n<div class=\"row\">\n<div class=\"col-sm\"><strong>C\u00f3digo:<\/strong> <strong class=\"text-danger\">OSOL-M2-1<\/strong><\/div>\n<div class=\"col-sm\"><strong>N\u00famero de registros: <\/strong>1000<\/div>\n<\/div>\n<div class=\"row\">\n<div class=\"col-sm \"><strong>Folio: <\/strong><span class=\"text-danger\">03MROO0120-049 <\/span><\/div>\n<\/div>\n<p><strong>Segmentaci\u00f3n:<\/strong><\/p>\n<div class=\"row\">\n<div class=\"col-sm \">Empresas, grupos o personas que sean proveedoras de mercanc\u00edas en todos los departamentos de Retailers (Wal-Mart, Soriana, Chedraui, Neto, etc.) en los Estados, Ciudades mencionadas (1 en CDMX y \u00c1rea Metropolitana. 2 en Guadalajara y \u00e1rea conurbana (Tonal\u00e1, Zapopan, Tlaquepaque. 3. en Monterrey y \u00e1rea conurbana (San Pedro Garza Garcia, San Nicol\u00e1s, Santa Catarina, Guadalupe, Gral. Escobedo, Apodaca).<\/div>\n<\/div>\n<p><strong>Campos Contenidos:<\/strong><\/p>\n<div class=\"row\">\n<div class=\"col-sm \">Empresa (Raz\u00f3n Social o Comercial) \/ Sector y\/o Sub Sector \/ Domicilio \/ Ciudad \/ Estado \/ Nombre de la Persona \/ Puesto: CEO, C-Levels, Director General, Socio, Directivos, Gerentes o Tomador de decisi\u00f3n \/ Tel\u00e9fono fijo \/ Correo \/ Sitio web*opcional.<\/div>\n<\/div>\n<div class=\"row\">\n<div class=\"col-sm\"><strong>Garant\u00eda: <\/strong>80%-85% <strong>Precio Original: <\/strong><del>USD 803<\/del> <strong>Descuento Especial: <\/strong><strong class=\"text-danger\">20%<\/strong><\/div>\n<\/div>\n<div class=\"row\">\n<div class=\"col text-center\"><strong>Total a Pagar: <\/strong><strong class=\"text-danger\">USD 642<\/strong><\/div>\n<\/div>\n","protected":false},"featured_media":31292,"template":"","meta":{"_bst_post_transparent":"","_bst_post_title":"","_bst_post_layout":"","_bst_post_sidebar_id":"","_bst_post_content_style":"","_bst_post_vertical_padding":"","_bst_post_feature":"","_bst_post_feature_position":"","_bst_post_header":false,"_bst_post_footer":false},"product_brand":[],"product_cat":[1278,1060,1348,1305,1391,1344,1277],"product_tag":[1062,1063,1066,1067,1068,1069,1153,1071,1072,1074,1076,1077,1079,1081,1082,1083,1084,1085,1086,1160,1216,1088,1089,1090,1312,1092,1093,1365,1163,1097,1098,1099,1101,1102,1104,1105,1106,1117,1118,1170,1125,1127,1129,1390,1131,1218,1314,1133,1135,1136,1220,1137,1138,1139,1140,1142,1144,1145,1206,1172,1173,1174,1175,1146,1273],"product_brands":[],"class_list":{"0":"post-36829","1":"product","2":"type-product","3":"status-publish","4":"has-post-thumbnail","6":"product_cat-ciudad-de-mexico","7":"product_cat-empresas-en-mexico","8":"product_cat-jalisco","9":"product_cat-nuevo-leon","10":"product_cat-retail","11":"product_cat-tomador-de-decisiones","12":"product_cat-zonas-mas-solicitadas","13":"product_tag-b2c-email-database","14":"product_tag-base-de-datos-campana-de-email-marketing","15":"product_tag-base-de-datos-ciudad-de-mexico","16":"product_tag-base-de-datos-correo-masivo","17":"product_tag-base-de-datos-correo-masivos","18":"product_tag-base-de-datos-de-director-general","19":"product_tag-base-de-datos-de-tomador-de-decision","20":"product_tag-base-de-datos-direct-e-mail-marketing","21":"product_tag-base-de-datos-director","22":"product_tag-base-de-datos-email-marketer","23":"product_tag-base-de-datos-email-masivos","24":"product_tag-base-de-datos-email-publicidad","25":"product_tag-base-de-datos-emailing","26":"product_tag-base-de-datos-enviar-email-masivo","27":"product_tag-base-de-datos-envio-de-email-masivo","28":"product_tag-base-de-datos-envio-masivo-correo","29":"product_tag-base-de-datos-envio-masivo-correos","30":"product_tag-base-de-datos-envio-masivo-de-emails","31":"product_tag-base-de-datos-envios-de-correo-masivos","32":"product_tag-base-de-datos-gerente","33":"product_tag-base-de-datos-guadalajara","34":"product_tag-base-de-datos-marketing","35":"product_tag-base-de-datos-marketing-por-e-mail","36":"product_tag-base-de-datos-marketing-por-email","37":"product_tag-base-de-datos-monterrey","38":"product_tag-base-de-datos-para-marketing","39":"product_tag-base-de-datos-publicidad-por-email","40":"product_tag-base-de-datos-retail","41":"product_tag-base-de-datos-socio","42":"product_tag-bases-de-datos-correos","43":"product_tag-bases-de-datos-correos-electronicos","44":"product_tag-bases-de-datos-de-emails","45":"product_tag-bases-de-datos-de-telefonos","46":"product_tag-bases-de-datos-email","47":"product_tag-bases-de-datos-emailing","48":"product_tag-bases-de-datos-numeros-de-telefonos","49":"product_tag-bases-de-datos-telefono","50":"product_tag-buy-email-list","51":"product_tag-buy-email-list-database","52":"product_tag-database","53":"product_tag-director","54":"product_tag-directorio-empresarial","55":"product_tag-directorio-empresas","56":"product_tag-directorio-mexico","57":"product_tag-directorios-empresas","58":"product_tag-directorios-guadalajara","59":"product_tag-directorios-monterrey","60":"product_tag-email-address-list","61":"product_tag-email-lists","62":"product_tag-email-marketing-list","63":"product_tag-gerentes","64":"product_tag-list-of-email-addresses","65":"product_tag-lista-de-correos","66":"product_tag-lista-de-correos-electronicos","67":"product_tag-mail-marketing","68":"product_tag-mailing-list","69":"product_tag-marketing-correo-electronico","70":"product_tag-marketing-lists","71":"product_tag-phone","72":"product_tag-phone-database","73":"product_tag-phone-lists","74":"product_tag-phone-number","75":"product_tag-phone-number-list","76":"product_tag-publicidad-por-base-de-datos-correo-electronico","77":"product_tag-publicidad-por-base-de-datos-correo-electronico-bases-de-datos-de-telefonos","79":"first","80":"instock","81":"sale","82":"virtual","83":"purchasable","84":"product-type-simple","85":"entry","86":"content-bg","87":"loop-entry"},"aioseo_notices":[],"_links":{"self":[{"href":"https:\/\/edirectorios.com.mx\/directorios-latinoamerica\/wp-json\/wp\/v2\/product\/36829","targetHints":{"allow":["GET"]}}],"collection":[{"href":"https:\/\/edirectorios.com.mx\/directorios-latinoamerica\/wp-json\/wp\/v2\/product"}],"about":[{"href":"https:\/\/edirectorios.com.mx\/directorios-latinoamerica\/wp-json\/wp\/v2\/types\/product"}],"version-history":[{"count":1,"href":"https:\/\/edirectorios.com.mx\/directorios-latinoamerica\/wp-json\/wp\/v2\/product\/36829\/revisions"}],"predecessor-version":[{"id":36868,"href":"https:\/\/edirectorios.com.mx\/directorios-latinoamerica\/wp-json\/wp\/v2\/product\/36829\/revisions\/36868"}],"wp:featuredmedia":[{"embeddable":true,"href":"https:\/\/edirectorios.com.mx\/directorios-latinoamerica\/wp-json\/wp\/v2\/media\/31292"}],"wp:attachment":[{"href":"https:\/\/edirectorios.com.mx\/directorios-latinoamerica\/wp-json\/wp\/v2\/media?parent=36829"}],"wp:term":[{"taxonomy":"product_brand","embeddable":true,"href":"https:\/\/edirectorios.com.mx\/directorios-latinoamerica\/wp-json\/wp\/v2\/product_brand?post=36829"},{"taxonomy":"product_cat","embeddable":true,"href":"https:\/\/edirectorios.com.mx\/directorios-latinoamerica\/wp-json\/wp\/v2\/product_cat?post=36829"},{"taxonomy":"product_tag","embeddable":true,"href":"https:\/\/edirectorios.com.mx\/directorios-latinoamerica\/wp-json\/wp\/v2\/product_tag?post=36829"},{"taxonomy":"product_brands","embeddable":true,"href":"https:\/\/edirectorios.com.mx\/directorios-latinoamerica\/wp-json\/wp\/v2\/product_brands?post=36829"}],"curies":[{"name":"wp","href":"https:\/\/api.w.org\/{rel}","templated":true}]}}