{"id":36791,"date":"2025-12-12T17:31:37","date_gmt":"2025-12-12T17:31:37","guid":{"rendered":"https:\/\/edirectorios.com.mx\/directorios-latinoamerica\/?post_type=product&#038;p=36791"},"modified":"2025-12-12T17:32:33","modified_gmt":"2025-12-12T17:32:33","slug":"empresas-dedicadas-a-la-colocacion-de-credito-a-nivel-nacional-mexico","status":"publish","type":"product","link":"https:\/\/edirectorios.com.mx\/directorios-latinoamerica\/product\/empresas-dedicadas-a-la-colocacion-de-credito-a-nivel-nacional-mexico\/","title":{"rendered":"Empresas dedicadas a la colocaci\u00f3n de cr\u00e9dito a Nivel Nacional (M\u00e9xico)."},"content":{"rendered":"","protected":false},"excerpt":{"rendered":"<p>&nbsp;<\/p>\n<div class=\"row\">\n<div class=\"col-sm\"><strong>C\u00f3digo:<\/strong> <strong class=\"text-danger\">LAPA-B3<\/strong><\/div>\n<div class=\"col-sm\"><strong>N\u00famero de registros: <\/strong>300<\/div>\n<\/div>\n<div class=\"row\">\n<div class=\"col-sm \"><strong>Folio: <\/strong><span class=\"text-danger\">03SGLP0323-020<\/span><\/div>\n<\/div>\n<p><strong>Segmentaci\u00f3n:<\/strong><\/p>\n<div class=\"row\">\n<div class=\"col-sm \">Empresas dedicadas a la colocaci\u00f3n de cr\u00e9dito a Nivel Nacional (M\u00e9xico).<\/div>\n<\/div>\n<p><strong>Campos Contenidos:<\/strong><\/p>\n<div class=\"row\">\n<div class=\"col-sm \">Empresa (Raz\u00f3n Social o Comercial) \/ Sector y\/o Sub Sector \/ Domicilio \/ Ciudad \/ Estado \/ Nombre de la Persona \/ Puesto : Gerentes, Directores, Coordinadores de Sistemas, Coordinadores de T.I., Coordinadores de Operaciones, Coordinadores de Cr\u00e9dito o Coordinadores de Cartera \/ Tel\u00e9fono fijo \/ Correo \/ Sitio web*opcional.<\/div>\n<\/div>\n<div class=\"row\">\n<div class=\"col-sm\"><strong>Garant\u00eda: <\/strong>80%-85% <strong>Precio Original: <\/strong><del>USD 208<\/del> <strong>Descuento Especial: <\/strong><strong class=\"text-danger\">20%<\/strong><\/div>\n<\/div>\n<div class=\"row\">\n<div class=\"col text-center\"><strong>Total a Pagar: <\/strong><strong class=\"text-danger\">USD 167<\/strong><\/div>\n<\/div>\n","protected":false},"featured_media":31094,"template":"","meta":{"_bst_post_transparent":"","_bst_post_title":"","_bst_post_layout":"","_bst_post_sidebar_id":"","_bst_post_content_style":"","_bst_post_vertical_padding":"","_bst_post_feature":"","_bst_post_feature_position":"","_bst_post_header":false,"_bst_post_footer":false},"product_brand":[],"product_cat":[1060,1330],"product_tag":[1062,1063,1064,1152,1069,1071,1072,1074,1076,1077,1078,1079,1154,1080,1081,1082,1085,1331,1335,1160,1088,1090,1093,1099,1101,1104,1105,1106,1107,1110,1112,1115,1120,1121,1122,1123,1127,1309,1390,1130,1131,1310,1134,1136,1139,1140,1142,1144,1145,1172,1173,1174,1175],"product_brands":[],"class_list":{"0":"post-36791","1":"product","2":"type-product","3":"status-publish","4":"has-post-thumbnail","6":"product_cat-empresas-en-mexico","7":"product_cat-financieras","8":"product_tag-b2c-email-database","9":"product_tag-base-de-datos-campana-de-email-marketing","10":"product_tag-base-de-datos-campanas-de-email-marketing","11":"product_tag-base-de-datos-de-directivos","12":"product_tag-base-de-datos-de-director-general","13":"product_tag-base-de-datos-direct-e-mail-marketing","14":"product_tag-base-de-datos-director","15":"product_tag-base-de-datos-email-marketer","16":"product_tag-base-de-datos-email-masivos","17":"product_tag-base-de-datos-email-publicidad","18":"product_tag-base-de-datos-email-publicitario","19":"product_tag-base-de-datos-emailing","20":"product_tag-base-de-datos-emails-mexico","21":"product_tag-base-de-datos-empresas-de-email-marketing","22":"product_tag-base-de-datos-enviar-email-masivo","23":"product_tag-base-de-datos-envio-de-email-masivo","24":"product_tag-base-de-datos-envio-masivo-de-emails","25":"product_tag-base-de-datos-financieras","26":"product_tag-base-de-datos-finanzas","27":"product_tag-base-de-datos-gerente","28":"product_tag-base-de-datos-marketing","29":"product_tag-base-de-datos-marketing-por-email","30":"product_tag-base-de-datos-publicidad-por-email","31":"product_tag-bases-de-datos-de-emails","32":"product_tag-bases-de-datos-de-telefonos","33":"product_tag-bases-de-datos-emailing","34":"product_tag-bases-de-datos-numeros-de-telefonos","35":"product_tag-bases-de-datos-telefono","36":"product_tag-bases-de-datos-telefonos-fijos","37":"product_tag-business-directory","38":"product_tag-business-email-list","39":"product_tag-business-mailing-lists","40":"product_tag-correo-de-empresas","41":"product_tag-correos-de-empresas","42":"product_tag-correos-electronicos-de-empresas","43":"product_tag-correos-electronicos-empresas","44":"product_tag-directorio-empresarial","45":"product_tag-directorio-empresarial-mexico","46":"product_tag-directorio-mexico","47":"product_tag-directorios-de-empresas","48":"product_tag-directorios-empresas","49":"product_tag-directorios-en-mexico","50":"product_tag-email-database","51":"product_tag-email-marketing-list","52":"product_tag-lista-de-correos-electronicos","53":"product_tag-mail-marketing","54":"product_tag-mailing-list","55":"product_tag-marketing-correo-electronico","56":"product_tag-marketing-lists","57":"product_tag-phone-database","58":"product_tag-phone-lists","59":"product_tag-phone-number","60":"product_tag-phone-number-list","62":"first","63":"instock","64":"sale","65":"virtual","66":"purchasable","67":"product-type-simple","68":"entry","69":"content-bg","70":"loop-entry"},"aioseo_notices":[],"_links":{"self":[{"href":"https:\/\/edirectorios.com.mx\/directorios-latinoamerica\/wp-json\/wp\/v2\/product\/36791","targetHints":{"allow":["GET"]}}],"collection":[{"href":"https:\/\/edirectorios.com.mx\/directorios-latinoamerica\/wp-json\/wp\/v2\/product"}],"about":[{"href":"https:\/\/edirectorios.com.mx\/directorios-latinoamerica\/wp-json\/wp\/v2\/types\/product"}],"version-history":[{"count":1,"href":"https:\/\/edirectorios.com.mx\/directorios-latinoamerica\/wp-json\/wp\/v2\/product\/36791\/revisions"}],"predecessor-version":[{"id":36842,"href":"https:\/\/edirectorios.com.mx\/directorios-latinoamerica\/wp-json\/wp\/v2\/product\/36791\/revisions\/36842"}],"wp:featuredmedia":[{"embeddable":true,"href":"https:\/\/edirectorios.com.mx\/directorios-latinoamerica\/wp-json\/wp\/v2\/media\/31094"}],"wp:attachment":[{"href":"https:\/\/edirectorios.com.mx\/directorios-latinoamerica\/wp-json\/wp\/v2\/media?parent=36791"}],"wp:term":[{"taxonomy":"product_brand","embeddable":true,"href":"https:\/\/edirectorios.com.mx\/directorios-latinoamerica\/wp-json\/wp\/v2\/product_brand?post=36791"},{"taxonomy":"product_cat","embeddable":true,"href":"https:\/\/edirectorios.com.mx\/directorios-latinoamerica\/wp-json\/wp\/v2\/product_cat?post=36791"},{"taxonomy":"product_tag","embeddable":true,"href":"https:\/\/edirectorios.com.mx\/directorios-latinoamerica\/wp-json\/wp\/v2\/product_tag?post=36791"},{"taxonomy":"product_brands","embeddable":true,"href":"https:\/\/edirectorios.com.mx\/directorios-latinoamerica\/wp-json\/wp\/v2\/product_brands?post=36791"}],"curies":[{"name":"wp","href":"https:\/\/api.w.org\/{rel}","templated":true}]}}