{"id":36788,"date":"2025-12-12T17:31:37","date_gmt":"2025-12-12T17:31:37","guid":{"rendered":"https:\/\/edirectorios.com.mx\/directorios-latinoamerica\/?post_type=product&#038;p=36788"},"modified":"2025-12-12T17:32:30","modified_gmt":"2025-12-12T17:32:30","slug":"empresas-diferentes-giros-como-uniformes-industriales-bordado-y-serigrafia-agencias-de-mercadotecnia-en-ciudad-de-mexico-y-estado-de-mexico","status":"publish","type":"product","link":"https:\/\/edirectorios.com.mx\/directorios-latinoamerica\/product\/empresas-diferentes-giros-como-uniformes-industriales-bordado-y-serigrafia-agencias-de-mercadotecnia-en-ciudad-de-mexico-y-estado-de-mexico\/","title":{"rendered":"Empresas diferentes giros como (Uniformes industriales, Bordado y serigraf\u00eda, Agencias de Mercadotecnia) en Ciudad de M\u00e9xico y Estado de M\u00e9xico."},"content":{"rendered":"","protected":false},"excerpt":{"rendered":"<p>&nbsp;<\/p>\n<div class=\"row\">\n<div class=\"col-sm\"><strong>C\u00f3digo:<\/strong> <strong class=\"text-danger\">VIHU-S4 &#8211; 4<\/strong><\/div>\n<div class=\"col-sm\"><strong>N\u00famero de registros: <\/strong>600<\/div>\n<\/div>\n<div class=\"row\">\n<div class=\"col-sm \"><strong>Folio: <\/strong><span class=\"text-danger\">01DEVI1120-020<\/span><\/div>\n<\/div>\n<p><strong>Segmentaci\u00f3n:<\/strong><\/p>\n<div class=\"row\">\n<div class=\"col-sm \">Empresas de Uniformes industriales, Bordado y serigraf\u00eda, Agencias de Mercadotecnia en Ciudad de M\u00e9xico Y Estado de M\u00e9xico hasta Huixquilucan.<\/div>\n<\/div>\n<p><strong>Campos Contenidos:<\/strong><\/p>\n<div class=\"row\">\n<div class=\"col-sm \">Empresa \/ Giro \/ Direcci\u00f3n \/ Ciudad \/ Estado \/ Contacto \/ Puesto: Propietarios, Gerente general, Mercadotecnia, Recursos humanos o Compras \/ Tel\u00e9fono \/ Email \/ P\u00e1gina web*opcional.<\/div>\n<\/div>\n<div class=\"row\">\n<div class=\"col-sm\"><strong>Garant\u00eda: <\/strong>80%-85% <strong>Precio Original: <\/strong><del>USD 309<\/del> <strong>Descuento Especial: <\/strong><strong class=\"text-danger\">20%<\/strong><\/div>\n<\/div>\n<div class=\"row\">\n<div class=\"col text-center\"><strong>Total a Pagar: <\/strong><strong class=\"text-danger\">USD 245<\/strong><\/div>\n<\/div>\n","protected":false},"featured_media":31002,"template":"","meta":{"_bst_post_transparent":"","_bst_post_title":"","_bst_post_layout":"","_bst_post_sidebar_id":"","_bst_post_content_style":"","_bst_post_vertical_padding":"","_bst_post_feature":"","_bst_post_feature_position":"","_bst_post_header":false,"_bst_post_footer":false},"product_brand":[],"product_cat":[1278,1181,1060,1327,1277],"product_tag":[1062,1182,1063,1064,1066,1222,1067,1068,1071,1073,1074,1075,1076,1077,1078,1079,1155,1080,1177,1081,1156,1082,1083,1084,1085,1086,1087,1160,1162,1088,1089,1090,1092,1093,1284,1097,1098,1099,1100,1101,1102,1103,1104,1105,1106,1107,1229,1109,1110,1111,1112,1113,1114,1115,1116,1117,1118,1166,1119,1120,1121,1122,1123,1124,1170,1132,1133,1134,1136,1137,1138,1139,1140,1141,1142,1143,1144,1145,1329,1206,1172,1173,1174,1175,1146,1148,1149],"product_brands":[],"class_list":{"0":"post-36788","1":"product","2":"type-product","3":"status-publish","4":"has-post-thumbnail","6":"product_cat-ciudad-de-mexico","7":"product_cat-empresarios","8":"product_cat-empresas-en-mexico","9":"product_cat-estado-de-mexico","10":"product_cat-zonas-mas-solicitadas","11":"product_tag-b2c-email-database","12":"product_tag-base-de-datos","13":"product_tag-base-de-datos-campana-de-email-marketing","14":"product_tag-base-de-datos-campanas-de-email-marketing","15":"product_tag-base-de-datos-ciudad-de-mexico","16":"product_tag-base-de-datos-compras","17":"product_tag-base-de-datos-correo-masivo","18":"product_tag-base-de-datos-correo-masivos","19":"product_tag-base-de-datos-direct-e-mail-marketing","20":"product_tag-base-de-datos-e-mail-marketing","21":"product_tag-base-de-datos-email-marketer","22":"product_tag-base-de-datos-email-marketing","23":"product_tag-base-de-datos-email-masivos","24":"product_tag-base-de-datos-email-publicidad","25":"product_tag-base-de-datos-email-publicitario","26":"product_tag-base-de-datos-emailing","27":"product_tag-base-de-datos-empresas","28":"product_tag-base-de-datos-empresas-de-email-marketing","29":"product_tag-base-de-datos-encargados-de-compras","30":"product_tag-base-de-datos-enviar-email-masivo","31":"product_tag-base-de-datos-enviar-mailing","32":"product_tag-base-de-datos-envio-de-email-masivo","33":"product_tag-base-de-datos-envio-masivo-correo","34":"product_tag-base-de-datos-envio-masivo-correos","35":"product_tag-base-de-datos-envio-masivo-de-emails","36":"product_tag-base-de-datos-envios-de-correo-masivos","37":"product_tag-base-de-datos-estado-de-mexico","38":"product_tag-base-de-datos-gerente","39":"product_tag-base-de-datos-mailing-masivo","40":"product_tag-base-de-datos-marketing","41":"product_tag-base-de-datos-marketing-por-e-mail","42":"product_tag-base-de-datos-marketing-por-email","43":"product_tag-base-de-datos-para-marketing","44":"product_tag-base-de-datos-publicidad-por-email","45":"product_tag-base-de-datos-recursos-humanos","46":"product_tag-bases-de-datos-correos","47":"product_tag-bases-de-datos-correos-electronicos","48":"product_tag-bases-de-datos-de-emails","49":"product_tag-bases-de-datos-de-marketing","50":"product_tag-bases-de-datos-de-telefonos","51":"product_tag-bases-de-datos-email","52":"product_tag-bases-de-datos-email-empresas","53":"product_tag-bases-de-datos-emailing","54":"product_tag-bases-de-datos-numeros-de-telefonos","55":"product_tag-bases-de-datos-telefono","56":"product_tag-bases-de-datos-telefonos-fijos","57":"product_tag-big-corporates-database","58":"product_tag-business-contact-lists","59":"product_tag-business-directory","60":"product_tag-business-email-database","61":"product_tag-business-email-list","62":"product_tag-business-email-lists","63":"product_tag-business-mailing-database","64":"product_tag-business-mailing-lists","65":"product_tag-buy-email-database","66":"product_tag-buy-email-list","67":"product_tag-buy-email-list-database","68":"product_tag-companies-email-address-list","69":"product_tag-company-database","70":"product_tag-correo-de-empresas","71":"product_tag-correos-de-empresas","72":"product_tag-correos-electronicos-de-empresas","73":"product_tag-correos-electronicos-empresas","74":"product_tag-correos-empresariales","75":"product_tag-database","76":"product_tag-e-mail-database","77":"product_tag-email-address-list","78":"product_tag-email-database","79":"product_tag-email-marketing-list","80":"product_tag-list-of-email-addresses","81":"product_tag-lista-de-correos","82":"product_tag-lista-de-correos-electronicos","83":"product_tag-mail-marketing","84":"product_tag-mailing-database","85":"product_tag-mailing-list","86":"product_tag-marketing","87":"product_tag-marketing-correo-electronico","88":"product_tag-marketing-lists","89":"product_tag-mercadotecnia","90":"product_tag-phone","91":"product_tag-phone-database","92":"product_tag-phone-lists","93":"product_tag-phone-number","94":"product_tag-phone-number-list","95":"product_tag-publicidad-por-base-de-datos-correo-electronico","96":"product_tag-tele-marketing-list","97":"product_tag-telefono","99":"first","100":"instock","101":"sale","102":"virtual","103":"purchasable","104":"product-type-simple","105":"entry","106":"content-bg","107":"loop-entry"},"aioseo_notices":[],"_links":{"self":[{"href":"https:\/\/edirectorios.com.mx\/directorios-latinoamerica\/wp-json\/wp\/v2\/product\/36788","targetHints":{"allow":["GET"]}}],"collection":[{"href":"https:\/\/edirectorios.com.mx\/directorios-latinoamerica\/wp-json\/wp\/v2\/product"}],"about":[{"href":"https:\/\/edirectorios.com.mx\/directorios-latinoamerica\/wp-json\/wp\/v2\/types\/product"}],"version-history":[{"count":1,"href":"https:\/\/edirectorios.com.mx\/directorios-latinoamerica\/wp-json\/wp\/v2\/product\/36788\/revisions"}],"predecessor-version":[{"id":36839,"href":"https:\/\/edirectorios.com.mx\/directorios-latinoamerica\/wp-json\/wp\/v2\/product\/36788\/revisions\/36839"}],"wp:featuredmedia":[{"embeddable":true,"href":"https:\/\/edirectorios.com.mx\/directorios-latinoamerica\/wp-json\/wp\/v2\/media\/31002"}],"wp:attachment":[{"href":"https:\/\/edirectorios.com.mx\/directorios-latinoamerica\/wp-json\/wp\/v2\/media?parent=36788"}],"wp:term":[{"taxonomy":"product_brand","embeddable":true,"href":"https:\/\/edirectorios.com.mx\/directorios-latinoamerica\/wp-json\/wp\/v2\/product_brand?post=36788"},{"taxonomy":"product_cat","embeddable":true,"href":"https:\/\/edirectorios.com.mx\/directorios-latinoamerica\/wp-json\/wp\/v2\/product_cat?post=36788"},{"taxonomy":"product_tag","embeddable":true,"href":"https:\/\/edirectorios.com.mx\/directorios-latinoamerica\/wp-json\/wp\/v2\/product_tag?post=36788"},{"taxonomy":"product_brands","embeddable":true,"href":"https:\/\/edirectorios.com.mx\/directorios-latinoamerica\/wp-json\/wp\/v2\/product_brands?post=36788"}],"curies":[{"name":"wp","href":"https:\/\/api.w.org\/{rel}","templated":true}]}}