{"id":36772,"date":"2025-12-12T17:31:13","date_gmt":"2025-12-12T17:31:13","guid":{"rendered":"https:\/\/edirectorios.com.mx\/directorios-latinoamerica\/?post_type=product&#038;p=36772"},"modified":"2025-12-12T17:32:14","modified_gmt":"2025-12-12T17:32:14","slug":"mujeres-de-25-a-40-anos-nse-a-b-c-que-se-realicen-analisis-y-chequeos-medicos-en-merida-yucatan","status":"publish","type":"product","link":"https:\/\/edirectorios.com.mx\/directorios-latinoamerica\/product\/mujeres-de-25-a-40-anos-nse-a-b-c-que-se-realicen-analisis-y-chequeos-medicos-en-merida-yucatan\/","title":{"rendered":"Mujeres  de 25 a 40 a\u00f1os NSE A, B, C+ que se realicen an\u00e1lisis y chequeos m\u00e9dicos en M\u00e9rida, Yucat\u00e1n."},"content":{"rendered":"","protected":false},"excerpt":{"rendered":"<p>&nbsp;<\/p>\n<div class=\"row\">\n<div class=\"col-sm\"><strong>C\u00f3digo:<\/strong> <strong class=\"text-danger\">KAAL-Q7<\/strong><\/div>\n<div class=\"col-sm\"><strong>N\u00famero de registros: <\/strong>1200<\/div>\n<\/div>\n<div class=\"row\">\n<div class=\"col-sm \"><strong>Folio: <\/strong><span class=\"text-danger\">03LLCA0223-030<\/span><\/div>\n<\/div>\n<p><strong>Segmentaci\u00f3n:<\/strong><\/p>\n<div class=\"row\">\n<div class=\"col-sm \">Mujeres de 25 a 40 a\u00f1os NSE A, B, C+ que se realicen an\u00e1lisis y chequeos m\u00e9dicos en M\u00e9rida, Yucat\u00e1n.<\/div>\n<\/div>\n<p><strong>Campos Contenidos:<\/strong><\/p>\n<div class=\"row\">\n<div class=\"col-sm \">Nombre \/ Domicilio \/ Ciudad \/ Estado \/ Correo \/ Tel\u00e9fono m\u00f3vil.<\/div>\n<\/div>\n<div class=\"row\">\n<div class=\"col-sm\"><strong>Garant\u00eda: <\/strong>80%-85% <strong>Precio Original: <\/strong><del>USD 669<\/del> <strong>Descuento Especial: <\/strong><strong class=\"text-danger\">20%<\/strong><\/div>\n<\/div>\n<div class=\"row\">\n<div class=\"col text-center\"><strong>Total a Pagar: <\/strong><strong class=\"text-danger\">USD 535<\/strong><\/div>\n<\/div>\n","protected":false},"featured_media":31224,"template":"","meta":{"_bst_post_transparent":"","_bst_post_title":"","_bst_post_layout":"","_bst_post_sidebar_id":"","_bst_post_content_style":"","_bst_post_vertical_padding":"","_bst_post_feature":"","_bst_post_feature_position":"","_bst_post_header":false,"_bst_post_footer":false},"product_brand":[],"product_cat":[1266,1286,1180],"product_tag":[1062,1182,1063,1064,1404,1067,1068,1207,1420,1324,1209,1294,1186,1405,1071,1073,1074,1075,1076,1077,1078,1079,1081,1156,1082,1083,1084,1085,1086,1162,1088,1089,1090,1356,1295,1092,1093,1406,1317,1097,1098,1099,1100,1102,1104,1111,1112,1115,1116,1117,1118,1191,1193,1194,1195,1196,1197,1198,1200,1120,1170,1132,1133,1134,1135,1136,1137,1138,1139,1296,1140,1141,1142,1143,1144,1145,1407,1297,1298,1299,1300,1301,1302,1303,1146,1148],"product_brands":[],"class_list":{"0":"post-36772","1":"product","2":"type-product","3":"status-publish","4":"has-post-thumbnail","6":"product_cat-consumidores","7":"product_cat-nse-medio-y-alto","8":"product_cat-personas-en-mexico","9":"product_tag-b2c-email-database","10":"product_tag-base-de-datos","11":"product_tag-base-de-datos-campana-de-email-marketing","12":"product_tag-base-de-datos-campanas-de-email-marketing","13":"product_tag-base-de-datos-celulares","14":"product_tag-base-de-datos-correo-masivo","15":"product_tag-base-de-datos-correo-masivos","16":"product_tag-base-de-datos-de-nse","17":"product_tag-base-de-datos-de-nse-a","18":"product_tag-base-de-datos-de-nse-b","19":"product_tag-base-de-datos-de-nse-c","20":"product_tag-base-de-datos-de-numeros-celulares","21":"product_tag-base-de-datos-de-personas-fisicas","22":"product_tag-base-de-datos-de-telefonos-moviles","23":"product_tag-base-de-datos-direct-e-mail-marketing","24":"product_tag-base-de-datos-e-mail-marketing","25":"product_tag-base-de-datos-email-marketer","26":"product_tag-base-de-datos-email-marketing","27":"product_tag-base-de-datos-email-masivos","28":"product_tag-base-de-datos-email-publicidad","29":"product_tag-base-de-datos-email-publicitario","30":"product_tag-base-de-datos-emailing","31":"product_tag-base-de-datos-enviar-email-masivo","32":"product_tag-base-de-datos-enviar-mailing","33":"product_tag-base-de-datos-envio-de-email-masivo","34":"product_tag-base-de-datos-envio-masivo-correo","35":"product_tag-base-de-datos-envio-masivo-correos","36":"product_tag-base-de-datos-envio-masivo-de-emails","37":"product_tag-base-de-datos-envios-de-correo-masivos","38":"product_tag-base-de-datos-mailing-masivo","39":"product_tag-base-de-datos-marketing","40":"product_tag-base-de-datos-marketing-por-e-mail","41":"product_tag-base-de-datos-marketing-por-email","42":"product_tag-base-de-datos-merida","43":"product_tag-base-de-datos-numeros-de-telefonos-celulares","44":"product_tag-base-de-datos-para-marketing","45":"product_tag-base-de-datos-publicidad-por-email","46":"product_tag-base-de-datos-telefonos-moviles","47":"product_tag-base-de-datos-yucatan","48":"product_tag-bases-de-datos-correos","49":"product_tag-bases-de-datos-correos-electronicos","50":"product_tag-bases-de-datos-de-emails","51":"product_tag-bases-de-datos-de-marketing","52":"product_tag-bases-de-datos-email","53":"product_tag-bases-de-datos-emailing","54":"product_tag-business-email-database","55":"product_tag-business-email-list","56":"product_tag-business-mailing-lists","57":"product_tag-buy-email-database","58":"product_tag-buy-email-list","59":"product_tag-buy-email-list-database","60":"product_tag-consumer-contact-lists","61":"product_tag-consumer-directory","62":"product_tag-consumer-email-database","63":"product_tag-consumer-email-list","64":"product_tag-consumer-email-lists","65":"product_tag-consumer-list","66":"product_tag-consumer-mailing-database","67":"product_tag-consumer-mailing-lists","68":"product_tag-correo-de-empresas","69":"product_tag-database","70":"product_tag-e-mail-database","71":"product_tag-email-address-list","72":"product_tag-email-database","73":"product_tag-email-lists","74":"product_tag-email-marketing-list","75":"product_tag-list-of-email-addresses","76":"product_tag-lista-de-correos","77":"product_tag-lista-de-correos-electronicos","78":"product_tag-lista-de-numeros-de-telefonos-celulares","79":"product_tag-mail-marketing","80":"product_tag-mailing-database","81":"product_tag-mailing-list","82":"product_tag-marketing","83":"product_tag-marketing-correo-electronico","84":"product_tag-marketing-lists","85":"product_tag-mobile","86":"product_tag-mobile-database","87":"product_tag-mobile-directory","88":"product_tag-mobile-list","89":"product_tag-mobile-number-database","90":"product_tag-mobile-number-list","91":"product_tag-mobile-phone-number","92":"product_tag-numeros-de-telefonos-celulares","93":"product_tag-publicidad-por-base-de-datos-correo-electronico","94":"product_tag-tele-marketing-list","96":"first","97":"instock","98":"sale","99":"virtual","100":"purchasable","101":"product-type-simple","102":"entry","103":"content-bg","104":"loop-entry"},"aioseo_notices":[],"_links":{"self":[{"href":"https:\/\/edirectorios.com.mx\/directorios-latinoamerica\/wp-json\/wp\/v2\/product\/36772","targetHints":{"allow":["GET"]}}],"collection":[{"href":"https:\/\/edirectorios.com.mx\/directorios-latinoamerica\/wp-json\/wp\/v2\/product"}],"about":[{"href":"https:\/\/edirectorios.com.mx\/directorios-latinoamerica\/wp-json\/wp\/v2\/types\/product"}],"version-history":[{"count":1,"href":"https:\/\/edirectorios.com.mx\/directorios-latinoamerica\/wp-json\/wp\/v2\/product\/36772\/revisions"}],"predecessor-version":[{"id":36823,"href":"https:\/\/edirectorios.com.mx\/directorios-latinoamerica\/wp-json\/wp\/v2\/product\/36772\/revisions\/36823"}],"wp:featuredmedia":[{"embeddable":true,"href":"https:\/\/edirectorios.com.mx\/directorios-latinoamerica\/wp-json\/wp\/v2\/media\/31224"}],"wp:attachment":[{"href":"https:\/\/edirectorios.com.mx\/directorios-latinoamerica\/wp-json\/wp\/v2\/media?parent=36772"}],"wp:term":[{"taxonomy":"product_brand","embeddable":true,"href":"https:\/\/edirectorios.com.mx\/directorios-latinoamerica\/wp-json\/wp\/v2\/product_brand?post=36772"},{"taxonomy":"product_cat","embeddable":true,"href":"https:\/\/edirectorios.com.mx\/directorios-latinoamerica\/wp-json\/wp\/v2\/product_cat?post=36772"},{"taxonomy":"product_tag","embeddable":true,"href":"https:\/\/edirectorios.com.mx\/directorios-latinoamerica\/wp-json\/wp\/v2\/product_tag?post=36772"},{"taxonomy":"product_brands","embeddable":true,"href":"https:\/\/edirectorios.com.mx\/directorios-latinoamerica\/wp-json\/wp\/v2\/product_brands?post=36772"}],"curies":[{"name":"wp","href":"https:\/\/api.w.org\/{rel}","templated":true}]}}