{"id":36771,"date":"2025-12-12T17:31:13","date_gmt":"2025-12-12T17:31:13","guid":{"rendered":"https:\/\/edirectorios.com.mx\/directorios-latinoamerica\/?post_type=product&#038;p=36771"},"modified":"2025-12-12T17:32:11","modified_gmt":"2025-12-12T17:32:11","slug":"directores-generales-y-directores-de-recursos-humanos-que-trabajen-en-medianas-y-grandes-empresas-en-ciudad-de-mexico","status":"publish","type":"product","link":"https:\/\/edirectorios.com.mx\/directorios-latinoamerica\/product\/directores-generales-y-directores-de-recursos-humanos-que-trabajen-en-medianas-y-grandes-empresas-en-ciudad-de-mexico\/","title":{"rendered":"Directores Generales y Directores de Recursos humanos, que trabajen en medianas y grandes empresas, en Ciudad de M\u00e9xico"},"content":{"rendered":"","protected":false},"excerpt":{"rendered":"<p>&nbsp;<\/p>\n<div class=\"row\">\n<div class=\"col-sm\"><strong>C\u00f3digo:<\/strong> <strong class=\"text-danger\">SODA-N9<\/strong><\/div>\n<div class=\"col-sm\"><strong>N\u00famero de registros: <\/strong>300<\/div>\n<\/div>\n<div class=\"row\">\n<div class=\"col-sm \"><strong>Folio: <\/strong><span class=\"text-danger\">04BBSD1222-010<\/span><\/div>\n<\/div>\n<p><strong>Segmentaci\u00f3n:<\/strong><\/p>\n<div class=\"row\">\n<div class=\"col-sm \">Directores Generales y Directores de Recursos humanos, que trabajen en medianas y grandes empresas, (excluir f\u00e1bricas, manufactureras, consultor\u00edas y empresas de software y las de recursos humanos) en Ciudad de M\u00e9xico.<\/div>\n<\/div>\n<p><strong>Campos Contenidos:<\/strong><\/p>\n<div class=\"row\">\n<div class=\"col-sm \">Nombre de la Persona \/ Puesto 1: Director General \/ Celular WhatsApp 1 \/ Correo 1 \/ Puesto 2: Director de Recursos Humanos\/ Celular WhatsApp 2 \/ Correo 2 \/<\/div>\n<\/div>\n<div class=\"row\">\n<div class=\"col-sm\"><strong>Garant\u00eda: <\/strong>80%-85% <strong>Precio Original: <\/strong><del>USD 418<\/del> <strong>Descuento Especial: <\/strong><strong class=\"text-danger\">20%<\/strong><\/div>\n<\/div>\n<div class=\"row\">\n<div class=\"col text-center\"><strong>Total a Pagar: <\/strong><strong class=\"text-danger\">USD 334<\/strong><\/div>\n<\/div>\n","protected":false},"featured_media":31043,"template":"","meta":{"_bst_post_transparent":"","_bst_post_title":"","_bst_post_layout":"","_bst_post_sidebar_id":"","_bst_post_content_style":"","_bst_post_vertical_padding":"","_bst_post_feature":"","_bst_post_feature_position":"","_bst_post_header":false,"_bst_post_footer":false},"product_brand":[],"product_cat":[1278,1060],"product_tag":[1062,1182,1063,1064,1404,1066,1067,1068,1069,1294,1512,1405,1071,1072,1073,1074,1075,1076,1077,1078,1079,1080,1242,1243,1081,1156,1082,1083,1084,1085,1086,1162,1261,1088,1089,1090,1295,1092,1093,1284,1406,1513,1097,1098,1099,1100,1102,1103,1104,1229,1109,1110,1111,1112,1113,1114,1115,1116,1117,1118,1166,1119,1120,1121,1122,1123,1124,1170,1126,1127,1128,1129,1130,1131,1311,1132,1133,1134,1136,1137,1138,1139,1514,1296,1515,1140,1141,1142,1143,1144,1145,1303,1146,1148],"product_brands":[],"class_list":{"0":"post-36771","1":"product","2":"type-product","3":"status-publish","4":"has-post-thumbnail","6":"product_cat-ciudad-de-mexico","7":"product_cat-empresas-en-mexico","8":"product_tag-b2c-email-database","9":"product_tag-base-de-datos","10":"product_tag-base-de-datos-campana-de-email-marketing","11":"product_tag-base-de-datos-campanas-de-email-marketing","12":"product_tag-base-de-datos-celulares","13":"product_tag-base-de-datos-ciudad-de-mexico","14":"product_tag-base-de-datos-correo-masivo","15":"product_tag-base-de-datos-correo-masivos","16":"product_tag-base-de-datos-de-director-general","17":"product_tag-base-de-datos-de-numeros-celulares","18":"product_tag-base-de-datos-de-numeros-de-whatsapp","19":"product_tag-base-de-datos-de-telefonos-moviles","20":"product_tag-base-de-datos-direct-e-mail-marketing","21":"product_tag-base-de-datos-director","22":"product_tag-base-de-datos-e-mail-marketing","23":"product_tag-base-de-datos-email-marketer","24":"product_tag-base-de-datos-email-marketing","25":"product_tag-base-de-datos-email-masivos","26":"product_tag-base-de-datos-email-publicidad","27":"product_tag-base-de-datos-email-publicitario","28":"product_tag-base-de-datos-emailing","29":"product_tag-base-de-datos-empresas-de-email-marketing","30":"product_tag-base-de-datos-empresas-grandes","31":"product_tag-base-de-datos-empresas-medianas","32":"product_tag-base-de-datos-enviar-email-masivo","33":"product_tag-base-de-datos-enviar-mailing","34":"product_tag-base-de-datos-envio-de-email-masivo","35":"product_tag-base-de-datos-envio-masivo-correo","36":"product_tag-base-de-datos-envio-masivo-correos","37":"product_tag-base-de-datos-envio-masivo-de-emails","38":"product_tag-base-de-datos-envios-de-correo-masivos","39":"product_tag-base-de-datos-mailing-masivo","40":"product_tag-base-de-datos-manufacturera","41":"product_tag-base-de-datos-marketing","42":"product_tag-base-de-datos-marketing-por-e-mail","43":"product_tag-base-de-datos-marketing-por-email","44":"product_tag-base-de-datos-numeros-de-telefonos-celulares","45":"product_tag-base-de-datos-para-marketing","46":"product_tag-base-de-datos-publicidad-por-email","47":"product_tag-base-de-datos-recursos-humanos","48":"product_tag-base-de-datos-telefonos-moviles","49":"product_tag-base-de-datos-whatsapp","50":"product_tag-bases-de-datos-correos","51":"product_tag-bases-de-datos-correos-electronicos","52":"product_tag-bases-de-datos-de-emails","53":"product_tag-bases-de-datos-de-marketing","54":"product_tag-bases-de-datos-email","55":"product_tag-bases-de-datos-email-empresas","56":"product_tag-bases-de-datos-emailing","57":"product_tag-big-corporates-database","58":"product_tag-business-contact-lists","59":"product_tag-business-directory","60":"product_tag-business-email-database","61":"product_tag-business-email-list","62":"product_tag-business-email-lists","63":"product_tag-business-mailing-database","64":"product_tag-business-mailing-lists","65":"product_tag-buy-email-database","66":"product_tag-buy-email-list","67":"product_tag-buy-email-list-database","68":"product_tag-companies-email-address-list","69":"product_tag-company-database","70":"product_tag-correo-de-empresas","71":"product_tag-correos-de-empresas","72":"product_tag-correos-electronicos-de-empresas","73":"product_tag-correos-electronicos-empresas","74":"product_tag-correos-empresariales","75":"product_tag-database","76":"product_tag-directorio-emailing","77":"product_tag-directorio-empresarial","78":"product_tag-directorio-empresariales","79":"product_tag-directorio-empresas","80":"product_tag-directorios-de-empresas","81":"product_tag-directorios-empresas","82":"product_tag-directory","83":"product_tag-e-mail-database","84":"product_tag-email-address-list","85":"product_tag-email-database","86":"product_tag-email-marketing-list","87":"product_tag-list-of-email-addresses","88":"product_tag-lista-de-correos","89":"product_tag-lista-de-correos-electronicos","90":"product_tag-lista-de-numero-de-whatsapp","91":"product_tag-lista-de-numeros-de-telefonos-celulares","92":"product_tag-listas-de-numeros-de-whatsapp","93":"product_tag-mail-marketing","94":"product_tag-mailing-database","95":"product_tag-mailing-list","96":"product_tag-marketing","97":"product_tag-marketing-correo-electronico","98":"product_tag-marketing-lists","99":"product_tag-numeros-de-telefonos-celulares","100":"product_tag-publicidad-por-base-de-datos-correo-electronico","101":"product_tag-tele-marketing-list","103":"first","104":"instock","105":"sale","106":"virtual","107":"purchasable","108":"product-type-simple","109":"entry","110":"content-bg","111":"loop-entry"},"aioseo_notices":[],"_links":{"self":[{"href":"https:\/\/edirectorios.com.mx\/directorios-latinoamerica\/wp-json\/wp\/v2\/product\/36771","targetHints":{"allow":["GET"]}}],"collection":[{"href":"https:\/\/edirectorios.com.mx\/directorios-latinoamerica\/wp-json\/wp\/v2\/product"}],"about":[{"href":"https:\/\/edirectorios.com.mx\/directorios-latinoamerica\/wp-json\/wp\/v2\/types\/product"}],"version-history":[{"count":1,"href":"https:\/\/edirectorios.com.mx\/directorios-latinoamerica\/wp-json\/wp\/v2\/product\/36771\/revisions"}],"predecessor-version":[{"id":36822,"href":"https:\/\/edirectorios.com.mx\/directorios-latinoamerica\/wp-json\/wp\/v2\/product\/36771\/revisions\/36822"}],"wp:featuredmedia":[{"embeddable":true,"href":"https:\/\/edirectorios.com.mx\/directorios-latinoamerica\/wp-json\/wp\/v2\/media\/31043"}],"wp:attachment":[{"href":"https:\/\/edirectorios.com.mx\/directorios-latinoamerica\/wp-json\/wp\/v2\/media?parent=36771"}],"wp:term":[{"taxonomy":"product_brand","embeddable":true,"href":"https:\/\/edirectorios.com.mx\/directorios-latinoamerica\/wp-json\/wp\/v2\/product_brand?post=36771"},{"taxonomy":"product_cat","embeddable":true,"href":"https:\/\/edirectorios.com.mx\/directorios-latinoamerica\/wp-json\/wp\/v2\/product_cat?post=36771"},{"taxonomy":"product_tag","embeddable":true,"href":"https:\/\/edirectorios.com.mx\/directorios-latinoamerica\/wp-json\/wp\/v2\/product_tag?post=36771"},{"taxonomy":"product_brands","embeddable":true,"href":"https:\/\/edirectorios.com.mx\/directorios-latinoamerica\/wp-json\/wp\/v2\/product_brands?post=36771"}],"curies":[{"name":"wp","href":"https:\/\/api.w.org\/{rel}","templated":true}]}}