{"id":36768,"date":"2025-12-12T17:31:13","date_gmt":"2025-12-12T17:31:13","guid":{"rendered":"https:\/\/edirectorios.com.mx\/directorios-latinoamerica\/?post_type=product&#038;p=36768"},"modified":"2025-12-12T17:32:05","modified_gmt":"2025-12-12T17:32:05","slug":"ceo-vps-o-maximo-una-capa-abajo-en-empresas-de-50-a-1000-empleados-a-nivel-nacional","status":"publish","type":"product","link":"https:\/\/edirectorios.com.mx\/directorios-latinoamerica\/product\/ceo-vps-o-maximo-una-capa-abajo-en-empresas-de-50-a-1000-empleados-a-nivel-nacional\/","title":{"rendered":"CEO, VPs, o m\u00e1ximo una capa abajo en empresas de 50 a 1,000 empleados a Nivel Nacional"},"content":{"rendered":"","protected":false},"excerpt":{"rendered":"<p>&nbsp;<\/p>\n<div class=\"row\">\n<div class=\"col-sm\"><strong>C\u00f3digo:<\/strong> <strong class=\"text-danger\"> OSOB-C2<\/strong><\/div>\n<div class=\"col-sm\"><strong>N\u00famero de registros: <\/strong>250<\/div>\n<\/div>\n<div class=\"row\">\n<div class=\"col-sm \"><strong>Folio: <\/strong><span class=\"text-danger\"> OO0323B008<\/span><\/div>\n<\/div>\n<p><strong>Segmentaci\u00f3n:<\/strong><\/p>\n<div class=\"row\">\n<div class=\"col-sm \">CEO, VPs, o m\u00e1ximo una capa abajo en empresas de 50 a 1,000 empleados a Nivel Nacional.<\/div>\n<\/div>\n<p><strong>Campos Contenidos:<\/strong><\/p>\n<div class=\"row\">\n<div class=\"col-sm \">Nombre \/ Puesto \/ Celular (no importa que el celular sea el del prospecto empresarial o personal. Lo que no queremos es que sea el Whatsapp de atenci\u00f3n general al cliente de la empresa, el que vienen muchas veces en las p\u00e1ginas p\u00fablicas) \/ Empresa \/ Tama\u00f1o.<\/div>\n<\/div>\n<div class=\"row\">\n<div class=\"col-sm\"><strong>Garant\u00eda: <\/strong>80%-85% <strong>Precio Original: <\/strong><del> USD $169.00<\/del> <strong>Descuento Especial: <\/strong><strong class=\"text-danger\">20%<\/strong><\/div>\n<\/div>\n<div class=\"row\">\n<div class=\"col text-center\"><strong>Total a Pagar: <\/strong><strong class=\"text-danger\">USD $129.00<\/strong><\/div>\n<\/div>\n","protected":false},"featured_media":31002,"template":"","meta":{"_bst_post_transparent":"","_bst_post_title":"","_bst_post_layout":"","_bst_post_sidebar_id":"","_bst_post_content_style":"","_bst_post_vertical_padding":"","_bst_post_feature":"","_bst_post_feature_position":"","_bst_post_header":false,"_bst_post_footer":false},"product_brand":[],"product_cat":[1181,1180],"product_tag":[1062,1182,1063,1064,1067,1068,1185,1186,1071,1073,1074,1075,1076,1077,1078,1079,1081,1156,1082,1083,1084,1085,1086,1161,1162,1088,1089,1090,1092,1189,1093,1097,1098,1099,1100,1102,1104,1165,1190,1117,1118,1191,1192,1193,1194,1195,1196,1197,1198,1199,1200,1201,1202,1203,1204,1170,1126,1133,1135,1136,1137,1138,1139,1140,1142,1143,1144,1145,1146,1148],"product_brands":[],"class_list":{"0":"post-36768","1":"product","2":"type-product","3":"status-publish","4":"has-post-thumbnail","6":"product_cat-empresarios","7":"product_cat-personas-en-mexico","8":"product_tag-b2c-email-database","9":"product_tag-base-de-datos","10":"product_tag-base-de-datos-campana-de-email-marketing","11":"product_tag-base-de-datos-campanas-de-email-marketing","12":"product_tag-base-de-datos-correo-masivo","13":"product_tag-base-de-datos-correo-masivos","14":"product_tag-base-de-datos-de-empresarios","15":"product_tag-base-de-datos-de-personas-fisicas","16":"product_tag-base-de-datos-direct-e-mail-marketing","17":"product_tag-base-de-datos-e-mail-marketing","18":"product_tag-base-de-datos-email-marketer","19":"product_tag-base-de-datos-email-marketing","20":"product_tag-base-de-datos-email-masivos","21":"product_tag-base-de-datos-email-publicidad","22":"product_tag-base-de-datos-email-publicitario","23":"product_tag-base-de-datos-emailing","24":"product_tag-base-de-datos-enviar-email-masivo","25":"product_tag-base-de-datos-enviar-mailing","26":"product_tag-base-de-datos-envio-de-email-masivo","27":"product_tag-base-de-datos-envio-masivo-correo","28":"product_tag-base-de-datos-envio-masivo-correos","29":"product_tag-base-de-datos-envio-masivo-de-emails","30":"product_tag-base-de-datos-envios-de-correo-masivos","31":"product_tag-base-de-datos-mailing","32":"product_tag-base-de-datos-mailing-masivo","33":"product_tag-base-de-datos-marketing","34":"product_tag-base-de-datos-marketing-por-e-mail","35":"product_tag-base-de-datos-marketing-por-email","36":"product_tag-base-de-datos-para-marketing","37":"product_tag-base-de-datos-personas-de-email-marketing","38":"product_tag-base-de-datos-publicidad-por-email","39":"product_tag-bases-de-datos-correos","40":"product_tag-bases-de-datos-correos-electronicos","41":"product_tag-bases-de-datos-de-emails","42":"product_tag-bases-de-datos-de-marketing","43":"product_tag-bases-de-datos-email","44":"product_tag-bases-de-datos-emailing","45":"product_tag-bases-de-datos-mailing","46":"product_tag-big-consumer-database","47":"product_tag-buy-email-list","48":"product_tag-buy-email-list-database","49":"product_tag-consumer-contact-lists","50":"product_tag-consumer-database","51":"product_tag-consumer-directory","52":"product_tag-consumer-email-database","53":"product_tag-consumer-email-list","54":"product_tag-consumer-email-lists","55":"product_tag-consumer-list","56":"product_tag-consumer-mailing-database","57":"product_tag-consumer-mailing-list","58":"product_tag-consumer-mailing-lists","59":"product_tag-consumer-phone-list","60":"product_tag-correo-de-personas","61":"product_tag-correos-electronicos-de-personas","62":"product_tag-correos-electronicos-personas","63":"product_tag-database","64":"product_tag-directorio-emailing","65":"product_tag-email-address-list","66":"product_tag-email-lists","67":"product_tag-email-marketing-list","68":"product_tag-list-of-email-addresses","69":"product_tag-lista-de-correos","70":"product_tag-lista-de-correos-electronicos","71":"product_tag-mail-marketing","72":"product_tag-mailing-list","73":"product_tag-marketing","74":"product_tag-marketing-correo-electronico","75":"product_tag-marketing-lists","76":"product_tag-publicidad-por-base-de-datos-correo-electronico","77":"product_tag-tele-marketing-list","79":"first","80":"instock","81":"sale","82":"virtual","83":"purchasable","84":"product-type-simple","85":"entry","86":"content-bg","87":"loop-entry"},"aioseo_notices":[],"_links":{"self":[{"href":"https:\/\/edirectorios.com.mx\/directorios-latinoamerica\/wp-json\/wp\/v2\/product\/36768","targetHints":{"allow":["GET"]}}],"collection":[{"href":"https:\/\/edirectorios.com.mx\/directorios-latinoamerica\/wp-json\/wp\/v2\/product"}],"about":[{"href":"https:\/\/edirectorios.com.mx\/directorios-latinoamerica\/wp-json\/wp\/v2\/types\/product"}],"version-history":[{"count":1,"href":"https:\/\/edirectorios.com.mx\/directorios-latinoamerica\/wp-json\/wp\/v2\/product\/36768\/revisions"}],"predecessor-version":[{"id":36819,"href":"https:\/\/edirectorios.com.mx\/directorios-latinoamerica\/wp-json\/wp\/v2\/product\/36768\/revisions\/36819"}],"wp:featuredmedia":[{"embeddable":true,"href":"https:\/\/edirectorios.com.mx\/directorios-latinoamerica\/wp-json\/wp\/v2\/media\/31002"}],"wp:attachment":[{"href":"https:\/\/edirectorios.com.mx\/directorios-latinoamerica\/wp-json\/wp\/v2\/media?parent=36768"}],"wp:term":[{"taxonomy":"product_brand","embeddable":true,"href":"https:\/\/edirectorios.com.mx\/directorios-latinoamerica\/wp-json\/wp\/v2\/product_brand?post=36768"},{"taxonomy":"product_cat","embeddable":true,"href":"https:\/\/edirectorios.com.mx\/directorios-latinoamerica\/wp-json\/wp\/v2\/product_cat?post=36768"},{"taxonomy":"product_tag","embeddable":true,"href":"https:\/\/edirectorios.com.mx\/directorios-latinoamerica\/wp-json\/wp\/v2\/product_tag?post=36768"},{"taxonomy":"product_brands","embeddable":true,"href":"https:\/\/edirectorios.com.mx\/directorios-latinoamerica\/wp-json\/wp\/v2\/product_brands?post=36768"}],"curies":[{"name":"wp","href":"https:\/\/api.w.org\/{rel}","templated":true}]}}