{"id":36748,"date":"2025-12-12T17:30:49","date_gmt":"2025-12-12T17:30:49","guid":{"rendered":"https:\/\/edirectorios.com.mx\/directorios-latinoamerica\/?post_type=product&#038;p=36748"},"modified":"2025-12-12T17:31:43","modified_gmt":"2025-12-12T17:31:43","slug":"personas-mayores-de-25-anos-interesadas-en-aprender-ingles-en-ciudad-de-mexico-guadalajara-y-monterrey","status":"publish","type":"product","link":"https:\/\/edirectorios.com.mx\/directorios-latinoamerica\/product\/personas-mayores-de-25-anos-interesadas-en-aprender-ingles-en-ciudad-de-mexico-guadalajara-y-monterrey\/","title":{"rendered":"Personas mayores de 25 a\u00f1os interesadas en aprender ingl\u00e9s en Ciudad De M\u00e9xico, Guadalajara y Monterrey."},"content":{"rendered":"","protected":false},"excerpt":{"rendered":"<p>&nbsp;<\/p>\n<div class=\"row\">\n<div class=\"col-sm\"><strong>C\u00f3digo:<\/strong> <strong class=\"text-danger\"> ABGO-L7<\/strong><\/div>\n<div class=\"col-sm\"><strong>N\u00famero de registros: <\/strong>9,600<\/div>\n<\/div>\n<div class=\"row\">\n<div class=\"col-sm \"><strong>Folio: <\/strong><span class=\"text-danger\">03PAAG1022-029<\/span><\/div>\n<\/div>\n<p><strong>Segmentaci\u00f3n:<\/strong><\/p>\n<div class=\"row\">\n<div class=\"col-sm \">Personas que cuenten con tarjeta de cr\u00e9dito interesadas en aprender ingl\u00e9s mayores de 25 a\u00f1os en Ciudad De M\u00e9xico, Guadalajara y Monterrey.<\/div>\n<\/div>\n<p><strong>Campos Contenidos:<\/strong><\/p>\n<div class=\"row\">\n<div class=\"col-sm \">Nombre \/ Domicilio \/ Ciudad \/ Estado \/ Correo \/ Tel\u00e9fono m\u00f3vil.<\/div>\n<\/div>\n<div class=\"row\">\n<div class=\"col-sm\"><strong>Garant\u00eda: <\/strong>80%-85% <strong>Precio Original: <\/strong><del>USD 5,275<\/del> <strong>Descuento Especial: <\/strong><strong class=\"text-danger\">20%<\/strong><\/div>\n<\/div>\n<div class=\"row\">\n<div class=\"col text-center\"><strong>Total a Pagar: <\/strong><strong class=\"text-danger\">USD 4,220<\/strong><\/div>\n<\/div>\n","protected":false},"featured_media":31224,"template":"","meta":{"_bst_post_transparent":"","_bst_post_title":"","_bst_post_layout":"","_bst_post_sidebar_id":"","_bst_post_content_style":"","_bst_post_vertical_padding":"","_bst_post_feature":"","_bst_post_feature_position":"","_bst_post_header":false,"_bst_post_footer":false},"product_brand":[],"product_cat":[1180],"product_tag":[1062,1182,1063,1064,1404,1066,1067,1068,1294,1186,1405,1071,1074,1075,1076,1077,1078,1079,1081,1082,1157,1083,1084,1085,1158,1086,1159,1216,1088,1089,1090,1312,1295,1092,1093,1406,1097,1098,1099,1100,1102,1104,1226,1165,1228,1116,1117,1118,1202,1203,1204,1170,1218,1314,1133,1135,1136,1137,1138,1139,1296,1140,1142,1144,1145,1407,1297,1298,1299,1300,1301,1302,1303,1146],"product_brands":[],"class_list":{"0":"post-36748","1":"product","2":"type-product","3":"status-publish","4":"has-post-thumbnail","6":"product_cat-personas-en-mexico","7":"product_tag-b2c-email-database","8":"product_tag-base-de-datos","9":"product_tag-base-de-datos-campana-de-email-marketing","10":"product_tag-base-de-datos-campanas-de-email-marketing","11":"product_tag-base-de-datos-celulares","12":"product_tag-base-de-datos-ciudad-de-mexico","13":"product_tag-base-de-datos-correo-masivo","14":"product_tag-base-de-datos-correo-masivos","15":"product_tag-base-de-datos-de-numeros-celulares","16":"product_tag-base-de-datos-de-personas-fisicas","17":"product_tag-base-de-datos-de-telefonos-moviles","18":"product_tag-base-de-datos-direct-e-mail-marketing","19":"product_tag-base-de-datos-email-marketer","20":"product_tag-base-de-datos-email-marketing","21":"product_tag-base-de-datos-email-masivos","22":"product_tag-base-de-datos-email-publicidad","23":"product_tag-base-de-datos-email-publicitario","24":"product_tag-base-de-datos-emailing","25":"product_tag-base-de-datos-enviar-email-masivo","26":"product_tag-base-de-datos-envio-de-email-masivo","27":"product_tag-base-de-datos-envio-masivo","28":"product_tag-base-de-datos-envio-masivo-correo","29":"product_tag-base-de-datos-envio-masivo-correos","30":"product_tag-base-de-datos-envio-masivo-de-emails","31":"product_tag-base-de-datos-envio-masivos","32":"product_tag-base-de-datos-envios-de-correo-masivos","33":"product_tag-base-de-datos-envios-masivos","34":"product_tag-base-de-datos-guadalajara","35":"product_tag-base-de-datos-marketing","36":"product_tag-base-de-datos-marketing-por-e-mail","37":"product_tag-base-de-datos-marketing-por-email","38":"product_tag-base-de-datos-monterrey","39":"product_tag-base-de-datos-numeros-de-telefonos-celulares","40":"product_tag-base-de-datos-para-marketing","41":"product_tag-base-de-datos-publicidad-por-email","42":"product_tag-base-de-datos-telefonos-moviles","43":"product_tag-bases-de-datos-correos","44":"product_tag-bases-de-datos-correos-electronicos","45":"product_tag-bases-de-datos-de-emails","46":"product_tag-bases-de-datos-de-marketing","47":"product_tag-bases-de-datos-email","48":"product_tag-bases-de-datos-emailing","49":"product_tag-bases-de-datos-emails","50":"product_tag-bases-de-datos-mailing","51":"product_tag-bases-de-datos-para-ventas","52":"product_tag-buy-email-database","53":"product_tag-buy-email-list","54":"product_tag-buy-email-list-database","55":"product_tag-correo-de-personas","56":"product_tag-correos-electronicos-de-personas","57":"product_tag-correos-electronicos-personas","58":"product_tag-database","59":"product_tag-directorios-guadalajara","60":"product_tag-directorios-monterrey","61":"product_tag-email-address-list","62":"product_tag-email-lists","63":"product_tag-email-marketing-list","64":"product_tag-list-of-email-addresses","65":"product_tag-lista-de-correos","66":"product_tag-lista-de-correos-electronicos","67":"product_tag-lista-de-numeros-de-telefonos-celulares","68":"product_tag-mail-marketing","69":"product_tag-mailing-list","70":"product_tag-marketing-correo-electronico","71":"product_tag-marketing-lists","72":"product_tag-mobile","73":"product_tag-mobile-database","74":"product_tag-mobile-directory","75":"product_tag-mobile-list","76":"product_tag-mobile-number-database","77":"product_tag-mobile-number-list","78":"product_tag-mobile-phone-number","79":"product_tag-numeros-de-telefonos-celulares","80":"product_tag-publicidad-por-base-de-datos-correo-electronico","82":"first","83":"instock","84":"sale","85":"virtual","86":"purchasable","87":"product-type-simple","88":"entry","89":"content-bg","90":"loop-entry"},"aioseo_notices":[],"_links":{"self":[{"href":"https:\/\/edirectorios.com.mx\/directorios-latinoamerica\/wp-json\/wp\/v2\/product\/36748","targetHints":{"allow":["GET"]}}],"collection":[{"href":"https:\/\/edirectorios.com.mx\/directorios-latinoamerica\/wp-json\/wp\/v2\/product"}],"about":[{"href":"https:\/\/edirectorios.com.mx\/directorios-latinoamerica\/wp-json\/wp\/v2\/types\/product"}],"version-history":[{"count":1,"href":"https:\/\/edirectorios.com.mx\/directorios-latinoamerica\/wp-json\/wp\/v2\/product\/36748\/revisions"}],"predecessor-version":[{"id":36799,"href":"https:\/\/edirectorios.com.mx\/directorios-latinoamerica\/wp-json\/wp\/v2\/product\/36748\/revisions\/36799"}],"wp:featuredmedia":[{"embeddable":true,"href":"https:\/\/edirectorios.com.mx\/directorios-latinoamerica\/wp-json\/wp\/v2\/media\/31224"}],"wp:attachment":[{"href":"https:\/\/edirectorios.com.mx\/directorios-latinoamerica\/wp-json\/wp\/v2\/media?parent=36748"}],"wp:term":[{"taxonomy":"product_brand","embeddable":true,"href":"https:\/\/edirectorios.com.mx\/directorios-latinoamerica\/wp-json\/wp\/v2\/product_brand?post=36748"},{"taxonomy":"product_cat","embeddable":true,"href":"https:\/\/edirectorios.com.mx\/directorios-latinoamerica\/wp-json\/wp\/v2\/product_cat?post=36748"},{"taxonomy":"product_tag","embeddable":true,"href":"https:\/\/edirectorios.com.mx\/directorios-latinoamerica\/wp-json\/wp\/v2\/product_tag?post=36748"},{"taxonomy":"product_brands","embeddable":true,"href":"https:\/\/edirectorios.com.mx\/directorios-latinoamerica\/wp-json\/wp\/v2\/product_brands?post=36748"}],"curies":[{"name":"wp","href":"https:\/\/api.w.org\/{rel}","templated":true}]}}