{"id":36746,"date":"2025-12-12T17:30:48","date_gmt":"2025-12-12T17:30:48","guid":{"rendered":"https:\/\/edirectorios.com.mx\/directorios-latinoamerica\/?post_type=product&#038;p=36746"},"modified":"2025-12-12T17:31:39","modified_gmt":"2025-12-12T17:31:39","slug":"correos-de-empresas-de-latinoamerica-tomadores-de-decisiones","status":"publish","type":"product","link":"https:\/\/edirectorios.com.mx\/directorios-latinoamerica\/product\/correos-de-empresas-de-latinoamerica-tomadores-de-decisiones\/","title":{"rendered":"Correos de empresas de Latinoam\u00e9rica \u2013 Tomadores de Decisiones"},"content":{"rendered":"","protected":false},"excerpt":{"rendered":"<p>&nbsp;<\/p>\n<div class=\"row\">\n<div class=\"col-sm\"><strong>C\u00f3digo:<\/strong> <strong class=\"text-danger\">ROCH-P2<\/strong><\/div>\n<div class=\"col-sm\"><strong>N\u00famero de registros: <\/strong>36,100<\/div>\n<\/div>\n<div class=\"row\">\n<div class=\"col-sm \"><strong>Folio: <\/strong><span class=\"text-danger\">03RCEU0622-030<\/span><\/div>\n<\/div>\n<p><strong>Segmentaci\u00f3n:<\/strong><\/p>\n<div class=\"row\">\n<div class=\"col-sm \">Tomadores de decisiones en empresas que se encuentran en la lista adjunta y ubicadas en las \u00e1reas siguientes :<br \/>\nPa\u00eds: Brazil | C\u00f3digo: BR |Ciudad: Rio de Janeiro | Registros: 4 500<br \/>\nPa\u00eds: Chile | C\u00f3digo: CL | Ciudad: Santiago de Chile | Registros: 4 000<br \/>\nPa\u00eds: Colombia | C\u00f3digo: CO | Ciudad: Bogot\u00e1 | Registros: 5 000<br \/>\nPa\u00eds: Costa Rica | C\u00f3digo: CR | Ciudad: San Jos\u00e9 | Registros: 3 000<br \/>\nPais: M\u00e9xico | C\u00f3digo: MX | Ciudad: CDMX | Registros: 9 600<br \/>\nPa\u00eds: Panam\u00e1 | C\u00f3digo: PA | Ciudad: Panam\u00e1 City | Registros: 5 000<br \/>\nPa\u00eds: Per\u00fa | C\u00f3digo: PE | Ciudad: Lima | Registros: 5 000<\/div>\n<\/div>\n<p><strong>Campos Contenidos:<\/strong><\/p>\n<div class=\"row\">\n<div class=\"col-sm \">Email.<\/div>\n<\/div>\n<div class=\"row\">\n<div class=\"col-sm\"><strong>Garant\u00eda: <\/strong>80%-85% <strong>Precio Original: <\/strong><del>USD 21,676<\/del> <strong>Descuento Especial: <\/strong><strong class=\"text-danger\">20%<\/strong><\/div>\n<\/div>\n<div class=\"row\">\n<div class=\"col text-center\"><strong>Total a Pagar: <\/strong><strong class=\"text-danger\">USD 17,340<\/strong><\/div>\n<\/div>\n","protected":false},"featured_media":31010,"template":"","meta":{"_bst_post_transparent":"","_bst_post_title":"","_bst_post_layout":"","_bst_post_sidebar_id":"","_bst_post_content_style":"","_bst_post_vertical_padding":"","_bst_post_feature":"","_bst_post_feature_position":"","_bst_post_header":false,"_bst_post_footer":false},"product_brand":[],"product_cat":[1234,1233],"product_tag":[1062,1182,1236,1478,1451,1063,1064,1238,1239,1067,1068,1377,1385,1071,1074,1075,1076,1077,1078,1079,1154,1241,1386,1081,1082,1157,1083,1084,1085,1158,1086,1159,1244,1088,1089,1090,1388,1393,1092,1245,1093,1097,1098,1099,1100,1102,1104,1226,1165,1228,1546,1481,1109,1110,1111,1112,1113,1114,1115,1116,1117,1118,1247,1248,1346,1378,1170,1389,1309,1390,1249,1310,1133,1135,1136,1171,1251,1252,1137,1138,1139,1140,1142,1144,1145,1412,1394,1395,1253,1146],"product_brands":[],"class_list":{"0":"post-36746","1":"product","2":"type-product","3":"status-publish","4":"has-post-thumbnail","6":"product_cat-empresas","7":"product_cat-latinoamerica","8":"product_tag-b2c-email-database","9":"product_tag-base-de-datos","10":"product_tag-base-de-datos-america-latina","11":"product_tag-base-de-datos-bogota","12":"product_tag-base-de-datos-brasil","13":"product_tag-base-de-datos-campana-de-email-marketing","14":"product_tag-base-de-datos-campanas-de-email-marketing","15":"product_tag-base-de-datos-chile","16":"product_tag-base-de-datos-colombia","17":"product_tag-base-de-datos-correo-masivo","18":"product_tag-base-de-datos-correo-masivos","19":"product_tag-base-de-datos-costa-rica","20":"product_tag-base-de-datos-de-mexico","21":"product_tag-base-de-datos-direct-e-mail-marketing","22":"product_tag-base-de-datos-email-marketer","23":"product_tag-base-de-datos-email-marketing","24":"product_tag-base-de-datos-email-masivos","25":"product_tag-base-de-datos-email-publicidad","26":"product_tag-base-de-datos-email-publicitario","27":"product_tag-base-de-datos-emailing","28":"product_tag-base-de-datos-emails-mexico","29":"product_tag-base-de-datos-empresas-en-latinoamerica","30":"product_tag-base-de-datos-empresas-en-mexico","31":"product_tag-base-de-datos-enviar-email-masivo","32":"product_tag-base-de-datos-envio-de-email-masivo","33":"product_tag-base-de-datos-envio-masivo","34":"product_tag-base-de-datos-envio-masivo-correo","35":"product_tag-base-de-datos-envio-masivo-correos","36":"product_tag-base-de-datos-envio-masivo-de-emails","37":"product_tag-base-de-datos-envio-masivos","38":"product_tag-base-de-datos-envios-de-correo-masivos","39":"product_tag-base-de-datos-envios-masivos","40":"product_tag-base-de-datos-latam","41":"product_tag-base-de-datos-marketing","42":"product_tag-base-de-datos-marketing-por-e-mail","43":"product_tag-base-de-datos-marketing-por-email","44":"product_tag-base-de-datos-mexico","45":"product_tag-base-de-datos-panama","46":"product_tag-base-de-datos-para-marketing","47":"product_tag-base-de-datos-peru","48":"product_tag-base-de-datos-publicidad-por-email","49":"product_tag-bases-de-datos-correos","50":"product_tag-bases-de-datos-correos-electronicos","51":"product_tag-bases-de-datos-de-emails","52":"product_tag-bases-de-datos-de-marketing","53":"product_tag-bases-de-datos-email","54":"product_tag-bases-de-datos-emailing","55":"product_tag-bases-de-datos-emails","56":"product_tag-bases-de-datos-mailing","57":"product_tag-bases-de-datos-para-ventas","58":"product_tag-bases-de-datos-rio-de-janeiro","59":"product_tag-brasil-database","60":"product_tag-business-contact-lists","61":"product_tag-business-directory","62":"product_tag-business-email-database","63":"product_tag-business-email-list","64":"product_tag-business-email-lists","65":"product_tag-business-mailing-database","66":"product_tag-business-mailing-lists","67":"product_tag-buy-email-database","68":"product_tag-buy-email-list","69":"product_tag-buy-email-list-database","70":"product_tag-chile-database","71":"product_tag-colombia-database","72":"product_tag-comprar-bases-de-datos-mexico","73":"product_tag-costa-rica-database","74":"product_tag-database","75":"product_tag-database-mexico","76":"product_tag-directorio-empresarial-mexico","77":"product_tag-directorio-mexico","78":"product_tag-directorios-empresarial-latinoamerica","79":"product_tag-directorios-en-mexico","80":"product_tag-email-address-list","81":"product_tag-email-lists","82":"product_tag-email-marketing-list","83":"product_tag-email-marketing-mexico","84":"product_tag-latam-database","85":"product_tag-latinoamerica-database","86":"product_tag-list-of-email-addresses","87":"product_tag-lista-de-correos","88":"product_tag-lista-de-correos-electronicos","89":"product_tag-mail-marketing","90":"product_tag-mailing-list","91":"product_tag-marketing-correo-electronico","92":"product_tag-marketing-lists","93":"product_tag-marketing-mexico","94":"product_tag-mexico-business-directory","95":"product_tag-panama-database","96":"product_tag-peru-database","97":"product_tag-publicidad-por-base-de-datos-correo-electronico","99":"first","100":"instock","101":"sale","102":"virtual","103":"purchasable","104":"product-type-simple","105":"entry","106":"content-bg","107":"loop-entry"},"aioseo_notices":[],"_links":{"self":[{"href":"https:\/\/edirectorios.com.mx\/directorios-latinoamerica\/wp-json\/wp\/v2\/product\/36746","targetHints":{"allow":["GET"]}}],"collection":[{"href":"https:\/\/edirectorios.com.mx\/directorios-latinoamerica\/wp-json\/wp\/v2\/product"}],"about":[{"href":"https:\/\/edirectorios.com.mx\/directorios-latinoamerica\/wp-json\/wp\/v2\/types\/product"}],"version-history":[{"count":1,"href":"https:\/\/edirectorios.com.mx\/directorios-latinoamerica\/wp-json\/wp\/v2\/product\/36746\/revisions"}],"predecessor-version":[{"id":36797,"href":"https:\/\/edirectorios.com.mx\/directorios-latinoamerica\/wp-json\/wp\/v2\/product\/36746\/revisions\/36797"}],"wp:featuredmedia":[{"embeddable":true,"href":"https:\/\/edirectorios.com.mx\/directorios-latinoamerica\/wp-json\/wp\/v2\/media\/31010"}],"wp:attachment":[{"href":"https:\/\/edirectorios.com.mx\/directorios-latinoamerica\/wp-json\/wp\/v2\/media?parent=36746"}],"wp:term":[{"taxonomy":"product_brand","embeddable":true,"href":"https:\/\/edirectorios.com.mx\/directorios-latinoamerica\/wp-json\/wp\/v2\/product_brand?post=36746"},{"taxonomy":"product_cat","embeddable":true,"href":"https:\/\/edirectorios.com.mx\/directorios-latinoamerica\/wp-json\/wp\/v2\/product_cat?post=36746"},{"taxonomy":"product_tag","embeddable":true,"href":"https:\/\/edirectorios.com.mx\/directorios-latinoamerica\/wp-json\/wp\/v2\/product_tag?post=36746"},{"taxonomy":"product_brands","embeddable":true,"href":"https:\/\/edirectorios.com.mx\/directorios-latinoamerica\/wp-json\/wp\/v2\/product_brands?post=36746"}],"curies":[{"name":"wp","href":"https:\/\/api.w.org\/{rel}","templated":true}]}}