{"id":36707,"date":"2025-12-12T17:29:58","date_gmt":"2025-12-12T17:29:58","guid":{"rendered":"https:\/\/edirectorios.com.mx\/directorios-latinoamerica\/?post_type=product&#038;p=36707"},"modified":"2025-12-12T17:30:57","modified_gmt":"2025-12-12T17:30:57","slug":"base-de-datos-de-medicos-en-ciudad-de-mexico-y-estado-de-mexico","status":"publish","type":"product","link":"https:\/\/edirectorios.com.mx\/directorios-latinoamerica\/product\/base-de-datos-de-medicos-en-ciudad-de-mexico-y-estado-de-mexico\/","title":{"rendered":"Base de Datos de M\u00e9dicos en Ciudad de M\u00e9xico y Estado de M\u00e9xico"},"content":{"rendered":"","protected":false},"excerpt":{"rendered":"<p>&nbsp;<\/p>\n<div class=\"row\">\n<div class=\"col-sm\"><strong>C\u00f3digo:<\/strong> <strong class=\"text-danger\">KAOB-E9-1<\/strong><\/div>\n<div class=\"col-sm\"><strong>N\u00famero de registros: <\/strong>600<\/div>\n<\/div>\n<div class=\"row\">\n<div class=\"col-sm \"><strong>Folio: <\/strong><span class=\"text-danger\">SME1234ME<\/span><\/div>\n<\/div>\n<p><strong>Segmentaci\u00f3n:<\/strong><\/p>\n<div class=\"row\">\n<div class=\"col-sm \">M\u00e9dicos en Ciudad de M\u00e9xico y Estado de M\u00e9xico.<\/div>\n<\/div>\n<p><strong>Campos Contenidos:<\/strong><\/p>\n<div class=\"row\">\n<div class=\"col-sm \">Celular (Que tengan WhatsApp).<\/div>\n<\/div>\n<div class=\"row\">\n<div class=\"col-sm\"><strong>Garant\u00eda: <\/strong>80%-85% <strong>Precio Original: <\/strong><del>USD 203.17<\/del> <strong>Descuento Especial: <\/strong><strong class=\"text-danger\">20%<\/strong><\/div>\n<\/div>\n<div class=\"row\">\n<div class=\"col text-center\"><strong>Total a Pagar: <\/strong><strong class=\"text-danger\">USD 162.53<\/strong><\/div>\n<\/div>\n","protected":false},"featured_media":31161,"template":"","meta":{"_bst_post_transparent":"","_bst_post_title":"","_bst_post_layout":"","_bst_post_sidebar_id":"","_bst_post_content_style":"","_bst_post_vertical_padding":"","_bst_post_feature":"","_bst_post_feature_position":"","_bst_post_header":false,"_bst_post_footer":false},"product_brand":[],"product_cat":[1360],"product_tag":[1182,1404,1066,1294,1512,1186,1405,1087,1361,1295,1406,1513,1100,1190,1191,1192,1193,1170,1514,1296,1515,1407,1297,1298,1299,1300,1301,1302,1303],"product_brands":[],"class_list":{"0":"post-36707","1":"product","2":"type-product","3":"status-publish","4":"has-post-thumbnail","6":"product_cat-medicos","7":"product_tag-base-de-datos","8":"product_tag-base-de-datos-celulares","9":"product_tag-base-de-datos-ciudad-de-mexico","10":"product_tag-base-de-datos-de-numeros-celulares","11":"product_tag-base-de-datos-de-numeros-de-whatsapp","12":"product_tag-base-de-datos-de-personas-fisicas","13":"product_tag-base-de-datos-de-telefonos-moviles","14":"product_tag-base-de-datos-estado-de-mexico","15":"product_tag-base-de-datos-medicos","16":"product_tag-base-de-datos-numeros-de-telefonos-celulares","17":"product_tag-base-de-datos-telefonos-moviles","18":"product_tag-base-de-datos-whatsapp","19":"product_tag-bases-de-datos-de-marketing","20":"product_tag-big-consumer-database","21":"product_tag-consumer-contact-lists","22":"product_tag-consumer-database","23":"product_tag-consumer-directory","24":"product_tag-database","25":"product_tag-lista-de-numero-de-whatsapp","26":"product_tag-lista-de-numeros-de-telefonos-celulares","27":"product_tag-listas-de-numeros-de-whatsapp","28":"product_tag-mobile","29":"product_tag-mobile-database","30":"product_tag-mobile-directory","31":"product_tag-mobile-list","32":"product_tag-mobile-number-database","33":"product_tag-mobile-number-list","34":"product_tag-mobile-phone-number","35":"product_tag-numeros-de-telefonos-celulares","37":"first","38":"instock","39":"sale","40":"virtual","41":"purchasable","42":"product-type-simple","43":"entry","44":"content-bg","45":"loop-entry"},"aioseo_notices":[],"_links":{"self":[{"href":"https:\/\/edirectorios.com.mx\/directorios-latinoamerica\/wp-json\/wp\/v2\/product\/36707","targetHints":{"allow":["GET"]}}],"collection":[{"href":"https:\/\/edirectorios.com.mx\/directorios-latinoamerica\/wp-json\/wp\/v2\/product"}],"about":[{"href":"https:\/\/edirectorios.com.mx\/directorios-latinoamerica\/wp-json\/wp\/v2\/types\/product"}],"version-history":[{"count":1,"href":"https:\/\/edirectorios.com.mx\/directorios-latinoamerica\/wp-json\/wp\/v2\/product\/36707\/revisions"}],"predecessor-version":[{"id":36758,"href":"https:\/\/edirectorios.com.mx\/directorios-latinoamerica\/wp-json\/wp\/v2\/product\/36707\/revisions\/36758"}],"wp:featuredmedia":[{"embeddable":true,"href":"https:\/\/edirectorios.com.mx\/directorios-latinoamerica\/wp-json\/wp\/v2\/media\/31161"}],"wp:attachment":[{"href":"https:\/\/edirectorios.com.mx\/directorios-latinoamerica\/wp-json\/wp\/v2\/media?parent=36707"}],"wp:term":[{"taxonomy":"product_brand","embeddable":true,"href":"https:\/\/edirectorios.com.mx\/directorios-latinoamerica\/wp-json\/wp\/v2\/product_brand?post=36707"},{"taxonomy":"product_cat","embeddable":true,"href":"https:\/\/edirectorios.com.mx\/directorios-latinoamerica\/wp-json\/wp\/v2\/product_cat?post=36707"},{"taxonomy":"product_tag","embeddable":true,"href":"https:\/\/edirectorios.com.mx\/directorios-latinoamerica\/wp-json\/wp\/v2\/product_tag?post=36707"},{"taxonomy":"product_brands","embeddable":true,"href":"https:\/\/edirectorios.com.mx\/directorios-latinoamerica\/wp-json\/wp\/v2\/product_brands?post=36707"}],"curies":[{"name":"wp","href":"https:\/\/api.w.org\/{rel}","templated":true}]}}