{"id":36694,"date":"2025-12-12T17:29:36","date_gmt":"2025-12-12T17:29:36","guid":{"rendered":"https:\/\/edirectorios.com.mx\/directorios-latinoamerica\/?post_type=product&#038;p=36694"},"modified":"2025-12-12T17:30:44","modified_gmt":"2025-12-12T17:30:44","slug":"pymes-de-distintos-giros-en-los-municipios-del-estado-de-morelos-mexico","status":"publish","type":"product","link":"https:\/\/edirectorios.com.mx\/directorios-latinoamerica\/product\/pymes-de-distintos-giros-en-los-municipios-del-estado-de-morelos-mexico\/","title":{"rendered":"Pymes de distintos Giros en los municipios del Estado de Morelos, M\u00e9xico"},"content":{"rendered":"","protected":false},"excerpt":{"rendered":"<p>&nbsp;<\/p>\n<div class=\"row\">\n<div class=\"col-sm\"><strong>C\u00f3digo:<\/strong> <strong class=\"text-danger\">OSPL-M8<\/strong><\/div>\n<div class=\"col-sm\"><strong>N\u00famero de registros: <\/strong>250<\/div>\n<\/div>\n<div class=\"row\">\n<div class=\"col-sm \"><strong>Folio: <\/strong><span class=\"text-danger\">RC0722B068<\/span><\/div>\n<\/div>\n<p><strong>Segmentaci\u00f3n:<\/strong><\/p>\n<div class=\"row\">\n<div class=\"col-sm \">Pymes en los giros de: construcciones, corporativos, log\u00edstica y transportaci\u00f3n, seguridad privada, agencias de viajes, agencia de autofinanzamiento, tv de paga, bienes ra\u00edces, agentes, ajustadores y gestores de seguros y fianzas, agencias de publicidad, bufetes jur\u00eddicos, call center, automotriz, paqueter\u00edas &amp; mensajer\u00eda, traslados privados: uber, didi y indriver, central de abastos, eventos planners, banquetes y fiestas, clubes y centros deportivos y maquiladoras textiles en los municipios de Cuernavaca, Jiutepec, Cuautla, Yautepec, Jojutla, Zacatepec, Emiliano Zapata, Temixco y Xochitepec del estado de Morelos.<\/div>\n<\/div>\n<p><strong>Campos Contenidos:<\/strong><\/p>\n<div class=\"row\">\n<div class=\"col-sm \">Empresa \/ Giro \/ Direcci\u00f3n \/ Ciudad \/ Estado \/ Contacto \/ Puesto: Director General o gerente o representante legal \/ Tel\u00e9fono \/ Email \/ P\u00e1gina web*opcional.<\/div>\n<\/div>\n<div class=\"row\">\n<div class=\"col-sm\"><strong>Garant\u00eda: <\/strong>80%-85% <strong>Precio Original: <\/strong><del>USD 125.71<\/del> <strong>Descuento Especial: <\/strong><strong class=\"text-danger\">20%<\/strong><\/div>\n<\/div>\n<div class=\"row\">\n<div class=\"col text-center\"><strong>Total a Pagar: <\/strong><strong class=\"text-danger\">USD 100.57<\/strong><\/div>\n<\/div>\n","protected":false},"featured_media":31056,"template":"","meta":{"_bst_post_transparent":"","_bst_post_title":"","_bst_post_layout":"","_bst_post_sidebar_id":"","_bst_post_content_style":"","_bst_post_vertical_padding":"","_bst_post_feature":"","_bst_post_feature_position":"","_bst_post_header":false,"_bst_post_footer":false},"product_brand":[],"product_cat":[1292],"product_tag":[1062,1363,1063,1064,1067,1068,1151,1255,1069,1258,1293,1071,1072,1073,1074,1075,1076,1077,1078,1079,1080,1081,1082,1157,1083,1084,1085,1158,1086,1159,1160,1339,1088,1089,1090,1092,1093,1304,1097,1098,1099,1100,1101,1102,1103,1104,1105,1106,1107,1229,1109,1111,1112,1113,1114,1115,1116,1117,1118,1166,1119,1167,1120,1121,1122,1123,1124,1170,1126,1127,1128,1129,1130,1131,1132,1133,1134,1135,1136,1137,1138,1139,1140,1141,1142,1143,1144,1145,1542,1206,1172,1173,1174,1175,1146,1148,1149],"product_brands":[],"class_list":{"0":"post-36694","1":"product","2":"type-product","3":"status-publish","4":"has-post-thumbnail","6":"product_cat-pymes","7":"product_tag-b2c-email-database","8":"product_tag-base-de-datos-automotriz","9":"product_tag-base-de-datos-campana-de-email-marketing","10":"product_tag-base-de-datos-campanas-de-email-marketing","11":"product_tag-base-de-datos-correo-masivo","12":"product_tag-base-de-datos-correo-masivos","13":"product_tag-base-de-datos-de-construccion","14":"product_tag-base-de-datos-de-corporativos","15":"product_tag-base-de-datos-de-director-general","16":"product_tag-base-de-datos-de-morelos","17":"product_tag-base-de-datos-de-pymes","18":"product_tag-base-de-datos-direct-e-mail-marketing","19":"product_tag-base-de-datos-director","20":"product_tag-base-de-datos-e-mail-marketing","21":"product_tag-base-de-datos-email-marketer","22":"product_tag-base-de-datos-email-marketing","23":"product_tag-base-de-datos-email-masivos","24":"product_tag-base-de-datos-email-publicidad","25":"product_tag-base-de-datos-email-publicitario","26":"product_tag-base-de-datos-emailing","27":"product_tag-base-de-datos-empresas-de-email-marketing","28":"product_tag-base-de-datos-enviar-email-masivo","29":"product_tag-base-de-datos-envio-de-email-masivo","30":"product_tag-base-de-datos-envio-masivo","31":"product_tag-base-de-datos-envio-masivo-correo","32":"product_tag-base-de-datos-envio-masivo-correos","33":"product_tag-base-de-datos-envio-masivo-de-emails","34":"product_tag-base-de-datos-envio-masivos","35":"product_tag-base-de-datos-envios-de-correo-masivos","36":"product_tag-base-de-datos-envios-masivos","37":"product_tag-base-de-datos-gerente","38":"product_tag-base-de-datos-logistica","39":"product_tag-base-de-datos-marketing","40":"product_tag-base-de-datos-marketing-por-e-mail","41":"product_tag-base-de-datos-marketing-por-email","42":"product_tag-base-de-datos-para-marketing","43":"product_tag-base-de-datos-publicidad-por-email","44":"product_tag-base-de-datos-transporte","45":"product_tag-bases-de-datos-correos","46":"product_tag-bases-de-datos-correos-electronicos","47":"product_tag-bases-de-datos-de-emails","48":"product_tag-bases-de-datos-de-marketing","49":"product_tag-bases-de-datos-de-telefonos","50":"product_tag-bases-de-datos-email","51":"product_tag-bases-de-datos-email-empresas","52":"product_tag-bases-de-datos-emailing","53":"product_tag-bases-de-datos-numeros-de-telefonos","54":"product_tag-bases-de-datos-telefono","55":"product_tag-bases-de-datos-telefonos-fijos","56":"product_tag-big-corporates-database","57":"product_tag-business-contact-lists","58":"product_tag-business-email-database","59":"product_tag-business-email-list","60":"product_tag-business-email-lists","61":"product_tag-business-mailing-database","62":"product_tag-business-mailing-lists","63":"product_tag-buy-email-database","64":"product_tag-buy-email-list","65":"product_tag-buy-email-list-database","66":"product_tag-companies-email-address-list","67":"product_tag-company-database","68":"product_tag-company-email-address-list","69":"product_tag-correo-de-empresas","70":"product_tag-correos-de-empresas","71":"product_tag-correos-electronicos-de-empresas","72":"product_tag-correos-electronicos-empresas","73":"product_tag-correos-empresariales","74":"product_tag-database","75":"product_tag-directorio-emailing","76":"product_tag-directorio-empresarial","77":"product_tag-directorio-empresariales","78":"product_tag-directorio-empresas","79":"product_tag-directorios-de-empresas","80":"product_tag-directorios-empresas","81":"product_tag-e-mail-database","82":"product_tag-email-address-list","83":"product_tag-email-database","84":"product_tag-email-lists","85":"product_tag-email-marketing-list","86":"product_tag-list-of-email-addresses","87":"product_tag-lista-de-correos","88":"product_tag-lista-de-correos-electronicos","89":"product_tag-mail-marketing","90":"product_tag-mailing-database","91":"product_tag-mailing-list","92":"product_tag-marketing","93":"product_tag-marketing-correo-electronico","94":"product_tag-marketing-lists","95":"product_tag-morelos","96":"product_tag-phone","97":"product_tag-phone-database","98":"product_tag-phone-lists","99":"product_tag-phone-number","100":"product_tag-phone-number-list","101":"product_tag-publicidad-por-base-de-datos-correo-electronico","102":"product_tag-tele-marketing-list","103":"product_tag-telefono","105":"first","106":"instock","107":"sale","108":"virtual","109":"purchasable","110":"product-type-simple","111":"entry","112":"content-bg","113":"loop-entry"},"aioseo_notices":[],"_links":{"self":[{"href":"https:\/\/edirectorios.com.mx\/directorios-latinoamerica\/wp-json\/wp\/v2\/product\/36694","targetHints":{"allow":["GET"]}}],"collection":[{"href":"https:\/\/edirectorios.com.mx\/directorios-latinoamerica\/wp-json\/wp\/v2\/product"}],"about":[{"href":"https:\/\/edirectorios.com.mx\/directorios-latinoamerica\/wp-json\/wp\/v2\/types\/product"}],"version-history":[{"count":1,"href":"https:\/\/edirectorios.com.mx\/directorios-latinoamerica\/wp-json\/wp\/v2\/product\/36694\/revisions"}],"predecessor-version":[{"id":36744,"href":"https:\/\/edirectorios.com.mx\/directorios-latinoamerica\/wp-json\/wp\/v2\/product\/36694\/revisions\/36744"}],"wp:featuredmedia":[{"embeddable":true,"href":"https:\/\/edirectorios.com.mx\/directorios-latinoamerica\/wp-json\/wp\/v2\/media\/31056"}],"wp:attachment":[{"href":"https:\/\/edirectorios.com.mx\/directorios-latinoamerica\/wp-json\/wp\/v2\/media?parent=36694"}],"wp:term":[{"taxonomy":"product_brand","embeddable":true,"href":"https:\/\/edirectorios.com.mx\/directorios-latinoamerica\/wp-json\/wp\/v2\/product_brand?post=36694"},{"taxonomy":"product_cat","embeddable":true,"href":"https:\/\/edirectorios.com.mx\/directorios-latinoamerica\/wp-json\/wp\/v2\/product_cat?post=36694"},{"taxonomy":"product_tag","embeddable":true,"href":"https:\/\/edirectorios.com.mx\/directorios-latinoamerica\/wp-json\/wp\/v2\/product_tag?post=36694"},{"taxonomy":"product_brands","embeddable":true,"href":"https:\/\/edirectorios.com.mx\/directorios-latinoamerica\/wp-json\/wp\/v2\/product_brands?post=36694"}],"curies":[{"name":"wp","href":"https:\/\/api.w.org\/{rel}","templated":true}]}}