{"id":36691,"date":"2025-12-12T17:29:35","date_gmt":"2025-12-12T17:29:35","guid":{"rendered":"https:\/\/edirectorios.com.mx\/directorios-latinoamerica\/?post_type=product&#038;p=36691"},"modified":"2025-12-12T17:30:37","modified_gmt":"2025-12-12T17:30:37","slug":"empresas-del-lado-inferior-del-estado-de-queretaro","status":"publish","type":"product","link":"https:\/\/edirectorios.com.mx\/directorios-latinoamerica\/product\/empresas-del-lado-inferior-del-estado-de-queretaro\/","title":{"rendered":"Empresas del lado Inferior del Estado de Quer\u00e9taro"},"content":{"rendered":"","protected":false},"excerpt":{"rendered":"<p>&nbsp;<\/p>\n<div class=\"row\">\n<div class=\"col-sm\"><strong>C\u00f3digo:<\/strong> <strong class=\"text-danger\">ADLO-N9-1<\/strong><\/div>\n<div class=\"col-sm\"><strong>N\u00famero de registros: <\/strong>250<\/div>\n<\/div>\n<div class=\"row\">\n<div class=\"col-sm \"><strong>Folio: <\/strong><span class=\"text-danger\">CA0419B066<\/span><\/div>\n<\/div>\n<p><strong>Segmentaci\u00f3n:<\/strong><\/p>\n<div class=\"row\">\n<div class=\"col-sm \">Empresas de diferentes giros en la parte inferior en el Estado de Quer\u00e9taro.<\/div>\n<\/div>\n<p><strong>Campos Contenidos:<\/strong><\/p>\n<div class=\"row\">\n<div class=\"col-sm \">Empresa \/ Rango de empleados \/ Giro \/ Direcci\u00f3n \/ Ciudad \/ Estado \/ Contacto \/ Puesto: direcci\u00f3n o administraci\u00f3n o due\u00f1o \/ Tel\u00e9fono \/ Email \/ P\u00e1gina web*opcional.<\/div>\n<\/div>\n<div class=\"row\">\n<div class=\"col-sm\"><strong>Garant\u00eda: <\/strong>80%-85% <strong>Precio Original: <\/strong><del>USD 123.30<\/del> <strong>Descuento Especial: <\/strong><strong class=\"text-danger\">20%<\/strong><\/div>\n<\/div>\n<div class=\"row\">\n<div class=\"col text-center\"><strong>Total a Pagar: <\/strong><strong class=\"text-danger\">USD 98.64<\/strong><\/div>\n<\/div>\n","protected":false},"featured_media":31737,"template":"","meta":{"_bst_post_transparent":"","_bst_post_title":"","_bst_post_layout":"","_bst_post_sidebar_id":"","_bst_post_content_style":"","_bst_post_vertical_padding":"","_bst_post_feature":"","_bst_post_feature_position":"","_bst_post_header":false,"_bst_post_footer":false},"product_brand":[],"product_cat":[1060,1434],"product_tag":[1430,1062,1063,1064,1067,1068,1071,1072,1073,1074,1075,1076,1077,1078,1079,1155,1080,1081,1156,1082,1157,1083,1084,1085,1158,1086,1159,1161,1162,1088,1089,1090,1092,1225,1093,1270,1097,1098,1099,1100,1101,1102,1103,1104,1226,1105,1228,1106,1107,1229,1109,1110,1111,1112,1113,1114,1115,1116,1117,1118,1166,1119,1167,1345,1346,1120,1121,1122,1123,1124,1170,1126,1127,1128,1129,1130,1131,1279,1132,1133,1134,1135,1136,1220,1137,1138,1139,1140,1141,1142,1143,1144,1145,1206,1172,1173,1174,1175,1146,1148,1149,1231,1232],"product_brands":[],"class_list":{"0":"post-36691","1":"product","2":"type-product","3":"status-publish","4":"has-post-thumbnail","6":"product_cat-empresas-en-mexico","7":"product_cat-queretaro","8":"product_tag-administracion","9":"product_tag-b2c-email-database","10":"product_tag-base-de-datos-campana-de-email-marketing","11":"product_tag-base-de-datos-campanas-de-email-marketing","12":"product_tag-base-de-datos-correo-masivo","13":"product_tag-base-de-datos-correo-masivos","14":"product_tag-base-de-datos-direct-e-mail-marketing","15":"product_tag-base-de-datos-director","16":"product_tag-base-de-datos-e-mail-marketing","17":"product_tag-base-de-datos-email-marketer","18":"product_tag-base-de-datos-email-marketing","19":"product_tag-base-de-datos-email-masivos","20":"product_tag-base-de-datos-email-publicidad","21":"product_tag-base-de-datos-email-publicitario","22":"product_tag-base-de-datos-emailing","23":"product_tag-base-de-datos-empresas","24":"product_tag-base-de-datos-empresas-de-email-marketing","25":"product_tag-base-de-datos-enviar-email-masivo","26":"product_tag-base-de-datos-enviar-mailing","27":"product_tag-base-de-datos-envio-de-email-masivo","28":"product_tag-base-de-datos-envio-masivo","29":"product_tag-base-de-datos-envio-masivo-correo","30":"product_tag-base-de-datos-envio-masivo-correos","31":"product_tag-base-de-datos-envio-masivo-de-emails","32":"product_tag-base-de-datos-envio-masivos","33":"product_tag-base-de-datos-envios-de-correo-masivos","34":"product_tag-base-de-datos-envios-masivos","35":"product_tag-base-de-datos-mailing","36":"product_tag-base-de-datos-mailing-masivo","37":"product_tag-base-de-datos-marketing","38":"product_tag-base-de-datos-marketing-por-e-mail","39":"product_tag-base-de-datos-marketing-por-email","40":"product_tag-base-de-datos-para-marketing","41":"product_tag-base-de-datos-para-ventas","42":"product_tag-base-de-datos-publicidad-por-email","43":"product_tag-base-de-datos-queretaro","44":"product_tag-bases-de-datos-correos","45":"product_tag-bases-de-datos-correos-electronicos","46":"product_tag-bases-de-datos-de-emails","47":"product_tag-bases-de-datos-de-marketing","48":"product_tag-bases-de-datos-de-telefonos","49":"product_tag-bases-de-datos-email","50":"product_tag-bases-de-datos-email-empresas","51":"product_tag-bases-de-datos-emailing","52":"product_tag-bases-de-datos-emails","53":"product_tag-bases-de-datos-numeros-de-telefonos","54":"product_tag-bases-de-datos-para-ventas","55":"product_tag-bases-de-datos-telefono","56":"product_tag-bases-de-datos-telefonos-fijos","57":"product_tag-big-corporates-database","58":"product_tag-business-contact-lists","59":"product_tag-business-directory","60":"product_tag-business-email-database","61":"product_tag-business-email-list","62":"product_tag-business-email-lists","63":"product_tag-business-mailing-database","64":"product_tag-business-mailing-lists","65":"product_tag-buy-email-database","66":"product_tag-buy-email-list","67":"product_tag-buy-email-list-database","68":"product_tag-companies-email-address-list","69":"product_tag-company-database","70":"product_tag-company-email-address-list","71":"product_tag-compra-base-de-datos","72":"product_tag-comprar-bases-de-datos-mexico","73":"product_tag-correo-de-empresas","74":"product_tag-correos-de-empresas","75":"product_tag-correos-electronicos-de-empresas","76":"product_tag-correos-electronicos-empresas","77":"product_tag-correos-empresariales","78":"product_tag-database","79":"product_tag-directorio-emailing","80":"product_tag-directorio-empresarial","81":"product_tag-directorio-empresariales","82":"product_tag-directorio-empresas","83":"product_tag-directorios-de-empresas","84":"product_tag-directorios-empresas","85":"product_tag-dueno","86":"product_tag-e-mail-database","87":"product_tag-email-address-list","88":"product_tag-email-database","89":"product_tag-email-lists","90":"product_tag-email-marketing-list","91":"product_tag-gerentes","92":"product_tag-list-of-email-addresses","93":"product_tag-lista-de-correos","94":"product_tag-lista-de-correos-electronicos","95":"product_tag-mail-marketing","96":"product_tag-mailing-database","97":"product_tag-mailing-list","98":"product_tag-marketing","99":"product_tag-marketing-correo-electronico","100":"product_tag-marketing-lists","101":"product_tag-phone","102":"product_tag-phone-database","103":"product_tag-phone-lists","104":"product_tag-phone-number","105":"product_tag-phone-number-list","106":"product_tag-publicidad-por-base-de-datos-correo-electronico","107":"product_tag-tele-marketing-list","108":"product_tag-telefono","109":"product_tag-venta-base-de-datos","110":"product_tag-venta-de-base-de-datos-de-empresas","112":"first","113":"instock","114":"sale","115":"virtual","116":"purchasable","117":"product-type-simple","118":"entry","119":"content-bg","120":"loop-entry"},"aioseo_notices":[],"_links":{"self":[{"href":"https:\/\/edirectorios.com.mx\/directorios-latinoamerica\/wp-json\/wp\/v2\/product\/36691","targetHints":{"allow":["GET"]}}],"collection":[{"href":"https:\/\/edirectorios.com.mx\/directorios-latinoamerica\/wp-json\/wp\/v2\/product"}],"about":[{"href":"https:\/\/edirectorios.com.mx\/directorios-latinoamerica\/wp-json\/wp\/v2\/types\/product"}],"version-history":[{"count":1,"href":"https:\/\/edirectorios.com.mx\/directorios-latinoamerica\/wp-json\/wp\/v2\/product\/36691\/revisions"}],"predecessor-version":[{"id":36741,"href":"https:\/\/edirectorios.com.mx\/directorios-latinoamerica\/wp-json\/wp\/v2\/product\/36691\/revisions\/36741"}],"wp:featuredmedia":[{"embeddable":true,"href":"https:\/\/edirectorios.com.mx\/directorios-latinoamerica\/wp-json\/wp\/v2\/media\/31737"}],"wp:attachment":[{"href":"https:\/\/edirectorios.com.mx\/directorios-latinoamerica\/wp-json\/wp\/v2\/media?parent=36691"}],"wp:term":[{"taxonomy":"product_brand","embeddable":true,"href":"https:\/\/edirectorios.com.mx\/directorios-latinoamerica\/wp-json\/wp\/v2\/product_brand?post=36691"},{"taxonomy":"product_cat","embeddable":true,"href":"https:\/\/edirectorios.com.mx\/directorios-latinoamerica\/wp-json\/wp\/v2\/product_cat?post=36691"},{"taxonomy":"product_tag","embeddable":true,"href":"https:\/\/edirectorios.com.mx\/directorios-latinoamerica\/wp-json\/wp\/v2\/product_tag?post=36691"},{"taxonomy":"product_brands","embeddable":true,"href":"https:\/\/edirectorios.com.mx\/directorios-latinoamerica\/wp-json\/wp\/v2\/product_brands?post=36691"}],"curies":[{"name":"wp","href":"https:\/\/api.w.org\/{rel}","templated":true}]}}