{"id":36686,"date":"2025-12-12T17:29:34","date_gmt":"2025-12-12T17:29:34","guid":{"rendered":"https:\/\/edirectorios.com.mx\/directorios-latinoamerica\/?post_type=product&#038;p=36686"},"modified":"2025-12-12T17:30:25","modified_gmt":"2025-12-12T17:30:25","slug":"personas-fisicas-de-25-a-55-anos-de-edad-en-distintos-estados-de-mexico","status":"publish","type":"product","link":"https:\/\/edirectorios.com.mx\/directorios-latinoamerica\/product\/personas-fisicas-de-25-a-55-anos-de-edad-en-distintos-estados-de-mexico\/","title":{"rendered":"Personas f\u00edsicas, de 25 a 55 a\u00f1os de edad, en distintos Estados de M\u00e9xico"},"content":{"rendered":"","protected":false},"excerpt":{"rendered":"<p><strong>C\u00f3digo:<\/strong> <strong class=\"text-danger\">REGO-N8<\/strong><\/p>\n<div class=\"row\">\n<div class=\"col-sm\"><strong>N\u00famero de registros: <\/strong>3000<\/div>\n<\/div>\n<div class=\"row\">\n<div class=\"col-sm \"><strong>Folio: <\/strong><span class=\"text-danger\">PU0622B021<\/span><\/div>\n<\/div>\n<p><strong>Segmentaci\u00f3n:<\/strong><\/p>\n<div class=\"row\">\n<div class=\"col-sm \">**Registro de 1000 de Personas f\u00edsicas, de 25 a 55 a\u00f1os de edad, econ\u00f3micamente activas que sean tarjetahabientes en Ciudad de M\u00e9xico.<br \/>\n**Registro de 1000 de Personas f\u00edsicas, de 25 a 55 a\u00f1os de edad, econ\u00f3micamente activas que sean tarjetahabientes en Hermosillo, Sonora.<br \/>\n**Registro de 1000 de Personas f\u00edsicas, de 25 a 55 a\u00f1os de edad, econ\u00f3micamente activas que sean tarjetahabientes en la ciudad de Puebla.<\/div>\n<\/div>\n<p><strong>Campos Contenidos:<\/strong><\/p>\n<div class=\"row\">\n<div class=\"col-sm \">Celular.<\/div>\n<\/div>\n<div class=\"row\">\n<div class=\"col-sm\"><strong>Garant\u00eda: <\/strong>80%-85% <strong>Precio Original: <\/strong><del>USD 759.27<\/del> <strong>Descuento Especial: <\/strong><strong class=\"text-danger\">20%<\/strong><\/div>\n<\/div>\n<div class=\"row\">\n<div class=\"col text-center\"><strong>Total a Pagar: <\/strong><strong class=\"text-danger\">USD 607.41<\/strong><\/div>\n<\/div>\n","protected":false},"featured_media":31224,"template":"","meta":{"_bst_post_transparent":"","_bst_post_title":"","_bst_post_layout":"","_bst_post_sidebar_id":"","_bst_post_content_style":"","_bst_post_vertical_padding":"","_bst_post_feature":"","_bst_post_feature_position":"","_bst_post_header":false,"_bst_post_footer":false},"product_brand":[],"product_cat":[1180],"product_tag":[1404,1066,1294,1186,1371,1405,1295,1271,1406,1202,1203,1204,1462,1296,1407,1297,1298,1299,1300,1301,1302,1303],"product_brands":[],"class_list":{"0":"post-36686","1":"product","2":"type-product","3":"status-publish","4":"has-post-thumbnail","6":"product_cat-personas-en-mexico","7":"product_tag-base-de-datos-celulares","8":"product_tag-base-de-datos-ciudad-de-mexico","9":"product_tag-base-de-datos-de-numeros-celulares","10":"product_tag-base-de-datos-de-personas-fisicas","11":"product_tag-base-de-datos-de-personas-puebla","12":"product_tag-base-de-datos-de-telefonos-moviles","13":"product_tag-base-de-datos-numeros-de-telefonos-celulares","14":"product_tag-base-de-datos-sonora","15":"product_tag-base-de-datos-telefonos-moviles","16":"product_tag-correo-de-personas","17":"product_tag-correos-electronicos-de-personas","18":"product_tag-correos-electronicos-personas","19":"product_tag-hermosillo","20":"product_tag-lista-de-numeros-de-telefonos-celulares","21":"product_tag-mobile","22":"product_tag-mobile-database","23":"product_tag-mobile-directory","24":"product_tag-mobile-list","25":"product_tag-mobile-number-database","26":"product_tag-mobile-number-list","27":"product_tag-mobile-phone-number","28":"product_tag-numeros-de-telefonos-celulares","30":"first","31":"instock","32":"sale","33":"virtual","34":"purchasable","35":"product-type-simple","36":"entry","37":"content-bg","38":"loop-entry"},"aioseo_notices":[],"_links":{"self":[{"href":"https:\/\/edirectorios.com.mx\/directorios-latinoamerica\/wp-json\/wp\/v2\/product\/36686","targetHints":{"allow":["GET"]}}],"collection":[{"href":"https:\/\/edirectorios.com.mx\/directorios-latinoamerica\/wp-json\/wp\/v2\/product"}],"about":[{"href":"https:\/\/edirectorios.com.mx\/directorios-latinoamerica\/wp-json\/wp\/v2\/types\/product"}],"version-history":[{"count":1,"href":"https:\/\/edirectorios.com.mx\/directorios-latinoamerica\/wp-json\/wp\/v2\/product\/36686\/revisions"}],"predecessor-version":[{"id":36735,"href":"https:\/\/edirectorios.com.mx\/directorios-latinoamerica\/wp-json\/wp\/v2\/product\/36686\/revisions\/36735"}],"wp:featuredmedia":[{"embeddable":true,"href":"https:\/\/edirectorios.com.mx\/directorios-latinoamerica\/wp-json\/wp\/v2\/media\/31224"}],"wp:attachment":[{"href":"https:\/\/edirectorios.com.mx\/directorios-latinoamerica\/wp-json\/wp\/v2\/media?parent=36686"}],"wp:term":[{"taxonomy":"product_brand","embeddable":true,"href":"https:\/\/edirectorios.com.mx\/directorios-latinoamerica\/wp-json\/wp\/v2\/product_brand?post=36686"},{"taxonomy":"product_cat","embeddable":true,"href":"https:\/\/edirectorios.com.mx\/directorios-latinoamerica\/wp-json\/wp\/v2\/product_cat?post=36686"},{"taxonomy":"product_tag","embeddable":true,"href":"https:\/\/edirectorios.com.mx\/directorios-latinoamerica\/wp-json\/wp\/v2\/product_tag?post=36686"},{"taxonomy":"product_brands","embeddable":true,"href":"https:\/\/edirectorios.com.mx\/directorios-latinoamerica\/wp-json\/wp\/v2\/product_brands?post=36686"}],"curies":[{"name":"wp","href":"https:\/\/api.w.org\/{rel}","templated":true}]}}