{"id":36670,"date":"2025-12-12T17:29:11","date_gmt":"2025-12-12T17:29:11","guid":{"rendered":"https:\/\/edirectorios.com.mx\/directorios-latinoamerica\/?post_type=product&#038;p=36670"},"modified":"2025-12-12T17:30:11","modified_gmt":"2025-12-12T17:30:11","slug":"empresarios-y-directivos-en-el-area-metropolitana-de-ciudad-de-mexico-y-area-metropolitana-de-guadalajara","status":"publish","type":"product","link":"https:\/\/edirectorios.com.mx\/directorios-latinoamerica\/product\/empresarios-y-directivos-en-el-area-metropolitana-de-ciudad-de-mexico-y-area-metropolitana-de-guadalajara\/","title":{"rendered":"Empresarios y Directivos en el \u00c1rea Metropolitana de Ciudad de M\u00e9xico y \u00c1rea Metropolitana de Guadalajara."},"content":{"rendered":"","protected":false},"excerpt":{"rendered":"<p><strong>C\u00f3digo:<\/strong> <strong class=\"text-danger\">JOIN-C7-1<\/strong><\/p>\n<p><strong>N\u00famero de registros: <\/strong>1000<\/p>\n<div class=\"row\">\n<div class=\"col-sm \">\n<p><strong>Folio: <\/strong><span class=\"text-danger\">SE0520B087<\/span><\/p>\n<\/div>\n<\/div>\n<p><strong>Segmentaci\u00f3n:<\/strong><\/p>\n<div class=\"row\">\n<div class=\"col-sm \">\n<p>Empresarios y directivos que tengan de 30 a\u00f1os a 60 a\u00f1os de edad de un NSE alto en el \u00e1rea metropolitana de la Ciudad de M\u00e9xico y \u00e1rea metropolitana de Guadalajara.<\/p>\n<\/div>\n<\/div>\n<p><strong>Campos Contenidos:<\/strong><\/p>\n<div class=\"row\">\n<div class=\"col-sm \">\n<p>Nombre \/ Empresa \/ celular.<\/p>\n<\/div>\n<\/div>\n<div class=\"row\">\n<div class=\"col-sm\">\n<p><strong>Garant\u00eda: <\/strong>80%-85% <strong>Precio Original: <\/strong><del>USD 140.40<\/del> <strong>Descuento Especial: <\/strong><strong class=\"text-danger\">20%<\/strong><\/p>\n<\/div>\n<\/div>\n<div class=\"row\">\n<div class=\"col text-center\">\n<p><strong>Total a Pagar: <\/strong><strong class=\"text-danger\">USD 112.32<\/strong><\/p>\n<\/div>\n<\/div>\n","protected":false},"featured_media":31002,"template":"","meta":{"_bst_post_transparent":"","_bst_post_title":"","_bst_post_layout":"","_bst_post_sidebar_id":"","_bst_post_content_style":"","_bst_post_vertical_padding":"","_bst_post_feature":"","_bst_post_feature_position":"","_bst_post_header":false,"_bst_post_footer":false},"product_brand":[],"product_cat":[1181,1286,1180],"product_tag":[1182,1404,1066,1152,1185,1207,1420,1325,1294,1186,1405,1216,1295,1406,1096,1170,1218,1296,1407,1297,1298,1299,1300,1301,1302,1303],"product_brands":[],"class_list":{"0":"post-36670","1":"product","2":"type-product","3":"status-publish","4":"has-post-thumbnail","6":"product_cat-empresarios","7":"product_cat-nse-medio-y-alto","8":"product_cat-personas-en-mexico","9":"product_tag-base-de-datos","10":"product_tag-base-de-datos-celulares","11":"product_tag-base-de-datos-ciudad-de-mexico","12":"product_tag-base-de-datos-de-directivos","13":"product_tag-base-de-datos-de-empresarios","14":"product_tag-base-de-datos-de-nse","15":"product_tag-base-de-datos-de-nse-a","16":"product_tag-base-de-datos-de-nse-alto","17":"product_tag-base-de-datos-de-numeros-celulares","18":"product_tag-base-de-datos-de-personas-fisicas","19":"product_tag-base-de-datos-de-telefonos-moviles","20":"product_tag-base-de-datos-guadalajara","21":"product_tag-base-de-datos-numeros-de-telefonos-celulares","22":"product_tag-base-de-datos-telefonos-moviles","23":"product_tag-base-de-datos-zona-metropolitana","24":"product_tag-database","25":"product_tag-directorios-guadalajara","26":"product_tag-lista-de-numeros-de-telefonos-celulares","27":"product_tag-mobile","28":"product_tag-mobile-database","29":"product_tag-mobile-directory","30":"product_tag-mobile-list","31":"product_tag-mobile-number-database","32":"product_tag-mobile-number-list","33":"product_tag-mobile-phone-number","34":"product_tag-numeros-de-telefonos-celulares","36":"first","37":"instock","38":"sale","39":"virtual","40":"purchasable","41":"product-type-simple","42":"entry","43":"content-bg","44":"loop-entry"},"aioseo_notices":[],"_links":{"self":[{"href":"https:\/\/edirectorios.com.mx\/directorios-latinoamerica\/wp-json\/wp\/v2\/product\/36670","targetHints":{"allow":["GET"]}}],"collection":[{"href":"https:\/\/edirectorios.com.mx\/directorios-latinoamerica\/wp-json\/wp\/v2\/product"}],"about":[{"href":"https:\/\/edirectorios.com.mx\/directorios-latinoamerica\/wp-json\/wp\/v2\/types\/product"}],"version-history":[{"count":1,"href":"https:\/\/edirectorios.com.mx\/directorios-latinoamerica\/wp-json\/wp\/v2\/product\/36670\/revisions"}],"predecessor-version":[{"id":36719,"href":"https:\/\/edirectorios.com.mx\/directorios-latinoamerica\/wp-json\/wp\/v2\/product\/36670\/revisions\/36719"}],"wp:featuredmedia":[{"embeddable":true,"href":"https:\/\/edirectorios.com.mx\/directorios-latinoamerica\/wp-json\/wp\/v2\/media\/31002"}],"wp:attachment":[{"href":"https:\/\/edirectorios.com.mx\/directorios-latinoamerica\/wp-json\/wp\/v2\/media?parent=36670"}],"wp:term":[{"taxonomy":"product_brand","embeddable":true,"href":"https:\/\/edirectorios.com.mx\/directorios-latinoamerica\/wp-json\/wp\/v2\/product_brand?post=36670"},{"taxonomy":"product_cat","embeddable":true,"href":"https:\/\/edirectorios.com.mx\/directorios-latinoamerica\/wp-json\/wp\/v2\/product_cat?post=36670"},{"taxonomy":"product_tag","embeddable":true,"href":"https:\/\/edirectorios.com.mx\/directorios-latinoamerica\/wp-json\/wp\/v2\/product_tag?post=36670"},{"taxonomy":"product_brands","embeddable":true,"href":"https:\/\/edirectorios.com.mx\/directorios-latinoamerica\/wp-json\/wp\/v2\/product_brands?post=36670"}],"curies":[{"name":"wp","href":"https:\/\/api.w.org\/{rel}","templated":true}]}}