{"id":36668,"date":"2025-12-12T17:29:11","date_gmt":"2025-12-12T17:29:11","guid":{"rendered":"https:\/\/edirectorios.com.mx\/directorios-latinoamerica\/?post_type=product&#038;p=36668"},"modified":"2025-12-12T17:30:08","modified_gmt":"2025-12-12T17:30:08","slug":"personas-fisicas-mayores-de-edad-economicamente-activas-con-ingresos-superiores-en-la-ciudad-de-mexico-nuevo-leon-y-jalisco","status":"publish","type":"product","link":"https:\/\/edirectorios.com.mx\/directorios-latinoamerica\/product\/personas-fisicas-mayores-de-edad-economicamente-activas-con-ingresos-superiores-en-la-ciudad-de-mexico-nuevo-leon-y-jalisco\/","title":{"rendered":"Personas f\u00edsicas, mayores de edad, econ\u00f3micamente activas con ingresos superiores en la Ciudad de M\u00e9xico, Nuevo Le\u00f3n y Jalisco."},"content":{"rendered":"","protected":false},"excerpt":{"rendered":"<p>&nbsp;<\/p>\n<div class=\"row\">\n<div class=\"col-sm\"><strong>C\u00f3digo:<\/strong> <strong class=\"text-danger\">SACA-B0<\/strong><\/div>\n<div class=\"col-sm\"><strong>N\u00famero de registros: <\/strong>250<\/div>\n<\/div>\n<div class=\"row\">\n<div class=\"col-sm \"><strong>Folio: <\/strong><span class=\"text-danger\">CS0622B008<\/span><\/div>\n<\/div>\n<p><strong>Segmentaci\u00f3n:<\/strong><\/p>\n<div class=\"row\">\n<div class=\"col-sm \">Personas f\u00edsicas, mayores de edad, econ\u00f3micamente activas con ingresos superiores a 180 mil pesos mensuales en Ciudad de M\u00e9xico, Nuevo Le\u00f3n y Jalisco.<\/div>\n<\/div>\n<p><strong>Campos Contenidos:<\/strong><\/p>\n<div class=\"row\">\n<div class=\"col-sm \">Nombre \/ Celular \/ que sean de la comunidad LGBTQ*OPCIONAL<\/div>\n<\/div>\n<div class=\"row\">\n<div class=\"col-sm\"><strong>Garant\u00eda: <\/strong>80%-85% <strong>Precio Original: <\/strong><del>USD 111.69<\/del> <strong>Descuento Especial: <\/strong><strong class=\"text-danger\">20%<\/strong><\/div>\n<\/div>\n<div class=\"row\">\n<div class=\"col text-center\"><strong>Total a Pagar: <\/strong><strong class=\"text-danger\">USD 89.35<\/strong><\/div>\n<\/div>\n","protected":false},"featured_media":31224,"template":"","meta":{"_bst_post_transparent":"","_bst_post_title":"","_bst_post_layout":"","_bst_post_sidebar_id":"","_bst_post_content_style":"","_bst_post_vertical_padding":"","_bst_post_feature":"","_bst_post_feature_position":"","_bst_post_header":false,"_bst_post_footer":false},"product_brand":[],"product_cat":[1286,1180],"product_tag":[1182,1404,1066,1207,1294,1186,1405,1188,1295,1406,1179,1170,1296,1407,1297,1298,1299,1300,1301,1302,1205,1303],"product_brands":[],"class_list":{"0":"post-36668","1":"product","2":"type-product","3":"status-publish","4":"has-post-thumbnail","6":"product_cat-nse-medio-y-alto","7":"product_cat-personas-en-mexico","8":"product_tag-base-de-datos","9":"product_tag-base-de-datos-celulares","10":"product_tag-base-de-datos-ciudad-de-mexico","11":"product_tag-base-de-datos-de-nse","12":"product_tag-base-de-datos-de-numeros-celulares","13":"product_tag-base-de-datos-de-personas-fisicas","14":"product_tag-base-de-datos-de-telefonos-moviles","15":"product_tag-base-de-datos-nuevo-leon","16":"product_tag-base-de-datos-numeros-de-telefonos-celulares","17":"product_tag-base-de-datos-telefonos-moviles","18":"product_tag-bases-de-datos-jalisco","19":"product_tag-database","20":"product_tag-lista-de-numeros-de-telefonos-celulares","21":"product_tag-mobile","22":"product_tag-mobile-database","23":"product_tag-mobile-directory","24":"product_tag-mobile-list","25":"product_tag-mobile-number-database","26":"product_tag-mobile-number-list","27":"product_tag-mobile-phone-number","28":"product_tag-nuevo-leon-database","29":"product_tag-numeros-de-telefonos-celulares","31":"first","32":"instock","33":"sale","34":"virtual","35":"purchasable","36":"product-type-simple","37":"entry","38":"content-bg","39":"loop-entry"},"aioseo_notices":[],"_links":{"self":[{"href":"https:\/\/edirectorios.com.mx\/directorios-latinoamerica\/wp-json\/wp\/v2\/product\/36668","targetHints":{"allow":["GET"]}}],"collection":[{"href":"https:\/\/edirectorios.com.mx\/directorios-latinoamerica\/wp-json\/wp\/v2\/product"}],"about":[{"href":"https:\/\/edirectorios.com.mx\/directorios-latinoamerica\/wp-json\/wp\/v2\/types\/product"}],"version-history":[{"count":1,"href":"https:\/\/edirectorios.com.mx\/directorios-latinoamerica\/wp-json\/wp\/v2\/product\/36668\/revisions"}],"predecessor-version":[{"id":36717,"href":"https:\/\/edirectorios.com.mx\/directorios-latinoamerica\/wp-json\/wp\/v2\/product\/36668\/revisions\/36717"}],"wp:featuredmedia":[{"embeddable":true,"href":"https:\/\/edirectorios.com.mx\/directorios-latinoamerica\/wp-json\/wp\/v2\/media\/31224"}],"wp:attachment":[{"href":"https:\/\/edirectorios.com.mx\/directorios-latinoamerica\/wp-json\/wp\/v2\/media?parent=36668"}],"wp:term":[{"taxonomy":"product_brand","embeddable":true,"href":"https:\/\/edirectorios.com.mx\/directorios-latinoamerica\/wp-json\/wp\/v2\/product_brand?post=36668"},{"taxonomy":"product_cat","embeddable":true,"href":"https:\/\/edirectorios.com.mx\/directorios-latinoamerica\/wp-json\/wp\/v2\/product_cat?post=36668"},{"taxonomy":"product_tag","embeddable":true,"href":"https:\/\/edirectorios.com.mx\/directorios-latinoamerica\/wp-json\/wp\/v2\/product_tag?post=36668"},{"taxonomy":"product_brands","embeddable":true,"href":"https:\/\/edirectorios.com.mx\/directorios-latinoamerica\/wp-json\/wp\/v2\/product_brands?post=36668"}],"curies":[{"name":"wp","href":"https:\/\/api.w.org\/{rel}","templated":true}]}}