{"id":36653,"date":"2025-12-12T17:28:48","date_gmt":"2025-12-12T17:28:48","guid":{"rendered":"https:\/\/edirectorios.com.mx\/directorios-latinoamerica\/?post_type=product&#038;p=36653"},"modified":"2025-12-12T17:29:53","modified_gmt":"2025-12-12T17:29:53","slug":"empresarios-y-medicos-con-nivel-socioeconomico-medio-y-alto-en-venezuela-y-bolivia","status":"publish","type":"product","link":"https:\/\/edirectorios.com.mx\/directorios-latinoamerica\/product\/empresarios-y-medicos-con-nivel-socioeconomico-medio-y-alto-en-venezuela-y-bolivia\/","title":{"rendered":"Empresarios y m\u00e9dicos con nivel socioecon\u00f3mico medio y alto en Venezuela y Bolivia"},"content":{"rendered":"","protected":false},"excerpt":{"rendered":"<p>&nbsp;<\/p>\n<div class=\"row\">\n<div class=\"col-sm\"><strong>C\u00f3digo:<\/strong> <strong class=\"text-danger\">GECO-B0-1<\/strong><\/div>\n<div class=\"col-sm\"><strong>N\u00famero de registros: <\/strong>500<\/div>\n<\/div>\n<div class=\"row\">\n<div class=\"col-sm \"><strong>Folio: <\/strong><span class=\"text-danger\">GC0122B044<\/span><\/div>\n<\/div>\n<p><strong>Segmentaci\u00f3n:<\/strong><\/p>\n<div class=\"row\">\n<div class=\"col-sm \">Empresarios y m\u00e9dicos, de 30 a 60 a\u00f1os de edad, econ\u00f3micamente activas de un Nivel Socioecon\u00f3mico Medio y alto (no pol\u00edticos, no profesores, no gobierno) en Venezuela y Bolivia.<\/div>\n<\/div>\n<p><strong>Campos Contenidos:<\/strong><\/p>\n<div class=\"row\">\n<div class=\"col-sm \">Nombre \/ Pa\u00eds \/ Correo \/ Celular<\/div>\n<\/div>\n<div class=\"row\">\n<div class=\"col-sm\"><strong>Garant\u00eda: <\/strong>80%-85% <strong>Precio Original: <\/strong><del>USD 260.13<\/del> <strong>Descuento Especial: <\/strong><strong class=\"text-danger\">20%<\/strong><\/div>\n<\/div>\n<div class=\"row\">\n<div class=\"col text-center\"><strong>Total a Pagar: <\/strong><strong class=\"text-danger\">USD 208.10<\/strong><\/div>\n<\/div>\n","protected":false},"featured_media":31224,"template":"","meta":{"_bst_post_transparent":"","_bst_post_title":"","_bst_post_layout":"","_bst_post_sidebar_id":"","_bst_post_content_style":"","_bst_post_vertical_padding":"","_bst_post_feature":"","_bst_post_feature_position":"","_bst_post_header":false,"_bst_post_footer":false},"product_brand":[],"product_cat":[1181,1233,1360,1286,1477],"product_tag":[1062,1182,1236,1063,1064,1404,1479,1067,1068,1499,1185,1207,1325,1287,1326,1294,1186,1405,1071,1073,1074,1075,1076,1077,1078,1079,1080,1502,1081,1156,1082,1083,1084,1085,1086,1244,1162,1088,1089,1090,1295,1092,1093,1406,1097,1098,1099,1100,1102,1103,1104,1500,1116,1117,1118,1191,1193,1194,1195,1196,1197,1198,1200,1120,1121,1122,1123,1170,1501,1482,1503,1132,1133,1134,1135,1136,1251,1252,1137,1138,1139,1296,1140,1141,1142,1143,1144,1145,1407,1297,1298,1299,1300,1301,1302,1303,1146,1148,1505],"product_brands":[],"class_list":{"0":"post-36653","1":"product","2":"type-product","3":"status-publish","4":"has-post-thumbnail","6":"product_cat-empresarios","7":"product_cat-latinoamerica","8":"product_cat-medicos","9":"product_cat-nse-medio-y-alto","10":"product_cat-personas","11":"product_tag-b2c-email-database","12":"product_tag-base-de-datos","13":"product_tag-base-de-datos-america-latina","14":"product_tag-base-de-datos-campana-de-email-marketing","15":"product_tag-base-de-datos-campanas-de-email-marketing","16":"product_tag-base-de-datos-celulares","17":"product_tag-base-de-datos-consumidores-en-latinoamerica","18":"product_tag-base-de-datos-correo-masivo","19":"product_tag-base-de-datos-correo-masivos","20":"product_tag-base-de-datos-de-bolivia","21":"product_tag-base-de-datos-de-empresarios","22":"product_tag-base-de-datos-de-nse","23":"product_tag-base-de-datos-de-nse-alto","24":"product_tag-base-de-datos-de-nse-medio","25":"product_tag-base-de-datos-de-nse-medio-y-alto","26":"product_tag-base-de-datos-de-numeros-celulares","27":"product_tag-base-de-datos-de-personas-fisicas","28":"product_tag-base-de-datos-de-telefonos-moviles","29":"product_tag-base-de-datos-direct-e-mail-marketing","30":"product_tag-base-de-datos-e-mail-marketing","31":"product_tag-base-de-datos-email-marketer","32":"product_tag-base-de-datos-email-marketing","33":"product_tag-base-de-datos-email-masivos","34":"product_tag-base-de-datos-email-publicidad","35":"product_tag-base-de-datos-email-publicitario","36":"product_tag-base-de-datos-emailing","37":"product_tag-base-de-datos-empresas-de-email-marketing","38":"product_tag-base-de-datos-en-venezuela","39":"product_tag-base-de-datos-enviar-email-masivo","40":"product_tag-base-de-datos-enviar-mailing","41":"product_tag-base-de-datos-envio-de-email-masivo","42":"product_tag-base-de-datos-envio-masivo-correo","43":"product_tag-base-de-datos-envio-masivo-correos","44":"product_tag-base-de-datos-envio-masivo-de-emails","45":"product_tag-base-de-datos-envios-de-correo-masivos","46":"product_tag-base-de-datos-latam","47":"product_tag-base-de-datos-mailing-masivo","48":"product_tag-base-de-datos-marketing","49":"product_tag-base-de-datos-marketing-por-e-mail","50":"product_tag-base-de-datos-marketing-por-email","51":"product_tag-base-de-datos-numeros-de-telefonos-celulares","52":"product_tag-base-de-datos-para-marketing","53":"product_tag-base-de-datos-publicidad-por-email","54":"product_tag-base-de-datos-telefonos-moviles","55":"product_tag-bases-de-datos-correos","56":"product_tag-bases-de-datos-correos-electronicos","57":"product_tag-bases-de-datos-de-emails","58":"product_tag-bases-de-datos-de-marketing","59":"product_tag-bases-de-datos-email","60":"product_tag-bases-de-datos-email-empresas","61":"product_tag-bases-de-datos-emailing","62":"product_tag-bolivia-database","63":"product_tag-buy-email-database","64":"product_tag-buy-email-list","65":"product_tag-buy-email-list-database","66":"product_tag-consumer-contact-lists","67":"product_tag-consumer-directory","68":"product_tag-consumer-email-database","69":"product_tag-consumer-email-list","70":"product_tag-consumer-email-lists","71":"product_tag-consumer-list","72":"product_tag-consumer-mailing-database","73":"product_tag-consumer-mailing-lists","74":"product_tag-correo-de-empresas","75":"product_tag-correos-de-empresas","76":"product_tag-correos-electronicos-de-empresas","77":"product_tag-correos-electronicos-empresas","78":"product_tag-database","79":"product_tag-directorio-bolivia","80":"product_tag-directorios-consumidores-latinoamerica","81":"product_tag-directorios-en-venezuela","82":"product_tag-e-mail-database","83":"product_tag-email-address-list","84":"product_tag-email-database","85":"product_tag-email-lists","86":"product_tag-email-marketing-list","87":"product_tag-latam-database","88":"product_tag-latinoamerica-database","89":"product_tag-list-of-email-addresses","90":"product_tag-lista-de-correos","91":"product_tag-lista-de-correos-electronicos","92":"product_tag-lista-de-numeros-de-telefonos-celulares","93":"product_tag-mail-marketing","94":"product_tag-mailing-database","95":"product_tag-mailing-list","96":"product_tag-marketing","97":"product_tag-marketing-correo-electronico","98":"product_tag-marketing-lists","99":"product_tag-mobile","100":"product_tag-mobile-database","101":"product_tag-mobile-directory","102":"product_tag-mobile-list","103":"product_tag-mobile-number-database","104":"product_tag-mobile-number-list","105":"product_tag-mobile-phone-number","106":"product_tag-numeros-de-telefonos-celulares","107":"product_tag-publicidad-por-base-de-datos-correo-electronico","108":"product_tag-tele-marketing-list","109":"product_tag-venezuela-database","111":"first","112":"instock","113":"sale","114":"virtual","115":"purchasable","116":"product-type-simple","117":"entry","118":"content-bg","119":"loop-entry"},"aioseo_notices":[],"_links":{"self":[{"href":"https:\/\/edirectorios.com.mx\/directorios-latinoamerica\/wp-json\/wp\/v2\/product\/36653","targetHints":{"allow":["GET"]}}],"collection":[{"href":"https:\/\/edirectorios.com.mx\/directorios-latinoamerica\/wp-json\/wp\/v2\/product"}],"about":[{"href":"https:\/\/edirectorios.com.mx\/directorios-latinoamerica\/wp-json\/wp\/v2\/types\/product"}],"version-history":[{"count":1,"href":"https:\/\/edirectorios.com.mx\/directorios-latinoamerica\/wp-json\/wp\/v2\/product\/36653\/revisions"}],"predecessor-version":[{"id":36703,"href":"https:\/\/edirectorios.com.mx\/directorios-latinoamerica\/wp-json\/wp\/v2\/product\/36653\/revisions\/36703"}],"wp:featuredmedia":[{"embeddable":true,"href":"https:\/\/edirectorios.com.mx\/directorios-latinoamerica\/wp-json\/wp\/v2\/media\/31224"}],"wp:attachment":[{"href":"https:\/\/edirectorios.com.mx\/directorios-latinoamerica\/wp-json\/wp\/v2\/media?parent=36653"}],"wp:term":[{"taxonomy":"product_brand","embeddable":true,"href":"https:\/\/edirectorios.com.mx\/directorios-latinoamerica\/wp-json\/wp\/v2\/product_brand?post=36653"},{"taxonomy":"product_cat","embeddable":true,"href":"https:\/\/edirectorios.com.mx\/directorios-latinoamerica\/wp-json\/wp\/v2\/product_cat?post=36653"},{"taxonomy":"product_tag","embeddable":true,"href":"https:\/\/edirectorios.com.mx\/directorios-latinoamerica\/wp-json\/wp\/v2\/product_tag?post=36653"},{"taxonomy":"product_brands","embeddable":true,"href":"https:\/\/edirectorios.com.mx\/directorios-latinoamerica\/wp-json\/wp\/v2\/product_brands?post=36653"}],"curies":[{"name":"wp","href":"https:\/\/api.w.org\/{rel}","templated":true}]}}