{"id":36616,"date":"2025-12-12T17:27:58","date_gmt":"2025-12-12T17:27:58","guid":{"rendered":"https:\/\/edirectorios.com.mx\/directorios-latinoamerica\/?post_type=product&#038;p=36616"},"modified":"2025-12-12T17:29:08","modified_gmt":"2025-12-12T17:29:08","slug":"empresarios-y-medicos-de-30-a-60-anos-de-edad-economicamente-activas-de-un-nivel-socioeconomico-medio-y-alto","status":"publish","type":"product","link":"https:\/\/edirectorios.com.mx\/directorios-latinoamerica\/product\/empresarios-y-medicos-de-30-a-60-anos-de-edad-economicamente-activas-de-un-nivel-socioeconomico-medio-y-alto\/","title":{"rendered":"Empresarios y m\u00e9dicos, de 30 a 60 a\u00f1os de edad, econ\u00f3micamente activas de un Nivel Socioecon\u00f3mico Medio y alto."},"content":{"rendered":"","protected":false},"excerpt":{"rendered":"<p>&nbsp;<\/p>\n<div class=\"row\">\n<div class=\"col-sm\"><strong>C\u00f3digo:\u00a0<strong class=\"text-danger\">HFDP-C0-1<\/strong><\/strong><\/div>\n<div class=\"col-sm\"><strong>N\u00famero de registros: <\/strong>500<\/div>\n<\/div>\n<div class=\"row\">\n<div class=\"col-sm \"><strong>Folio: GC0122B044<\/strong><\/div>\n<\/div>\n<p><strong>Segmentaci\u00f3n:<\/strong><\/p>\n<div class=\"row\">\n<div class=\"col-sm \">Empresarios y m\u00e9dicos, de 30 a 60 a\u00f1os de edad, econ\u00f3micamente activas de un Nivel Socioecon\u00f3mico Medio y alto (no pol\u00edticos, no profesores, no gobierno) en Venezuela y Bolivia.<\/div>\n<\/div>\n<p><strong>Campos Contenidos:<\/strong><\/p>\n<div class=\"row\">\n<div class=\"col-sm \">Nombre \/ Pa\u00eds \/ Correo \/ Celular<\/div>\n<\/div>\n<div class=\"row\">\n<div class=\"col-sm\"><strong>Garant\u00eda: <\/strong>80%-85% <strong>Precio Original:<\/strong><span style=\"text-decoration: line-through;\">$251 USD<\/span>\u00a0<strong>Descuento Especial: <\/strong><strong class=\"text-danger\">20%<\/strong><\/div>\n<\/div>\n<div class=\"row\">\n<div class=\"col text-center\"><strong>Total a Pagar:<strong class=\"text-danger\">$201 USD<\/strong><\/strong><\/div>\n<\/div>\n","protected":false},"featured_media":31045,"template":"","meta":{"_bst_post_transparent":"","_bst_post_title":"","_bst_post_layout":"","_bst_post_sidebar_id":"","_bst_post_content_style":"","_bst_post_vertical_padding":"","_bst_post_feature":"","_bst_post_feature_position":"","_bst_post_header":false,"_bst_post_footer":false},"product_brand":[],"product_cat":[1233,1477],"product_tag":[1062,1182,1236,1063,1064,1404,1479,1067,1068,1499,1185,1325,1287,1326,1294,1186,1405,1071,1073,1074,1075,1076,1077,1078,1079,1502,1081,1156,1082,1083,1084,1085,1086,1244,1161,1162,1088,1089,1090,1361,1295,1092,1189,1093,1406,1097,1098,1099,1100,1102,1104,1165,1190,1500,1117,1118,1191,1192,1193,1194,1195,1196,1197,1198,1199,1200,1201,1202,1203,1204,1170,1501,1126,1482,1503,1133,1135,1136,1251,1252,1137,1138,1139,1296,1140,1142,1143,1144,1145,1407,1297,1298,1299,1300,1301,1302,1303,1146,1148,1505],"product_brands":[],"class_list":{"0":"post-36616","1":"product","2":"type-product","3":"status-publish","4":"has-post-thumbnail","6":"product_cat-latinoamerica","7":"product_cat-personas","8":"product_tag-b2c-email-database","9":"product_tag-base-de-datos","10":"product_tag-base-de-datos-america-latina","11":"product_tag-base-de-datos-campana-de-email-marketing","12":"product_tag-base-de-datos-campanas-de-email-marketing","13":"product_tag-base-de-datos-celulares","14":"product_tag-base-de-datos-consumidores-en-latinoamerica","15":"product_tag-base-de-datos-correo-masivo","16":"product_tag-base-de-datos-correo-masivos","17":"product_tag-base-de-datos-de-bolivia","18":"product_tag-base-de-datos-de-empresarios","19":"product_tag-base-de-datos-de-nse-alto","20":"product_tag-base-de-datos-de-nse-medio","21":"product_tag-base-de-datos-de-nse-medio-y-alto","22":"product_tag-base-de-datos-de-numeros-celulares","23":"product_tag-base-de-datos-de-personas-fisicas","24":"product_tag-base-de-datos-de-telefonos-moviles","25":"product_tag-base-de-datos-direct-e-mail-marketing","26":"product_tag-base-de-datos-e-mail-marketing","27":"product_tag-base-de-datos-email-marketer","28":"product_tag-base-de-datos-email-marketing","29":"product_tag-base-de-datos-email-masivos","30":"product_tag-base-de-datos-email-publicidad","31":"product_tag-base-de-datos-email-publicitario","32":"product_tag-base-de-datos-emailing","33":"product_tag-base-de-datos-en-venezuela","34":"product_tag-base-de-datos-enviar-email-masivo","35":"product_tag-base-de-datos-enviar-mailing","36":"product_tag-base-de-datos-envio-de-email-masivo","37":"product_tag-base-de-datos-envio-masivo-correo","38":"product_tag-base-de-datos-envio-masivo-correos","39":"product_tag-base-de-datos-envio-masivo-de-emails","40":"product_tag-base-de-datos-envios-de-correo-masivos","41":"product_tag-base-de-datos-latam","42":"product_tag-base-de-datos-mailing","43":"product_tag-base-de-datos-mailing-masivo","44":"product_tag-base-de-datos-marketing","45":"product_tag-base-de-datos-marketing-por-e-mail","46":"product_tag-base-de-datos-marketing-por-email","47":"product_tag-base-de-datos-medicos","48":"product_tag-base-de-datos-numeros-de-telefonos-celulares","49":"product_tag-base-de-datos-para-marketing","50":"product_tag-base-de-datos-personas-de-email-marketing","51":"product_tag-base-de-datos-publicidad-por-email","52":"product_tag-base-de-datos-telefonos-moviles","53":"product_tag-bases-de-datos-correos","54":"product_tag-bases-de-datos-correos-electronicos","55":"product_tag-bases-de-datos-de-emails","56":"product_tag-bases-de-datos-de-marketing","57":"product_tag-bases-de-datos-email","58":"product_tag-bases-de-datos-emailing","59":"product_tag-bases-de-datos-mailing","60":"product_tag-big-consumer-database","61":"product_tag-bolivia-database","62":"product_tag-buy-email-list","63":"product_tag-buy-email-list-database","64":"product_tag-consumer-contact-lists","65":"product_tag-consumer-database","66":"product_tag-consumer-directory","67":"product_tag-consumer-email-database","68":"product_tag-consumer-email-list","69":"product_tag-consumer-email-lists","70":"product_tag-consumer-list","71":"product_tag-consumer-mailing-database","72":"product_tag-consumer-mailing-list","73":"product_tag-consumer-mailing-lists","74":"product_tag-consumer-phone-list","75":"product_tag-correo-de-personas","76":"product_tag-correos-electronicos-de-personas","77":"product_tag-correos-electronicos-personas","78":"product_tag-database","79":"product_tag-directorio-bolivia","80":"product_tag-directorio-emailing","81":"product_tag-directorios-consumidores-latinoamerica","82":"product_tag-directorios-en-venezuela","83":"product_tag-email-address-list","84":"product_tag-email-lists","85":"product_tag-email-marketing-list","86":"product_tag-latam-database","87":"product_tag-latinoamerica-database","88":"product_tag-list-of-email-addresses","89":"product_tag-lista-de-correos","90":"product_tag-lista-de-correos-electronicos","91":"product_tag-lista-de-numeros-de-telefonos-celulares","92":"product_tag-mail-marketing","93":"product_tag-mailing-list","94":"product_tag-marketing","95":"product_tag-marketing-correo-electronico","96":"product_tag-marketing-lists","97":"product_tag-mobile","98":"product_tag-mobile-database","99":"product_tag-mobile-directory","100":"product_tag-mobile-list","101":"product_tag-mobile-number-database","102":"product_tag-mobile-number-list","103":"product_tag-mobile-phone-number","104":"product_tag-numeros-de-telefonos-celulares","105":"product_tag-publicidad-por-base-de-datos-correo-electronico","106":"product_tag-tele-marketing-list","107":"product_tag-venezuela-database","109":"first","110":"instock","111":"sale","112":"shipping-taxable","113":"purchasable","114":"product-type-simple","115":"entry","116":"content-bg","117":"loop-entry"},"aioseo_notices":[],"_links":{"self":[{"href":"https:\/\/edirectorios.com.mx\/directorios-latinoamerica\/wp-json\/wp\/v2\/product\/36616","targetHints":{"allow":["GET"]}}],"collection":[{"href":"https:\/\/edirectorios.com.mx\/directorios-latinoamerica\/wp-json\/wp\/v2\/product"}],"about":[{"href":"https:\/\/edirectorios.com.mx\/directorios-latinoamerica\/wp-json\/wp\/v2\/types\/product"}],"version-history":[{"count":1,"href":"https:\/\/edirectorios.com.mx\/directorios-latinoamerica\/wp-json\/wp\/v2\/product\/36616\/revisions"}],"predecessor-version":[{"id":36665,"href":"https:\/\/edirectorios.com.mx\/directorios-latinoamerica\/wp-json\/wp\/v2\/product\/36616\/revisions\/36665"}],"wp:featuredmedia":[{"embeddable":true,"href":"https:\/\/edirectorios.com.mx\/directorios-latinoamerica\/wp-json\/wp\/v2\/media\/31045"}],"wp:attachment":[{"href":"https:\/\/edirectorios.com.mx\/directorios-latinoamerica\/wp-json\/wp\/v2\/media?parent=36616"}],"wp:term":[{"taxonomy":"product_brand","embeddable":true,"href":"https:\/\/edirectorios.com.mx\/directorios-latinoamerica\/wp-json\/wp\/v2\/product_brand?post=36616"},{"taxonomy":"product_cat","embeddable":true,"href":"https:\/\/edirectorios.com.mx\/directorios-latinoamerica\/wp-json\/wp\/v2\/product_cat?post=36616"},{"taxonomy":"product_tag","embeddable":true,"href":"https:\/\/edirectorios.com.mx\/directorios-latinoamerica\/wp-json\/wp\/v2\/product_tag?post=36616"},{"taxonomy":"product_brands","embeddable":true,"href":"https:\/\/edirectorios.com.mx\/directorios-latinoamerica\/wp-json\/wp\/v2\/product_brands?post=36616"}],"curies":[{"name":"wp","href":"https:\/\/api.w.org\/{rel}","templated":true}]}}