{"id":36615,"date":"2025-12-12T17:27:58","date_gmt":"2025-12-12T17:27:58","guid":{"rendered":"https:\/\/edirectorios.com.mx\/directorios-latinoamerica\/?post_type=product&#038;p=36615"},"modified":"2025-12-12T17:29:06","modified_gmt":"2025-12-12T17:29:06","slug":"personas-fisicas-de-30-a-60-anos-de-edad-economicamente-activas-de-un-nse-medio-alto","status":"publish","type":"product","link":"https:\/\/edirectorios.com.mx\/directorios-latinoamerica\/product\/personas-fisicas-de-30-a-60-anos-de-edad-economicamente-activas-de-un-nse-medio-alto\/","title":{"rendered":"Personas f\u00edsicas, de 30 a 60 a\u00f1os de edad, econ\u00f3micamente activas de un NSE medio-alto"},"content":{"rendered":"","protected":false},"excerpt":{"rendered":"<p>&nbsp;<\/p>\n<div class=\"row\">\n<div class=\"col-sm\"><strong>C\u00f3digo:<\/strong> \u00a0<strong class=\"text-danger\">HFDP-C0-2<\/strong><\/div>\n<div class=\"col-sm\"><strong>N\u00famero de registros: <\/strong>1000<\/div>\n<\/div>\n<div class=\"row\">\n<div class=\"col-sm \"><strong>Folio:<\/strong>GC0122B044<\/div>\n<\/div>\n<p><strong>Segmentaci\u00f3n:<\/strong><\/p>\n<div class=\"row\">\n<div class=\"col-sm \">Personas f\u00edsicas, de 30 a 60 a\u00f1os de edad, econ\u00f3micamente activas de un NSE medio-alto que sean tarjetahabientes en M\u00e9xico (600 registros), Per\u00fa (200 registros) y Venezuela (200 registros)<\/div>\n<\/div>\n<p><strong>Campos Contenidos:<\/strong><\/p>\n<div class=\"row\">\n<div class=\"col-sm \">Nombre \/ Celular \/ Correo<\/div>\n<\/div>\n<div class=\"row\">\n<div class=\"col-sm\"><strong>Garant\u00eda: <\/strong>80%-85% <strong>Precio Original: <\/strong><del><span style=\"text-decoration: line-through;\">$432 USD<\/span><\/del>\u00a0<strong>Descuento Especial: <\/strong><strong class=\"text-danger\">20%<\/strong><\/div>\n<\/div>\n<div class=\"row\">\n<div class=\"col text-center\"><strong>Total a Pagar: <\/strong><strong class=\"text-danger\">$345 USD<\/strong><\/div>\n<\/div>\n","protected":false},"featured_media":31224,"template":"","meta":{"_bst_post_transparent":"","_bst_post_title":"","_bst_post_layout":"","_bst_post_sidebar_id":"","_bst_post_content_style":"","_bst_post_vertical_padding":"","_bst_post_feature":"","_bst_post_feature_position":"","_bst_post_header":false,"_bst_post_footer":false},"product_brand":[],"product_cat":[1180],"product_tag":[1062,1182,1236,1063,1064,1404,1479,1067,1068,1385,1207,1325,1287,1326,1294,1186,1187,1405,1071,1074,1075,1076,1077,1078,1079,1154,1502,1081,1082,1157,1083,1084,1085,1158,1086,1159,1244,1088,1089,1090,1388,1295,1092,1245,1093,1406,1097,1098,1099,1100,1102,1104,1226,1165,1228,1190,1116,1117,1118,1191,1192,1193,1194,1195,1196,1197,1198,1199,1200,1202,1203,1204,1170,1389,1482,1310,1503,1133,1135,1136,1171,1251,1252,1137,1138,1139,1296,1140,1142,1144,1145,1412,1407,1297,1298,1299,1300,1301,1302,1303,1253,1146,1505],"product_brands":[],"class_list":{"0":"post-36615","1":"product","2":"type-product","3":"status-publish","4":"has-post-thumbnail","6":"product_cat-personas-en-mexico","7":"product_tag-b2c-email-database","8":"product_tag-base-de-datos","9":"product_tag-base-de-datos-america-latina","10":"product_tag-base-de-datos-campana-de-email-marketing","11":"product_tag-base-de-datos-campanas-de-email-marketing","12":"product_tag-base-de-datos-celulares","13":"product_tag-base-de-datos-consumidores-en-latinoamerica","14":"product_tag-base-de-datos-correo-masivo","15":"product_tag-base-de-datos-correo-masivos","16":"product_tag-base-de-datos-de-mexico","17":"product_tag-base-de-datos-de-nse","18":"product_tag-base-de-datos-de-nse-alto","19":"product_tag-base-de-datos-de-nse-medio","20":"product_tag-base-de-datos-de-nse-medio-y-alto","21":"product_tag-base-de-datos-de-numeros-celulares","22":"product_tag-base-de-datos-de-personas-fisicas","23":"product_tag-base-de-datos-de-tarjetahabientes","24":"product_tag-base-de-datos-de-telefonos-moviles","25":"product_tag-base-de-datos-direct-e-mail-marketing","26":"product_tag-base-de-datos-email-marketer","27":"product_tag-base-de-datos-email-marketing","28":"product_tag-base-de-datos-email-masivos","29":"product_tag-base-de-datos-email-publicidad","30":"product_tag-base-de-datos-email-publicitario","31":"product_tag-base-de-datos-emailing","32":"product_tag-base-de-datos-emails-mexico","33":"product_tag-base-de-datos-en-venezuela","34":"product_tag-base-de-datos-enviar-email-masivo","35":"product_tag-base-de-datos-envio-de-email-masivo","36":"product_tag-base-de-datos-envio-masivo","37":"product_tag-base-de-datos-envio-masivo-correo","38":"product_tag-base-de-datos-envio-masivo-correos","39":"product_tag-base-de-datos-envio-masivo-de-emails","40":"product_tag-base-de-datos-envio-masivos","41":"product_tag-base-de-datos-envios-de-correo-masivos","42":"product_tag-base-de-datos-envios-masivos","43":"product_tag-base-de-datos-latam","44":"product_tag-base-de-datos-marketing","45":"product_tag-base-de-datos-marketing-por-e-mail","46":"product_tag-base-de-datos-marketing-por-email","47":"product_tag-base-de-datos-mexico","48":"product_tag-base-de-datos-numeros-de-telefonos-celulares","49":"product_tag-base-de-datos-para-marketing","50":"product_tag-base-de-datos-peru","51":"product_tag-base-de-datos-publicidad-por-email","52":"product_tag-base-de-datos-telefonos-moviles","53":"product_tag-bases-de-datos-correos","54":"product_tag-bases-de-datos-correos-electronicos","55":"product_tag-bases-de-datos-de-emails","56":"product_tag-bases-de-datos-de-marketing","57":"product_tag-bases-de-datos-email","58":"product_tag-bases-de-datos-emailing","59":"product_tag-bases-de-datos-emails","60":"product_tag-bases-de-datos-mailing","61":"product_tag-bases-de-datos-para-ventas","62":"product_tag-big-consumer-database","63":"product_tag-buy-email-database","64":"product_tag-buy-email-list","65":"product_tag-buy-email-list-database","66":"product_tag-consumer-contact-lists","67":"product_tag-consumer-database","68":"product_tag-consumer-directory","69":"product_tag-consumer-email-database","70":"product_tag-consumer-email-list","71":"product_tag-consumer-email-lists","72":"product_tag-consumer-list","73":"product_tag-consumer-mailing-database","74":"product_tag-consumer-mailing-list","75":"product_tag-consumer-mailing-lists","76":"product_tag-correo-de-personas","77":"product_tag-correos-electronicos-de-personas","78":"product_tag-correos-electronicos-personas","79":"product_tag-database","80":"product_tag-database-mexico","81":"product_tag-directorios-consumidores-latinoamerica","82":"product_tag-directorios-en-mexico","83":"product_tag-directorios-en-venezuela","84":"product_tag-email-address-list","85":"product_tag-email-lists","86":"product_tag-email-marketing-list","87":"product_tag-email-marketing-mexico","88":"product_tag-latam-database","89":"product_tag-latinoamerica-database","90":"product_tag-list-of-email-addresses","91":"product_tag-lista-de-correos","92":"product_tag-lista-de-correos-electronicos","93":"product_tag-lista-de-numeros-de-telefonos-celulares","94":"product_tag-mail-marketing","95":"product_tag-mailing-list","96":"product_tag-marketing-correo-electronico","97":"product_tag-marketing-lists","98":"product_tag-marketing-mexico","99":"product_tag-mobile","100":"product_tag-mobile-database","101":"product_tag-mobile-directory","102":"product_tag-mobile-list","103":"product_tag-mobile-number-database","104":"product_tag-mobile-number-list","105":"product_tag-mobile-phone-number","106":"product_tag-numeros-de-telefonos-celulares","107":"product_tag-peru-database","108":"product_tag-publicidad-por-base-de-datos-correo-electronico","109":"product_tag-venezuela-database","111":"first","112":"instock","113":"sale","114":"shipping-taxable","115":"purchasable","116":"product-type-simple","117":"entry","118":"content-bg","119":"loop-entry"},"aioseo_notices":[],"_links":{"self":[{"href":"https:\/\/edirectorios.com.mx\/directorios-latinoamerica\/wp-json\/wp\/v2\/product\/36615","targetHints":{"allow":["GET"]}}],"collection":[{"href":"https:\/\/edirectorios.com.mx\/directorios-latinoamerica\/wp-json\/wp\/v2\/product"}],"about":[{"href":"https:\/\/edirectorios.com.mx\/directorios-latinoamerica\/wp-json\/wp\/v2\/types\/product"}],"version-history":[{"count":1,"href":"https:\/\/edirectorios.com.mx\/directorios-latinoamerica\/wp-json\/wp\/v2\/product\/36615\/revisions"}],"predecessor-version":[{"id":36664,"href":"https:\/\/edirectorios.com.mx\/directorios-latinoamerica\/wp-json\/wp\/v2\/product\/36615\/revisions\/36664"}],"wp:featuredmedia":[{"embeddable":true,"href":"https:\/\/edirectorios.com.mx\/directorios-latinoamerica\/wp-json\/wp\/v2\/media\/31224"}],"wp:attachment":[{"href":"https:\/\/edirectorios.com.mx\/directorios-latinoamerica\/wp-json\/wp\/v2\/media?parent=36615"}],"wp:term":[{"taxonomy":"product_brand","embeddable":true,"href":"https:\/\/edirectorios.com.mx\/directorios-latinoamerica\/wp-json\/wp\/v2\/product_brand?post=36615"},{"taxonomy":"product_cat","embeddable":true,"href":"https:\/\/edirectorios.com.mx\/directorios-latinoamerica\/wp-json\/wp\/v2\/product_cat?post=36615"},{"taxonomy":"product_tag","embeddable":true,"href":"https:\/\/edirectorios.com.mx\/directorios-latinoamerica\/wp-json\/wp\/v2\/product_tag?post=36615"},{"taxonomy":"product_brands","embeddable":true,"href":"https:\/\/edirectorios.com.mx\/directorios-latinoamerica\/wp-json\/wp\/v2\/product_brands?post=36615"}],"curies":[{"name":"wp","href":"https:\/\/api.w.org\/{rel}","templated":true}]}}