{"id":36559,"date":"2025-12-12T17:26:21","date_gmt":"2025-12-12T17:26:21","guid":{"rendered":"https:\/\/edirectorios.com.mx\/directorios-latinoamerica\/?post_type=product&#038;p=36559"},"modified":"2025-12-12T17:27:28","modified_gmt":"2025-12-12T17:27:28","slug":"empresas-grandes-corporativos-o-empresas-que-tengan-mas-de-500-empleados-en-ciudad-de-mexico-y-area-conurbada-incluir-queretaro","status":"publish","type":"product","link":"https:\/\/edirectorios.com.mx\/directorios-latinoamerica\/product\/empresas-grandes-corporativos-o-empresas-que-tengan-mas-de-500-empleados-en-ciudad-de-mexico-y-area-conurbada-incluir-queretaro\/","title":{"rendered":"Empresas grandes, corporativos o empresas que tengan m\u00e1s de 500 empleados en Ciudad de M\u00e9xico y \u00c1rea conurbada (incluir Quer\u00e9taro)."},"content":{"rendered":"","protected":false},"excerpt":{"rendered":"<p>&nbsp;<\/p>\n<div class=\"row\">\n<div class=\"col-sm\"><strong>C\u00f3digo:<\/strong> <strong class=\"text-danger\">BOSF-N6<\/strong><\/div>\n<div class=\"col-sm\"><strong>N\u00famero de registros: <\/strong>430<\/div>\n<\/div>\n<div class=\"row\">\n<div class=\"col-sm \"><strong>Folio: <\/strong><span class=\"text-danger\">AR022B038<\/span><\/div>\n<\/div>\n<p><strong>Segmentaci\u00f3n:<\/strong><\/p>\n<div class=\"row\">\n<div class=\"col-sm \">Empresas grandes, corporativos o empresas que tengan m\u00e1s de 500 empleados en Ciudad de M\u00e9xico y \u00c1rea conurbada (incluir Quer\u00e9taro).<\/div>\n<\/div>\n<p><strong>Campos Contenidos:<\/strong><\/p>\n<div class=\"row\">\n<div class=\"col-sm \">Empresa \/ Giro \/ Direcci\u00f3n \/ Ciudad \/ Estado \/ Contacto \/ Puesto: Encargado de sistemas o compras \/ Tel\u00e9fono \/ Email \/ P\u00e1gina web*opcional.<\/div>\n<\/div>\n<div class=\"row\">\n<div class=\"col-sm\"><strong>Garant\u00eda: <\/strong>80%-85% <strong>Precio Original: <\/strong><del>$<span style=\"text-decoration: line-through;\">$290 USD<\/span><\/del>\u00a0<strong>Descuento Especial: <\/strong><strong class=\"text-danger\">20%<\/strong><\/div>\n<\/div>\n<div class=\"row\">\n<div class=\"col text-center\"><strong>Total a Pagar: <\/strong><strong class=\"text-danger\">$232 USD<\/strong><\/div>\n<\/div>\n","protected":false},"featured_media":31084,"template":"","meta":{"_bst_post_transparent":"","_bst_post_title":"","_bst_post_layout":"","_bst_post_sidebar_id":"","_bst_post_content_style":"","_bst_post_vertical_padding":"","_bst_post_feature":"","_bst_post_feature_position":"","_bst_post_header":false,"_bst_post_footer":false},"product_brand":[],"product_cat":[1321,1060],"product_tag":[1062,1182,1424,1063,1064,1066,1222,1067,1068,1255,1211,1322,1293,1071,1359,1073,1074,1075,1076,1077,1078,1079,1212,1213,1155,1080,1242,1176,1177,1081,1082,1083,1084,1085,1086,1160,1392,1261,1088,1089,1090,1224,1275,1092,1093,1313,1097,1098,1099,1101,1102,1103,1104,1289,1105,1106,1107,1109,1110,1111,1112,1113,1115,1117,1118,1166,1167,1345,1120,1121,1122,1123,1124,1127,1309,1128,1129,1131,1133,1135,1136,1171,1137,1138,1139,1140,1142,1144,1145,1394,1230,1172,1173,1174,1175,1146,1149],"product_brands":[],"class_list":{"0":"post-36559","1":"product","2":"type-product","3":"status-publish","4":"has-post-thumbnail","6":"product_cat-con-mas-de-500-empleados","7":"product_cat-empresas-en-mexico","8":"product_tag-b2c-email-database","9":"product_tag-base-de-datos","10":"product_tag-base-de-datos-autotransporte","11":"product_tag-base-de-datos-campana-de-email-marketing","12":"product_tag-base-de-datos-campanas-de-email-marketing","13":"product_tag-base-de-datos-ciudad-de-mexico","14":"product_tag-base-de-datos-compras","15":"product_tag-base-de-datos-correo-masivo","16":"product_tag-base-de-datos-correo-masivos","17":"product_tag-base-de-datos-de-corporativos","18":"product_tag-base-de-datos-de-empresas-b2b","19":"product_tag-base-de-datos-de-empresas-con-mas-de-500-empleados","20":"product_tag-base-de-datos-de-pymes","21":"product_tag-base-de-datos-direct-e-mail-marketing","22":"product_tag-base-de-datos-director-de-tecnologia","23":"product_tag-base-de-datos-e-mail-marketing","24":"product_tag-base-de-datos-email-marketer","25":"product_tag-base-de-datos-email-marketing","26":"product_tag-base-de-datos-email-masivos","27":"product_tag-base-de-datos-email-publicidad","28":"product_tag-base-de-datos-email-publicitario","29":"product_tag-base-de-datos-emailing","30":"product_tag-base-de-datos-empresa","31":"product_tag-base-de-datos-empresarial","32":"product_tag-base-de-datos-empresas","33":"product_tag-base-de-datos-empresas-de-email-marketing","34":"product_tag-base-de-datos-empresas-grandes","35":"product_tag-base-de-datos-encargados","36":"product_tag-base-de-datos-encargados-de-compras","37":"product_tag-base-de-datos-enviar-email-masivo","38":"product_tag-base-de-datos-envio-de-email-masivo","39":"product_tag-base-de-datos-envio-masivo-correo","40":"product_tag-base-de-datos-envio-masivo-correos","41":"product_tag-base-de-datos-envio-masivo-de-emails","42":"product_tag-base-de-datos-envios-de-correo-masivos","43":"product_tag-base-de-datos-gerente","44":"product_tag-base-de-datos-inmobiliaria","45":"product_tag-base-de-datos-manufacturera","46":"product_tag-base-de-datos-marketing","47":"product_tag-base-de-datos-marketing-por-e-mail","48":"product_tag-base-de-datos-marketing-por-email","49":"product_tag-base-de-datos-nivel-nacional","50":"product_tag-base-de-datos-para-empresas","51":"product_tag-base-de-datos-para-marketing","52":"product_tag-base-de-datos-publicidad-por-email","53":"product_tag-base-de-datos-tecnologia","54":"product_tag-bases-de-datos-correos","55":"product_tag-bases-de-datos-correos-electronicos","56":"product_tag-bases-de-datos-de-emails","57":"product_tag-bases-de-datos-de-telefonos","58":"product_tag-bases-de-datos-email","59":"product_tag-bases-de-datos-email-empresas","60":"product_tag-bases-de-datos-emailing","61":"product_tag-bases-de-datos-hospitales","62":"product_tag-bases-de-datos-numeros-de-telefonos","63":"product_tag-bases-de-datos-telefono","64":"product_tag-bases-de-datos-telefonos-fijos","65":"product_tag-business-contact-lists","66":"product_tag-business-directory","67":"product_tag-business-email-database","68":"product_tag-business-email-list","69":"product_tag-business-email-lists","70":"product_tag-business-mailing-lists","71":"product_tag-buy-email-list","72":"product_tag-buy-email-list-database","73":"product_tag-companies-email-address-list","74":"product_tag-company-email-address-list","75":"product_tag-compra-base-de-datos","76":"product_tag-correo-de-empresas","77":"product_tag-correos-de-empresas","78":"product_tag-correos-electronicos-de-empresas","79":"product_tag-correos-electronicos-empresas","80":"product_tag-correos-empresariales","81":"product_tag-directorio-empresarial","82":"product_tag-directorio-empresarial-mexico","83":"product_tag-directorio-empresariales","84":"product_tag-directorio-empresas","85":"product_tag-directorios-empresas","86":"product_tag-email-address-list","87":"product_tag-email-lists","88":"product_tag-email-marketing-list","89":"product_tag-email-marketing-mexico","90":"product_tag-list-of-email-addresses","91":"product_tag-lista-de-correos","92":"product_tag-lista-de-correos-electronicos","93":"product_tag-mail-marketing","94":"product_tag-mailing-list","95":"product_tag-marketing-correo-electronico","96":"product_tag-marketing-lists","97":"product_tag-mexico-business-directory","98":"product_tag-national-database","99":"product_tag-phone-database","100":"product_tag-phone-lists","101":"product_tag-phone-number","102":"product_tag-phone-number-list","103":"product_tag-publicidad-por-base-de-datos-correo-electronico","104":"product_tag-telefono","106":"first","107":"instock","108":"sale","109":"virtual","110":"purchasable","111":"product-type-simple","112":"entry","113":"content-bg","114":"loop-entry"},"aioseo_notices":[],"_links":{"self":[{"href":"https:\/\/edirectorios.com.mx\/directorios-latinoamerica\/wp-json\/wp\/v2\/product\/36559","targetHints":{"allow":["GET"]}}],"collection":[{"href":"https:\/\/edirectorios.com.mx\/directorios-latinoamerica\/wp-json\/wp\/v2\/product"}],"about":[{"href":"https:\/\/edirectorios.com.mx\/directorios-latinoamerica\/wp-json\/wp\/v2\/types\/product"}],"version-history":[{"count":1,"href":"https:\/\/edirectorios.com.mx\/directorios-latinoamerica\/wp-json\/wp\/v2\/product\/36559\/revisions"}],"predecessor-version":[{"id":36599,"href":"https:\/\/edirectorios.com.mx\/directorios-latinoamerica\/wp-json\/wp\/v2\/product\/36559\/revisions\/36599"}],"wp:featuredmedia":[{"embeddable":true,"href":"https:\/\/edirectorios.com.mx\/directorios-latinoamerica\/wp-json\/wp\/v2\/media\/31084"}],"wp:attachment":[{"href":"https:\/\/edirectorios.com.mx\/directorios-latinoamerica\/wp-json\/wp\/v2\/media?parent=36559"}],"wp:term":[{"taxonomy":"product_brand","embeddable":true,"href":"https:\/\/edirectorios.com.mx\/directorios-latinoamerica\/wp-json\/wp\/v2\/product_brand?post=36559"},{"taxonomy":"product_cat","embeddable":true,"href":"https:\/\/edirectorios.com.mx\/directorios-latinoamerica\/wp-json\/wp\/v2\/product_cat?post=36559"},{"taxonomy":"product_tag","embeddable":true,"href":"https:\/\/edirectorios.com.mx\/directorios-latinoamerica\/wp-json\/wp\/v2\/product_tag?post=36559"},{"taxonomy":"product_brands","embeddable":true,"href":"https:\/\/edirectorios.com.mx\/directorios-latinoamerica\/wp-json\/wp\/v2\/product_brands?post=36559"}],"curies":[{"name":"wp","href":"https:\/\/api.w.org\/{rel}","templated":true}]}}