{"id":36557,"date":"2025-12-12T17:26:21","date_gmt":"2025-12-12T17:26:21","guid":{"rendered":"https:\/\/edirectorios.com.mx\/directorios-latinoamerica\/?post_type=product&#038;p=36557"},"modified":"2025-12-12T17:27:23","modified_gmt":"2025-12-12T17:27:23","slug":"grandes-corporaciones-y-empresas-que-tengan-mas-de-1000-empleados-a-nivel-nacional-mexico","status":"publish","type":"product","link":"https:\/\/edirectorios.com.mx\/directorios-latinoamerica\/product\/grandes-corporaciones-y-empresas-que-tengan-mas-de-1000-empleados-a-nivel-nacional-mexico\/","title":{"rendered":"Grandes corporaciones y empresas, que tengan m\u00e1s de 1,000 empleados, a Nivel Nacional (M\u00e9xico)."},"content":{"rendered":"","protected":false},"excerpt":{"rendered":"<p>&nbsp;<\/p>\n<div class=\"row\">\n<div class=\"col-sm\"><strong>C\u00f3digo:<\/strong> <strong class=\"text-danger\">NJGP-D4<\/strong><\/div>\n<div class=\"col-sm\"><strong>N\u00famero de registros: <\/strong>600<\/div>\n<\/div>\n<div class=\"row\">\n<div class=\"col-sm \"><strong>Folio: <\/strong><span class=\"text-danger\">03OPMA1221-005<\/span><\/div>\n<\/div>\n<p><strong>Segmentaci\u00f3n:<\/strong><\/p>\n<div class=\"row\">\n<div class=\"col-sm \">Grandes corporaciones y empresas, que tengan m\u00e1s de 1,000 empleados, con un nivel de facturaci\u00f3n de 1,000 millones de d\u00f3lares anuales, del sector de Banca, Telecomunicaciones, Seguros, Tecnolog\u00eda, Utilities (energ\u00e9tico y servicios colectivos), Salud (p\u00fablico o privada), Sector p\u00fablico, Transporte (l\u00ednea a\u00e9rea, terrestre, marina), Miner\u00eda y extracci\u00f3n, Farmacia \/ Sanidad, Venta minorista, Gran consumo (CPG), Automotriz, Comunicaci\u00f3n, Servicios profesionales y Educaci\u00f3n, a Nivel Nacional (M\u00e9xico).<\/div>\n<\/div>\n<p><strong>Campos Contenidos:<\/strong><\/p>\n<div class=\"row\">\n<div class=\"col-sm \">Empresa \/ Nombre de Contacto \/ Puestos: Gerente de Marketing o Director de Marketing o Gerente de MKT Digital o Director de comercio electr\u00f3nico o Gerente de comercio electr\u00f3nico o Director Comercial o Director de atenci\u00f3n al cliente o Director de Comunicaci\u00f3n o Gerente de Comunicaci\u00f3n o Coordinador de social media o Supervisor o coordinador o l\u00edder de Marketing y Comunicaci\u00f3n \/ Email.<\/div>\n<\/div>\n<div class=\"row\">\n<div class=\"col-sm\"><strong>Garant\u00eda: <\/strong>80%-85% <strong>Precio Original: <\/strong><del>$399 USD<\/del> <strong>Descuento Especial: <\/strong><strong class=\"text-danger\">20%<\/strong><\/div>\n<\/div>\n<div class=\"row\">\n<div class=\"col text-center\"><strong>Total a Pagar: <\/strong><strong class=\"text-danger\">$319 USD<\/strong><\/div>\n<\/div>\n","protected":false},"featured_media":31023,"template":"","meta":{"_bst_post_transparent":"","_bst_post_title":"","_bst_post_layout":"","_bst_post_sidebar_id":"","_bst_post_content_style":"","_bst_post_vertical_padding":"","_bst_post_feature":"","_bst_post_feature_position":"","_bst_post_header":false,"_bst_post_footer":false},"product_brand":[],"product_cat":[1060,1267],"product_tag":[1062,1182,1363,1424,1063,1064,1222,1067,1068,1069,1274,1071,1072,1073,1074,1075,1076,1077,1078,1079,1212,1155,1080,1242,1081,1156,1082,1083,1084,1085,1086,1160,1161,1162,1088,1089,1090,1224,1275,1092,1225,1093,1313,1408,1304,1097,1098,1099,1100,1246,1102,1103,1104,1226,1165,1228,1109,1110,1111,1112,1113,1114,1115,1116,1117,1118,1413,1166,1119,1167,1120,1121,1122,1123,1124,1170,1129,1132,1133,1134,1135,1136,1137,1138,1139,1140,1141,1142,1144,1145,1146,1148,1231,1232],"product_brands":[],"class_list":{"0":"post-36557","1":"product","2":"type-product","3":"status-publish","4":"has-post-thumbnail","6":"product_cat-empresas-en-mexico","7":"product_cat-empresas-grandes","8":"product_tag-b2c-email-database","9":"product_tag-base-de-datos","10":"product_tag-base-de-datos-automotriz","11":"product_tag-base-de-datos-autotransporte","12":"product_tag-base-de-datos-campana-de-email-marketing","13":"product_tag-base-de-datos-campanas-de-email-marketing","14":"product_tag-base-de-datos-compras","15":"product_tag-base-de-datos-correo-masivo","16":"product_tag-base-de-datos-correo-masivos","17":"product_tag-base-de-datos-de-director-general","18":"product_tag-base-de-datos-de-empresas-en-mexico","19":"product_tag-base-de-datos-direct-e-mail-marketing","20":"product_tag-base-de-datos-director","21":"product_tag-base-de-datos-e-mail-marketing","22":"product_tag-base-de-datos-email-marketer","23":"product_tag-base-de-datos-email-marketing","24":"product_tag-base-de-datos-email-masivos","25":"product_tag-base-de-datos-email-publicidad","26":"product_tag-base-de-datos-email-publicitario","27":"product_tag-base-de-datos-emailing","28":"product_tag-base-de-datos-empresa","29":"product_tag-base-de-datos-empresas","30":"product_tag-base-de-datos-empresas-de-email-marketing","31":"product_tag-base-de-datos-empresas-grandes","32":"product_tag-base-de-datos-enviar-email-masivo","33":"product_tag-base-de-datos-enviar-mailing","34":"product_tag-base-de-datos-envio-de-email-masivo","35":"product_tag-base-de-datos-envio-masivo-correo","36":"product_tag-base-de-datos-envio-masivo-correos","37":"product_tag-base-de-datos-envio-masivo-de-emails","38":"product_tag-base-de-datos-envios-de-correo-masivos","39":"product_tag-base-de-datos-gerente","40":"product_tag-base-de-datos-mailing","41":"product_tag-base-de-datos-mailing-masivo","42":"product_tag-base-de-datos-marketing","43":"product_tag-base-de-datos-marketing-por-e-mail","44":"product_tag-base-de-datos-marketing-por-email","45":"product_tag-base-de-datos-nivel-nacional","46":"product_tag-base-de-datos-para-empresas","47":"product_tag-base-de-datos-para-marketing","48":"product_tag-base-de-datos-para-ventas","49":"product_tag-base-de-datos-publicidad-por-email","50":"product_tag-base-de-datos-tecnologia","51":"product_tag-base-de-datos-telecomunicaciones","52":"product_tag-base-de-datos-transporte","53":"product_tag-bases-de-datos-correos","54":"product_tag-bases-de-datos-correos-electronicos","55":"product_tag-bases-de-datos-de-emails","56":"product_tag-bases-de-datos-de-marketing","57":"product_tag-bases-de-datos-director-de-ti","58":"product_tag-bases-de-datos-email","59":"product_tag-bases-de-datos-email-empresas","60":"product_tag-bases-de-datos-emailing","61":"product_tag-bases-de-datos-emails","62":"product_tag-bases-de-datos-mailing","63":"product_tag-bases-de-datos-para-ventas","64":"product_tag-business-contact-lists","65":"product_tag-business-directory","66":"product_tag-business-email-database","67":"product_tag-business-email-list","68":"product_tag-business-email-lists","69":"product_tag-business-mailing-database","70":"product_tag-business-mailing-lists","71":"product_tag-buy-email-database","72":"product_tag-buy-email-list","73":"product_tag-buy-email-list-database","74":"product_tag-comercio","75":"product_tag-companies-email-address-list","76":"product_tag-company-database","77":"product_tag-company-email-address-list","78":"product_tag-correo-de-empresas","79":"product_tag-correos-de-empresas","80":"product_tag-correos-electronicos-de-empresas","81":"product_tag-correos-electronicos-empresas","82":"product_tag-correos-empresariales","83":"product_tag-database","84":"product_tag-directorio-empresas","85":"product_tag-e-mail-database","86":"product_tag-email-address-list","87":"product_tag-email-database","88":"product_tag-email-lists","89":"product_tag-email-marketing-list","90":"product_tag-list-of-email-addresses","91":"product_tag-lista-de-correos","92":"product_tag-lista-de-correos-electronicos","93":"product_tag-mail-marketing","94":"product_tag-mailing-database","95":"product_tag-mailing-list","96":"product_tag-marketing-correo-electronico","97":"product_tag-marketing-lists","98":"product_tag-publicidad-por-base-de-datos-correo-electronico","99":"product_tag-tele-marketing-list","100":"product_tag-venta-base-de-datos","101":"product_tag-venta-de-base-de-datos-de-empresas","103":"first","104":"instock","105":"sale","106":"virtual","107":"purchasable","108":"product-type-simple","109":"entry","110":"content-bg","111":"loop-entry"},"aioseo_notices":[],"_links":{"self":[{"href":"https:\/\/edirectorios.com.mx\/directorios-latinoamerica\/wp-json\/wp\/v2\/product\/36557","targetHints":{"allow":["GET"]}}],"collection":[{"href":"https:\/\/edirectorios.com.mx\/directorios-latinoamerica\/wp-json\/wp\/v2\/product"}],"about":[{"href":"https:\/\/edirectorios.com.mx\/directorios-latinoamerica\/wp-json\/wp\/v2\/types\/product"}],"version-history":[{"count":1,"href":"https:\/\/edirectorios.com.mx\/directorios-latinoamerica\/wp-json\/wp\/v2\/product\/36557\/revisions"}],"predecessor-version":[{"id":36597,"href":"https:\/\/edirectorios.com.mx\/directorios-latinoamerica\/wp-json\/wp\/v2\/product\/36557\/revisions\/36597"}],"wp:featuredmedia":[{"embeddable":true,"href":"https:\/\/edirectorios.com.mx\/directorios-latinoamerica\/wp-json\/wp\/v2\/media\/31023"}],"wp:attachment":[{"href":"https:\/\/edirectorios.com.mx\/directorios-latinoamerica\/wp-json\/wp\/v2\/media?parent=36557"}],"wp:term":[{"taxonomy":"product_brand","embeddable":true,"href":"https:\/\/edirectorios.com.mx\/directorios-latinoamerica\/wp-json\/wp\/v2\/product_brand?post=36557"},{"taxonomy":"product_cat","embeddable":true,"href":"https:\/\/edirectorios.com.mx\/directorios-latinoamerica\/wp-json\/wp\/v2\/product_cat?post=36557"},{"taxonomy":"product_tag","embeddable":true,"href":"https:\/\/edirectorios.com.mx\/directorios-latinoamerica\/wp-json\/wp\/v2\/product_tag?post=36557"},{"taxonomy":"product_brands","embeddable":true,"href":"https:\/\/edirectorios.com.mx\/directorios-latinoamerica\/wp-json\/wp\/v2\/product_brands?post=36557"}],"curies":[{"name":"wp","href":"https:\/\/api.w.org\/{rel}","templated":true}]}}