{"id":36554,"date":"2025-12-12T17:26:21","date_gmt":"2025-12-12T17:26:21","guid":{"rendered":"https:\/\/edirectorios.com.mx\/directorios-latinoamerica\/?post_type=product&#038;p=36554"},"modified":"2025-12-12T17:27:17","modified_gmt":"2025-12-12T17:27:17","slug":"empresas-aaa-que-cuenten-con-un-departamento-de-seguridad-patrimonial-en-leon-guanajuato-queretaro-ciudad-de-mexico-y-estado-de-mexico-en-jalisco-y-en-veracruz","status":"publish","type":"product","link":"https:\/\/edirectorios.com.mx\/directorios-latinoamerica\/product\/empresas-aaa-que-cuenten-con-un-departamento-de-seguridad-patrimonial-en-leon-guanajuato-queretaro-ciudad-de-mexico-y-estado-de-mexico-en-jalisco-y-en-veracruz\/","title":{"rendered":"Empresas AAA que cuenten con un departamento de seguridad patrimonial  en  Le\u00f3n Guanajuato,  Quer\u00e9taro,  Ciudad de M\u00e9xico y Estado de M\u00e9xico,  en  Jalisco y  en Veracruz."},"content":{"rendered":"","protected":false},"excerpt":{"rendered":"<p>&nbsp;<\/p>\n<div class=\"row\">\n<div class=\"col-sm\"><strong>C\u00f3digo:<\/strong> <strong class=\"text-danger\">HVWF-D8<\/strong><\/div>\n<div class=\"col-sm\"><strong>N\u00famero de registros: <\/strong>250<\/div>\n<\/div>\n<div class=\"row\">\n<div class=\"col-sm \"><strong>Folio: <\/strong><span class=\"text-danger\">RG0122B012<\/span><\/div>\n<\/div>\n<p><strong>Segmentaci\u00f3n:<\/strong><\/p>\n<div class=\"row\">\n<div class=\"col-sm \">Empresas AAA que cuenten con un departamento de seguridad patrimonial con 15% de los registros en Le\u00f3n Guanajuato, 30 % en Quer\u00e9taro, 30% en Ciudad de M\u00e9xico y Estado de M\u00e9xico, 15% en Jalisco y 10% en Veracruz.<\/div>\n<\/div>\n<p><strong>Campos Contenidos:<\/strong><\/p>\n<div class=\"row\">\n<div class=\"col-sm \">Empresa \/ Giro \/ Direcci\u00f3n \/ Ciudad \/ Estado \/ Contacto 1 \/ Puesto 1 : Encargado de RH o Encargado del departamento de Seguridad o Encargado de Compras. \/ Tel\u00e9fono 1 \/ Email 1 \/ Contacto 2 \/ Puesto 2 : Encargado de RH o Encargado del departamento de Seguridad o Encargado de Compras. \/ Tel\u00e9fono 2 \/ Email 2 \/ P\u00e1gina web*opcional.<\/div>\n<\/div>\n<div class=\"row\">\n<div class=\"col-sm\"><strong>Garant\u00eda: <\/strong>80%-85% <strong>Precio Original: <\/strong><del>$212 USD<\/del> <strong>Descuento Especial: <\/strong><strong class=\"text-danger\">20%<\/strong><\/div>\n<\/div>\n<div class=\"row\">\n<div class=\"col text-center\"><strong>Total a Pagar: <\/strong><strong class=\"text-danger\">$169 USD<\/strong><\/div>\n<\/div>\n","protected":false},"featured_media":31084,"template":"","meta":{"_bst_post_transparent":"","_bst_post_title":"","_bst_post_layout":"","_bst_post_sidebar_id":"","_bst_post_content_style":"","_bst_post_vertical_padding":"","_bst_post_feature":"","_bst_post_feature_position":"","_bst_post_header":false,"_bst_post_footer":false},"product_brand":[],"product_cat":[1321,1060],"product_tag":[1062,1182,1424,1063,1064,1066,1222,1067,1068,1211,1322,1274,1385,1071,1073,1074,1075,1076,1077,1078,1079,1154,1212,1213,1155,1355,1080,1386,1387,1176,1177,1081,1082,1083,1084,1085,1086,1087,1269,1088,1089,1090,1388,1275,1092,1093,1270,1284,1097,1098,1099,1101,1102,1103,1104,1289,1179,1105,1106,1107,1108,1109,1110,1111,1112,1113,1115,1117,1118,1166,1167,1345,1346,1120,1121,1122,1123,1124,1127,1309,1128,1129,1390,1131,1310,1133,1135,1136,1171,1137,1138,1139,1140,1142,1144,1145,1412,1394,1230,1172,1173,1174,1175,1146,1149],"product_brands":[],"class_list":{"0":"post-36554","1":"product","2":"type-product","3":"status-publish","4":"has-post-thumbnail","6":"product_cat-con-mas-de-500-empleados","7":"product_cat-empresas-en-mexico","8":"product_tag-b2c-email-database","9":"product_tag-base-de-datos","10":"product_tag-base-de-datos-autotransporte","11":"product_tag-base-de-datos-campana-de-email-marketing","12":"product_tag-base-de-datos-campanas-de-email-marketing","13":"product_tag-base-de-datos-ciudad-de-mexico","14":"product_tag-base-de-datos-compras","15":"product_tag-base-de-datos-correo-masivo","16":"product_tag-base-de-datos-correo-masivos","17":"product_tag-base-de-datos-de-empresas-b2b","18":"product_tag-base-de-datos-de-empresas-con-mas-de-500-empleados","19":"product_tag-base-de-datos-de-empresas-en-mexico","20":"product_tag-base-de-datos-de-mexico","21":"product_tag-base-de-datos-direct-e-mail-marketing","22":"product_tag-base-de-datos-e-mail-marketing","23":"product_tag-base-de-datos-email-marketer","24":"product_tag-base-de-datos-email-marketing","25":"product_tag-base-de-datos-email-masivos","26":"product_tag-base-de-datos-email-publicidad","27":"product_tag-base-de-datos-email-publicitario","28":"product_tag-base-de-datos-emailing","29":"product_tag-base-de-datos-emails-mexico","30":"product_tag-base-de-datos-empresa","31":"product_tag-base-de-datos-empresarial","32":"product_tag-base-de-datos-empresas","33":"product_tag-base-de-datos-empresas-aaa","34":"product_tag-base-de-datos-empresas-de-email-marketing","35":"product_tag-base-de-datos-empresas-en-mexico","36":"product_tag-base-de-datos-empresas-mexico","37":"product_tag-base-de-datos-encargados","38":"product_tag-base-de-datos-encargados-de-compras","39":"product_tag-base-de-datos-enviar-email-masivo","40":"product_tag-base-de-datos-envio-de-email-masivo","41":"product_tag-base-de-datos-envio-masivo-correo","42":"product_tag-base-de-datos-envio-masivo-correos","43":"product_tag-base-de-datos-envio-masivo-de-emails","44":"product_tag-base-de-datos-envios-de-correo-masivos","45":"product_tag-base-de-datos-estado-de-mexico","46":"product_tag-base-de-datos-guanajuato","47":"product_tag-base-de-datos-marketing","48":"product_tag-base-de-datos-marketing-por-e-mail","49":"product_tag-base-de-datos-marketing-por-email","50":"product_tag-base-de-datos-mexico","51":"product_tag-base-de-datos-para-empresas","52":"product_tag-base-de-datos-para-marketing","53":"product_tag-base-de-datos-publicidad-por-email","54":"product_tag-base-de-datos-queretaro","55":"product_tag-base-de-datos-recursos-humanos","56":"product_tag-bases-de-datos-correos","57":"product_tag-bases-de-datos-correos-electronicos","58":"product_tag-bases-de-datos-de-emails","59":"product_tag-bases-de-datos-de-telefonos","60":"product_tag-bases-de-datos-email","61":"product_tag-bases-de-datos-email-empresas","62":"product_tag-bases-de-datos-emailing","63":"product_tag-bases-de-datos-hospitales","64":"product_tag-bases-de-datos-jalisco","65":"product_tag-bases-de-datos-numeros-de-telefonos","66":"product_tag-bases-de-datos-telefono","67":"product_tag-bases-de-datos-telefonos-fijos","68":"product_tag-bases-de-datos-veracruz","69":"product_tag-business-contact-lists","70":"product_tag-business-directory","71":"product_tag-business-email-database","72":"product_tag-business-email-list","73":"product_tag-business-email-lists","74":"product_tag-business-mailing-lists","75":"product_tag-buy-email-list","76":"product_tag-buy-email-list-database","77":"product_tag-companies-email-address-list","78":"product_tag-company-email-address-list","79":"product_tag-compra-base-de-datos","80":"product_tag-comprar-bases-de-datos-mexico","81":"product_tag-correo-de-empresas","82":"product_tag-correos-de-empresas","83":"product_tag-correos-electronicos-de-empresas","84":"product_tag-correos-electronicos-empresas","85":"product_tag-correos-empresariales","86":"product_tag-directorio-empresarial","87":"product_tag-directorio-empresarial-mexico","88":"product_tag-directorio-empresariales","89":"product_tag-directorio-empresas","90":"product_tag-directorio-mexico","91":"product_tag-directorios-empresas","92":"product_tag-directorios-en-mexico","93":"product_tag-email-address-list","94":"product_tag-email-lists","95":"product_tag-email-marketing-list","96":"product_tag-email-marketing-mexico","97":"product_tag-list-of-email-addresses","98":"product_tag-lista-de-correos","99":"product_tag-lista-de-correos-electronicos","100":"product_tag-mail-marketing","101":"product_tag-mailing-list","102":"product_tag-marketing-correo-electronico","103":"product_tag-marketing-lists","104":"product_tag-marketing-mexico","105":"product_tag-mexico-business-directory","106":"product_tag-national-database","107":"product_tag-phone-database","108":"product_tag-phone-lists","109":"product_tag-phone-number","110":"product_tag-phone-number-list","111":"product_tag-publicidad-por-base-de-datos-correo-electronico","112":"product_tag-telefono","114":"first","115":"instock","116":"sale","117":"shipping-taxable","118":"purchasable","119":"product-type-simple","120":"entry","121":"content-bg","122":"loop-entry"},"aioseo_notices":[],"_links":{"self":[{"href":"https:\/\/edirectorios.com.mx\/directorios-latinoamerica\/wp-json\/wp\/v2\/product\/36554","targetHints":{"allow":["GET"]}}],"collection":[{"href":"https:\/\/edirectorios.com.mx\/directorios-latinoamerica\/wp-json\/wp\/v2\/product"}],"about":[{"href":"https:\/\/edirectorios.com.mx\/directorios-latinoamerica\/wp-json\/wp\/v2\/types\/product"}],"version-history":[{"count":1,"href":"https:\/\/edirectorios.com.mx\/directorios-latinoamerica\/wp-json\/wp\/v2\/product\/36554\/revisions"}],"predecessor-version":[{"id":36594,"href":"https:\/\/edirectorios.com.mx\/directorios-latinoamerica\/wp-json\/wp\/v2\/product\/36554\/revisions\/36594"}],"wp:featuredmedia":[{"embeddable":true,"href":"https:\/\/edirectorios.com.mx\/directorios-latinoamerica\/wp-json\/wp\/v2\/media\/31084"}],"wp:attachment":[{"href":"https:\/\/edirectorios.com.mx\/directorios-latinoamerica\/wp-json\/wp\/v2\/media?parent=36554"}],"wp:term":[{"taxonomy":"product_brand","embeddable":true,"href":"https:\/\/edirectorios.com.mx\/directorios-latinoamerica\/wp-json\/wp\/v2\/product_brand?post=36554"},{"taxonomy":"product_cat","embeddable":true,"href":"https:\/\/edirectorios.com.mx\/directorios-latinoamerica\/wp-json\/wp\/v2\/product_cat?post=36554"},{"taxonomy":"product_tag","embeddable":true,"href":"https:\/\/edirectorios.com.mx\/directorios-latinoamerica\/wp-json\/wp\/v2\/product_tag?post=36554"},{"taxonomy":"product_brands","embeddable":true,"href":"https:\/\/edirectorios.com.mx\/directorios-latinoamerica\/wp-json\/wp\/v2\/product_brands?post=36554"}],"curies":[{"name":"wp","href":"https:\/\/api.w.org\/{rel}","templated":true}]}}