{"id":36540,"date":"2025-12-12T17:25:57","date_gmt":"2025-12-12T17:25:57","guid":{"rendered":"https:\/\/edirectorios.com.mx\/directorios-latinoamerica\/?post_type=product&#038;p=36540"},"modified":"2025-12-12T17:27:02","modified_gmt":"2025-12-12T17:27:02","slug":"empresas-que-cuenten-con-un-numero-mayor-de-250-empleados-de-sectores-productivos","status":"publish","type":"product","link":"https:\/\/edirectorios.com.mx\/directorios-latinoamerica\/product\/empresas-que-cuenten-con-un-numero-mayor-de-250-empleados-de-sectores-productivos\/","title":{"rendered":"Empresas que cuenten con un n\u00famero mayor de 250 empleados de sectores productivos"},"content":{"rendered":"","protected":false},"excerpt":{"rendered":"<p>&nbsp;<\/p>\n<div class=\"row\">\n<div class=\"col-sm\"><strong>C\u00f3digo:<\/strong> <strong class=\"text-danger\">XDDT-2<\/strong><\/div>\n<div class=\"col-sm\"><strong>N\u00famero de registros: <\/strong>1000<\/div>\n<\/div>\n<div class=\"row\">\n<div class=\"col-sm \"><strong>Folio: <\/strong><span class=\"text-danger\">WH1221B039<\/span><\/div>\n<\/div>\n<p><strong>Segmentaci\u00f3n:<\/strong><\/p>\n<div class=\"row\">\n<div class=\"col-sm \">\n<div class=\"col-sm \"><span class=\"text-justify\">Empresas que cuenten con un n\u00famero mayor de 250 empleados de sectores productivos (de preferencia no de servicios) en los estados de Nuevo Le\u00f3n, Ciudad de M\u00e9xico, Estado de M\u00e9xico (Toluca, Lerma), Sinaloa, Puebla, Michoac\u00e1n, San Luis Potos\u00ed, Sonora y ciudades de Guadalajara, Le\u00f3n Guanajuato, Quer\u00e9taro y Veracruz.<\/span><\/div>\n<\/div>\n<\/div>\n<p><strong>Campos Contenidos:<\/strong><\/p>\n<div class=\"row\">\n<div class=\"col-sm \">Empresa \/ Rango de empleados \/ Giro \/ Ciudad \/ Estado \/ Contacto \/ Puesto: gerente general o gerente de finanzas o gerente de compras o gerente de ventas o director genera\/ Tel\u00e9fono \/ Email.<\/div>\n<\/div>\n<div class=\"row\">\n<div class=\"col-sm\"><strong>Garant\u00eda: <\/strong>80%-85% <strong>Precio Original: <\/strong><del><span style=\"text-decoration: line-through;\">$555 USD<\/span><\/del>\u00a0<strong>Descuento Especial: <\/strong><strong class=\"text-danger\">20%<\/strong><\/div>\n<\/div>\n<div class=\"row\">\n<div class=\"col text-center\"><strong>Total a Pagar: <\/strong><strong class=\"text-danger\">$444 USD<\/strong><\/div>\n<\/div>\n","protected":false},"featured_media":31013,"template":"","meta":{"_bst_post_transparent":"","_bst_post_title":"","_bst_post_layout":"","_bst_post_sidebar_id":"","_bst_post_content_style":"","_bst_post_vertical_padding":"","_bst_post_feature":"","_bst_post_feature_position":"","_bst_post_header":false,"_bst_post_footer":false},"product_brand":[],"product_cat":[1060],"product_tag":[1062,1182,1063,1064,1066,1067,1068,1069,1211,1070,1071,1074,1075,1076,1077,1078,1079,1155,1080,1081,1082,1157,1083,1084,1085,1158,1086,1159,1087,1160,1216,1269,1088,1089,1090,1188,1092,1093,1270,1217,1316,1271,1095,1097,1098,1099,1100,1101,1102,1104,1226,1165,1105,1228,1106,1107,1108,1229,1111,1114,1116,1117,1118,1119,1167,1170,1254,1218,1133,1135,1136,1137,1138,1139,1140,1142,1144,1145,1205,1206,1172,1173,1174,1175,1146,1149],"product_brands":[],"class_list":{"0":"post-36540","1":"product","2":"type-product","3":"status-publish","4":"has-post-thumbnail","6":"product_cat-empresas-en-mexico","7":"product_tag-b2c-email-database","8":"product_tag-base-de-datos","9":"product_tag-base-de-datos-campana-de-email-marketing","10":"product_tag-base-de-datos-campanas-de-email-marketing","11":"product_tag-base-de-datos-ciudad-de-mexico","12":"product_tag-base-de-datos-correo-masivo","13":"product_tag-base-de-datos-correo-masivos","14":"product_tag-base-de-datos-de-director-general","15":"product_tag-base-de-datos-de-empresas-b2b","16":"product_tag-base-de-datos-de-empresas-puebla","17":"product_tag-base-de-datos-direct-e-mail-marketing","18":"product_tag-base-de-datos-email-marketer","19":"product_tag-base-de-datos-email-marketing","20":"product_tag-base-de-datos-email-masivos","21":"product_tag-base-de-datos-email-publicidad","22":"product_tag-base-de-datos-email-publicitario","23":"product_tag-base-de-datos-emailing","24":"product_tag-base-de-datos-empresas","25":"product_tag-base-de-datos-empresas-de-email-marketing","26":"product_tag-base-de-datos-enviar-email-masivo","27":"product_tag-base-de-datos-envio-de-email-masivo","28":"product_tag-base-de-datos-envio-masivo","29":"product_tag-base-de-datos-envio-masivo-correo","30":"product_tag-base-de-datos-envio-masivo-correos","31":"product_tag-base-de-datos-envio-masivo-de-emails","32":"product_tag-base-de-datos-envio-masivos","33":"product_tag-base-de-datos-envios-de-correo-masivos","34":"product_tag-base-de-datos-envios-masivos","35":"product_tag-base-de-datos-estado-de-mexico","36":"product_tag-base-de-datos-gerente","37":"product_tag-base-de-datos-guadalajara","38":"product_tag-base-de-datos-guanajuato","39":"product_tag-base-de-datos-marketing","40":"product_tag-base-de-datos-marketing-por-e-mail","41":"product_tag-base-de-datos-marketing-por-email","42":"product_tag-base-de-datos-nuevo-leon","43":"product_tag-base-de-datos-para-marketing","44":"product_tag-base-de-datos-publicidad-por-email","45":"product_tag-base-de-datos-queretaro","46":"product_tag-base-de-datos-san-luis-potosi","47":"product_tag-base-de-datos-sinaloa","48":"product_tag-base-de-datos-sonora","49":"product_tag-base-de-datos-veracruz","50":"product_tag-bases-de-datos-correos","51":"product_tag-bases-de-datos-correos-electronicos","52":"product_tag-bases-de-datos-de-emails","53":"product_tag-bases-de-datos-de-marketing","54":"product_tag-bases-de-datos-de-telefonos","55":"product_tag-bases-de-datos-email","56":"product_tag-bases-de-datos-emailing","57":"product_tag-bases-de-datos-emails","58":"product_tag-bases-de-datos-mailing","59":"product_tag-bases-de-datos-numeros-de-telefonos","60":"product_tag-bases-de-datos-para-ventas","61":"product_tag-bases-de-datos-telefono","62":"product_tag-bases-de-datos-telefonos-fijos","63":"product_tag-bases-de-datos-veracruz","64":"product_tag-big-corporates-database","65":"product_tag-business-email-database","66":"product_tag-business-mailing-database","67":"product_tag-buy-email-database","68":"product_tag-buy-email-list","69":"product_tag-buy-email-list-database","70":"product_tag-company-database","71":"product_tag-company-email-address-list","72":"product_tag-database","73":"product_tag-databases","74":"product_tag-directorios-guadalajara","75":"product_tag-email-address-list","76":"product_tag-email-lists","77":"product_tag-email-marketing-list","78":"product_tag-list-of-email-addresses","79":"product_tag-lista-de-correos","80":"product_tag-lista-de-correos-electronicos","81":"product_tag-mail-marketing","82":"product_tag-mailing-list","83":"product_tag-marketing-correo-electronico","84":"product_tag-marketing-lists","85":"product_tag-nuevo-leon-database","86":"product_tag-phone","87":"product_tag-phone-database","88":"product_tag-phone-lists","89":"product_tag-phone-number","90":"product_tag-phone-number-list","91":"product_tag-publicidad-por-base-de-datos-correo-electronico","92":"product_tag-telefono","94":"first","95":"instock","96":"sale","97":"virtual","98":"purchasable","99":"product-type-simple","100":"entry","101":"content-bg","102":"loop-entry"},"aioseo_notices":[],"_links":{"self":[{"href":"https:\/\/edirectorios.com.mx\/directorios-latinoamerica\/wp-json\/wp\/v2\/product\/36540","targetHints":{"allow":["GET"]}}],"collection":[{"href":"https:\/\/edirectorios.com.mx\/directorios-latinoamerica\/wp-json\/wp\/v2\/product"}],"about":[{"href":"https:\/\/edirectorios.com.mx\/directorios-latinoamerica\/wp-json\/wp\/v2\/types\/product"}],"version-history":[{"count":1,"href":"https:\/\/edirectorios.com.mx\/directorios-latinoamerica\/wp-json\/wp\/v2\/product\/36540\/revisions"}],"predecessor-version":[{"id":36589,"href":"https:\/\/edirectorios.com.mx\/directorios-latinoamerica\/wp-json\/wp\/v2\/product\/36540\/revisions\/36589"}],"wp:featuredmedia":[{"embeddable":true,"href":"https:\/\/edirectorios.com.mx\/directorios-latinoamerica\/wp-json\/wp\/v2\/media\/31013"}],"wp:attachment":[{"href":"https:\/\/edirectorios.com.mx\/directorios-latinoamerica\/wp-json\/wp\/v2\/media?parent=36540"}],"wp:term":[{"taxonomy":"product_brand","embeddable":true,"href":"https:\/\/edirectorios.com.mx\/directorios-latinoamerica\/wp-json\/wp\/v2\/product_brand?post=36540"},{"taxonomy":"product_cat","embeddable":true,"href":"https:\/\/edirectorios.com.mx\/directorios-latinoamerica\/wp-json\/wp\/v2\/product_cat?post=36540"},{"taxonomy":"product_tag","embeddable":true,"href":"https:\/\/edirectorios.com.mx\/directorios-latinoamerica\/wp-json\/wp\/v2\/product_tag?post=36540"},{"taxonomy":"product_brands","embeddable":true,"href":"https:\/\/edirectorios.com.mx\/directorios-latinoamerica\/wp-json\/wp\/v2\/product_brands?post=36540"}],"curies":[{"name":"wp","href":"https:\/\/api.w.org\/{rel}","templated":true}]}}