{"id":36500,"date":"2025-12-12T17:25:06","date_gmt":"2025-12-12T17:25:06","guid":{"rendered":"https:\/\/edirectorios.com.mx\/directorios-latinoamerica\/?post_type=product&#038;p=36500"},"modified":"2025-12-12T17:26:11","modified_gmt":"2025-12-12T17:26:11","slug":"personas-fisicas-que-tengan-una-linea-de-credito-minima-de-25-mil-pesos-y-que-tengan-un-porcentaje-en-buro-de-credito-de-mas-de-675-puntos-y-personas-fisicas-que-tengan-una-deuda-de-mas-de-200-mi","status":"publish","type":"product","link":"https:\/\/edirectorios.com.mx\/directorios-latinoamerica\/product\/personas-fisicas-que-tengan-una-linea-de-credito-minima-de-25-mil-pesos-y-que-tengan-un-porcentaje-en-buro-de-credito-de-mas-de-675-puntos-y-personas-fisicas-que-tengan-una-deuda-de-mas-de-200-mi\/","title":{"rendered":"Personas f\u00edsicas, que tengan una l\u00ednea de cr\u00e9dito m\u00ednima de 25 mil pesos y que tengan  un porcentaje en buro de cr\u00e9dito de m\u00e1s de 675 puntos y   Personas f\u00edsicas  que tengan una deuda de m\u00e1s de 200 mil pesos a Nivel Nacional."},"content":{"rendered":"","protected":false},"excerpt":{"rendered":"<p>&nbsp;<\/p>\n<div class=\"row\">\n<div class=\"col-sm\"><strong>C\u00f3digo:<\/strong> <strong class=\"text-danger\">DFGV-H8<\/strong><\/div>\n<div class=\"col-sm\"><strong>N\u00famero de registros: <\/strong>1000<\/div>\n<\/div>\n<div class=\"row\">\n<div class=\"col-sm \"><strong>Folio: <\/strong><span class=\"text-danger\">CF1121B029<\/span><\/div>\n<\/div>\n<p><strong>Segmentaci\u00f3n:<\/strong><\/p>\n<div class=\"row\">\n<div class=\"col-sm \">*500 registros de Personas f\u00edsicas, mayores de edad, econ\u00f3micamente activas, que sean tarjetahabientes, que tengan una l\u00ednea de cr\u00e9dito m\u00ednima de 25 mil pesos y que tengan un porcentaje en buro de cr\u00e9dito de m\u00e1s de 675 puntos, a Nivel Nacional * 500 registros de Personas f\u00edsicas, mayores de edad, econ\u00f3micamente activas, que tengan una deuda de m\u00e1s de 200 mil pesos, a Nivel Nacional.<\/div>\n<\/div>\n<p><strong>Campos Contenidos:<\/strong><\/p>\n<div class=\"row\">\n<div class=\"col-sm \">* Nombre \/ Direcci\u00f3n \/ Ciudad \/ Estado \/ Celular *Nombre \/ Direcci\u00f3n \/ Ciudad \/ Estado \/ Celular<\/div>\n<\/div>\n<div class=\"row\">\n<div class=\"col-sm\"><strong>Garant\u00eda: <\/strong>80%-85% <strong>Precio Original: <\/strong><del>$501 USD<\/del> <strong>Descuento Especial: <\/strong><strong class=\"text-danger\">20%<\/strong><\/div>\n<\/div>\n<div class=\"row\">\n<div class=\"col text-center\"><strong>Total a Pagar: <\/strong><strong class=\"text-danger\">$400 USD<\/strong><\/div>\n<\/div>\n","protected":false},"featured_media":31224,"template":"","meta":{"_bst_post_transparent":"","_bst_post_title":"","_bst_post_layout":"","_bst_post_sidebar_id":"","_bst_post_content_style":"","_bst_post_vertical_padding":"","_bst_post_feature":"","_bst_post_feature_position":"","_bst_post_header":false,"_bst_post_footer":false},"product_brand":[],"product_cat":[1180],"product_tag":[1404,1294,1186,1187,1405,1224,1295,1406,1190,1508,1191,1192,1193,1197,1201,1296,1407,1297,1298,1299,1300,1301,1302,1230,1303],"product_brands":[],"class_list":{"0":"post-36500","1":"product","2":"type-product","3":"status-publish","4":"has-post-thumbnail","6":"product_cat-personas-en-mexico","7":"product_tag-base-de-datos-celulares","8":"product_tag-base-de-datos-de-numeros-celulares","9":"product_tag-base-de-datos-de-personas-fisicas","10":"product_tag-base-de-datos-de-tarjetahabientes","11":"product_tag-base-de-datos-de-telefonos-moviles","12":"product_tag-base-de-datos-nivel-nacional","13":"product_tag-base-de-datos-numeros-de-telefonos-celulares","14":"product_tag-base-de-datos-telefonos-moviles","15":"product_tag-big-consumer-database","16":"product_tag-consumer-cellular-phone-number","17":"product_tag-consumer-contact-lists","18":"product_tag-consumer-database","19":"product_tag-consumer-directory","20":"product_tag-consumer-list","21":"product_tag-consumer-phone-list","22":"product_tag-lista-de-numeros-de-telefonos-celulares","23":"product_tag-mobile","24":"product_tag-mobile-database","25":"product_tag-mobile-directory","26":"product_tag-mobile-list","27":"product_tag-mobile-number-database","28":"product_tag-mobile-number-list","29":"product_tag-mobile-phone-number","30":"product_tag-national-database","31":"product_tag-numeros-de-telefonos-celulares","33":"first","34":"instock","35":"sale","36":"shipping-taxable","37":"purchasable","38":"product-type-simple","39":"entry","40":"content-bg","41":"loop-entry"},"aioseo_notices":[],"_links":{"self":[{"href":"https:\/\/edirectorios.com.mx\/directorios-latinoamerica\/wp-json\/wp\/v2\/product\/36500","targetHints":{"allow":["GET"]}}],"collection":[{"href":"https:\/\/edirectorios.com.mx\/directorios-latinoamerica\/wp-json\/wp\/v2\/product"}],"about":[{"href":"https:\/\/edirectorios.com.mx\/directorios-latinoamerica\/wp-json\/wp\/v2\/types\/product"}],"version-history":[{"count":1,"href":"https:\/\/edirectorios.com.mx\/directorios-latinoamerica\/wp-json\/wp\/v2\/product\/36500\/revisions"}],"predecessor-version":[{"id":36550,"href":"https:\/\/edirectorios.com.mx\/directorios-latinoamerica\/wp-json\/wp\/v2\/product\/36500\/revisions\/36550"}],"wp:featuredmedia":[{"embeddable":true,"href":"https:\/\/edirectorios.com.mx\/directorios-latinoamerica\/wp-json\/wp\/v2\/media\/31224"}],"wp:attachment":[{"href":"https:\/\/edirectorios.com.mx\/directorios-latinoamerica\/wp-json\/wp\/v2\/media?parent=36500"}],"wp:term":[{"taxonomy":"product_brand","embeddable":true,"href":"https:\/\/edirectorios.com.mx\/directorios-latinoamerica\/wp-json\/wp\/v2\/product_brand?post=36500"},{"taxonomy":"product_cat","embeddable":true,"href":"https:\/\/edirectorios.com.mx\/directorios-latinoamerica\/wp-json\/wp\/v2\/product_cat?post=36500"},{"taxonomy":"product_tag","embeddable":true,"href":"https:\/\/edirectorios.com.mx\/directorios-latinoamerica\/wp-json\/wp\/v2\/product_tag?post=36500"},{"taxonomy":"product_brands","embeddable":true,"href":"https:\/\/edirectorios.com.mx\/directorios-latinoamerica\/wp-json\/wp\/v2\/product_brands?post=36500"}],"curies":[{"name":"wp","href":"https:\/\/api.w.org\/{rel}","templated":true}]}}