{"id":36484,"date":"2025-12-12T17:24:43","date_gmt":"2025-12-12T17:24:43","guid":{"rendered":"https:\/\/edirectorios.com.mx\/directorios-latinoamerica\/?post_type=product&#038;p=36484"},"modified":"2025-12-12T17:25:52","modified_gmt":"2025-12-12T17:25:52","slug":"industria-de-1000-a-10000-empleados-en-jalisco-nuevo-leon-df-san-luis-potosi-guanajuato-queretaro-sinaloa-sonora-chihuahua-zacatecas-nayarit-tijuana-baja-california","status":"publish","type":"product","link":"https:\/\/edirectorios.com.mx\/directorios-latinoamerica\/product\/industria-de-1000-a-10000-empleados-en-jalisco-nuevo-leon-df-san-luis-potosi-guanajuato-queretaro-sinaloa-sonora-chihuahua-zacatecas-nayarit-tijuana-baja-california\/","title":{"rendered":"Industria: De 1,000 a 10,000 empleados en Jalisco, Nuevo Le\u00f3n, DF ,San Luis Potos\u00ed, Guanajuato, Quer\u00e9taro, Sinaloa, Sonora, Chihuahua, Zacatecas, Nayarit, Tijuana, Baja California"},"content":{"rendered":"","protected":false},"excerpt":{"rendered":"<p>&nbsp;<\/p>\n<div class=\"row\">\n<div class=\"col-sm\"><strong>C\u00f3digo:<\/strong> <strong class=\"text-danger\">KPJO-D7-1<\/strong><\/div>\n<div class=\"col-sm\"><strong>N\u00famero de registros: <\/strong>1000<\/div>\n<\/div>\n<div class=\"row\">\n<div class=\"col-sm \"><strong>Folio: <\/strong><span class=\"text-danger\">SE0520B087<\/span><\/div>\n<\/div>\n<p><strong>Segmentaci\u00f3n:<\/strong><\/p>\n<div class=\"row\">\n<div class=\"col-sm \">1.-Industria: De 1,000 a 10,000 empleados &#8211; Farmac\u00e9utica, Fabricantes de suplementos alimenticios, Fabricante de Alimentos y bebidas, tequileras, cerveceras, bebidas alcoh\u00f3licas, fabricantes de productos qu\u00edmicos, fabricantes de v\u00e1lvulas y herramientas. 2.-Retail: De 500 empleados en adelante &#8211; Tiendas departamentales, de autoservicio y tiendas de conveniencia y retail farmac\u00e9utico. 3.- Servicios: De 250 en adelante &#8211; Call centers, Hospitales, Laboratorios de an\u00e1lisis cl\u00ednicos, financieras, Fintech, cajas populares, despachos legales y fiscales en Jalisco, Nuevo Le\u00f3n, DF ,San Luis Potos\u00ed, Guanajuato, Quer\u00e9taro, Sinaloa, Sonora, Chihuahua, Zacatecas, Nayarit, Tijuana, Baja California<\/div>\n<\/div>\n<p><strong>Campos Contenidos:<\/strong><\/p>\n<div class=\"row\">\n<div class=\"col-sm \">Empresa \/ Giro \/ Tel\u00e9fono del corporativo \/ Direcci\u00f3n \/ Ciudad \/ Estado \/ Contacto \/ Puesto: Director de TI o Director de seguridad inform\u00e1tica. \/ celular empresarial*opcional \/ Email \/ P\u00e1gina web*opcional.<\/div>\n<\/div>\n<div class=\"row\">\n<div class=\"col-sm\"><strong>Garant\u00eda: <\/strong>80%-85% <strong>Precio Original: <\/strong><del><span style=\"text-decoration: line-through;\">$334 USD<\/span><\/del>\u00a0<strong>Descuento Especial: <\/strong><strong class=\"text-danger\">20%<\/strong><\/div>\n<\/div>\n<div class=\"row\">\n<div class=\"col text-center\"><strong>Total a Pagar: <\/strong><strong class=\"text-danger\">$267 USD<\/strong><\/div>\n<\/div>\n","protected":false},"featured_media":31084,"template":"","meta":{"_bst_post_transparent":"","_bst_post_title":"","_bst_post_layout":"","_bst_post_sidebar_id":"","_bst_post_content_style":"","_bst_post_vertical_padding":"","_bst_post_feature":"","_bst_post_feature_position":"","_bst_post_header":false,"_bst_post_footer":false},"product_brand":[],"product_cat":[1321,1060],"product_tag":[1062,1182,1260,1424,1063,1064,1315,1222,1067,1068,1211,1322,1294,1293,1071,1072,1359,1073,1074,1075,1076,1077,1078,1079,1212,1213,1155,1080,1081,1082,1083,1084,1085,1086,1214,1269,1088,1089,1090,1188,1295,1275,1092,1093,1270,1521,1365,1217,1316,1271,1313,1097,1098,1099,1101,1246,1102,1103,1104,1289,1178,1179,1290,1109,1110,1111,1112,1113,1115,1117,1118,1374,1166,1167,1345,1120,1121,1122,1123,1124,1127,1309,1128,1129,1131,1133,1135,1136,1171,1137,1138,1139,1296,1140,1142,1144,1145,1394,1302,1205,1303,1146,1149],"product_brands":[],"class_list":{"0":"post-36484","1":"product","2":"type-product","3":"status-publish","4":"has-post-thumbnail","6":"product_cat-con-mas-de-500-empleados","7":"product_cat-empresas-en-mexico","8":"product_tag-b2c-email-database","9":"product_tag-base-de-datos","10":"product_tag-base-de-datos-alimentos","11":"product_tag-base-de-datos-autotransporte","12":"product_tag-base-de-datos-campana-de-email-marketing","13":"product_tag-base-de-datos-campanas-de-email-marketing","14":"product_tag-base-de-datos-chihuahua","15":"product_tag-base-de-datos-compras","16":"product_tag-base-de-datos-correo-masivo","17":"product_tag-base-de-datos-correo-masivos","18":"product_tag-base-de-datos-de-empresas-b2b","19":"product_tag-base-de-datos-de-empresas-con-mas-de-500-empleados","20":"product_tag-base-de-datos-de-numeros-celulares","21":"product_tag-base-de-datos-de-pymes","22":"product_tag-base-de-datos-direct-e-mail-marketing","23":"product_tag-base-de-datos-director","24":"product_tag-base-de-datos-director-de-tecnologia","25":"product_tag-base-de-datos-e-mail-marketing","26":"product_tag-base-de-datos-email-marketer","27":"product_tag-base-de-datos-email-marketing","28":"product_tag-base-de-datos-email-masivos","29":"product_tag-base-de-datos-email-publicidad","30":"product_tag-base-de-datos-email-publicitario","31":"product_tag-base-de-datos-emailing","32":"product_tag-base-de-datos-empresa","33":"product_tag-base-de-datos-empresarial","34":"product_tag-base-de-datos-empresas","35":"product_tag-base-de-datos-empresas-de-email-marketing","36":"product_tag-base-de-datos-enviar-email-masivo","37":"product_tag-base-de-datos-envio-de-email-masivo","38":"product_tag-base-de-datos-envio-masivo-correo","39":"product_tag-base-de-datos-envio-masivo-correos","40":"product_tag-base-de-datos-envio-masivo-de-emails","41":"product_tag-base-de-datos-envios-de-correo-masivos","42":"product_tag-base-de-datos-farmaceutica","43":"product_tag-base-de-datos-guanajuato","44":"product_tag-base-de-datos-marketing","45":"product_tag-base-de-datos-marketing-por-e-mail","46":"product_tag-base-de-datos-marketing-por-email","47":"product_tag-base-de-datos-nuevo-leon","48":"product_tag-base-de-datos-numeros-de-telefonos-celulares","49":"product_tag-base-de-datos-para-empresas","50":"product_tag-base-de-datos-para-marketing","51":"product_tag-base-de-datos-publicidad-por-email","52":"product_tag-base-de-datos-queretaro","53":"product_tag-base-de-datos-quimicos","54":"product_tag-base-de-datos-retail","55":"product_tag-base-de-datos-san-luis-potosi","56":"product_tag-base-de-datos-sinaloa","57":"product_tag-base-de-datos-sonora","58":"product_tag-base-de-datos-tecnologia","59":"product_tag-bases-de-datos-correos","60":"product_tag-bases-de-datos-correos-electronicos","61":"product_tag-bases-de-datos-de-emails","62":"product_tag-bases-de-datos-de-telefonos","63":"product_tag-bases-de-datos-director-de-ti","64":"product_tag-bases-de-datos-email","65":"product_tag-bases-de-datos-email-empresas","66":"product_tag-bases-de-datos-emailing","67":"product_tag-bases-de-datos-hospitales","68":"product_tag-bases-de-datos-industrias","69":"product_tag-bases-de-datos-jalisco","70":"product_tag-bases-de-datos-laboratorios","71":"product_tag-business-contact-lists","72":"product_tag-business-directory","73":"product_tag-business-email-database","74":"product_tag-business-email-list","75":"product_tag-business-email-lists","76":"product_tag-business-mailing-lists","77":"product_tag-buy-email-list","78":"product_tag-buy-email-list-database","79":"product_tag-cell-phone-database","80":"product_tag-companies-email-address-list","81":"product_tag-company-email-address-list","82":"product_tag-compra-base-de-datos","83":"product_tag-correo-de-empresas","84":"product_tag-correos-de-empresas","85":"product_tag-correos-electronicos-de-empresas","86":"product_tag-correos-electronicos-empresas","87":"product_tag-correos-empresariales","88":"product_tag-directorio-empresarial","89":"product_tag-directorio-empresarial-mexico","90":"product_tag-directorio-empresariales","91":"product_tag-directorio-empresas","92":"product_tag-directorios-empresas","93":"product_tag-email-address-list","94":"product_tag-email-lists","95":"product_tag-email-marketing-list","96":"product_tag-email-marketing-mexico","97":"product_tag-list-of-email-addresses","98":"product_tag-lista-de-correos","99":"product_tag-lista-de-correos-electronicos","100":"product_tag-lista-de-numeros-de-telefonos-celulares","101":"product_tag-mail-marketing","102":"product_tag-mailing-list","103":"product_tag-marketing-correo-electronico","104":"product_tag-marketing-lists","105":"product_tag-mexico-business-directory","106":"product_tag-mobile-phone-number","107":"product_tag-nuevo-leon-database","108":"product_tag-numeros-de-telefonos-celulares","109":"product_tag-publicidad-por-base-de-datos-correo-electronico","110":"product_tag-telefono","112":"first","113":"instock","114":"sale","115":"virtual","116":"purchasable","117":"product-type-simple","118":"entry","119":"content-bg","120":"loop-entry"},"aioseo_notices":[],"_links":{"self":[{"href":"https:\/\/edirectorios.com.mx\/directorios-latinoamerica\/wp-json\/wp\/v2\/product\/36484","targetHints":{"allow":["GET"]}}],"collection":[{"href":"https:\/\/edirectorios.com.mx\/directorios-latinoamerica\/wp-json\/wp\/v2\/product"}],"about":[{"href":"https:\/\/edirectorios.com.mx\/directorios-latinoamerica\/wp-json\/wp\/v2\/types\/product"}],"version-history":[{"count":1,"href":"https:\/\/edirectorios.com.mx\/directorios-latinoamerica\/wp-json\/wp\/v2\/product\/36484\/revisions"}],"predecessor-version":[{"id":36535,"href":"https:\/\/edirectorios.com.mx\/directorios-latinoamerica\/wp-json\/wp\/v2\/product\/36484\/revisions\/36535"}],"wp:featuredmedia":[{"embeddable":true,"href":"https:\/\/edirectorios.com.mx\/directorios-latinoamerica\/wp-json\/wp\/v2\/media\/31084"}],"wp:attachment":[{"href":"https:\/\/edirectorios.com.mx\/directorios-latinoamerica\/wp-json\/wp\/v2\/media?parent=36484"}],"wp:term":[{"taxonomy":"product_brand","embeddable":true,"href":"https:\/\/edirectorios.com.mx\/directorios-latinoamerica\/wp-json\/wp\/v2\/product_brand?post=36484"},{"taxonomy":"product_cat","embeddable":true,"href":"https:\/\/edirectorios.com.mx\/directorios-latinoamerica\/wp-json\/wp\/v2\/product_cat?post=36484"},{"taxonomy":"product_tag","embeddable":true,"href":"https:\/\/edirectorios.com.mx\/directorios-latinoamerica\/wp-json\/wp\/v2\/product_tag?post=36484"},{"taxonomy":"product_brands","embeddable":true,"href":"https:\/\/edirectorios.com.mx\/directorios-latinoamerica\/wp-json\/wp\/v2\/product_brands?post=36484"}],"curies":[{"name":"wp","href":"https:\/\/api.w.org\/{rel}","templated":true}]}}