{"id":36464,"date":"2025-12-12T17:24:17","date_gmt":"2025-12-12T17:24:17","guid":{"rendered":"https:\/\/edirectorios.com.mx\/directorios-latinoamerica\/?post_type=product&#038;p=36464"},"modified":"2025-12-12T17:25:26","modified_gmt":"2025-12-12T17:25:26","slug":"personas-fisicas-mayores-de-edad-que-sean-tarjetahabientes-que-tengan-interes-en-contratar-algun-servicio-de-internet-en-cdmx-y-edomex","status":"publish","type":"product","link":"https:\/\/edirectorios.com.mx\/directorios-latinoamerica\/product\/personas-fisicas-mayores-de-edad-que-sean-tarjetahabientes-que-tengan-interes-en-contratar-algun-servicio-de-internet-en-cdmx-y-edomex\/","title":{"rendered":"Personas f\u00edsicas, mayores de edad, que sean tarjetahabientes que tengan inter\u00e9s en contratar alg\u00fan servicio de internet en CDMX y Edomex."},"content":{"rendered":"","protected":false},"excerpt":{"rendered":"<p>&nbsp;<\/p>\n<div class=\"row\">\n<div class=\"col-sm\"><strong>C\u00f3digo:<\/strong> <strong class=\"text-danger\">CSSB-D2<\/strong><\/div>\n<div class=\"col-sm\"><strong>N\u00famero de registros: <\/strong>500<\/div>\n<\/div>\n<div class=\"row\">\n<div class=\"col-sm \"><strong>Folio: <\/strong><span class=\"text-danger\">BR0221B018<\/span><\/div>\n<\/div>\n<p><strong>Segmentaci\u00f3n:<\/strong><\/p>\n<div class=\"row\">\n<div class=\"col-sm \">Personas f\u00edsicas, mayores de edad, que sean tarjetahabientes que tengan inter\u00e9s en contratar alg\u00fan servicio de internet en Ciudad de M\u00e9xico y Estado de M\u00e9xico.<\/div>\n<\/div>\n<p><strong>Campos Contenidos:<\/strong><\/p>\n<div class=\"row\">\n<div class=\"col-sm \">Nombre \/ Direcci\u00f3n \/ Ciudad \/ Estado \/ Celular<\/div>\n<\/div>\n<div class=\"row\">\n<div class=\"col-sm\"><strong>Garant\u00eda: <\/strong>80%-85% <strong>Precio Original: <\/strong><del><span style=\"text-decoration: line-through;\">$217 USD<\/span><\/del>\u00a0<strong>Descuento Especial: <\/strong><strong class=\"text-danger\">20%<\/strong><\/div>\n<\/div>\n<div class=\"row\">\n<div class=\"col text-center\"><strong>Total a Pagar: <\/strong><strong class=\"text-danger\">$174 USD<\/strong><\/div>\n<\/div>\n","protected":false},"featured_media":31224,"template":"","meta":{"_bst_post_transparent":"","_bst_post_title":"","_bst_post_layout":"","_bst_post_sidebar_id":"","_bst_post_content_style":"","_bst_post_vertical_padding":"","_bst_post_feature":"","_bst_post_feature_position":"","_bst_post_header":false,"_bst_post_footer":false},"product_brand":[],"product_cat":[1180],"product_tag":[1404,1066,1263,1294,1186,1187,1405,1087,1295,1189,1406,1190,1192,1193,1202,1265,1203,1204,1296,1407,1297,1298,1299,1300,1301,1302,1303],"product_brands":[],"class_list":{"0":"post-36464","1":"product","2":"type-product","3":"status-publish","4":"has-post-thumbnail","6":"product_cat-personas-en-mexico","7":"product_tag-base-de-datos-celulares","8":"product_tag-base-de-datos-ciudad-de-mexico","9":"product_tag-base-de-datos-consumidores","10":"product_tag-base-de-datos-de-numeros-celulares","11":"product_tag-base-de-datos-de-personas-fisicas","12":"product_tag-base-de-datos-de-tarjetahabientes","13":"product_tag-base-de-datos-de-telefonos-moviles","14":"product_tag-base-de-datos-estado-de-mexico","15":"product_tag-base-de-datos-numeros-de-telefonos-celulares","16":"product_tag-base-de-datos-personas-de-email-marketing","17":"product_tag-base-de-datos-telefonos-moviles","18":"product_tag-big-consumer-database","19":"product_tag-consumer-database","20":"product_tag-consumer-directory","21":"product_tag-correo-de-personas","22":"product_tag-correos-consumidores","23":"product_tag-correos-electronicos-de-personas","24":"product_tag-correos-electronicos-personas","25":"product_tag-lista-de-numeros-de-telefonos-celulares","26":"product_tag-mobile","27":"product_tag-mobile-database","28":"product_tag-mobile-directory","29":"product_tag-mobile-list","30":"product_tag-mobile-number-database","31":"product_tag-mobile-number-list","32":"product_tag-mobile-phone-number","33":"product_tag-numeros-de-telefonos-celulares","35":"first","36":"instock","37":"sale","38":"virtual","39":"purchasable","40":"product-type-simple","41":"entry","42":"content-bg","43":"loop-entry"},"aioseo_notices":[],"_links":{"self":[{"href":"https:\/\/edirectorios.com.mx\/directorios-latinoamerica\/wp-json\/wp\/v2\/product\/36464","targetHints":{"allow":["GET"]}}],"collection":[{"href":"https:\/\/edirectorios.com.mx\/directorios-latinoamerica\/wp-json\/wp\/v2\/product"}],"about":[{"href":"https:\/\/edirectorios.com.mx\/directorios-latinoamerica\/wp-json\/wp\/v2\/types\/product"}],"version-history":[{"count":1,"href":"https:\/\/edirectorios.com.mx\/directorios-latinoamerica\/wp-json\/wp\/v2\/product\/36464\/revisions"}],"predecessor-version":[{"id":36514,"href":"https:\/\/edirectorios.com.mx\/directorios-latinoamerica\/wp-json\/wp\/v2\/product\/36464\/revisions\/36514"}],"wp:featuredmedia":[{"embeddable":true,"href":"https:\/\/edirectorios.com.mx\/directorios-latinoamerica\/wp-json\/wp\/v2\/media\/31224"}],"wp:attachment":[{"href":"https:\/\/edirectorios.com.mx\/directorios-latinoamerica\/wp-json\/wp\/v2\/media?parent=36464"}],"wp:term":[{"taxonomy":"product_brand","embeddable":true,"href":"https:\/\/edirectorios.com.mx\/directorios-latinoamerica\/wp-json\/wp\/v2\/product_brand?post=36464"},{"taxonomy":"product_cat","embeddable":true,"href":"https:\/\/edirectorios.com.mx\/directorios-latinoamerica\/wp-json\/wp\/v2\/product_cat?post=36464"},{"taxonomy":"product_tag","embeddable":true,"href":"https:\/\/edirectorios.com.mx\/directorios-latinoamerica\/wp-json\/wp\/v2\/product_tag?post=36464"},{"taxonomy":"product_brands","embeddable":true,"href":"https:\/\/edirectorios.com.mx\/directorios-latinoamerica\/wp-json\/wp\/v2\/product_brands?post=36464"}],"curies":[{"name":"wp","href":"https:\/\/api.w.org\/{rel}","templated":true}]}}