{"id":36461,"date":"2025-12-12T17:24:17","date_gmt":"2025-12-12T17:24:17","guid":{"rendered":"https:\/\/edirectorios.com.mx\/directorios-latinoamerica\/?post_type=product&#038;p=36461"},"modified":"2025-12-12T17:25:22","modified_gmt":"2025-12-12T17:25:22","slug":"empresas-con-mas-de-100-empleados-que-sean-fabricantes-de-productos-y-los-comercialicen","status":"publish","type":"product","link":"https:\/\/edirectorios.com.mx\/directorios-latinoamerica\/product\/empresas-con-mas-de-100-empleados-que-sean-fabricantes-de-productos-y-los-comercialicen\/","title":{"rendered":"Empresas con m\u00e1s de 100 empleados que sean fabricantes de productos y los comercialicen"},"content":{"rendered":"","protected":false},"excerpt":{"rendered":"<p>&nbsp;<\/p>\n<div class=\"row\">\n<div class=\"col-sm\"><strong>C\u00f3digo:<\/strong> <strong class=\"text-danger\">HBRV-R6<\/strong><\/div>\n<div class=\"col-sm\"><strong>N\u00famero de registros: <\/strong>250<\/div>\n<\/div>\n<div class=\"row\">\n<div class=\"col-sm \"><strong>Folio: <\/strong><span class=\"text-danger\">EX1021B019<\/span><\/div>\n<\/div>\n<p><strong>Segmentaci\u00f3n:<\/strong><\/p>\n<div class=\"row\">\n<div class=\"col-sm \">Empresas con m\u00e1s de 100 empleados que sean fabricantes de productos y los comercialicen en los Estados de: San luis potos\u00ed, Guanajuato, Quer\u00e9taro, Estado de M\u00e9xico y Aguascalientes.<\/div>\n<\/div>\n<p><strong>Campos Contenidos:<\/strong><\/p>\n<div class=\"row\">\n<div class=\"col-sm \">Empresa \/ Giro \/ Direcci\u00f3n \/ Ciudad \/ Estado \/ Contacto \/ Puesto: Gerente de ventas o mkt digital \/ Tel\u00e9fono \/ Email \/ P\u00e1gina web*opcional..<\/div>\n<\/div>\n<div class=\"row\">\n<div class=\"col-sm\"><strong>Garant\u00eda: <\/strong>80%-85% <strong>Precio Original: <\/strong><del><span style=\"text-decoration: line-through;\">$122 USD<\/span><\/del>\u00a0<strong>Descuento Especial: <\/strong><strong class=\"text-danger\">20%<\/strong><\/div>\n<\/div>\n<div class=\"row\">\n<div class=\"col text-center\"><strong>Total a Pagar: <\/strong><strong class=\"text-danger\">$97 USD<\/strong><\/div>\n<\/div>\n","protected":false},"featured_media":31282,"template":"","meta":{"_bst_post_transparent":"","_bst_post_title":"","_bst_post_layout":"","_bst_post_sidebar_id":"","_bst_post_content_style":"","_bst_post_vertical_padding":"","_bst_post_feature":"","_bst_post_feature_position":"","_bst_post_header":false,"_bst_post_footer":false},"product_brand":[],"product_cat":[1379,1060],"product_tag":[1518,1062,1306,1063,1064,1067,1068,1211,1319,1274,1442,1385,1071,1359,1073,1074,1075,1076,1077,1078,1079,1154,1212,1213,1155,1080,1386,1387,1364,1081,1156,1082,1157,1083,1084,1085,1158,1086,1159,1087,1160,1269,1161,1162,1088,1089,1090,1388,1224,1275,1092,1225,1328,1093,1270,1217,1313,1097,1098,1099,1100,1101,1102,1103,1104,1226,1227,1165,1105,1228,1106,1107,1109,1110,1111,1112,1113,1114,1115,1116,1117,1118,1166,1167,1345,1346,1120,1121,1122,1123,1124,1127,1309,1128,1129,1390,1249,1131,1310,1132,1133,1464,1134,1465,1135,1136,1171,1466,1467,1468,1137,1138,1139,1140,1141,1142,1469,1144,1145,1412,1394,1302,1230,1172,1173,1174,1175,1146,1522,1148,1231,1232],"product_brands":[],"class_list":{"0":"post-36461","1":"product","2":"type-product","3":"status-publish","4":"has-post-thumbnail","6":"product_cat-con-mas-de-100-empleados","7":"product_cat-empresas-en-mexico","8":"product_tag-b2b-contact-data","9":"product_tag-b2c-email-database","10":"product_tag-base-de-datos-aguascalientes","11":"product_tag-base-de-datos-campana-de-email-marketing","12":"product_tag-base-de-datos-campanas-de-email-marketing","13":"product_tag-base-de-datos-correo-masivo","14":"product_tag-base-de-datos-correo-masivos","15":"product_tag-base-de-datos-de-empresas-b2b","16":"product_tag-base-de-datos-de-empresas-con-mas-de-100-empleados","17":"product_tag-base-de-datos-de-empresas-en-mexico","18":"product_tag-base-de-datos-de-empresas-mexicanas","19":"product_tag-base-de-datos-de-mexico","20":"product_tag-base-de-datos-direct-e-mail-marketing","21":"product_tag-base-de-datos-director-de-tecnologia","22":"product_tag-base-de-datos-e-mail-marketing","23":"product_tag-base-de-datos-email-marketer","24":"product_tag-base-de-datos-email-marketing","25":"product_tag-base-de-datos-email-masivos","26":"product_tag-base-de-datos-email-publicidad","27":"product_tag-base-de-datos-email-publicitario","28":"product_tag-base-de-datos-emailing","29":"product_tag-base-de-datos-emails-mexico","30":"product_tag-base-de-datos-empresa","31":"product_tag-base-de-datos-empresarial","32":"product_tag-base-de-datos-empresas","33":"product_tag-base-de-datos-empresas-de-email-marketing","34":"product_tag-base-de-datos-empresas-en-mexico","35":"product_tag-base-de-datos-empresas-mexico","36":"product_tag-base-de-datos-empresas-que-tengan-hasta-200-empleados","37":"product_tag-base-de-datos-enviar-email-masivo","38":"product_tag-base-de-datos-enviar-mailing","39":"product_tag-base-de-datos-envio-de-email-masivo","40":"product_tag-base-de-datos-envio-masivo","41":"product_tag-base-de-datos-envio-masivo-correo","42":"product_tag-base-de-datos-envio-masivo-correos","43":"product_tag-base-de-datos-envio-masivo-de-emails","44":"product_tag-base-de-datos-envio-masivos","45":"product_tag-base-de-datos-envios-de-correo-masivos","46":"product_tag-base-de-datos-envios-masivos","47":"product_tag-base-de-datos-estado-de-mexico","48":"product_tag-base-de-datos-gerente","49":"product_tag-base-de-datos-guanajuato","50":"product_tag-base-de-datos-mailing","51":"product_tag-base-de-datos-mailing-masivo","52":"product_tag-base-de-datos-marketing","53":"product_tag-base-de-datos-marketing-por-e-mail","54":"product_tag-base-de-datos-marketing-por-email","55":"product_tag-base-de-datos-mexico","56":"product_tag-base-de-datos-nivel-nacional","57":"product_tag-base-de-datos-para-empresas","58":"product_tag-base-de-datos-para-marketing","59":"product_tag-base-de-datos-para-ventas","60":"product_tag-base-de-datos-publicidad","61":"product_tag-base-de-datos-publicidad-por-email","62":"product_tag-base-de-datos-queretaro","63":"product_tag-base-de-datos-san-luis-potosi","64":"product_tag-base-de-datos-tecnologia","65":"product_tag-bases-de-datos-correos","66":"product_tag-bases-de-datos-correos-electronicos","67":"product_tag-bases-de-datos-de-emails","68":"product_tag-bases-de-datos-de-marketing","69":"product_tag-bases-de-datos-de-telefonos","70":"product_tag-bases-de-datos-email","71":"product_tag-bases-de-datos-email-empresas","72":"product_tag-bases-de-datos-emailing","73":"product_tag-bases-de-datos-emails","74":"product_tag-bases-de-datos-empresariales","75":"product_tag-bases-de-datos-mailing","76":"product_tag-bases-de-datos-numeros-de-telefonos","77":"product_tag-bases-de-datos-para-ventas","78":"product_tag-bases-de-datos-telefono","79":"product_tag-bases-de-datos-telefonos-fijos","80":"product_tag-business-contact-lists","81":"product_tag-business-directory","82":"product_tag-business-email-database","83":"product_tag-business-email-list","84":"product_tag-business-email-lists","85":"product_tag-business-mailing-database","86":"product_tag-business-mailing-lists","87":"product_tag-buy-email-database","88":"product_tag-buy-email-list","89":"product_tag-buy-email-list-database","90":"product_tag-companies-email-address-list","91":"product_tag-company-email-address-list","92":"product_tag-compra-base-de-datos","93":"product_tag-comprar-bases-de-datos-mexico","94":"product_tag-correo-de-empresas","95":"product_tag-correos-de-empresas","96":"product_tag-correos-electronicos-de-empresas","97":"product_tag-correos-electronicos-empresas","98":"product_tag-correos-empresariales","99":"product_tag-directorio-empresarial","100":"product_tag-directorio-empresarial-mexico","101":"product_tag-directorio-empresariales","102":"product_tag-directorio-empresas","103":"product_tag-directorio-mexico","104":"product_tag-directorios-empresarial-latinoamerica","105":"product_tag-directorios-empresas","106":"product_tag-directorios-en-mexico","107":"product_tag-e-mail-database","108":"product_tag-email-address-list","109":"product_tag-email-base-de-datos","110":"product_tag-email-database","111":"product_tag-email-de-empresas","112":"product_tag-email-lists","113":"product_tag-email-marketing-list","114":"product_tag-email-marketing-mexico","115":"product_tag-empresa-de-base-de-datos","116":"product_tag-empresas-bases-de-datos","117":"product_tag-empresas-de-base-de-datos","118":"product_tag-list-of-email-addresses","119":"product_tag-lista-de-correos","120":"product_tag-lista-de-correos-electronicos","121":"product_tag-mail-marketing","122":"product_tag-mailing-database","123":"product_tag-mailing-list","124":"product_tag-mails-de-empresas","125":"product_tag-marketing-correo-electronico","126":"product_tag-marketing-lists","127":"product_tag-marketing-mexico","128":"product_tag-mexico-business-directory","129":"product_tag-mobile-phone-number","130":"product_tag-national-database","131":"product_tag-phone-database","132":"product_tag-phone-lists","133":"product_tag-phone-number","134":"product_tag-phone-number-list","135":"product_tag-publicidad-por-base-de-datos-correo-electronico","136":"product_tag-sales-leads","137":"product_tag-tele-marketing-list","138":"product_tag-venta-base-de-datos","139":"product_tag-venta-de-base-de-datos-de-empresas","141":"first","142":"instock","143":"sale","144":"virtual","145":"purchasable","146":"product-type-simple","147":"entry","148":"content-bg","149":"loop-entry"},"aioseo_notices":[],"_links":{"self":[{"href":"https:\/\/edirectorios.com.mx\/directorios-latinoamerica\/wp-json\/wp\/v2\/product\/36461","targetHints":{"allow":["GET"]}}],"collection":[{"href":"https:\/\/edirectorios.com.mx\/directorios-latinoamerica\/wp-json\/wp\/v2\/product"}],"about":[{"href":"https:\/\/edirectorios.com.mx\/directorios-latinoamerica\/wp-json\/wp\/v2\/types\/product"}],"version-history":[{"count":1,"href":"https:\/\/edirectorios.com.mx\/directorios-latinoamerica\/wp-json\/wp\/v2\/product\/36461\/revisions"}],"predecessor-version":[{"id":36511,"href":"https:\/\/edirectorios.com.mx\/directorios-latinoamerica\/wp-json\/wp\/v2\/product\/36461\/revisions\/36511"}],"wp:featuredmedia":[{"embeddable":true,"href":"https:\/\/edirectorios.com.mx\/directorios-latinoamerica\/wp-json\/wp\/v2\/media\/31282"}],"wp:attachment":[{"href":"https:\/\/edirectorios.com.mx\/directorios-latinoamerica\/wp-json\/wp\/v2\/media?parent=36461"}],"wp:term":[{"taxonomy":"product_brand","embeddable":true,"href":"https:\/\/edirectorios.com.mx\/directorios-latinoamerica\/wp-json\/wp\/v2\/product_brand?post=36461"},{"taxonomy":"product_cat","embeddable":true,"href":"https:\/\/edirectorios.com.mx\/directorios-latinoamerica\/wp-json\/wp\/v2\/product_cat?post=36461"},{"taxonomy":"product_tag","embeddable":true,"href":"https:\/\/edirectorios.com.mx\/directorios-latinoamerica\/wp-json\/wp\/v2\/product_tag?post=36461"},{"taxonomy":"product_brands","embeddable":true,"href":"https:\/\/edirectorios.com.mx\/directorios-latinoamerica\/wp-json\/wp\/v2\/product_brands?post=36461"}],"curies":[{"name":"wp","href":"https:\/\/api.w.org\/{rel}","templated":true}]}}