{"id":36459,"date":"2025-12-12T17:24:16","date_gmt":"2025-12-12T17:24:16","guid":{"rendered":"https:\/\/edirectorios.com.mx\/directorios-latinoamerica\/?post_type=product&#038;p=36459"},"modified":"2025-12-12T17:25:17","modified_gmt":"2025-12-12T17:25:17","slug":"empresas-retail-cpg-y-telecomunicaciones-con-mas-de-500-empleados-facturacion-mayor-a-100m-usd-al-ano-en-mexico","status":"publish","type":"product","link":"https:\/\/edirectorios.com.mx\/directorios-latinoamerica\/product\/empresas-retail-cpg-y-telecomunicaciones-con-mas-de-500-empleados-facturacion-mayor-a-100m-usd-al-ano-en-mexico\/","title":{"rendered":"Empresas retail, CPG y telecomunicaciones con m\u00e1s de 500 empleados, facturaci\u00f3n mayor a 100M USD al a\u00f1o en M\u00e9xico."},"content":{"rendered":"","protected":false},"excerpt":{"rendered":"<p>&nbsp;<\/p>\n<div class=\"row\">\n<div class=\"col-sm\"><strong>C\u00f3digo:<\/strong>\u00a0<strong class=\"text-danger\" style=\"font-size: 1rem;\">QBSV-D8<\/strong><\/div>\n<div class=\"col-sm\"><strong>N\u00famero de registros: <\/strong>1000<\/div>\n<\/div>\n<div class=\"row\">\n<div class=\"col-sm \"><strong>Folio: <\/strong><span class=\"text-danger\">XE0420B006<\/span><\/div>\n<\/div>\n<p><strong>Segmentaci\u00f3n:<\/strong><\/p>\n<div class=\"row\">\n<div class=\"col-sm \">Empresas retail, CPG y telecomunicaciones con m\u00e1s de 500 empleados, facturaci\u00f3n mayor a 100M USD al a\u00f1o en M\u00e9xico.<\/div>\n<\/div>\n<p><strong>Campos Contenidos:<\/strong><\/p>\n<div class=\"row\">\n<div class=\"col-sm \">Empresa \/ Giro \/ Direcci\u00f3n \/ Ciudad \/ Estado \/ Contacto \/ Puesto: Director General, Socio, Directivos, Gerentes o Tomador de decisi\u00f3n \/ Tel\u00e9fono \/ Email \/ P\u00e1gina web*opcional.<\/div>\n<\/div>\n<div class=\"row\">\n<div class=\"col-sm\"><strong>Garant\u00eda: <\/strong>80%-85% <strong>Precio Original: <\/strong><del><span style=\"text-decoration: line-through;\">$599 USD<\/span><\/del>\u00a0<strong>Descuento Especial: <\/strong><strong class=\"text-danger\">20%<\/strong><\/div>\n<\/div>\n<div class=\"row\">\n<div class=\"col text-center\"><strong>Total a Pagar: <\/strong><strong class=\"text-danger\">$479 USD<\/strong><\/div>\n<\/div>\n","protected":false},"featured_media":31084,"template":"","meta":{"_bst_post_transparent":"","_bst_post_title":"","_bst_post_layout":"","_bst_post_sidebar_id":"","_bst_post_content_style":"","_bst_post_vertical_padding":"","_bst_post_feature":"","_bst_post_feature_position":"","_bst_post_header":false,"_bst_post_footer":false},"product_brand":[],"product_cat":[1321,1060],"product_tag":[1062,1182,1424,1063,1064,1222,1067,1068,1152,1069,1211,1322,1274,1385,1293,1153,1071,1072,1359,1073,1074,1075,1076,1077,1078,1079,1154,1212,1213,1155,1080,1386,1081,1082,1083,1084,1085,1086,1160,1088,1089,1090,1388,1275,1092,1093,1365,1163,1313,1408,1097,1098,1099,1101,1102,1103,1104,1105,1106,1107,1109,1110,1111,1112,1113,1115,1117,1118,1166,1167,1345,1346,1120,1121,1122,1123,1124,1127,1309,1128,1129,1390,1131,1310,1133,1135,1136,1171,1137,1138,1139,1140,1142,1144,1145,1412,1394,1172,1173,1174,1175,1146,1149],"product_brands":[],"class_list":{"0":"post-36459","1":"product","2":"type-product","3":"status-publish","4":"has-post-thumbnail","6":"product_cat-con-mas-de-500-empleados","7":"product_cat-empresas-en-mexico","8":"product_tag-b2c-email-database","9":"product_tag-base-de-datos","10":"product_tag-base-de-datos-autotransporte","11":"product_tag-base-de-datos-campana-de-email-marketing","12":"product_tag-base-de-datos-campanas-de-email-marketing","13":"product_tag-base-de-datos-compras","14":"product_tag-base-de-datos-correo-masivo","15":"product_tag-base-de-datos-correo-masivos","16":"product_tag-base-de-datos-de-directivos","17":"product_tag-base-de-datos-de-director-general","18":"product_tag-base-de-datos-de-empresas-b2b","19":"product_tag-base-de-datos-de-empresas-con-mas-de-500-empleados","20":"product_tag-base-de-datos-de-empresas-en-mexico","21":"product_tag-base-de-datos-de-mexico","22":"product_tag-base-de-datos-de-pymes","23":"product_tag-base-de-datos-de-tomador-de-decision","24":"product_tag-base-de-datos-direct-e-mail-marketing","25":"product_tag-base-de-datos-director","26":"product_tag-base-de-datos-director-de-tecnologia","27":"product_tag-base-de-datos-e-mail-marketing","28":"product_tag-base-de-datos-email-marketer","29":"product_tag-base-de-datos-email-marketing","30":"product_tag-base-de-datos-email-masivos","31":"product_tag-base-de-datos-email-publicidad","32":"product_tag-base-de-datos-email-publicitario","33":"product_tag-base-de-datos-emailing","34":"product_tag-base-de-datos-emails-mexico","35":"product_tag-base-de-datos-empresa","36":"product_tag-base-de-datos-empresarial","37":"product_tag-base-de-datos-empresas","38":"product_tag-base-de-datos-empresas-de-email-marketing","39":"product_tag-base-de-datos-empresas-en-mexico","40":"product_tag-base-de-datos-enviar-email-masivo","41":"product_tag-base-de-datos-envio-de-email-masivo","42":"product_tag-base-de-datos-envio-masivo-correo","43":"product_tag-base-de-datos-envio-masivo-correos","44":"product_tag-base-de-datos-envio-masivo-de-emails","45":"product_tag-base-de-datos-envios-de-correo-masivos","46":"product_tag-base-de-datos-gerente","47":"product_tag-base-de-datos-marketing","48":"product_tag-base-de-datos-marketing-por-e-mail","49":"product_tag-base-de-datos-marketing-por-email","50":"product_tag-base-de-datos-mexico","51":"product_tag-base-de-datos-para-empresas","52":"product_tag-base-de-datos-para-marketing","53":"product_tag-base-de-datos-publicidad-por-email","54":"product_tag-base-de-datos-retail","55":"product_tag-base-de-datos-socio","56":"product_tag-base-de-datos-tecnologia","57":"product_tag-base-de-datos-telecomunicaciones","58":"product_tag-bases-de-datos-correos","59":"product_tag-bases-de-datos-correos-electronicos","60":"product_tag-bases-de-datos-de-emails","61":"product_tag-bases-de-datos-de-telefonos","62":"product_tag-bases-de-datos-email","63":"product_tag-bases-de-datos-email-empresas","64":"product_tag-bases-de-datos-emailing","65":"product_tag-bases-de-datos-numeros-de-telefonos","66":"product_tag-bases-de-datos-telefono","67":"product_tag-bases-de-datos-telefonos-fijos","68":"product_tag-business-contact-lists","69":"product_tag-business-directory","70":"product_tag-business-email-database","71":"product_tag-business-email-list","72":"product_tag-business-email-lists","73":"product_tag-business-mailing-lists","74":"product_tag-buy-email-list","75":"product_tag-buy-email-list-database","76":"product_tag-companies-email-address-list","77":"product_tag-company-email-address-list","78":"product_tag-compra-base-de-datos","79":"product_tag-comprar-bases-de-datos-mexico","80":"product_tag-correo-de-empresas","81":"product_tag-correos-de-empresas","82":"product_tag-correos-electronicos-de-empresas","83":"product_tag-correos-electronicos-empresas","84":"product_tag-correos-empresariales","85":"product_tag-directorio-empresarial","86":"product_tag-directorio-empresarial-mexico","87":"product_tag-directorio-empresariales","88":"product_tag-directorio-empresas","89":"product_tag-directorio-mexico","90":"product_tag-directorios-empresas","91":"product_tag-directorios-en-mexico","92":"product_tag-email-address-list","93":"product_tag-email-lists","94":"product_tag-email-marketing-list","95":"product_tag-email-marketing-mexico","96":"product_tag-list-of-email-addresses","97":"product_tag-lista-de-correos","98":"product_tag-lista-de-correos-electronicos","99":"product_tag-mail-marketing","100":"product_tag-mailing-list","101":"product_tag-marketing-correo-electronico","102":"product_tag-marketing-lists","103":"product_tag-marketing-mexico","104":"product_tag-mexico-business-directory","105":"product_tag-phone-database","106":"product_tag-phone-lists","107":"product_tag-phone-number","108":"product_tag-phone-number-list","109":"product_tag-publicidad-por-base-de-datos-correo-electronico","110":"product_tag-telefono","112":"first","113":"instock","114":"sale","115":"virtual","116":"purchasable","117":"product-type-simple","118":"entry","119":"content-bg","120":"loop-entry"},"aioseo_notices":[],"_links":{"self":[{"href":"https:\/\/edirectorios.com.mx\/directorios-latinoamerica\/wp-json\/wp\/v2\/product\/36459","targetHints":{"allow":["GET"]}}],"collection":[{"href":"https:\/\/edirectorios.com.mx\/directorios-latinoamerica\/wp-json\/wp\/v2\/product"}],"about":[{"href":"https:\/\/edirectorios.com.mx\/directorios-latinoamerica\/wp-json\/wp\/v2\/types\/product"}],"version-history":[{"count":1,"href":"https:\/\/edirectorios.com.mx\/directorios-latinoamerica\/wp-json\/wp\/v2\/product\/36459\/revisions"}],"predecessor-version":[{"id":36509,"href":"https:\/\/edirectorios.com.mx\/directorios-latinoamerica\/wp-json\/wp\/v2\/product\/36459\/revisions\/36509"}],"wp:featuredmedia":[{"embeddable":true,"href":"https:\/\/edirectorios.com.mx\/directorios-latinoamerica\/wp-json\/wp\/v2\/media\/31084"}],"wp:attachment":[{"href":"https:\/\/edirectorios.com.mx\/directorios-latinoamerica\/wp-json\/wp\/v2\/media?parent=36459"}],"wp:term":[{"taxonomy":"product_brand","embeddable":true,"href":"https:\/\/edirectorios.com.mx\/directorios-latinoamerica\/wp-json\/wp\/v2\/product_brand?post=36459"},{"taxonomy":"product_cat","embeddable":true,"href":"https:\/\/edirectorios.com.mx\/directorios-latinoamerica\/wp-json\/wp\/v2\/product_cat?post=36459"},{"taxonomy":"product_tag","embeddable":true,"href":"https:\/\/edirectorios.com.mx\/directorios-latinoamerica\/wp-json\/wp\/v2\/product_tag?post=36459"},{"taxonomy":"product_brands","embeddable":true,"href":"https:\/\/edirectorios.com.mx\/directorios-latinoamerica\/wp-json\/wp\/v2\/product_brands?post=36459"}],"curies":[{"name":"wp","href":"https:\/\/api.w.org\/{rel}","templated":true}]}}