{"id":36457,"date":"2025-12-12T17:24:16","date_gmt":"2025-12-12T17:24:16","guid":{"rendered":"https:\/\/edirectorios.com.mx\/directorios-latinoamerica\/?post_type=product&#038;p=36457"},"modified":"2025-12-12T17:25:13","modified_gmt":"2025-12-12T17:25:13","slug":"personas-fisicas-mayores-de-edad-economicamente-activas-de-un-nse-alto-que-tengan-un-credito-hipotecario-vigente-en-ciudad-de-mexico","status":"publish","type":"product","link":"https:\/\/edirectorios.com.mx\/directorios-latinoamerica\/product\/personas-fisicas-mayores-de-edad-economicamente-activas-de-un-nse-alto-que-tengan-un-credito-hipotecario-vigente-en-ciudad-de-mexico\/","title":{"rendered":"Personas f\u00edsicas, mayores de edad, econ\u00f3micamente activas de un NSE alto que tengan un cr\u00e9dito hipotecario vigente en Ciudad de M\u00e9xico"},"content":{"rendered":"","protected":false},"excerpt":{"rendered":"<p>&nbsp;<\/p>\n<div class=\"row\">\n<div class=\"col-sm\"><strong>C\u00f3digo:<\/strong> <strong class=\"text-danger\">PDTB-D8<\/strong><\/div>\n<div class=\"col-sm\"><strong>N\u00famero de registros: <\/strong>250<\/div>\n<\/div>\n<div class=\"row\">\n<div class=\"col-sm \"><strong>Folio: <\/strong><span class=\"text-danger\">OS1021B005<\/span><\/div>\n<\/div>\n<p><strong>Segmentaci\u00f3n:<\/strong><\/p>\n<div class=\"row\">\n<div class=\"col-sm \">Personas f\u00edsicas, mayores de edad, econ\u00f3micamente activas de un NSE alto que tengan un cr\u00e9dito hipotecario vigente en Ciudad de M\u00e9xico<\/div>\n<\/div>\n<p><strong>Campos Contenidos:<\/strong><\/p>\n<div class=\"row\">\n<div class=\"col-sm \">Nombre completo \/ Direcci\u00f3n \/ Ciudad \/ Estado \/ Celular \/ Email.<\/div>\n<\/div>\n<div class=\"row\">\n<div class=\"col-sm\"><strong>Garant\u00eda: <\/strong>80%-85% <strong>Precio Original: <\/strong><del><span style=\"text-decoration: line-through;\">$120 USD<\/span><\/del>\u00a0<strong>Descuento Especial: <\/strong><strong class=\"text-danger\">20%<\/strong><\/div>\n<\/div>\n<div class=\"row\">\n<div class=\"col text-center\"><strong>Total a Pagar: <\/strong><strong class=\"text-danger\">$96 USD<\/strong><\/div>\n<\/div>\n","protected":false},"featured_media":31043,"template":"","meta":{"_bst_post_transparent":"","_bst_post_title":"","_bst_post_layout":"","_bst_post_sidebar_id":"","_bst_post_content_style":"","_bst_post_vertical_padding":"","_bst_post_feature":"","_bst_post_feature_position":"","_bst_post_header":false,"_bst_post_footer":false},"product_brand":[],"product_cat":[1278,1060,1277],"product_tag":[1068,1071,1073,1074,1075,1076,1077,1078,1079,1081,1156,1082,1083,1084,1085,1086,1162,1088,1089,1090,1092,1093,1097,1098,1099,1100,1101,1102,1104,1105,1106,1107,1116,1117,1118,1170,1132,1133,1134,1136,1137,1138,1139,1140,1141,1142,1143,1144,1145,1206,1172,1173,1174,1175,1146,1148],"product_brands":[],"class_list":{"0":"post-36457","1":"product","2":"type-product","3":"status-publish","4":"has-post-thumbnail","6":"product_cat-ciudad-de-mexico","7":"product_cat-empresas-en-mexico","8":"product_cat-zonas-mas-solicitadas","9":"product_tag-base-de-datos-correo-masivos","10":"product_tag-base-de-datos-direct-e-mail-marketing","11":"product_tag-base-de-datos-e-mail-marketing","12":"product_tag-base-de-datos-email-marketer","13":"product_tag-base-de-datos-email-marketing","14":"product_tag-base-de-datos-email-masivos","15":"product_tag-base-de-datos-email-publicidad","16":"product_tag-base-de-datos-email-publicitario","17":"product_tag-base-de-datos-emailing","18":"product_tag-base-de-datos-enviar-email-masivo","19":"product_tag-base-de-datos-enviar-mailing","20":"product_tag-base-de-datos-envio-de-email-masivo","21":"product_tag-base-de-datos-envio-masivo-correo","22":"product_tag-base-de-datos-envio-masivo-correos","23":"product_tag-base-de-datos-envio-masivo-de-emails","24":"product_tag-base-de-datos-envios-de-correo-masivos","25":"product_tag-base-de-datos-mailing-masivo","26":"product_tag-base-de-datos-marketing","27":"product_tag-base-de-datos-marketing-por-e-mail","28":"product_tag-base-de-datos-marketing-por-email","29":"product_tag-base-de-datos-para-marketing","30":"product_tag-base-de-datos-publicidad-por-email","31":"product_tag-bases-de-datos-correos","32":"product_tag-bases-de-datos-correos-electronicos","33":"product_tag-bases-de-datos-de-emails","34":"product_tag-bases-de-datos-de-marketing","35":"product_tag-bases-de-datos-de-telefonos","36":"product_tag-bases-de-datos-email","37":"product_tag-bases-de-datos-emailing","38":"product_tag-bases-de-datos-numeros-de-telefonos","39":"product_tag-bases-de-datos-telefono","40":"product_tag-bases-de-datos-telefonos-fijos","41":"product_tag-buy-email-database","42":"product_tag-buy-email-list","43":"product_tag-buy-email-list-database","44":"product_tag-database","45":"product_tag-e-mail-database","46":"product_tag-email-address-list","47":"product_tag-email-database","48":"product_tag-email-marketing-list","49":"product_tag-list-of-email-addresses","50":"product_tag-lista-de-correos","51":"product_tag-lista-de-correos-electronicos","52":"product_tag-mail-marketing","53":"product_tag-mailing-database","54":"product_tag-mailing-list","55":"product_tag-marketing","56":"product_tag-marketing-correo-electronico","57":"product_tag-marketing-lists","58":"product_tag-phone","59":"product_tag-phone-database","60":"product_tag-phone-lists","61":"product_tag-phone-number","62":"product_tag-phone-number-list","63":"product_tag-publicidad-por-base-de-datos-correo-electronico","64":"product_tag-tele-marketing-list","66":"first","67":"instock","68":"sale","69":"virtual","70":"purchasable","71":"product-type-simple","72":"entry","73":"content-bg","74":"loop-entry"},"aioseo_notices":[],"_links":{"self":[{"href":"https:\/\/edirectorios.com.mx\/directorios-latinoamerica\/wp-json\/wp\/v2\/product\/36457","targetHints":{"allow":["GET"]}}],"collection":[{"href":"https:\/\/edirectorios.com.mx\/directorios-latinoamerica\/wp-json\/wp\/v2\/product"}],"about":[{"href":"https:\/\/edirectorios.com.mx\/directorios-latinoamerica\/wp-json\/wp\/v2\/types\/product"}],"version-history":[{"count":1,"href":"https:\/\/edirectorios.com.mx\/directorios-latinoamerica\/wp-json\/wp\/v2\/product\/36457\/revisions"}],"predecessor-version":[{"id":36507,"href":"https:\/\/edirectorios.com.mx\/directorios-latinoamerica\/wp-json\/wp\/v2\/product\/36457\/revisions\/36507"}],"wp:featuredmedia":[{"embeddable":true,"href":"https:\/\/edirectorios.com.mx\/directorios-latinoamerica\/wp-json\/wp\/v2\/media\/31043"}],"wp:attachment":[{"href":"https:\/\/edirectorios.com.mx\/directorios-latinoamerica\/wp-json\/wp\/v2\/media?parent=36457"}],"wp:term":[{"taxonomy":"product_brand","embeddable":true,"href":"https:\/\/edirectorios.com.mx\/directorios-latinoamerica\/wp-json\/wp\/v2\/product_brand?post=36457"},{"taxonomy":"product_cat","embeddable":true,"href":"https:\/\/edirectorios.com.mx\/directorios-latinoamerica\/wp-json\/wp\/v2\/product_cat?post=36457"},{"taxonomy":"product_tag","embeddable":true,"href":"https:\/\/edirectorios.com.mx\/directorios-latinoamerica\/wp-json\/wp\/v2\/product_tag?post=36457"},{"taxonomy":"product_brands","embeddable":true,"href":"https:\/\/edirectorios.com.mx\/directorios-latinoamerica\/wp-json\/wp\/v2\/product_brands?post=36457"}],"curies":[{"name":"wp","href":"https:\/\/api.w.org\/{rel}","templated":true}]}}