{"id":36422,"date":"2025-12-12T17:23:27","date_gmt":"2025-12-12T17:23:27","guid":{"rendered":"https:\/\/edirectorios.com.mx\/directorios-latinoamerica\/?post_type=product&#038;p=36422"},"modified":"2025-12-12T17:24:32","modified_gmt":"2025-12-12T17:24:32","slug":"empresas-medianas-a-grandes-que-tengan-una-tienda-online-en-mexico-y-latinoamerica","status":"publish","type":"product","link":"https:\/\/edirectorios.com.mx\/directorios-latinoamerica\/product\/empresas-medianas-a-grandes-que-tengan-una-tienda-online-en-mexico-y-latinoamerica\/","title":{"rendered":"Empresas medianas a grandes que tengan una tienda online en M\u00e9xico y Latinoamerica"},"content":{"rendered":"","protected":false},"excerpt":{"rendered":"<p>&nbsp;<\/p>\n<div class=\"row\">\n<div class=\"col-sm\"><strong>C\u00f3digo:<\/strong> <strong class=\"text-danger\">EBCF-N0<\/strong><\/div>\n<div class=\"col-sm\"><strong>N\u00famero de registros: <\/strong>600<\/div>\n<\/div>\n<div class=\"row\">\n<div class=\"col-sm \"><strong>Folio: <\/strong><span class=\"text-danger\">DB0721B074<\/span><\/div>\n<\/div>\n<p><strong>Segmentaci\u00f3n:<\/strong><\/p>\n<div class=\"row\">\n<div class=\"col-sm \">Empresas medianas a grandes (no pymes ni empresas muy peque\u00f1as) que tengan una tienda online en M\u00e9xico (200 registros), en Centroam\u00e9rica (200 registros) y en Sudam\u00e9rica (sin agregar Brasil) (200 registros).<\/div>\n<\/div>\n<p><strong>Campos Contenidos:<\/strong><\/p>\n<div class=\"row\">\n<div class=\"col-sm \">Empresa \/ Giro \/ Direcci\u00f3n \/ Ciudad \/ Pa\u00eds \/ Contacto \/ Puesto: Director General, Socio, Directivos, Gerentes o Tomador de decisi\u00f3n \/ Tel\u00e9fono \/ Email \/ P\u00e1gina web\/ plataforma en la que se genera la tienda online (NO incluir empresas cuya plataformas sean de shopify).<\/div>\n<\/div>\n<div class=\"row\">\n<div class=\"col-sm\"><strong>Garant\u00eda: <\/strong>80%-85% <strong>Precio Original: <\/strong><del><span style=\"text-decoration: line-through;\">$592 USD<\/span><\/del>\u00a0<strong>Descuento Especial: <\/strong><strong class=\"text-danger\">20%<\/strong><\/div>\n<\/div>\n<div class=\"row\">\n<div class=\"col text-center\"><strong>Total a Pagar: <\/strong><strong class=\"text-danger\">$474 USD<\/strong><\/div>\n<\/div>\n","protected":false},"featured_media":31010,"template":"","meta":{"_bst_post_transparent":"","_bst_post_title":"","_bst_post_layout":"","_bst_post_sidebar_id":"","_bst_post_content_style":"","_bst_post_vertical_padding":"","_bst_post_feature":"","_bst_post_feature_position":"","_bst_post_header":false,"_bst_post_footer":false},"product_brand":[],"product_cat":[1234,1233],"product_tag":[1062,1182,1236,1063,1064,1067,1068,1152,1069,1211,1385,1520,1153,1071,1074,1075,1076,1077,1078,1079,1155,1080,1241,1242,1243,1081,1082,1157,1083,1084,1085,1158,1086,1159,1160,1244,1088,1089,1090,1388,1092,1093,1163,1097,1098,1099,1100,1101,1102,1104,1226,1165,1105,1228,1106,1107,1116,1117,1118,1170,1389,1390,1249,1310,1133,1135,1136,1171,1220,1251,1252,1137,1138,1139,1140,1142,1144,1145,1206,1172,1173,1174,1175,1146,1149],"product_brands":[],"class_list":{"0":"post-36422","1":"product","2":"type-product","3":"status-publish","4":"has-post-thumbnail","6":"product_cat-empresas","7":"product_cat-latinoamerica","8":"product_tag-b2c-email-database","9":"product_tag-base-de-datos","10":"product_tag-base-de-datos-america-latina","11":"product_tag-base-de-datos-campana-de-email-marketing","12":"product_tag-base-de-datos-campanas-de-email-marketing","13":"product_tag-base-de-datos-correo-masivo","14":"product_tag-base-de-datos-correo-masivos","15":"product_tag-base-de-datos-de-directivos","16":"product_tag-base-de-datos-de-director-general","17":"product_tag-base-de-datos-de-empresas-b2b","18":"product_tag-base-de-datos-de-mexico","19":"product_tag-base-de-datos-de-sudamerica","20":"product_tag-base-de-datos-de-tomador-de-decision","21":"product_tag-base-de-datos-direct-e-mail-marketing","22":"product_tag-base-de-datos-email-marketer","23":"product_tag-base-de-datos-email-marketing","24":"product_tag-base-de-datos-email-masivos","25":"product_tag-base-de-datos-email-publicidad","26":"product_tag-base-de-datos-email-publicitario","27":"product_tag-base-de-datos-emailing","28":"product_tag-base-de-datos-empresas","29":"product_tag-base-de-datos-empresas-de-email-marketing","30":"product_tag-base-de-datos-empresas-en-latinoamerica","31":"product_tag-base-de-datos-empresas-grandes","32":"product_tag-base-de-datos-empresas-medianas","33":"product_tag-base-de-datos-enviar-email-masivo","34":"product_tag-base-de-datos-envio-de-email-masivo","35":"product_tag-base-de-datos-envio-masivo","36":"product_tag-base-de-datos-envio-masivo-correo","37":"product_tag-base-de-datos-envio-masivo-correos","38":"product_tag-base-de-datos-envio-masivo-de-emails","39":"product_tag-base-de-datos-envio-masivos","40":"product_tag-base-de-datos-envios-de-correo-masivos","41":"product_tag-base-de-datos-envios-masivos","42":"product_tag-base-de-datos-gerente","43":"product_tag-base-de-datos-latam","44":"product_tag-base-de-datos-marketing","45":"product_tag-base-de-datos-marketing-por-e-mail","46":"product_tag-base-de-datos-marketing-por-email","47":"product_tag-base-de-datos-mexico","48":"product_tag-base-de-datos-para-marketing","49":"product_tag-base-de-datos-publicidad-por-email","50":"product_tag-base-de-datos-socio","51":"product_tag-bases-de-datos-correos","52":"product_tag-bases-de-datos-correos-electronicos","53":"product_tag-bases-de-datos-de-emails","54":"product_tag-bases-de-datos-de-marketing","55":"product_tag-bases-de-datos-de-telefonos","56":"product_tag-bases-de-datos-email","57":"product_tag-bases-de-datos-emailing","58":"product_tag-bases-de-datos-emails","59":"product_tag-bases-de-datos-mailing","60":"product_tag-bases-de-datos-numeros-de-telefonos","61":"product_tag-bases-de-datos-para-ventas","62":"product_tag-bases-de-datos-telefono","63":"product_tag-bases-de-datos-telefonos-fijos","64":"product_tag-buy-email-database","65":"product_tag-buy-email-list","66":"product_tag-buy-email-list-database","67":"product_tag-database","68":"product_tag-database-mexico","69":"product_tag-directorio-mexico","70":"product_tag-directorios-empresarial-latinoamerica","71":"product_tag-directorios-en-mexico","72":"product_tag-email-address-list","73":"product_tag-email-lists","74":"product_tag-email-marketing-list","75":"product_tag-email-marketing-mexico","76":"product_tag-gerentes","77":"product_tag-latam-database","78":"product_tag-latinoamerica-database","79":"product_tag-list-of-email-addresses","80":"product_tag-lista-de-correos","81":"product_tag-lista-de-correos-electronicos","82":"product_tag-mail-marketing","83":"product_tag-mailing-list","84":"product_tag-marketing-correo-electronico","85":"product_tag-marketing-lists","86":"product_tag-phone","87":"product_tag-phone-database","88":"product_tag-phone-lists","89":"product_tag-phone-number","90":"product_tag-phone-number-list","91":"product_tag-publicidad-por-base-de-datos-correo-electronico","92":"product_tag-telefono","94":"first","95":"instock","96":"sale","97":"virtual","98":"purchasable","99":"product-type-simple","100":"entry","101":"content-bg","102":"loop-entry"},"aioseo_notices":[],"_links":{"self":[{"href":"https:\/\/edirectorios.com.mx\/directorios-latinoamerica\/wp-json\/wp\/v2\/product\/36422","targetHints":{"allow":["GET"]}}],"collection":[{"href":"https:\/\/edirectorios.com.mx\/directorios-latinoamerica\/wp-json\/wp\/v2\/product"}],"about":[{"href":"https:\/\/edirectorios.com.mx\/directorios-latinoamerica\/wp-json\/wp\/v2\/types\/product"}],"version-history":[{"count":1,"href":"https:\/\/edirectorios.com.mx\/directorios-latinoamerica\/wp-json\/wp\/v2\/product\/36422\/revisions"}],"predecessor-version":[{"id":36471,"href":"https:\/\/edirectorios.com.mx\/directorios-latinoamerica\/wp-json\/wp\/v2\/product\/36422\/revisions\/36471"}],"wp:featuredmedia":[{"embeddable":true,"href":"https:\/\/edirectorios.com.mx\/directorios-latinoamerica\/wp-json\/wp\/v2\/media\/31010"}],"wp:attachment":[{"href":"https:\/\/edirectorios.com.mx\/directorios-latinoamerica\/wp-json\/wp\/v2\/media?parent=36422"}],"wp:term":[{"taxonomy":"product_brand","embeddable":true,"href":"https:\/\/edirectorios.com.mx\/directorios-latinoamerica\/wp-json\/wp\/v2\/product_brand?post=36422"},{"taxonomy":"product_cat","embeddable":true,"href":"https:\/\/edirectorios.com.mx\/directorios-latinoamerica\/wp-json\/wp\/v2\/product_cat?post=36422"},{"taxonomy":"product_tag","embeddable":true,"href":"https:\/\/edirectorios.com.mx\/directorios-latinoamerica\/wp-json\/wp\/v2\/product_tag?post=36422"},{"taxonomy":"product_brands","embeddable":true,"href":"https:\/\/edirectorios.com.mx\/directorios-latinoamerica\/wp-json\/wp\/v2\/product_brands?post=36422"}],"curies":[{"name":"wp","href":"https:\/\/api.w.org\/{rel}","templated":true}]}}