{"id":36387,"date":"2025-12-12T17:22:39","date_gmt":"2025-12-12T17:22:39","guid":{"rendered":"https:\/\/edirectorios.com.mx\/directorios-latinoamerica\/?post_type=product&#038;p=36387"},"modified":"2025-12-12T17:23:45","modified_gmt":"2025-12-12T17:23:45","slug":"profesores-de-kinder-primaria-secundaria-telesecundaria-prepa-bachillerato-y-educacion-especial-que-tengas-de-25-a-50-anos-en-el-municipio-de-parras-de-la-fuente-coahuila","status":"publish","type":"product","link":"https:\/\/edirectorios.com.mx\/directorios-latinoamerica\/product\/profesores-de-kinder-primaria-secundaria-telesecundaria-prepa-bachillerato-y-educacion-especial-que-tengas-de-25-a-50-anos-en-el-municipio-de-parras-de-la-fuente-coahuila\/","title":{"rendered":"Profesores de k\u00ednder, primaria, secundaria, telesecundaria, prepa, bachillerato y educaci\u00f3n especial, que tengas de 25 a 50 a\u00f1os, en el municipio de Parras de la Fuente, Coahuila."},"content":{"rendered":"","protected":false},"excerpt":{"rendered":"<p>&nbsp;<\/p>\n<div class=\"row\">\n<div class=\"col-sm\"><strong>C\u00f3digo:<\/strong> <strong class=\"text-danger\">WJWF-D0<\/strong><\/div>\n<div class=\"col-sm\"><strong>N\u00famero de registros: <\/strong>1200<\/div>\n<\/div>\n<div class=\"row\">\n<div class=\"col-sm \"><strong>Folio: <\/strong><span class=\"text-danger\">03EPVV0821-051<\/span><\/div>\n<\/div>\n<p><strong>Segmentaci\u00f3n:<\/strong><\/p>\n<div class=\"row\">\n<div class=\"col-sm \">Profesores de k\u00ednder, primaria, secundaria, telesecundaria, prepa, bachillerato y educaci\u00f3n especial, que tengas de 25 a 50 a\u00f1os, en el municipio de Parras de la Fuente, Coahuila.<\/div>\n<\/div>\n<p><strong>Campos Contenidos:<\/strong><\/p>\n<div class=\"row\">\n<div class=\"col-sm \">Nombre \/ Direcci\u00f3n \/ Ciudad \/ Estado \/ Celular \/ Nombre de lugar de trabajo.<\/div>\n<\/div>\n<div class=\"row\">\n<div class=\"col-sm\"><strong>Garant\u00eda: <\/strong>80%-85% <strong>Precio Original: <\/strong><del>$751 USD<\/del> <strong>Descuento Especial: <\/strong><strong class=\"text-danger\">20%<\/strong><\/div>\n<\/div>\n<div class=\"row\">\n<div class=\"col text-center\"><strong>Total a Pagar: <\/strong><strong class=\"text-danger\">$601 USD<\/strong><\/div>\n<\/div>\n","protected":false},"featured_media":31045,"template":"","meta":{"_bst_post_transparent":"","_bst_post_title":"","_bst_post_layout":"","_bst_post_sidebar_id":"","_bst_post_content_style":"","_bst_post_vertical_padding":"","_bst_post_feature":"","_bst_post_feature_position":"","_bst_post_header":false,"_bst_post_footer":false},"product_brand":[],"product_cat":[1180,1281],"product_tag":[1404,1268,1263,1383,1294,1186,1402,1282,1403,1405,1088,1295,1406,1192,1193,1197,1170,1296,1407,1297,1298,1299,1300,1301,1302,1303,1283],"product_brands":[],"class_list":{"0":"post-36387","1":"product","2":"type-product","3":"status-publish","4":"has-post-thumbnail","6":"product_cat-personas-en-mexico","7":"product_cat-profesionistas","8":"product_tag-base-de-datos-celulares","9":"product_tag-base-de-datos-coahuila","10":"product_tag-base-de-datos-consumidores","11":"product_tag-base-de-datos-de-bachillerato","12":"product_tag-base-de-datos-de-numeros-celulares","13":"product_tag-base-de-datos-de-personas-fisicas","14":"product_tag-base-de-datos-de-primarias","15":"product_tag-base-de-datos-de-profesionistas","16":"product_tag-base-de-datos-de-secundarias","17":"product_tag-base-de-datos-de-telefonos-moviles","18":"product_tag-base-de-datos-marketing","19":"product_tag-base-de-datos-numeros-de-telefonos-celulares","20":"product_tag-base-de-datos-telefonos-moviles","21":"product_tag-consumer-database","22":"product_tag-consumer-directory","23":"product_tag-consumer-list","24":"product_tag-database","25":"product_tag-lista-de-numeros-de-telefonos-celulares","26":"product_tag-mobile","27":"product_tag-mobile-database","28":"product_tag-mobile-directory","29":"product_tag-mobile-list","30":"product_tag-mobile-number-database","31":"product_tag-mobile-number-list","32":"product_tag-mobile-phone-number","33":"product_tag-numeros-de-telefonos-celulares","34":"product_tag-professionals-database","36":"first","37":"instock","38":"sale","39":"virtual","40":"purchasable","41":"product-type-simple","42":"entry","43":"content-bg","44":"loop-entry"},"aioseo_notices":[],"_links":{"self":[{"href":"https:\/\/edirectorios.com.mx\/directorios-latinoamerica\/wp-json\/wp\/v2\/product\/36387","targetHints":{"allow":["GET"]}}],"collection":[{"href":"https:\/\/edirectorios.com.mx\/directorios-latinoamerica\/wp-json\/wp\/v2\/product"}],"about":[{"href":"https:\/\/edirectorios.com.mx\/directorios-latinoamerica\/wp-json\/wp\/v2\/types\/product"}],"version-history":[{"count":1,"href":"https:\/\/edirectorios.com.mx\/directorios-latinoamerica\/wp-json\/wp\/v2\/product\/36387\/revisions"}],"predecessor-version":[{"id":36435,"href":"https:\/\/edirectorios.com.mx\/directorios-latinoamerica\/wp-json\/wp\/v2\/product\/36387\/revisions\/36435"}],"wp:featuredmedia":[{"embeddable":true,"href":"https:\/\/edirectorios.com.mx\/directorios-latinoamerica\/wp-json\/wp\/v2\/media\/31045"}],"wp:attachment":[{"href":"https:\/\/edirectorios.com.mx\/directorios-latinoamerica\/wp-json\/wp\/v2\/media?parent=36387"}],"wp:term":[{"taxonomy":"product_brand","embeddable":true,"href":"https:\/\/edirectorios.com.mx\/directorios-latinoamerica\/wp-json\/wp\/v2\/product_brand?post=36387"},{"taxonomy":"product_cat","embeddable":true,"href":"https:\/\/edirectorios.com.mx\/directorios-latinoamerica\/wp-json\/wp\/v2\/product_cat?post=36387"},{"taxonomy":"product_tag","embeddable":true,"href":"https:\/\/edirectorios.com.mx\/directorios-latinoamerica\/wp-json\/wp\/v2\/product_tag?post=36387"},{"taxonomy":"product_brands","embeddable":true,"href":"https:\/\/edirectorios.com.mx\/directorios-latinoamerica\/wp-json\/wp\/v2\/product_brands?post=36387"}],"curies":[{"name":"wp","href":"https:\/\/api.w.org\/{rel}","templated":true}]}}