{"id":36386,"date":"2025-12-12T17:22:38","date_gmt":"2025-12-12T17:22:38","guid":{"rendered":"https:\/\/edirectorios.com.mx\/directorios-latinoamerica\/?post_type=product&#038;p=36386"},"modified":"2025-12-12T17:23:44","modified_gmt":"2025-12-12T17:23:44","slug":"dermatologos-en-las-alcaldias-cuauhtemoc-miguel-hidalgo-cuajimalpa-benito-juarez-coyoacan-alvaro-obregon-y-tlalpan-de-la-ciudad-de-mexico","status":"publish","type":"product","link":"https:\/\/edirectorios.com.mx\/directorios-latinoamerica\/product\/dermatologos-en-las-alcaldias-cuauhtemoc-miguel-hidalgo-cuajimalpa-benito-juarez-coyoacan-alvaro-obregon-y-tlalpan-de-la-ciudad-de-mexico\/","title":{"rendered":"Dermat\u00f3logos, en las alcald\u00edas Cuauht\u00e9moc, Miguel Hidalgo, Cuajimalpa, Benito Ju\u00e1rez,  Coyoac\u00e1n, \u00c1lvaro Obreg\u00f3n y Tlalpan de la Ciudad de M\u00e9xico."},"content":{"rendered":"","protected":false},"excerpt":{"rendered":"<p>&nbsp;<\/p>\n<div class=\"row\">\n<div class=\"col-sm\"><strong>C\u00f3digo:<\/strong> <strong class=\"text-danger\">SBNP-D5<\/strong><\/div>\n<div class=\"col-sm\"><strong>N\u00famero de registros: <\/strong>1200<\/div>\n<\/div>\n<div class=\"row\">\n<div class=\"col-sm \"><strong>Folio: <\/strong><span class=\"text-danger\">01DARM0720-127<\/span><\/div>\n<\/div>\n<p><strong>Segmentaci\u00f3n:<\/strong><\/p>\n<div class=\"row\">\n<div class=\"col-sm \">Dermat\u00f3logos, en las alcald\u00edas Cuauht\u00e9moc, Miguel Hidalgo, Cuajimalpa, Benito Ju\u00e1rez, Coyoac\u00e1n, \u00c1lvaro Obreg\u00f3n y Tlalpan de la Ciudad de M\u00e9xico.<\/div>\n<\/div>\n<p><strong>Campos Contenidos:<\/strong><\/p>\n<div class=\"row\">\n<div class=\"col-sm \">Nombre \/ Direcci\u00f3n \/ Ciudad \/ Estado \/ Celular \/ Email.<\/div>\n<\/div>\n<div class=\"row\">\n<div class=\"col-sm\"><strong>Garant\u00eda: <\/strong>80%-85% <strong>Precio Original: <\/strong><del>$658 USD<\/del> <strong>Descuento Especial: <\/strong><strong class=\"text-danger\">20%<\/strong><\/div>\n<\/div>\n<div class=\"row\">\n<div class=\"col text-center\"><strong>Total a Pagar: <\/strong><strong class=\"text-danger\">$526 USD<\/strong><\/div>\n<\/div>\n","protected":false},"featured_media":31161,"template":"","meta":{"_bst_post_transparent":"","_bst_post_title":"","_bst_post_layout":"","_bst_post_sidebar_id":"","_bst_post_content_style":"","_bst_post_vertical_padding":"","_bst_post_feature":"","_bst_post_feature_position":"","_bst_post_header":false,"_bst_post_footer":false},"product_brand":[],"product_cat":[1360,1180],"product_tag":[1062,1182,1063,1064,1404,1066,1067,1068,1294,1186,1405,1071,1073,1074,1075,1076,1077,1078,1079,1081,1082,1083,1084,1085,1086,1088,1089,1090,1361,1295,1092,1189,1093,1406,1097,1098,1099,1100,1102,1190,1109,1117,1118,1191,1192,1193,1194,1195,1196,1197,1198,1199,1200,1201,1202,1203,1204,1124,1170,1133,1135,1136,1137,1138,1139,1296,1140,1143,1144,1145,1407,1297,1298,1299,1300,1301,1302,1303,1146,1148],"product_brands":[],"class_list":{"0":"post-36386","1":"product","2":"type-product","3":"status-publish","4":"has-post-thumbnail","6":"product_cat-medicos","7":"product_cat-personas-en-mexico","8":"product_tag-b2c-email-database","9":"product_tag-base-de-datos","10":"product_tag-base-de-datos-campana-de-email-marketing","11":"product_tag-base-de-datos-campanas-de-email-marketing","12":"product_tag-base-de-datos-celulares","13":"product_tag-base-de-datos-ciudad-de-mexico","14":"product_tag-base-de-datos-correo-masivo","15":"product_tag-base-de-datos-correo-masivos","16":"product_tag-base-de-datos-de-numeros-celulares","17":"product_tag-base-de-datos-de-personas-fisicas","18":"product_tag-base-de-datos-de-telefonos-moviles","19":"product_tag-base-de-datos-direct-e-mail-marketing","20":"product_tag-base-de-datos-e-mail-marketing","21":"product_tag-base-de-datos-email-marketer","22":"product_tag-base-de-datos-email-marketing","23":"product_tag-base-de-datos-email-masivos","24":"product_tag-base-de-datos-email-publicidad","25":"product_tag-base-de-datos-email-publicitario","26":"product_tag-base-de-datos-emailing","27":"product_tag-base-de-datos-enviar-email-masivo","28":"product_tag-base-de-datos-envio-de-email-masivo","29":"product_tag-base-de-datos-envio-masivo-correo","30":"product_tag-base-de-datos-envio-masivo-correos","31":"product_tag-base-de-datos-envio-masivo-de-emails","32":"product_tag-base-de-datos-envios-de-correo-masivos","33":"product_tag-base-de-datos-marketing","34":"product_tag-base-de-datos-marketing-por-e-mail","35":"product_tag-base-de-datos-marketing-por-email","36":"product_tag-base-de-datos-medicos","37":"product_tag-base-de-datos-numeros-de-telefonos-celulares","38":"product_tag-base-de-datos-para-marketing","39":"product_tag-base-de-datos-personas-de-email-marketing","40":"product_tag-base-de-datos-publicidad-por-email","41":"product_tag-base-de-datos-telefonos-moviles","42":"product_tag-bases-de-datos-correos","43":"product_tag-bases-de-datos-correos-electronicos","44":"product_tag-bases-de-datos-de-emails","45":"product_tag-bases-de-datos-de-marketing","46":"product_tag-bases-de-datos-email","47":"product_tag-big-consumer-database","48":"product_tag-business-contact-lists","49":"product_tag-buy-email-list","50":"product_tag-buy-email-list-database","51":"product_tag-consumer-contact-lists","52":"product_tag-consumer-database","53":"product_tag-consumer-directory","54":"product_tag-consumer-email-database","55":"product_tag-consumer-email-list","56":"product_tag-consumer-email-lists","57":"product_tag-consumer-list","58":"product_tag-consumer-mailing-database","59":"product_tag-consumer-mailing-list","60":"product_tag-consumer-mailing-lists","61":"product_tag-consumer-phone-list","62":"product_tag-correo-de-personas","63":"product_tag-correos-electronicos-de-personas","64":"product_tag-correos-electronicos-personas","65":"product_tag-correos-empresariales","66":"product_tag-database","67":"product_tag-email-address-list","68":"product_tag-email-lists","69":"product_tag-email-marketing-list","70":"product_tag-list-of-email-addresses","71":"product_tag-lista-de-correos","72":"product_tag-lista-de-correos-electronicos","73":"product_tag-lista-de-numeros-de-telefonos-celulares","74":"product_tag-mail-marketing","75":"product_tag-marketing","76":"product_tag-marketing-correo-electronico","77":"product_tag-marketing-lists","78":"product_tag-mobile","79":"product_tag-mobile-database","80":"product_tag-mobile-directory","81":"product_tag-mobile-list","82":"product_tag-mobile-number-database","83":"product_tag-mobile-number-list","84":"product_tag-mobile-phone-number","85":"product_tag-numeros-de-telefonos-celulares","86":"product_tag-publicidad-por-base-de-datos-correo-electronico","87":"product_tag-tele-marketing-list","89":"first","90":"instock","91":"sale","92":"virtual","93":"purchasable","94":"product-type-simple","95":"entry","96":"content-bg","97":"loop-entry"},"aioseo_notices":[],"_links":{"self":[{"href":"https:\/\/edirectorios.com.mx\/directorios-latinoamerica\/wp-json\/wp\/v2\/product\/36386","targetHints":{"allow":["GET"]}}],"collection":[{"href":"https:\/\/edirectorios.com.mx\/directorios-latinoamerica\/wp-json\/wp\/v2\/product"}],"about":[{"href":"https:\/\/edirectorios.com.mx\/directorios-latinoamerica\/wp-json\/wp\/v2\/types\/product"}],"version-history":[{"count":1,"href":"https:\/\/edirectorios.com.mx\/directorios-latinoamerica\/wp-json\/wp\/v2\/product\/36386\/revisions"}],"predecessor-version":[{"id":36434,"href":"https:\/\/edirectorios.com.mx\/directorios-latinoamerica\/wp-json\/wp\/v2\/product\/36386\/revisions\/36434"}],"wp:featuredmedia":[{"embeddable":true,"href":"https:\/\/edirectorios.com.mx\/directorios-latinoamerica\/wp-json\/wp\/v2\/media\/31161"}],"wp:attachment":[{"href":"https:\/\/edirectorios.com.mx\/directorios-latinoamerica\/wp-json\/wp\/v2\/media?parent=36386"}],"wp:term":[{"taxonomy":"product_brand","embeddable":true,"href":"https:\/\/edirectorios.com.mx\/directorios-latinoamerica\/wp-json\/wp\/v2\/product_brand?post=36386"},{"taxonomy":"product_cat","embeddable":true,"href":"https:\/\/edirectorios.com.mx\/directorios-latinoamerica\/wp-json\/wp\/v2\/product_cat?post=36386"},{"taxonomy":"product_tag","embeddable":true,"href":"https:\/\/edirectorios.com.mx\/directorios-latinoamerica\/wp-json\/wp\/v2\/product_tag?post=36386"},{"taxonomy":"product_brands","embeddable":true,"href":"https:\/\/edirectorios.com.mx\/directorios-latinoamerica\/wp-json\/wp\/v2\/product_brands?post=36386"}],"curies":[{"name":"wp","href":"https:\/\/api.w.org\/{rel}","templated":true}]}}