{"id":36374,"date":"2025-12-12T17:22:16","date_gmt":"2025-12-12T17:22:16","guid":{"rendered":"https:\/\/edirectorios.com.mx\/directorios-latinoamerica\/?post_type=product&#038;p=36374"},"modified":"2025-12-12T17:23:38","modified_gmt":"2025-12-12T17:23:38","slug":"profesionales-pilotos-ingenieros-jefes-de-area-etc-nivel-socioeconomico-medio-alto-en-monterrey-nuevo-leon","status":"publish","type":"product","link":"https:\/\/edirectorios.com.mx\/directorios-latinoamerica\/product\/profesionales-pilotos-ingenieros-jefes-de-area-etc-nivel-socioeconomico-medio-alto-en-monterrey-nuevo-leon\/","title":{"rendered":"Profesionales: Pilotos, Ingenieros, Jefes de \u00c1rea etc. nivel socioecon\u00f3mico medio alto en Monterrey Nuevo Le\u00f3n."},"content":{"rendered":"","protected":false},"excerpt":{"rendered":"<p>&nbsp;<\/p>\n<div class=\"row\">\n<div class=\"col-sm\"><strong>C\u00f3digo:<\/strong>FNNC\/V0<\/div>\n<div class=\"col-sm\"><strong>N\u00famero de registros: <\/strong>500<\/div>\n<\/div>\n<div class=\"row\">\n<div class=\"col-sm \"><strong>Folio: <\/strong><span class=\"text-danger\">RF0421B0102<\/span><\/div>\n<\/div>\n<p><strong>Segmentaci\u00f3n:<\/strong><\/p>\n<div class=\"row\">\n<div class=\"col-sm \">Profesionales: Pilotos, Ingenieros, Jefes de \u00c1rea (proyectos, ventas, recursos humanos, mantenimiento, manufactura, producci\u00f3n) de 25 a 60 a\u00f1os, Viajeros Frecuentes, Estudiantes universitarios de Postgrado, Maestr\u00eda, PHD , Estudiantes de Ingles (que hayan estudiado o est\u00e9n estudiando), nivel socioecon\u00f3mico medio alto en Monterrey Nuevo Le\u00f3n.<\/div>\n<\/div>\n<p><strong>Campos Contenidos:<\/strong><\/p>\n<div class=\"row\">\n<div class=\"col-sm \">Nombre \/ Celular\/ Email.<\/div>\n<\/div>\n<div class=\"row\">\n<div class=\"col-sm\"><strong>Garant\u00eda: <\/strong>80%-85% <strong>Precio Original: <\/strong><del>$167 USD<\/del> <strong>Descuento Especial: <\/strong><strong class=\"text-danger\">20%<\/strong><\/div>\n<\/div>\n<div class=\"row\">\n<div class=\"col text-center\"><strong>Total a Pagar: <\/strong><strong class=\"text-danger\">$134 USD<\/strong><\/div>\n<\/div>\n","protected":false},"featured_media":31045,"template":"","meta":{"_bst_post_transparent":"","_bst_post_title":"","_bst_post_layout":"","_bst_post_sidebar_id":"","_bst_post_content_style":"","_bst_post_vertical_padding":"","_bst_post_feature":"","_bst_post_feature_position":"","_bst_post_header":false,"_bst_post_footer":false},"product_brand":[],"product_cat":[1180,1281],"product_tag":[1062,1063,1064,1404,1263,1067,1068,1426,1207,1325,1294,1282,1405,1353,1071,1073,1074,1075,1076,1077,1078,1079,1081,1082,1083,1084,1085,1086,1088,1089,1090,1312,1188,1295,1092,1189,1406,1097,1098,1099,1100,1102,1190,1117,1118,1191,1192,1193,1194,1195,1196,1197,1198,1199,1200,1202,1265,1203,1170,1314,1133,1135,1136,1137,1138,1139,1296,1144,1407,1297,1298,1299,1300,1301,1302,1205,1303,1283,1148],"product_brands":[],"class_list":{"0":"post-36374","1":"product","2":"type-product","3":"status-publish","4":"has-post-thumbnail","6":"product_cat-personas-en-mexico","7":"product_cat-profesionistas","8":"product_tag-b2c-email-database","9":"product_tag-base-de-datos-campana-de-email-marketing","10":"product_tag-base-de-datos-campanas-de-email-marketing","11":"product_tag-base-de-datos-celulares","12":"product_tag-base-de-datos-consumidores","13":"product_tag-base-de-datos-correo-masivo","14":"product_tag-base-de-datos-correo-masivos","15":"product_tag-base-de-datos-de-ingenieros","16":"product_tag-base-de-datos-de-nse","17":"product_tag-base-de-datos-de-nse-alto","18":"product_tag-base-de-datos-de-numeros-celulares","19":"product_tag-base-de-datos-de-profesionistas","20":"product_tag-base-de-datos-de-telefonos-moviles","21":"product_tag-base-de-datos-de-viajeros-frecuentes","22":"product_tag-base-de-datos-direct-e-mail-marketing","23":"product_tag-base-de-datos-e-mail-marketing","24":"product_tag-base-de-datos-email-marketer","25":"product_tag-base-de-datos-email-marketing","26":"product_tag-base-de-datos-email-masivos","27":"product_tag-base-de-datos-email-publicidad","28":"product_tag-base-de-datos-email-publicitario","29":"product_tag-base-de-datos-emailing","30":"product_tag-base-de-datos-enviar-email-masivo","31":"product_tag-base-de-datos-envio-de-email-masivo","32":"product_tag-base-de-datos-envio-masivo-correo","33":"product_tag-base-de-datos-envio-masivo-correos","34":"product_tag-base-de-datos-envio-masivo-de-emails","35":"product_tag-base-de-datos-envios-de-correo-masivos","36":"product_tag-base-de-datos-marketing","37":"product_tag-base-de-datos-marketing-por-e-mail","38":"product_tag-base-de-datos-marketing-por-email","39":"product_tag-base-de-datos-monterrey","40":"product_tag-base-de-datos-nuevo-leon","41":"product_tag-base-de-datos-numeros-de-telefonos-celulares","42":"product_tag-base-de-datos-para-marketing","43":"product_tag-base-de-datos-personas-de-email-marketing","44":"product_tag-base-de-datos-telefonos-moviles","45":"product_tag-bases-de-datos-correos","46":"product_tag-bases-de-datos-correos-electronicos","47":"product_tag-bases-de-datos-de-emails","48":"product_tag-bases-de-datos-de-marketing","49":"product_tag-bases-de-datos-email","50":"product_tag-big-consumer-database","51":"product_tag-buy-email-list","52":"product_tag-buy-email-list-database","53":"product_tag-consumer-contact-lists","54":"product_tag-consumer-database","55":"product_tag-consumer-directory","56":"product_tag-consumer-email-database","57":"product_tag-consumer-email-list","58":"product_tag-consumer-email-lists","59":"product_tag-consumer-list","60":"product_tag-consumer-mailing-database","61":"product_tag-consumer-mailing-list","62":"product_tag-consumer-mailing-lists","63":"product_tag-correo-de-personas","64":"product_tag-correos-consumidores","65":"product_tag-correos-electronicos-de-personas","66":"product_tag-database","67":"product_tag-directorios-monterrey","68":"product_tag-email-address-list","69":"product_tag-email-lists","70":"product_tag-email-marketing-list","71":"product_tag-list-of-email-addresses","72":"product_tag-lista-de-correos","73":"product_tag-lista-de-correos-electronicos","74":"product_tag-lista-de-numeros-de-telefonos-celulares","75":"product_tag-marketing-correo-electronico","76":"product_tag-mobile","77":"product_tag-mobile-database","78":"product_tag-mobile-directory","79":"product_tag-mobile-list","80":"product_tag-mobile-number-database","81":"product_tag-mobile-number-list","82":"product_tag-mobile-phone-number","83":"product_tag-nuevo-leon-database","84":"product_tag-numeros-de-telefonos-celulares","85":"product_tag-professionals-database","86":"product_tag-tele-marketing-list","88":"first","89":"instock","90":"sale","91":"shipping-taxable","92":"purchasable","93":"product-type-simple","94":"entry","95":"content-bg","96":"loop-entry"},"aioseo_notices":[],"_links":{"self":[{"href":"https:\/\/edirectorios.com.mx\/directorios-latinoamerica\/wp-json\/wp\/v2\/product\/36374","targetHints":{"allow":["GET"]}}],"collection":[{"href":"https:\/\/edirectorios.com.mx\/directorios-latinoamerica\/wp-json\/wp\/v2\/product"}],"about":[{"href":"https:\/\/edirectorios.com.mx\/directorios-latinoamerica\/wp-json\/wp\/v2\/types\/product"}],"version-history":[{"count":1,"href":"https:\/\/edirectorios.com.mx\/directorios-latinoamerica\/wp-json\/wp\/v2\/product\/36374\/revisions"}],"predecessor-version":[{"id":36430,"href":"https:\/\/edirectorios.com.mx\/directorios-latinoamerica\/wp-json\/wp\/v2\/product\/36374\/revisions\/36430"}],"wp:featuredmedia":[{"embeddable":true,"href":"https:\/\/edirectorios.com.mx\/directorios-latinoamerica\/wp-json\/wp\/v2\/media\/31045"}],"wp:attachment":[{"href":"https:\/\/edirectorios.com.mx\/directorios-latinoamerica\/wp-json\/wp\/v2\/media?parent=36374"}],"wp:term":[{"taxonomy":"product_brand","embeddable":true,"href":"https:\/\/edirectorios.com.mx\/directorios-latinoamerica\/wp-json\/wp\/v2\/product_brand?post=36374"},{"taxonomy":"product_cat","embeddable":true,"href":"https:\/\/edirectorios.com.mx\/directorios-latinoamerica\/wp-json\/wp\/v2\/product_cat?post=36374"},{"taxonomy":"product_tag","embeddable":true,"href":"https:\/\/edirectorios.com.mx\/directorios-latinoamerica\/wp-json\/wp\/v2\/product_tag?post=36374"},{"taxonomy":"product_brands","embeddable":true,"href":"https:\/\/edirectorios.com.mx\/directorios-latinoamerica\/wp-json\/wp\/v2\/product_brands?post=36374"}],"curies":[{"name":"wp","href":"https:\/\/api.w.org\/{rel}","templated":true}]}}