{"id":36352,"date":"2025-12-12T17:21:51","date_gmt":"2025-12-12T17:21:51","guid":{"rendered":"https:\/\/edirectorios.com.mx\/directorios-latinoamerica\/?post_type=product&#038;p=36352"},"modified":"2025-12-12T17:23:04","modified_gmt":"2025-12-12T17:23:04","slug":"empresas-con-mas-de-1000-empleados-en-ciudad-de-mexico-estado-de-mexico-sonora-sinaloa-nuevo-leon-guadalajara-jalisco-aguascalientes-y-tijuana","status":"publish","type":"product","link":"https:\/\/edirectorios.com.mx\/directorios-latinoamerica\/product\/empresas-con-mas-de-1000-empleados-en-ciudad-de-mexico-estado-de-mexico-sonora-sinaloa-nuevo-leon-guadalajara-jalisco-aguascalientes-y-tijuana\/","title":{"rendered":"Empresas con m\u00e1s de 1,000 empleados en Ciudad de M\u00e9xico, estado de M\u00e9xico, Sonora, Sinaloa, Nuevo Le\u00f3n, Guadalajara Jalisco, Aguascalientes y Tijuana."},"content":{"rendered":"","protected":false},"excerpt":{"rendered":"<p>&nbsp;<\/p>\n<div class=\"row\">\n<div class=\"col-sm\"><strong>C\u00f3digo:<\/strong> <strong class=\"text-danger\">TFBC-C0<\/strong><\/div>\n<div class=\"col-sm\"><strong>N\u00famero de registros: <\/strong>500<\/div>\n<\/div>\n<div class=\"row\">\n<div class=\"col-sm \"><strong>Folio: <\/strong><span class=\"text-danger\">AC0721B081<\/span><\/div>\n<\/div>\n<p><strong>Segmentaci\u00f3n:<\/strong><\/p>\n<div class=\"row\">\n<div class=\"col-sm \">Empresas con m\u00e1s de 1,000 empleados del sector Financiero, Retail, empresas de Servicios, Seguros, Consumo Masivo, Manufactureras, Farmac\u00e9uticas, Oil &amp; Gas, Industrial y Tecnolog\u00edas de la informaci\u00f3n en Ciudad de M\u00e9xico, estado de M\u00e9xico, Sonora, Sinaloa, Nuevo Le\u00f3n, Guadalajara Jalisco, Aguascalientes y Tijuana.<\/div>\n<\/div>\n<p><strong>Campos Contenidos:<\/strong><\/p>\n<div class=\"row\">\n<div class=\"col-sm \">Empresa \/ Rango de empleados\/ Giro \/ Direcci\u00f3n \/ Ciudad \/ Estado \/ Contacto (Nombre y Apellido) \/ Puesto: \u00c1rea de Recursos humanos o \u00c1rea de Innovaci\u00f3n o \u00c1rea de Tecnolog\u00eda \/ Tel\u00e9fono \/ Email \/ P\u00e1gina web*opcional.<\/div>\n<\/div>\n<div class=\"row\">\n<div class=\"col-sm\"><strong>Garant\u00eda: <\/strong>80%-85% <strong>Precio Original: <\/strong><del>$333 USD<\/del> <strong>Descuento Especial: <\/strong><strong class=\"text-danger\">20%<\/strong><\/div>\n<\/div>\n<div class=\"row\">\n<div class=\"col text-center\"><strong>Total a Pagar: <\/strong><strong class=\"text-danger\">$267 USD<\/strong><\/div>\n<\/div>\n","protected":false},"featured_media":31084,"template":"","meta":{"_bst_post_transparent":"","_bst_post_title":"","_bst_post_layout":"","_bst_post_sidebar_id":"","_bst_post_content_style":"","_bst_post_vertical_padding":"","_bst_post_feature":"","_bst_post_feature_position":"","_bst_post_header":false,"_bst_post_footer":false},"product_brand":[],"product_cat":[1321,1060],"product_tag":[1062,1182,1306,1424,1063,1064,1066,1222,1067,1068,1211,1274,1385,1071,1072,1359,1073,1074,1075,1076,1077,1078,1079,1212,1213,1155,1080,1386,1387,1176,1177,1081,1082,1083,1084,1085,1086,1087,1214,1160,1216,1261,1088,1089,1090,1388,1188,1275,1092,1093,1365,1316,1271,1313,1291,1097,1098,1099,1101,1102,1103,1104,1178,1179,1105,1106,1107,1109,1110,1111,1112,1113,1115,1117,1118,1166,1167,1345,1346,1120,1121,1122,1123,1124,1127,1309,1128,1129,1390,1131,1310,1218,1133,1135,1136,1171,1137,1138,1139,1140,1142,1144,1145,1412,1394,1230,1205,1146,1149],"product_brands":[],"class_list":{"0":"post-36352","1":"product","2":"type-product","3":"status-publish","4":"has-post-thumbnail","6":"product_cat-con-mas-de-500-empleados","7":"product_cat-empresas-en-mexico","8":"product_tag-b2c-email-database","9":"product_tag-base-de-datos","10":"product_tag-base-de-datos-aguascalientes","11":"product_tag-base-de-datos-autotransporte","12":"product_tag-base-de-datos-campana-de-email-marketing","13":"product_tag-base-de-datos-campanas-de-email-marketing","14":"product_tag-base-de-datos-ciudad-de-mexico","15":"product_tag-base-de-datos-compras","16":"product_tag-base-de-datos-correo-masivo","17":"product_tag-base-de-datos-correo-masivos","18":"product_tag-base-de-datos-de-empresas-b2b","19":"product_tag-base-de-datos-de-empresas-en-mexico","20":"product_tag-base-de-datos-de-mexico","21":"product_tag-base-de-datos-direct-e-mail-marketing","22":"product_tag-base-de-datos-director","23":"product_tag-base-de-datos-director-de-tecnologia","24":"product_tag-base-de-datos-e-mail-marketing","25":"product_tag-base-de-datos-email-marketer","26":"product_tag-base-de-datos-email-marketing","27":"product_tag-base-de-datos-email-masivos","28":"product_tag-base-de-datos-email-publicidad","29":"product_tag-base-de-datos-email-publicitario","30":"product_tag-base-de-datos-emailing","31":"product_tag-base-de-datos-empresa","32":"product_tag-base-de-datos-empresarial","33":"product_tag-base-de-datos-empresas","34":"product_tag-base-de-datos-empresas-de-email-marketing","35":"product_tag-base-de-datos-empresas-en-mexico","36":"product_tag-base-de-datos-empresas-mexico","37":"product_tag-base-de-datos-encargados","38":"product_tag-base-de-datos-encargados-de-compras","39":"product_tag-base-de-datos-enviar-email-masivo","40":"product_tag-base-de-datos-envio-de-email-masivo","41":"product_tag-base-de-datos-envio-masivo-correo","42":"product_tag-base-de-datos-envio-masivo-correos","43":"product_tag-base-de-datos-envio-masivo-de-emails","44":"product_tag-base-de-datos-envios-de-correo-masivos","45":"product_tag-base-de-datos-estado-de-mexico","46":"product_tag-base-de-datos-farmaceutica","47":"product_tag-base-de-datos-gerente","48":"product_tag-base-de-datos-guadalajara","49":"product_tag-base-de-datos-manufacturera","50":"product_tag-base-de-datos-marketing","51":"product_tag-base-de-datos-marketing-por-e-mail","52":"product_tag-base-de-datos-marketing-por-email","53":"product_tag-base-de-datos-mexico","54":"product_tag-base-de-datos-nuevo-leon","55":"product_tag-base-de-datos-para-empresas","56":"product_tag-base-de-datos-para-marketing","57":"product_tag-base-de-datos-publicidad-por-email","58":"product_tag-base-de-datos-retail","59":"product_tag-base-de-datos-sinaloa","60":"product_tag-base-de-datos-sonora","61":"product_tag-base-de-datos-tecnologia","62":"product_tag-base-de-datos-tecnologias-de-la-informacion","63":"product_tag-bases-de-datos-correos","64":"product_tag-bases-de-datos-correos-electronicos","65":"product_tag-bases-de-datos-de-emails","66":"product_tag-bases-de-datos-de-telefonos","67":"product_tag-bases-de-datos-email","68":"product_tag-bases-de-datos-email-empresas","69":"product_tag-bases-de-datos-emailing","70":"product_tag-bases-de-datos-industrias","71":"product_tag-bases-de-datos-jalisco","72":"product_tag-bases-de-datos-numeros-de-telefonos","73":"product_tag-bases-de-datos-telefono","74":"product_tag-bases-de-datos-telefonos-fijos","75":"product_tag-business-contact-lists","76":"product_tag-business-directory","77":"product_tag-business-email-database","78":"product_tag-business-email-list","79":"product_tag-business-email-lists","80":"product_tag-business-mailing-lists","81":"product_tag-buy-email-list","82":"product_tag-buy-email-list-database","83":"product_tag-companies-email-address-list","84":"product_tag-company-email-address-list","85":"product_tag-compra-base-de-datos","86":"product_tag-comprar-bases-de-datos-mexico","87":"product_tag-correo-de-empresas","88":"product_tag-correos-de-empresas","89":"product_tag-correos-electronicos-de-empresas","90":"product_tag-correos-electronicos-empresas","91":"product_tag-correos-empresariales","92":"product_tag-directorio-empresarial","93":"product_tag-directorio-empresarial-mexico","94":"product_tag-directorio-empresariales","95":"product_tag-directorio-empresas","96":"product_tag-directorio-mexico","97":"product_tag-directorios-empresas","98":"product_tag-directorios-en-mexico","99":"product_tag-directorios-guadalajara","100":"product_tag-email-address-list","101":"product_tag-email-lists","102":"product_tag-email-marketing-list","103":"product_tag-email-marketing-mexico","104":"product_tag-list-of-email-addresses","105":"product_tag-lista-de-correos","106":"product_tag-lista-de-correos-electronicos","107":"product_tag-mail-marketing","108":"product_tag-mailing-list","109":"product_tag-marketing-correo-electronico","110":"product_tag-marketing-lists","111":"product_tag-marketing-mexico","112":"product_tag-mexico-business-directory","113":"product_tag-national-database","114":"product_tag-nuevo-leon-database","115":"product_tag-publicidad-por-base-de-datos-correo-electronico","116":"product_tag-telefono","118":"first","119":"instock","120":"sale","121":"shipping-taxable","122":"purchasable","123":"product-type-simple","124":"entry","125":"content-bg","126":"loop-entry"},"aioseo_notices":[],"_links":{"self":[{"href":"https:\/\/edirectorios.com.mx\/directorios-latinoamerica\/wp-json\/wp\/v2\/product\/36352","targetHints":{"allow":["GET"]}}],"collection":[{"href":"https:\/\/edirectorios.com.mx\/directorios-latinoamerica\/wp-json\/wp\/v2\/product"}],"about":[{"href":"https:\/\/edirectorios.com.mx\/directorios-latinoamerica\/wp-json\/wp\/v2\/types\/product"}],"version-history":[{"count":1,"href":"https:\/\/edirectorios.com.mx\/directorios-latinoamerica\/wp-json\/wp\/v2\/product\/36352\/revisions"}],"predecessor-version":[{"id":36407,"href":"https:\/\/edirectorios.com.mx\/directorios-latinoamerica\/wp-json\/wp\/v2\/product\/36352\/revisions\/36407"}],"wp:featuredmedia":[{"embeddable":true,"href":"https:\/\/edirectorios.com.mx\/directorios-latinoamerica\/wp-json\/wp\/v2\/media\/31084"}],"wp:attachment":[{"href":"https:\/\/edirectorios.com.mx\/directorios-latinoamerica\/wp-json\/wp\/v2\/media?parent=36352"}],"wp:term":[{"taxonomy":"product_brand","embeddable":true,"href":"https:\/\/edirectorios.com.mx\/directorios-latinoamerica\/wp-json\/wp\/v2\/product_brand?post=36352"},{"taxonomy":"product_cat","embeddable":true,"href":"https:\/\/edirectorios.com.mx\/directorios-latinoamerica\/wp-json\/wp\/v2\/product_cat?post=36352"},{"taxonomy":"product_tag","embeddable":true,"href":"https:\/\/edirectorios.com.mx\/directorios-latinoamerica\/wp-json\/wp\/v2\/product_tag?post=36352"},{"taxonomy":"product_brands","embeddable":true,"href":"https:\/\/edirectorios.com.mx\/directorios-latinoamerica\/wp-json\/wp\/v2\/product_brands?post=36352"}],"curies":[{"name":"wp","href":"https:\/\/api.w.org\/{rel}","templated":true}]}}