{"id":36351,"date":"2025-12-12T17:21:51","date_gmt":"2025-12-12T17:21:51","guid":{"rendered":"https:\/\/edirectorios.com.mx\/directorios-latinoamerica\/?post_type=product&#038;p=36351"},"modified":"2025-12-12T17:22:58","modified_gmt":"2025-12-12T17:22:58","slug":"profesionistas-y-tecnicos-en-paises-de-latinoamerica","status":"publish","type":"product","link":"https:\/\/edirectorios.com.mx\/directorios-latinoamerica\/product\/profesionistas-y-tecnicos-en-paises-de-latinoamerica\/","title":{"rendered":"Profesionistas y T\u00e9cnicos en pa\u00edses de Latinoam\u00e9rica"},"content":{"rendered":"","protected":false},"excerpt":{"rendered":"<p>&nbsp;<\/p>\n<div class=\"row\">\n<div class=\"col-sm\"><strong>C\u00f3digo:<\/strong> <strong class=\"text-danger\">SJSR-D0<\/strong><\/div>\n<div class=\"col-sm\"><strong>N\u00famero de registros: <\/strong>8000<\/div>\n<\/div>\n<div class=\"row\">\n<div class=\"col-sm \"><strong>Folio: <\/strong><span class=\"text-danger\">RR0821B006<\/span><\/div>\n<\/div>\n<p><strong>Segmentaci\u00f3n:<\/strong><\/p>\n<div class=\"row\">\n<div class=\"col-sm \">*Profesionistas y T\u00e9cnicos, econ\u00f3micamente activos en Costa Rica, Per\u00fa, Colombia y Bolivia. * Profesionistas y T\u00e9cnicos, econ\u00f3micamente activos en M\u00e9xico.<\/div>\n<\/div>\n<p><strong>Campos Contenidos:<\/strong><\/p>\n<div class=\"row\">\n<div class=\"col-sm \">*Nombre \/Especialidad\/Ciudad\/Celular\/Email *Nombre \/Especialidad\/Estado\/Celular\/Email<\/div>\n<\/div>\n<div class=\"row\">\n<div class=\"col-sm\"><strong>Garant\u00eda: <\/strong>80%-85% <strong>Precio Original: <\/strong><del>$3,662 USD<\/del> <strong>Descuento Especial: <\/strong><strong class=\"text-danger\">20%<\/strong><\/div>\n<\/div>\n<div class=\"row\">\n<div class=\"col text-center\"><strong>Total a Pagar: <\/strong><strong class=\"text-danger\">$2,930 USD<\/strong><\/div>\n<\/div>\n","protected":false},"featured_media":31010,"template":"","meta":{"_bst_post_transparent":"","_bst_post_title":"","_bst_post_layout":"","_bst_post_sidebar_id":"","_bst_post_content_style":"","_bst_post_vertical_padding":"","_bst_post_feature":"","_bst_post_feature_position":"","_bst_post_header":false,"_bst_post_footer":false},"product_brand":[],"product_cat":[1233,1477],"product_tag":[1062,1182,1236,1063,1064,1239,1263,1479,1067,1068,1377,1499,1385,1282,1071,1074,1075,1076,1077,1078,1079,1154,1386,1387,1081,1082,1157,1083,1084,1085,1158,1086,1159,1244,1088,1089,1090,1388,1092,1245,1093,1097,1098,1099,1100,1102,1104,1226,1165,1228,1190,1500,1116,1117,1118,1248,1346,1192,1196,1197,1198,1200,1265,1378,1170,1389,1501,1309,1390,1482,1310,1133,1135,1136,1171,1251,1252,1137,1138,1139,1140,1142,1144,1145,1412,1394,1253,1146],"product_brands":[],"class_list":{"0":"post-36351","1":"product","2":"type-product","3":"status-publish","4":"has-post-thumbnail","6":"product_cat-latinoamerica","7":"product_cat-personas","8":"product_tag-b2c-email-database","9":"product_tag-base-de-datos","10":"product_tag-base-de-datos-america-latina","11":"product_tag-base-de-datos-campana-de-email-marketing","12":"product_tag-base-de-datos-campanas-de-email-marketing","13":"product_tag-base-de-datos-colombia","14":"product_tag-base-de-datos-consumidores","15":"product_tag-base-de-datos-consumidores-en-latinoamerica","16":"product_tag-base-de-datos-correo-masivo","17":"product_tag-base-de-datos-correo-masivos","18":"product_tag-base-de-datos-costa-rica","19":"product_tag-base-de-datos-de-bolivia","20":"product_tag-base-de-datos-de-mexico","21":"product_tag-base-de-datos-de-profesionistas","22":"product_tag-base-de-datos-direct-e-mail-marketing","23":"product_tag-base-de-datos-email-marketer","24":"product_tag-base-de-datos-email-marketing","25":"product_tag-base-de-datos-email-masivos","26":"product_tag-base-de-datos-email-publicidad","27":"product_tag-base-de-datos-email-publicitario","28":"product_tag-base-de-datos-emailing","29":"product_tag-base-de-datos-emails-mexico","30":"product_tag-base-de-datos-empresas-en-mexico","31":"product_tag-base-de-datos-empresas-mexico","32":"product_tag-base-de-datos-enviar-email-masivo","33":"product_tag-base-de-datos-envio-de-email-masivo","34":"product_tag-base-de-datos-envio-masivo","35":"product_tag-base-de-datos-envio-masivo-correo","36":"product_tag-base-de-datos-envio-masivo-correos","37":"product_tag-base-de-datos-envio-masivo-de-emails","38":"product_tag-base-de-datos-envio-masivos","39":"product_tag-base-de-datos-envios-de-correo-masivos","40":"product_tag-base-de-datos-envios-masivos","41":"product_tag-base-de-datos-latam","42":"product_tag-base-de-datos-marketing","43":"product_tag-base-de-datos-marketing-por-e-mail","44":"product_tag-base-de-datos-marketing-por-email","45":"product_tag-base-de-datos-mexico","46":"product_tag-base-de-datos-para-marketing","47":"product_tag-base-de-datos-peru","48":"product_tag-base-de-datos-publicidad-por-email","49":"product_tag-bases-de-datos-correos","50":"product_tag-bases-de-datos-correos-electronicos","51":"product_tag-bases-de-datos-de-emails","52":"product_tag-bases-de-datos-de-marketing","53":"product_tag-bases-de-datos-email","54":"product_tag-bases-de-datos-emailing","55":"product_tag-bases-de-datos-emails","56":"product_tag-bases-de-datos-mailing","57":"product_tag-bases-de-datos-para-ventas","58":"product_tag-big-consumer-database","59":"product_tag-bolivia-database","60":"product_tag-buy-email-database","61":"product_tag-buy-email-list","62":"product_tag-buy-email-list-database","63":"product_tag-colombia-database","64":"product_tag-comprar-bases-de-datos-mexico","65":"product_tag-consumer-database","66":"product_tag-consumer-email-lists","67":"product_tag-consumer-list","68":"product_tag-consumer-mailing-database","69":"product_tag-consumer-mailing-lists","70":"product_tag-correos-consumidores","71":"product_tag-costa-rica-database","72":"product_tag-database","73":"product_tag-database-mexico","74":"product_tag-directorio-bolivia","75":"product_tag-directorio-empresarial-mexico","76":"product_tag-directorio-mexico","77":"product_tag-directorios-consumidores-latinoamerica","78":"product_tag-directorios-en-mexico","79":"product_tag-email-address-list","80":"product_tag-email-lists","81":"product_tag-email-marketing-list","82":"product_tag-email-marketing-mexico","83":"product_tag-latam-database","84":"product_tag-latinoamerica-database","85":"product_tag-list-of-email-addresses","86":"product_tag-lista-de-correos","87":"product_tag-lista-de-correos-electronicos","88":"product_tag-mail-marketing","89":"product_tag-mailing-list","90":"product_tag-marketing-correo-electronico","91":"product_tag-marketing-lists","92":"product_tag-marketing-mexico","93":"product_tag-mexico-business-directory","94":"product_tag-peru-database","95":"product_tag-publicidad-por-base-de-datos-correo-electronico","97":"first","98":"instock","99":"sale","100":"shipping-taxable","101":"purchasable","102":"product-type-simple","103":"entry","104":"content-bg","105":"loop-entry"},"aioseo_notices":[],"_links":{"self":[{"href":"https:\/\/edirectorios.com.mx\/directorios-latinoamerica\/wp-json\/wp\/v2\/product\/36351","targetHints":{"allow":["GET"]}}],"collection":[{"href":"https:\/\/edirectorios.com.mx\/directorios-latinoamerica\/wp-json\/wp\/v2\/product"}],"about":[{"href":"https:\/\/edirectorios.com.mx\/directorios-latinoamerica\/wp-json\/wp\/v2\/types\/product"}],"version-history":[{"count":1,"href":"https:\/\/edirectorios.com.mx\/directorios-latinoamerica\/wp-json\/wp\/v2\/product\/36351\/revisions"}],"predecessor-version":[{"id":36398,"href":"https:\/\/edirectorios.com.mx\/directorios-latinoamerica\/wp-json\/wp\/v2\/product\/36351\/revisions\/36398"}],"wp:featuredmedia":[{"embeddable":true,"href":"https:\/\/edirectorios.com.mx\/directorios-latinoamerica\/wp-json\/wp\/v2\/media\/31010"}],"wp:attachment":[{"href":"https:\/\/edirectorios.com.mx\/directorios-latinoamerica\/wp-json\/wp\/v2\/media?parent=36351"}],"wp:term":[{"taxonomy":"product_brand","embeddable":true,"href":"https:\/\/edirectorios.com.mx\/directorios-latinoamerica\/wp-json\/wp\/v2\/product_brand?post=36351"},{"taxonomy":"product_cat","embeddable":true,"href":"https:\/\/edirectorios.com.mx\/directorios-latinoamerica\/wp-json\/wp\/v2\/product_cat?post=36351"},{"taxonomy":"product_tag","embeddable":true,"href":"https:\/\/edirectorios.com.mx\/directorios-latinoamerica\/wp-json\/wp\/v2\/product_tag?post=36351"},{"taxonomy":"product_brands","embeddable":true,"href":"https:\/\/edirectorios.com.mx\/directorios-latinoamerica\/wp-json\/wp\/v2\/product_brands?post=36351"}],"curies":[{"name":"wp","href":"https:\/\/api.w.org\/{rel}","templated":true}]}}