{"id":36329,"date":"2025-12-12T17:21:24","date_gmt":"2025-12-12T17:21:24","guid":{"rendered":"https:\/\/edirectorios.com.mx\/directorios-latinoamerica\/?post_type=product&#038;p=36329"},"modified":"2025-12-12T17:22:24","modified_gmt":"2025-12-12T17:22:24","slug":"empresas-grandes-que-tengan-mas-de-150-200-empleados-en-distintos-sectores","status":"publish","type":"product","link":"https:\/\/edirectorios.com.mx\/directorios-latinoamerica\/product\/empresas-grandes-que-tengan-mas-de-150-200-empleados-en-distintos-sectores\/","title":{"rendered":"Empresas grandes que tengan m\u00e1s de 150-200 empleados en distintos sectores"},"content":{"rendered":"","protected":false},"excerpt":{"rendered":"<p>&nbsp;<\/p>\n<div class=\"row\">\n<div class=\"col-sm\"><strong>C\u00f3digo:<\/strong> <strong class=\"text-danger\">TBDB-D9<\/strong><\/div>\n<div class=\"col-sm\"><strong>N\u00famero de registros: <\/strong>500<\/div>\n<\/div>\n<div class=\"row\">\n<div class=\"col-sm \"><strong>Folio: <\/strong><span class=\"text-danger\">EN0621B077<\/span><\/div>\n<\/div>\n<p><strong>Segmentaci\u00f3n:<\/strong><\/p>\n<div class=\"row\">\n<div class=\"col-sm \">\n<div class=\"col-sm \">\n<div class=\"col-sm \"><span class=\"text-justify\">*Empresas grandes que tengan m\u00e1s de 150-200 empleados de los sectores de: Abarrotes, Restaurante \/ Bar, Construcci\u00f3n, Venta de Ropa, Log\u00edstica, Ferreter\u00eda, Venta de Alimentos, Carnicer\u00eda, Refaccionaria, Transporte de carga en general, Hoteler\u00eda, Taller Mec\u00e1nico, Inmobiliaria, Radiotelecomunicaciones, Servicios Educativos, Servicio M\u00e9dico, Telecomunicaciones y Comercio a Nivel Nacional, principalmente en la CDMX. <\/span><\/div>\n<div class=\"col-sm \"><span class=\"text-justify\">*Empresas grandes que tengan m\u00e1s de 150-200 empleados de los sectores de: Abarrotes, Restaurante \/ Bar, Construcci\u00f3n, Venta de Ropa, Log\u00edstica, Ferreter\u00eda, Venta de Alimentos, Carnicer\u00eda, Refaccionaria, Transporte de carga en general, Hoteler\u00eda, Taller Mec\u00e1nico, Inmobiliaria, Radiotelecomunicaciones, Servicios Educativos, Servicio M\u00e9dico, Telecomunicaciones y Comercio en Bogot\u00e1, Cali y Medell\u00edn, Colombia.<\/span><\/div>\n<\/div>\n<p>&nbsp;<\/p>\n<p><strong style=\"font-size: 1rem;\">Campos Contenidos:<\/strong><\/p>\n<\/div>\n<\/div>\n<div class=\"row\">\n<div class=\"col-sm \">Empresa \/ Giro \/ Ciudad \/ Estado \/ Contacto \/ Puesto: Encargado de Recursos Humanos o Finanzas o Sistemas \/ Email.<\/div>\n<\/div>\n<div class=\"row\">\n<div class=\"col-sm\"><strong>Garant\u00eda: <\/strong>80%-85% <strong>Precio Original: <\/strong><del><span style=\"text-decoration: line-through;\">$246 USD<\/span><\/del>\u00a0<strong>Descuento Especial: <\/strong><strong class=\"text-danger\">20%<\/strong><\/div>\n<\/div>\n<div class=\"row\">\n<div class=\"col text-center\"><strong>Total a Pagar: <\/strong><strong class=\"text-danger\">$197 USD<\/strong><\/div>\n<\/div>\n","protected":false},"featured_media":31282,"template":"","meta":{"_bst_post_transparent":"","_bst_post_title":"","_bst_post_layout":"","_bst_post_sidebar_id":"","_bst_post_content_style":"","_bst_post_vertical_padding":"","_bst_post_feature":"","_bst_post_feature_position":"","_bst_post_header":false,"_bst_post_footer":false},"product_brand":[],"product_cat":[1379,1060],"product_tag":[1518,1062,1182,1421,1306,1260,1063,1064,1184,1066,1067,1068,1151,1211,1319,1274,1442,1385,1307,1071,1359,1073,1074,1075,1076,1077,1078,1079,1154,1212,1213,1155,1080,1386,1387,1081,1156,1082,1157,1083,1084,1085,1158,1086,1159,1335,1223,1392,1339,1161,1162,1088,1089,1090,1388,1224,1284,1532,1094,1285,1313,1408,1533,1097,1098,1099,1100,1101,1102,1103,1104,1226,1227,1165,1105,1228,1106,1107,1109,1110,1111,1112,1113,1114,1115,1116,1117,1118,1166,1119,1167,1345,1346,1120,1121,1122,1123,1124,1170,1127,1309,1128,1129,1390,1172,1173,1174,1175,1146,1522,1148,1231,1232],"product_brands":[],"class_list":{"0":"post-36329","1":"product","2":"type-product","3":"status-publish","4":"has-post-thumbnail","6":"product_cat-con-mas-de-100-empleados","7":"product_cat-empresas-en-mexico","8":"product_tag-b2b-contact-data","9":"product_tag-b2c-email-database","10":"product_tag-base-de-datos","11":"product_tag-base-de-datos-abarrotes","12":"product_tag-base-de-datos-aguascalientes","13":"product_tag-base-de-datos-alimentos","14":"product_tag-base-de-datos-campana-de-email-marketing","15":"product_tag-base-de-datos-campanas-de-email-marketing","16":"product_tag-base-de-datos-cdmx","17":"product_tag-base-de-datos-ciudad-de-mexico","18":"product_tag-base-de-datos-correo-masivo","19":"product_tag-base-de-datos-correo-masivos","20":"product_tag-base-de-datos-de-construccion","21":"product_tag-base-de-datos-de-empresas-b2b","22":"product_tag-base-de-datos-de-empresas-con-mas-de-100-empleados","23":"product_tag-base-de-datos-de-empresas-en-mexico","24":"product_tag-base-de-datos-de-empresas-mexicanas","25":"product_tag-base-de-datos-de-mexico","26":"product_tag-base-de-datos-de-transporte-de-carga","27":"product_tag-base-de-datos-direct-e-mail-marketing","28":"product_tag-base-de-datos-director-de-tecnologia","29":"product_tag-base-de-datos-e-mail-marketing","30":"product_tag-base-de-datos-email-marketer","31":"product_tag-base-de-datos-email-marketing","32":"product_tag-base-de-datos-email-masivos","33":"product_tag-base-de-datos-email-publicidad","34":"product_tag-base-de-datos-email-publicitario","35":"product_tag-base-de-datos-emailing","36":"product_tag-base-de-datos-emails-mexico","37":"product_tag-base-de-datos-empresa","38":"product_tag-base-de-datos-empresarial","39":"product_tag-base-de-datos-empresas","40":"product_tag-base-de-datos-empresas-de-email-marketing","41":"product_tag-base-de-datos-empresas-en-mexico","42":"product_tag-base-de-datos-empresas-mexico","43":"product_tag-base-de-datos-enviar-email-masivo","44":"product_tag-base-de-datos-enviar-mailing","45":"product_tag-base-de-datos-envio-de-email-masivo","46":"product_tag-base-de-datos-envio-masivo","47":"product_tag-base-de-datos-envio-masivo-correo","48":"product_tag-base-de-datos-envio-masivo-correos","49":"product_tag-base-de-datos-envio-masivo-de-emails","50":"product_tag-base-de-datos-envio-masivos","51":"product_tag-base-de-datos-envios-de-correo-masivos","52":"product_tag-base-de-datos-envios-masivos","53":"product_tag-base-de-datos-finanzas","54":"product_tag-base-de-datos-hoteles","55":"product_tag-base-de-datos-inmobiliaria","56":"product_tag-base-de-datos-logistica","57":"product_tag-base-de-datos-mailing","58":"product_tag-base-de-datos-mailing-masivo","59":"product_tag-base-de-datos-marketing","60":"product_tag-base-de-datos-marketing-por-e-mail","61":"product_tag-base-de-datos-marketing-por-email","62":"product_tag-base-de-datos-mexico","63":"product_tag-base-de-datos-nivel-nacional","64":"product_tag-base-de-datos-recursos-humanos","65":"product_tag-base-de-datos-refaccionaria","66":"product_tag-base-de-datos-restaurante","67":"product_tag-base-de-datos-sistemas","68":"product_tag-base-de-datos-tecnologia","69":"product_tag-base-de-datos-telecomunicaciones","70":"product_tag-base-de-datos-venta-de-ropa","71":"product_tag-bases-de-datos-correos","72":"product_tag-bases-de-datos-correos-electronicos","73":"product_tag-bases-de-datos-de-emails","74":"product_tag-bases-de-datos-de-marketing","75":"product_tag-bases-de-datos-de-telefonos","76":"product_tag-bases-de-datos-email","77":"product_tag-bases-de-datos-email-empresas","78":"product_tag-bases-de-datos-emailing","79":"product_tag-bases-de-datos-emails","80":"product_tag-bases-de-datos-empresariales","81":"product_tag-bases-de-datos-mailing","82":"product_tag-bases-de-datos-numeros-de-telefonos","83":"product_tag-bases-de-datos-para-ventas","84":"product_tag-bases-de-datos-telefono","85":"product_tag-bases-de-datos-telefonos-fijos","86":"product_tag-business-contact-lists","87":"product_tag-business-directory","88":"product_tag-business-email-database","89":"product_tag-business-email-list","90":"product_tag-business-email-lists","91":"product_tag-business-mailing-database","92":"product_tag-business-mailing-lists","93":"product_tag-buy-email-database","94":"product_tag-buy-email-list","95":"product_tag-buy-email-list-database","96":"product_tag-companies-email-address-list","97":"product_tag-company-database","98":"product_tag-company-email-address-list","99":"product_tag-compra-base-de-datos","100":"product_tag-comprar-bases-de-datos-mexico","101":"product_tag-correo-de-empresas","102":"product_tag-correos-de-empresas","103":"product_tag-correos-electronicos-de-empresas","104":"product_tag-correos-electronicos-empresas","105":"product_tag-correos-empresariales","106":"product_tag-database","107":"product_tag-directorio-empresarial","108":"product_tag-directorio-empresarial-mexico","109":"product_tag-directorio-empresariales","110":"product_tag-directorio-empresas","111":"product_tag-directorio-mexico","112":"product_tag-phone-database","113":"product_tag-phone-lists","114":"product_tag-phone-number","115":"product_tag-phone-number-list","116":"product_tag-publicidad-por-base-de-datos-correo-electronico","117":"product_tag-sales-leads","118":"product_tag-tele-marketing-list","119":"product_tag-venta-base-de-datos","120":"product_tag-venta-de-base-de-datos-de-empresas","122":"first","123":"instock","124":"sale","125":"virtual","126":"purchasable","127":"product-type-simple","128":"entry","129":"content-bg","130":"loop-entry"},"aioseo_notices":[],"_links":{"self":[{"href":"https:\/\/edirectorios.com.mx\/directorios-latinoamerica\/wp-json\/wp\/v2\/product\/36329","targetHints":{"allow":["GET"]}}],"collection":[{"href":"https:\/\/edirectorios.com.mx\/directorios-latinoamerica\/wp-json\/wp\/v2\/product"}],"about":[{"href":"https:\/\/edirectorios.com.mx\/directorios-latinoamerica\/wp-json\/wp\/v2\/types\/product"}],"version-history":[{"count":1,"href":"https:\/\/edirectorios.com.mx\/directorios-latinoamerica\/wp-json\/wp\/v2\/product\/36329\/revisions"}],"predecessor-version":[{"id":36378,"href":"https:\/\/edirectorios.com.mx\/directorios-latinoamerica\/wp-json\/wp\/v2\/product\/36329\/revisions\/36378"}],"wp:featuredmedia":[{"embeddable":true,"href":"https:\/\/edirectorios.com.mx\/directorios-latinoamerica\/wp-json\/wp\/v2\/media\/31282"}],"wp:attachment":[{"href":"https:\/\/edirectorios.com.mx\/directorios-latinoamerica\/wp-json\/wp\/v2\/media?parent=36329"}],"wp:term":[{"taxonomy":"product_brand","embeddable":true,"href":"https:\/\/edirectorios.com.mx\/directorios-latinoamerica\/wp-json\/wp\/v2\/product_brand?post=36329"},{"taxonomy":"product_cat","embeddable":true,"href":"https:\/\/edirectorios.com.mx\/directorios-latinoamerica\/wp-json\/wp\/v2\/product_cat?post=36329"},{"taxonomy":"product_tag","embeddable":true,"href":"https:\/\/edirectorios.com.mx\/directorios-latinoamerica\/wp-json\/wp\/v2\/product_tag?post=36329"},{"taxonomy":"product_brands","embeddable":true,"href":"https:\/\/edirectorios.com.mx\/directorios-latinoamerica\/wp-json\/wp\/v2\/product_brands?post=36329"}],"curies":[{"name":"wp","href":"https:\/\/api.w.org\/{rel}","templated":true}]}}