{"id":36155,"date":"2025-12-12T17:17:38","date_gmt":"2025-12-12T17:17:38","guid":{"rendered":"https:\/\/edirectorios.com.mx\/directorios-latinoamerica\/?post_type=product&#038;p=36155"},"modified":"2025-12-12T17:18:39","modified_gmt":"2025-12-12T17:18:39","slug":"empresas-holdings-con-mas-de-1000-empleados-con-ventas-anuales-de-mas-de-2-mil-millones-de-pesos-a-nivel-nacional","status":"publish","type":"product","link":"https:\/\/edirectorios.com.mx\/directorios-latinoamerica\/product\/empresas-holdings-con-mas-de-1000-empleados-con-ventas-anuales-de-mas-de-2-mil-millones-de-pesos-a-nivel-nacional\/","title":{"rendered":"Empresas Holdings  con m\u00e1s de 1,000 empleados  con ventas anuales de m\u00e1s de 2 mil millones de pesos a Nivel Nacional"},"content":{"rendered":"","protected":false},"excerpt":{"rendered":"<p>&nbsp;<\/p>\n<div class=\"row\">\n<div class=\"col-sm\"><strong>C\u00f3digo:<\/strong> <strong class=\"text-danger\">QDHB-K3-1<\/strong><\/div>\n<div class=\"col-sm\"><strong>N\u00famero de registros: <\/strong>96<\/div>\n<\/div>\n<div class=\"row\">\n<div class=\"col-sm \"><strong>Folio: <\/strong><span class=\"text-danger\">HC0221B097<\/span><\/div>\n<\/div>\n<p><strong>Segmentaci\u00f3n:<\/strong><\/p>\n<div class=\"row\">\n<div class=\"col-sm \">Empresas Holdings con m\u00e1s de 1,000 empleados con ventas anuales de m\u00e1s de 2 mil millones de pesos a Nivel Nacional<\/div>\n<\/div>\n<p><strong>Campos Contenidos:<\/strong><\/p>\n<div class=\"row\">\n<div class=\"col-sm \">Empresa \/ Giro \/ Direcci\u00f3n \/ Ciudad \/ Estado \/ Contacto 1 \/ Puesto 1: CIO o Director o Gerente de Sistemas o TI o Innovaci\u00f3n tecnol\u00f3gica o Riesgo y Cumplimiento o Atenci\u00f3n al cliente \/ Tel\u00e9fono 1 \/ Email 1 \/Contacto 2 \/ Puesto 2: CIO o Director o Gerente de Sistemas o TI o Innovaci\u00f3n tecnol\u00f3gica o Riesgo y Cumplimiento o Atenci\u00f3n al cliente \/ Tel\u00e9fono 2 \/ Email 2 P\u00e1gina web*opcional.<\/div>\n<\/div>\n<div class=\"row\">\n<div class=\"col-sm\"><strong>Garant\u00eda: <\/strong>80%-85% <strong>Precio Original: <\/strong><del>$801 USD<\/del> <strong>Descuento Especial: <\/strong><strong class=\"text-danger\">20%<\/strong><\/div>\n<\/div>\n<div class=\"row\">\n<div class=\"col text-center\"><strong>Total a Pagar: <\/strong><strong class=\"text-danger\">$641 USD<\/strong><\/div>\n<\/div>\n","protected":false},"featured_media":31084,"template":"","meta":{"_bst_post_transparent":"","_bst_post_title":"","_bst_post_layout":"","_bst_post_sidebar_id":"","_bst_post_content_style":"","_bst_post_vertical_padding":"","_bst_post_feature":"","_bst_post_feature_position":"","_bst_post_header":false,"_bst_post_footer":false},"product_brand":[],"product_cat":[1321,1060],"product_tag":[1062,1182,1063,1064,1222,1067,1068,1211,1322,1071,1072,1359,1073,1074,1075,1076,1077,1078,1079,1212,1213,1155,1080,1081,1082,1083,1084,1085,1086,1160,1088,1089,1090,1224,1275,1092,1093,1285,1313,1097,1098,1099,1101,1246,1102,1103,1104,1289,1105,1106,1107,1109,1110,1111,1112,1113,1115,1117,1118,1166,1167,1345,1120,1121,1122,1123,1124,1127,1309,1128,1129,1131,1133,1135,1136,1171,1137,1138,1139,1140,1142,1144,1145,1394,1230,1172,1173,1174,1175,1146,1149],"product_brands":[],"class_list":{"0":"post-36155","1":"product","2":"type-product","3":"status-publish","4":"has-post-thumbnail","6":"product_cat-con-mas-de-500-empleados","7":"product_cat-empresas-en-mexico","8":"product_tag-b2c-email-database","9":"product_tag-base-de-datos","10":"product_tag-base-de-datos-campana-de-email-marketing","11":"product_tag-base-de-datos-campanas-de-email-marketing","12":"product_tag-base-de-datos-compras","13":"product_tag-base-de-datos-correo-masivo","14":"product_tag-base-de-datos-correo-masivos","15":"product_tag-base-de-datos-de-empresas-b2b","16":"product_tag-base-de-datos-de-empresas-con-mas-de-500-empleados","17":"product_tag-base-de-datos-direct-e-mail-marketing","18":"product_tag-base-de-datos-director","19":"product_tag-base-de-datos-director-de-tecnologia","20":"product_tag-base-de-datos-e-mail-marketing","21":"product_tag-base-de-datos-email-marketer","22":"product_tag-base-de-datos-email-marketing","23":"product_tag-base-de-datos-email-masivos","24":"product_tag-base-de-datos-email-publicidad","25":"product_tag-base-de-datos-email-publicitario","26":"product_tag-base-de-datos-emailing","27":"product_tag-base-de-datos-empresa","28":"product_tag-base-de-datos-empresarial","29":"product_tag-base-de-datos-empresas","30":"product_tag-base-de-datos-empresas-de-email-marketing","31":"product_tag-base-de-datos-enviar-email-masivo","32":"product_tag-base-de-datos-envio-de-email-masivo","33":"product_tag-base-de-datos-envio-masivo-correo","34":"product_tag-base-de-datos-envio-masivo-correos","35":"product_tag-base-de-datos-envio-masivo-de-emails","36":"product_tag-base-de-datos-envios-de-correo-masivos","37":"product_tag-base-de-datos-gerente","38":"product_tag-base-de-datos-marketing","39":"product_tag-base-de-datos-marketing-por-e-mail","40":"product_tag-base-de-datos-marketing-por-email","41":"product_tag-base-de-datos-nivel-nacional","42":"product_tag-base-de-datos-para-empresas","43":"product_tag-base-de-datos-para-marketing","44":"product_tag-base-de-datos-publicidad-por-email","45":"product_tag-base-de-datos-sistemas","46":"product_tag-base-de-datos-tecnologia","47":"product_tag-bases-de-datos-correos","48":"product_tag-bases-de-datos-correos-electronicos","49":"product_tag-bases-de-datos-de-emails","50":"product_tag-bases-de-datos-de-telefonos","51":"product_tag-bases-de-datos-director-de-ti","52":"product_tag-bases-de-datos-email","53":"product_tag-bases-de-datos-email-empresas","54":"product_tag-bases-de-datos-emailing","55":"product_tag-bases-de-datos-hospitales","56":"product_tag-bases-de-datos-numeros-de-telefonos","57":"product_tag-bases-de-datos-telefono","58":"product_tag-bases-de-datos-telefonos-fijos","59":"product_tag-business-contact-lists","60":"product_tag-business-directory","61":"product_tag-business-email-database","62":"product_tag-business-email-list","63":"product_tag-business-email-lists","64":"product_tag-business-mailing-lists","65":"product_tag-buy-email-list","66":"product_tag-buy-email-list-database","67":"product_tag-companies-email-address-list","68":"product_tag-company-email-address-list","69":"product_tag-compra-base-de-datos","70":"product_tag-correo-de-empresas","71":"product_tag-correos-de-empresas","72":"product_tag-correos-electronicos-de-empresas","73":"product_tag-correos-electronicos-empresas","74":"product_tag-correos-empresariales","75":"product_tag-directorio-empresarial","76":"product_tag-directorio-empresarial-mexico","77":"product_tag-directorio-empresariales","78":"product_tag-directorio-empresas","79":"product_tag-directorios-empresas","80":"product_tag-email-address-list","81":"product_tag-email-lists","82":"product_tag-email-marketing-list","83":"product_tag-email-marketing-mexico","84":"product_tag-list-of-email-addresses","85":"product_tag-lista-de-correos","86":"product_tag-lista-de-correos-electronicos","87":"product_tag-mail-marketing","88":"product_tag-mailing-list","89":"product_tag-marketing-correo-electronico","90":"product_tag-marketing-lists","91":"product_tag-mexico-business-directory","92":"product_tag-national-database","93":"product_tag-phone-database","94":"product_tag-phone-lists","95":"product_tag-phone-number","96":"product_tag-phone-number-list","97":"product_tag-publicidad-por-base-de-datos-correo-electronico","98":"product_tag-telefono","100":"first","101":"instock","102":"sale","103":"shipping-taxable","104":"purchasable","105":"product-type-simple","106":"entry","107":"content-bg","108":"loop-entry"},"aioseo_notices":[],"_links":{"self":[{"href":"https:\/\/edirectorios.com.mx\/directorios-latinoamerica\/wp-json\/wp\/v2\/product\/36155","targetHints":{"allow":["GET"]}}],"collection":[{"href":"https:\/\/edirectorios.com.mx\/directorios-latinoamerica\/wp-json\/wp\/v2\/product"}],"about":[{"href":"https:\/\/edirectorios.com.mx\/directorios-latinoamerica\/wp-json\/wp\/v2\/types\/product"}],"version-history":[{"count":1,"href":"https:\/\/edirectorios.com.mx\/directorios-latinoamerica\/wp-json\/wp\/v2\/product\/36155\/revisions"}],"predecessor-version":[{"id":36209,"href":"https:\/\/edirectorios.com.mx\/directorios-latinoamerica\/wp-json\/wp\/v2\/product\/36155\/revisions\/36209"}],"wp:featuredmedia":[{"embeddable":true,"href":"https:\/\/edirectorios.com.mx\/directorios-latinoamerica\/wp-json\/wp\/v2\/media\/31084"}],"wp:attachment":[{"href":"https:\/\/edirectorios.com.mx\/directorios-latinoamerica\/wp-json\/wp\/v2\/media?parent=36155"}],"wp:term":[{"taxonomy":"product_brand","embeddable":true,"href":"https:\/\/edirectorios.com.mx\/directorios-latinoamerica\/wp-json\/wp\/v2\/product_brand?post=36155"},{"taxonomy":"product_cat","embeddable":true,"href":"https:\/\/edirectorios.com.mx\/directorios-latinoamerica\/wp-json\/wp\/v2\/product_cat?post=36155"},{"taxonomy":"product_tag","embeddable":true,"href":"https:\/\/edirectorios.com.mx\/directorios-latinoamerica\/wp-json\/wp\/v2\/product_tag?post=36155"},{"taxonomy":"product_brands","embeddable":true,"href":"https:\/\/edirectorios.com.mx\/directorios-latinoamerica\/wp-json\/wp\/v2\/product_brands?post=36155"}],"curies":[{"name":"wp","href":"https:\/\/api.w.org\/{rel}","templated":true}]}}