{"id":36131,"date":"2025-12-12T17:17:15","date_gmt":"2025-12-12T17:17:15","guid":{"rendered":"https:\/\/edirectorios.com.mx\/directorios-latinoamerica\/?post_type=product&#038;p=36131"},"modified":"2025-12-12T17:18:11","modified_gmt":"2025-12-12T17:18:11","slug":"base-de-datos-medicos-ortopedistas-y-medicos-reumatologos-a-nivel-nacional-medicos-neurologos-a-nivel-nacional","status":"publish","type":"product","link":"https:\/\/edirectorios.com.mx\/directorios-latinoamerica\/product\/base-de-datos-medicos-ortopedistas-y-medicos-reumatologos-a-nivel-nacional-medicos-neurologos-a-nivel-nacional\/","title":{"rendered":"Base de datos m\u00e9dicos ortopedistas  y m\u00e9dicos reumat\u00f3logos  a Nivel Nacional. M\u00e9dicos neur\u00f3logos  a Nivel Nacional"},"content":{"rendered":"","protected":false},"excerpt":{"rendered":"<p>&nbsp;<\/p>\n<div class=\"row\">\n<div class=\"col-sm\"><strong>C\u00f3digo:<\/strong> <strong class=\"text-danger\">FTHF-D6-1<\/strong><\/div>\n<div class=\"col-sm\"><strong>N\u00famero de registros: 2,000<\/strong><\/div>\n<\/div>\n<div class=\"row\">\n<div class=\"col-sm \"><strong>Folio: <\/strong><span class=\"text-danger\">GM0220M036<\/span><\/div>\n<\/div>\n<p><strong>Segmentaci\u00f3n:<\/strong><\/p>\n<div class=\"row\">\n<div class=\"col-sm \">*500 registros de m\u00e9dicos ortopedistas y 500 registros de m\u00e9dicos reumat\u00f3logos a Nivel Nacional * 1,000 registros de m\u00e9dicos neur\u00f3logos a Nivel Nacional<\/div>\n<\/div>\n<p><strong>Campos Contenidos:<\/strong><\/p>\n<div class=\"row\">\n<div class=\"col-sm \">Nombre Completo \/ Especialidad\/ Direcci\u00f3n \/ Ciudad \/ Estado \/ Celular \/ Email. * Nombre Completo \/ Especialidad\/ Direcci\u00f3n \/ Ciudad \/ Estado \/ Celular \/ Email.<\/div>\n<\/div>\n<div class=\"row\">\n<div class=\"col-sm\"><strong>Garant\u00eda: <\/strong>80%-85% <strong>Precio Original: <\/strong><del>$1,137 USD<\/del> <strong>Descuento Especial: <\/strong><strong class=\"text-danger\">20%<\/strong><\/div>\n<\/div>\n<div class=\"row\">\n<div class=\"col text-center\"><strong>Total a Pagar: <\/strong><strong class=\"text-danger\">$909 USD<\/strong><\/div>\n<\/div>\n","protected":false},"featured_media":31161,"template":"","meta":{"_bst_post_transparent":"","_bst_post_title":"","_bst_post_layout":"","_bst_post_sidebar_id":"","_bst_post_content_style":"","_bst_post_vertical_padding":"","_bst_post_feature":"","_bst_post_feature_position":"","_bst_post_header":false,"_bst_post_footer":false},"product_brand":[],"product_cat":[1360,1180],"product_tag":[1062,1182,1063,1064,1404,1067,1068,1294,1186,1405,1071,1073,1074,1075,1076,1077,1078,1079,1081,1082,1083,1084,1085,1086,1088,1089,1090,1361,1224,1295,1092,1189,1093,1406,1097,1098,1099,1100,1102,1190,1109,1117,1118,1191,1192,1193,1194,1195,1196,1197,1198,1199,1200,1201,1202,1203,1204,1124,1170,1133,1135,1136,1137,1138,1139,1296,1140,1143,1144,1145,1407,1297,1298,1299,1300,1301,1302,1303,1146,1148],"product_brands":[],"class_list":{"0":"post-36131","1":"product","2":"type-product","3":"status-publish","4":"has-post-thumbnail","6":"product_cat-medicos","7":"product_cat-personas-en-mexico","8":"product_tag-b2c-email-database","9":"product_tag-base-de-datos","10":"product_tag-base-de-datos-campana-de-email-marketing","11":"product_tag-base-de-datos-campanas-de-email-marketing","12":"product_tag-base-de-datos-celulares","13":"product_tag-base-de-datos-correo-masivo","14":"product_tag-base-de-datos-correo-masivos","15":"product_tag-base-de-datos-de-numeros-celulares","16":"product_tag-base-de-datos-de-personas-fisicas","17":"product_tag-base-de-datos-de-telefonos-moviles","18":"product_tag-base-de-datos-direct-e-mail-marketing","19":"product_tag-base-de-datos-e-mail-marketing","20":"product_tag-base-de-datos-email-marketer","21":"product_tag-base-de-datos-email-marketing","22":"product_tag-base-de-datos-email-masivos","23":"product_tag-base-de-datos-email-publicidad","24":"product_tag-base-de-datos-email-publicitario","25":"product_tag-base-de-datos-emailing","26":"product_tag-base-de-datos-enviar-email-masivo","27":"product_tag-base-de-datos-envio-de-email-masivo","28":"product_tag-base-de-datos-envio-masivo-correo","29":"product_tag-base-de-datos-envio-masivo-correos","30":"product_tag-base-de-datos-envio-masivo-de-emails","31":"product_tag-base-de-datos-envios-de-correo-masivos","32":"product_tag-base-de-datos-marketing","33":"product_tag-base-de-datos-marketing-por-e-mail","34":"product_tag-base-de-datos-marketing-por-email","35":"product_tag-base-de-datos-medicos","36":"product_tag-base-de-datos-nivel-nacional","37":"product_tag-base-de-datos-numeros-de-telefonos-celulares","38":"product_tag-base-de-datos-para-marketing","39":"product_tag-base-de-datos-personas-de-email-marketing","40":"product_tag-base-de-datos-publicidad-por-email","41":"product_tag-base-de-datos-telefonos-moviles","42":"product_tag-bases-de-datos-correos","43":"product_tag-bases-de-datos-correos-electronicos","44":"product_tag-bases-de-datos-de-emails","45":"product_tag-bases-de-datos-de-marketing","46":"product_tag-bases-de-datos-email","47":"product_tag-big-consumer-database","48":"product_tag-business-contact-lists","49":"product_tag-buy-email-list","50":"product_tag-buy-email-list-database","51":"product_tag-consumer-contact-lists","52":"product_tag-consumer-database","53":"product_tag-consumer-directory","54":"product_tag-consumer-email-database","55":"product_tag-consumer-email-list","56":"product_tag-consumer-email-lists","57":"product_tag-consumer-list","58":"product_tag-consumer-mailing-database","59":"product_tag-consumer-mailing-list","60":"product_tag-consumer-mailing-lists","61":"product_tag-consumer-phone-list","62":"product_tag-correo-de-personas","63":"product_tag-correos-electronicos-de-personas","64":"product_tag-correos-electronicos-personas","65":"product_tag-correos-empresariales","66":"product_tag-database","67":"product_tag-email-address-list","68":"product_tag-email-lists","69":"product_tag-email-marketing-list","70":"product_tag-list-of-email-addresses","71":"product_tag-lista-de-correos","72":"product_tag-lista-de-correos-electronicos","73":"product_tag-lista-de-numeros-de-telefonos-celulares","74":"product_tag-mail-marketing","75":"product_tag-marketing","76":"product_tag-marketing-correo-electronico","77":"product_tag-marketing-lists","78":"product_tag-mobile","79":"product_tag-mobile-database","80":"product_tag-mobile-directory","81":"product_tag-mobile-list","82":"product_tag-mobile-number-database","83":"product_tag-mobile-number-list","84":"product_tag-mobile-phone-number","85":"product_tag-numeros-de-telefonos-celulares","86":"product_tag-publicidad-por-base-de-datos-correo-electronico","87":"product_tag-tele-marketing-list","89":"first","90":"instock","91":"sale","92":"shipping-taxable","93":"purchasable","94":"product-type-simple","95":"entry","96":"content-bg","97":"loop-entry"},"aioseo_notices":[],"_links":{"self":[{"href":"https:\/\/edirectorios.com.mx\/directorios-latinoamerica\/wp-json\/wp\/v2\/product\/36131","targetHints":{"allow":["GET"]}}],"collection":[{"href":"https:\/\/edirectorios.com.mx\/directorios-latinoamerica\/wp-json\/wp\/v2\/product"}],"about":[{"href":"https:\/\/edirectorios.com.mx\/directorios-latinoamerica\/wp-json\/wp\/v2\/types\/product"}],"version-history":[{"count":1,"href":"https:\/\/edirectorios.com.mx\/directorios-latinoamerica\/wp-json\/wp\/v2\/product\/36131\/revisions"}],"predecessor-version":[{"id":36184,"href":"https:\/\/edirectorios.com.mx\/directorios-latinoamerica\/wp-json\/wp\/v2\/product\/36131\/revisions\/36184"}],"wp:featuredmedia":[{"embeddable":true,"href":"https:\/\/edirectorios.com.mx\/directorios-latinoamerica\/wp-json\/wp\/v2\/media\/31161"}],"wp:attachment":[{"href":"https:\/\/edirectorios.com.mx\/directorios-latinoamerica\/wp-json\/wp\/v2\/media?parent=36131"}],"wp:term":[{"taxonomy":"product_brand","embeddable":true,"href":"https:\/\/edirectorios.com.mx\/directorios-latinoamerica\/wp-json\/wp\/v2\/product_brand?post=36131"},{"taxonomy":"product_cat","embeddable":true,"href":"https:\/\/edirectorios.com.mx\/directorios-latinoamerica\/wp-json\/wp\/v2\/product_cat?post=36131"},{"taxonomy":"product_tag","embeddable":true,"href":"https:\/\/edirectorios.com.mx\/directorios-latinoamerica\/wp-json\/wp\/v2\/product_tag?post=36131"},{"taxonomy":"product_brands","embeddable":true,"href":"https:\/\/edirectorios.com.mx\/directorios-latinoamerica\/wp-json\/wp\/v2\/product_brands?post=36131"}],"curies":[{"name":"wp","href":"https:\/\/api.w.org\/{rel}","templated":true}]}}