{"id":36128,"date":"2025-12-12T17:17:15","date_gmt":"2025-12-12T17:17:15","guid":{"rendered":"https:\/\/edirectorios.com.mx\/directorios-latinoamerica\/?post_type=product&#038;p=36128"},"modified":"2025-12-12T17:18:08","modified_gmt":"2025-12-12T17:18:08","slug":"personas-fisicas-de-35-anos-hasta-60-anos-de-edad-de-un-nse-c-en-la-ciudad-de-san-luis-potosi","status":"publish","type":"product","link":"https:\/\/edirectorios.com.mx\/directorios-latinoamerica\/product\/personas-fisicas-de-35-anos-hasta-60-anos-de-edad-de-un-nse-c-en-la-ciudad-de-san-luis-potosi\/","title":{"rendered":"Personas f\u00edsicas, de 35 a\u00f1os hasta 60 a\u00f1os de edad, de un NSE C+ en la Ciudad de San Luis Potos\u00ed"},"content":{"rendered":"","protected":false},"excerpt":{"rendered":"<p>&nbsp;<\/p>\n<div class=\"row\">\n<div class=\"col-sm\"><strong>C\u00f3digo:<\/strong> <strong class=\"text-danger\">TFTP-D7<\/strong><\/div>\n<div class=\"col-sm\"><strong>N\u00famero de registros: <\/strong>500<\/div>\n<\/div>\n<div class=\"row\">\n<div class=\"col-sm \"><strong>Folio: <\/strong><span class=\"text-danger\">SS0621B036<\/span><\/div>\n<\/div>\n<p><strong>Segmentaci\u00f3n:<\/strong><\/p>\n<div class=\"row\">\n<div class=\"col-sm \">Personas f\u00edsicas, de 35 a\u00f1os hasta 60 a\u00f1os de edad, de un NSE C+ en la Ciudad de San Luis Potos\u00ed<\/div>\n<\/div>\n<p><strong>Campos Contenidos:<\/strong><\/p>\n<div class=\"row\">\n<div class=\"col-sm \">Nombre \/ Direcci\u00f3n \/ Ciudad \/ Estado \/ Celular<\/div>\n<\/div>\n<div class=\"row\">\n<div class=\"col-sm\"><strong>Garant\u00eda: <\/strong>80%-85% <strong>Precio Original: <\/strong><del><span style=\"text-decoration: line-through;\">$156 USD<\/span><\/del>\u00a0<strong>Descuento Especial: <\/strong><strong class=\"text-danger\">20%<\/strong><\/div>\n<\/div>\n<div class=\"row\">\n<div class=\"col text-center\"><strong>Total a Pagar: <\/strong><strong class=\"text-danger\">$125 USD<\/strong><\/div>\n<\/div>\n","protected":false},"featured_media":31051,"template":"","meta":{"_bst_post_transparent":"","_bst_post_title":"","_bst_post_layout":"","_bst_post_sidebar_id":"","_bst_post_content_style":"","_bst_post_vertical_padding":"","_bst_post_feature":"","_bst_post_feature_position":"","_bst_post_header":false,"_bst_post_footer":false},"product_brand":[],"product_cat":[1286,1180],"product_tag":[1182,1404,1207,1209,1294,1186,1405,1295,1217,1406,1170,1296,1407,1297,1298,1299,1300,1301,1302,1303],"product_brands":[],"class_list":{"0":"post-36128","1":"product","2":"type-product","3":"status-publish","4":"has-post-thumbnail","6":"product_cat-nse-medio-y-alto","7":"product_cat-personas-en-mexico","8":"product_tag-base-de-datos","9":"product_tag-base-de-datos-celulares","10":"product_tag-base-de-datos-de-nse","11":"product_tag-base-de-datos-de-nse-c","12":"product_tag-base-de-datos-de-numeros-celulares","13":"product_tag-base-de-datos-de-personas-fisicas","14":"product_tag-base-de-datos-de-telefonos-moviles","15":"product_tag-base-de-datos-numeros-de-telefonos-celulares","16":"product_tag-base-de-datos-san-luis-potosi","17":"product_tag-base-de-datos-telefonos-moviles","18":"product_tag-database","19":"product_tag-lista-de-numeros-de-telefonos-celulares","20":"product_tag-mobile","21":"product_tag-mobile-database","22":"product_tag-mobile-directory","23":"product_tag-mobile-list","24":"product_tag-mobile-number-database","25":"product_tag-mobile-number-list","26":"product_tag-mobile-phone-number","27":"product_tag-numeros-de-telefonos-celulares","29":"first","30":"instock","31":"sale","32":"virtual","33":"purchasable","34":"product-type-simple","35":"entry","36":"content-bg","37":"loop-entry"},"aioseo_notices":[],"_links":{"self":[{"href":"https:\/\/edirectorios.com.mx\/directorios-latinoamerica\/wp-json\/wp\/v2\/product\/36128","targetHints":{"allow":["GET"]}}],"collection":[{"href":"https:\/\/edirectorios.com.mx\/directorios-latinoamerica\/wp-json\/wp\/v2\/product"}],"about":[{"href":"https:\/\/edirectorios.com.mx\/directorios-latinoamerica\/wp-json\/wp\/v2\/types\/product"}],"version-history":[{"count":1,"href":"https:\/\/edirectorios.com.mx\/directorios-latinoamerica\/wp-json\/wp\/v2\/product\/36128\/revisions"}],"predecessor-version":[{"id":36181,"href":"https:\/\/edirectorios.com.mx\/directorios-latinoamerica\/wp-json\/wp\/v2\/product\/36128\/revisions\/36181"}],"wp:featuredmedia":[{"embeddable":true,"href":"https:\/\/edirectorios.com.mx\/directorios-latinoamerica\/wp-json\/wp\/v2\/media\/31051"}],"wp:attachment":[{"href":"https:\/\/edirectorios.com.mx\/directorios-latinoamerica\/wp-json\/wp\/v2\/media?parent=36128"}],"wp:term":[{"taxonomy":"product_brand","embeddable":true,"href":"https:\/\/edirectorios.com.mx\/directorios-latinoamerica\/wp-json\/wp\/v2\/product_brand?post=36128"},{"taxonomy":"product_cat","embeddable":true,"href":"https:\/\/edirectorios.com.mx\/directorios-latinoamerica\/wp-json\/wp\/v2\/product_cat?post=36128"},{"taxonomy":"product_tag","embeddable":true,"href":"https:\/\/edirectorios.com.mx\/directorios-latinoamerica\/wp-json\/wp\/v2\/product_tag?post=36128"},{"taxonomy":"product_brands","embeddable":true,"href":"https:\/\/edirectorios.com.mx\/directorios-latinoamerica\/wp-json\/wp\/v2\/product_brands?post=36128"}],"curies":[{"name":"wp","href":"https:\/\/api.w.org\/{rel}","templated":true}]}}