{"id":36127,"date":"2025-12-12T17:17:15","date_gmt":"2025-12-12T17:17:15","guid":{"rendered":"https:\/\/edirectorios.com.mx\/directorios-latinoamerica\/?post_type=product&#038;p=36127"},"modified":"2025-12-12T17:18:07","modified_gmt":"2025-12-12T17:18:07","slug":"personas-fisicas-mayores-de-edad-de-un-nse-medio-medio-alto-en-la-alcaldia-miguel-hidalgo","status":"publish","type":"product","link":"https:\/\/edirectorios.com.mx\/directorios-latinoamerica\/product\/personas-fisicas-mayores-de-edad-de-un-nse-medio-medio-alto-en-la-alcaldia-miguel-hidalgo\/","title":{"rendered":"Personas f\u00edsicas, mayores de edad, de un NSE medio, medio-alto en la alcald\u00eda Miguel Hidalgo"},"content":{"rendered":"","protected":false},"excerpt":{"rendered":"<p>&nbsp;<\/p>\n<div class=\"row\">\n<div class=\"col-sm\"><strong>C\u00f3digo:<\/strong> <strong class=\"text-danger\">FNDB-C2<\/strong><\/div>\n<div class=\"col-sm\"><strong>N\u00famero de registros: <\/strong>2000<\/div>\n<\/div>\n<div class=\"row\">\n<div class=\"col-sm \"><strong>Folio: <\/strong><span class=\"text-danger\">LD0621B033<\/span><\/div>\n<\/div>\n<p><strong>Segmentaci\u00f3n:<\/strong><\/p>\n<div class=\"row\">\n<div class=\"col-sm \">Personas f\u00edsicas, mayores de edad, de un NSE medio, medio-alto en la alcald\u00eda Miguel Hidalgo, Ciudad de M\u00e9xico.<\/div>\n<\/div>\n<p><strong>Campos Contenidos:<\/strong><\/p>\n<div class=\"row\">\n<div class=\"col-sm \">Nombre \/ Direcci\u00f3n \/ Ciudad \/ Estado \/ Correo \/ Celular<\/div>\n<\/div>\n<div class=\"row\">\n<div class=\"col-sm\"><strong>Garant\u00eda: <\/strong>80%-85% <strong>Precio Original: <\/strong><del><span style=\"text-decoration: line-through;\">$785 USD<\/span><\/del>\u00a0<strong>Descuento Especial: <\/strong><strong class=\"text-danger\">20%<\/strong><\/div>\n<\/div>\n<div class=\"row\">\n<div class=\"col text-center\"><strong>Total a Pagar: <\/strong><strong class=\"text-danger\">$628 USD<\/strong><\/div>\n<\/div>\n","protected":false},"featured_media":31051,"template":"","meta":{"_bst_post_transparent":"","_bst_post_title":"","_bst_post_layout":"","_bst_post_sidebar_id":"","_bst_post_content_style":"","_bst_post_vertical_padding":"","_bst_post_feature":"","_bst_post_feature_position":"","_bst_post_header":false,"_bst_post_footer":false},"product_brand":[],"product_cat":[1286,1180],"product_tag":[1062,1182,1063,1064,1404,1066,1067,1068,1207,1325,1287,1326,1294,1186,1405,1071,1073,1074,1075,1076,1077,1078,1079,1080,1081,1156,1082,1083,1084,1085,1086,1162,1088,1089,1090,1295,1092,1093,1406,1097,1098,1099,1100,1102,1103,1104,1116,1117,1118,1191,1193,1194,1195,1196,1197,1198,1200,1120,1121,1122,1123,1170,1132,1133,1134,1136,1137,1138,1139,1296,1140,1141,1142,1143,1144,1145,1407,1297,1298,1299,1300,1301,1302,1303,1146,1148],"product_brands":[],"class_list":{"0":"post-36127","1":"product","2":"type-product","3":"status-publish","4":"has-post-thumbnail","6":"product_cat-nse-medio-y-alto","7":"product_cat-personas-en-mexico","8":"product_tag-b2c-email-database","9":"product_tag-base-de-datos","10":"product_tag-base-de-datos-campana-de-email-marketing","11":"product_tag-base-de-datos-campanas-de-email-marketing","12":"product_tag-base-de-datos-celulares","13":"product_tag-base-de-datos-ciudad-de-mexico","14":"product_tag-base-de-datos-correo-masivo","15":"product_tag-base-de-datos-correo-masivos","16":"product_tag-base-de-datos-de-nse","17":"product_tag-base-de-datos-de-nse-alto","18":"product_tag-base-de-datos-de-nse-medio","19":"product_tag-base-de-datos-de-nse-medio-y-alto","20":"product_tag-base-de-datos-de-numeros-celulares","21":"product_tag-base-de-datos-de-personas-fisicas","22":"product_tag-base-de-datos-de-telefonos-moviles","23":"product_tag-base-de-datos-direct-e-mail-marketing","24":"product_tag-base-de-datos-e-mail-marketing","25":"product_tag-base-de-datos-email-marketer","26":"product_tag-base-de-datos-email-marketing","27":"product_tag-base-de-datos-email-masivos","28":"product_tag-base-de-datos-email-publicidad","29":"product_tag-base-de-datos-email-publicitario","30":"product_tag-base-de-datos-emailing","31":"product_tag-base-de-datos-empresas-de-email-marketing","32":"product_tag-base-de-datos-enviar-email-masivo","33":"product_tag-base-de-datos-enviar-mailing","34":"product_tag-base-de-datos-envio-de-email-masivo","35":"product_tag-base-de-datos-envio-masivo-correo","36":"product_tag-base-de-datos-envio-masivo-correos","37":"product_tag-base-de-datos-envio-masivo-de-emails","38":"product_tag-base-de-datos-envios-de-correo-masivos","39":"product_tag-base-de-datos-mailing-masivo","40":"product_tag-base-de-datos-marketing","41":"product_tag-base-de-datos-marketing-por-e-mail","42":"product_tag-base-de-datos-marketing-por-email","43":"product_tag-base-de-datos-numeros-de-telefonos-celulares","44":"product_tag-base-de-datos-para-marketing","45":"product_tag-base-de-datos-publicidad-por-email","46":"product_tag-base-de-datos-telefonos-moviles","47":"product_tag-bases-de-datos-correos","48":"product_tag-bases-de-datos-correos-electronicos","49":"product_tag-bases-de-datos-de-emails","50":"product_tag-bases-de-datos-de-marketing","51":"product_tag-bases-de-datos-email","52":"product_tag-bases-de-datos-email-empresas","53":"product_tag-bases-de-datos-emailing","54":"product_tag-buy-email-database","55":"product_tag-buy-email-list","56":"product_tag-buy-email-list-database","57":"product_tag-consumer-contact-lists","58":"product_tag-consumer-directory","59":"product_tag-consumer-email-database","60":"product_tag-consumer-email-list","61":"product_tag-consumer-email-lists","62":"product_tag-consumer-list","63":"product_tag-consumer-mailing-database","64":"product_tag-consumer-mailing-lists","65":"product_tag-correo-de-empresas","66":"product_tag-correos-de-empresas","67":"product_tag-correos-electronicos-de-empresas","68":"product_tag-correos-electronicos-empresas","69":"product_tag-database","70":"product_tag-e-mail-database","71":"product_tag-email-address-list","72":"product_tag-email-database","73":"product_tag-email-marketing-list","74":"product_tag-list-of-email-addresses","75":"product_tag-lista-de-correos","76":"product_tag-lista-de-correos-electronicos","77":"product_tag-lista-de-numeros-de-telefonos-celulares","78":"product_tag-mail-marketing","79":"product_tag-mailing-database","80":"product_tag-mailing-list","81":"product_tag-marketing","82":"product_tag-marketing-correo-electronico","83":"product_tag-marketing-lists","84":"product_tag-mobile","85":"product_tag-mobile-database","86":"product_tag-mobile-directory","87":"product_tag-mobile-list","88":"product_tag-mobile-number-database","89":"product_tag-mobile-number-list","90":"product_tag-mobile-phone-number","91":"product_tag-numeros-de-telefonos-celulares","92":"product_tag-publicidad-por-base-de-datos-correo-electronico","93":"product_tag-tele-marketing-list","95":"first","96":"instock","97":"sale","98":"virtual","99":"purchasable","100":"product-type-simple","101":"entry","102":"content-bg","103":"loop-entry"},"aioseo_notices":[],"_links":{"self":[{"href":"https:\/\/edirectorios.com.mx\/directorios-latinoamerica\/wp-json\/wp\/v2\/product\/36127","targetHints":{"allow":["GET"]}}],"collection":[{"href":"https:\/\/edirectorios.com.mx\/directorios-latinoamerica\/wp-json\/wp\/v2\/product"}],"about":[{"href":"https:\/\/edirectorios.com.mx\/directorios-latinoamerica\/wp-json\/wp\/v2\/types\/product"}],"version-history":[{"count":1,"href":"https:\/\/edirectorios.com.mx\/directorios-latinoamerica\/wp-json\/wp\/v2\/product\/36127\/revisions"}],"predecessor-version":[{"id":36180,"href":"https:\/\/edirectorios.com.mx\/directorios-latinoamerica\/wp-json\/wp\/v2\/product\/36127\/revisions\/36180"}],"wp:featuredmedia":[{"embeddable":true,"href":"https:\/\/edirectorios.com.mx\/directorios-latinoamerica\/wp-json\/wp\/v2\/media\/31051"}],"wp:attachment":[{"href":"https:\/\/edirectorios.com.mx\/directorios-latinoamerica\/wp-json\/wp\/v2\/media?parent=36127"}],"wp:term":[{"taxonomy":"product_brand","embeddable":true,"href":"https:\/\/edirectorios.com.mx\/directorios-latinoamerica\/wp-json\/wp\/v2\/product_brand?post=36127"},{"taxonomy":"product_cat","embeddable":true,"href":"https:\/\/edirectorios.com.mx\/directorios-latinoamerica\/wp-json\/wp\/v2\/product_cat?post=36127"},{"taxonomy":"product_tag","embeddable":true,"href":"https:\/\/edirectorios.com.mx\/directorios-latinoamerica\/wp-json\/wp\/v2\/product_tag?post=36127"},{"taxonomy":"product_brands","embeddable":true,"href":"https:\/\/edirectorios.com.mx\/directorios-latinoamerica\/wp-json\/wp\/v2\/product_brands?post=36127"}],"curies":[{"name":"wp","href":"https:\/\/api.w.org\/{rel}","templated":true}]}}