{"id":36125,"date":"2025-12-12T17:17:14","date_gmt":"2025-12-12T17:17:14","guid":{"rendered":"https:\/\/edirectorios.com.mx\/directorios-latinoamerica\/?post_type=product&#038;p=36125"},"modified":"2025-12-12T17:18:00","modified_gmt":"2025-12-12T17:18:00","slug":"empresas-manufactureras-con-mas-200-empleados-con-70-de-los-registros-en-nuevo-leon-y-30-en-coahuila","status":"publish","type":"product","link":"https:\/\/edirectorios.com.mx\/directorios-latinoamerica\/product\/empresas-manufactureras-con-mas-200-empleados-con-70-de-los-registros-en-nuevo-leon-y-30-en-coahuila\/","title":{"rendered":"Empresas manufactureras con m\u00e1s 200 empleados con  70% de los registros en Nuevo Le\u00f3n y 30% en Coahuila."},"content":{"rendered":"","protected":false},"excerpt":{"rendered":"<p>&nbsp;<\/p>\n<div class=\"row\">\n<div class=\"col-sm\"><strong>C\u00f3digo:<\/strong> <strong class=\"text-danger\">NGHB-N9<\/strong><\/div>\n<div class=\"col-sm\"><strong>N\u00famero de registros: 500<\/strong><\/div>\n<\/div>\n<div class=\"row\">\n<div class=\"col-sm \"><strong>Folio: <\/strong><span class=\"text-danger\">MF0521B059<\/span><\/div>\n<\/div>\n<p><strong>Segmentaci\u00f3n:<\/strong><\/p>\n<div class=\"row\">\n<div class=\"col-sm \">Empresas manufactureras con m\u00e1s 200 empleados con 70% de los registros en Nuevo Le\u00f3n y 30% en Coahuila.<\/div>\n<\/div>\n<p><strong>Campos Contenidos:<\/strong><\/p>\n<div class=\"row\">\n<div class=\"col-sm \">Empresa \/ Giro \/ Direcci\u00f3n \/ Ciudad \/ Estado \/ Contacto \/ Puesto: Gerente o Director del \u00e1rea de Mantenimiento o Calidad u Operaciones o de Transformaci\u00f3n Digital o Gerente o Director de Planta o Gerente de Producci\u00f3n \/ Tel\u00e9fono \/ Email \/ P\u00e1gina web*opcional.<\/div>\n<\/div>\n<div class=\"row\">\n<div class=\"col-sm\"><strong>Garant\u00eda: <\/strong>80%-85% <strong>Precio Original: <\/strong><del>$306 USD<\/del> <strong>Descuento Especial: <\/strong><strong class=\"text-danger\">20%<\/strong><\/div>\n<\/div>\n<div class=\"row\">\n<div class=\"col text-center\"><strong>Total a Pagar: <\/strong><strong class=\"text-danger\">$245 USD<\/strong><\/div>\n<\/div>\n","protected":false},"featured_media":31017,"template":"","meta":{"_bst_post_transparent":"","_bst_post_title":"","_bst_post_layout":"","_bst_post_sidebar_id":"","_bst_post_content_style":"","_bst_post_vertical_padding":"","_bst_post_feature":"","_bst_post_feature_position":"","_bst_post_header":false,"_bst_post_footer":false},"product_brand":[],"product_cat":[1060,1259],"product_tag":[1062,1063,1064,1268,1067,1068,1211,1071,1072,1074,1075,1076,1077,1078,1079,1080,1364,1081,1082,1083,1084,1085,1086,1160,1261,1088,1090,1188,1093,1097,1098,1099,1101,1102,1103,1104,1226,1105,1106,1107,1229,1110,1111,1112,1114,1115,1116,1117,1118,1119,1120,1121,1122,1123,1124,1170,1126,1127,1128,1129,1132,1133,1134,1135,1136,1219,1137,1138,1139,1140,1141,1142,1144,1145,1205,1206,1172,1173,1174,1175,1146,1149],"product_brands":[],"class_list":{"0":"post-36125","1":"product","2":"type-product","3":"status-publish","4":"has-post-thumbnail","6":"product_cat-empresas-en-mexico","7":"product_cat-manufactureras","8":"product_tag-b2c-email-database","9":"product_tag-base-de-datos-campana-de-email-marketing","10":"product_tag-base-de-datos-campanas-de-email-marketing","11":"product_tag-base-de-datos-coahuila","12":"product_tag-base-de-datos-correo-masivo","13":"product_tag-base-de-datos-correo-masivos","14":"product_tag-base-de-datos-de-empresas-b2b","15":"product_tag-base-de-datos-direct-e-mail-marketing","16":"product_tag-base-de-datos-director","17":"product_tag-base-de-datos-email-marketer","18":"product_tag-base-de-datos-email-marketing","19":"product_tag-base-de-datos-email-masivos","20":"product_tag-base-de-datos-email-publicidad","21":"product_tag-base-de-datos-email-publicitario","22":"product_tag-base-de-datos-emailing","23":"product_tag-base-de-datos-empresas-de-email-marketing","24":"product_tag-base-de-datos-empresas-que-tengan-hasta-200-empleados","25":"product_tag-base-de-datos-enviar-email-masivo","26":"product_tag-base-de-datos-envio-de-email-masivo","27":"product_tag-base-de-datos-envio-masivo-correo","28":"product_tag-base-de-datos-envio-masivo-correos","29":"product_tag-base-de-datos-envio-masivo-de-emails","30":"product_tag-base-de-datos-envios-de-correo-masivos","31":"product_tag-base-de-datos-gerente","32":"product_tag-base-de-datos-manufacturera","33":"product_tag-base-de-datos-marketing","34":"product_tag-base-de-datos-marketing-por-email","35":"product_tag-base-de-datos-nuevo-leon","36":"product_tag-base-de-datos-publicidad-por-email","37":"product_tag-bases-de-datos-correos","38":"product_tag-bases-de-datos-correos-electronicos","39":"product_tag-bases-de-datos-de-emails","40":"product_tag-bases-de-datos-de-telefonos","41":"product_tag-bases-de-datos-email","42":"product_tag-bases-de-datos-email-empresas","43":"product_tag-bases-de-datos-emailing","44":"product_tag-bases-de-datos-emails","45":"product_tag-bases-de-datos-numeros-de-telefonos","46":"product_tag-bases-de-datos-telefono","47":"product_tag-bases-de-datos-telefonos-fijos","48":"product_tag-big-corporates-database","49":"product_tag-business-directory","50":"product_tag-business-email-database","51":"product_tag-business-email-list","52":"product_tag-business-mailing-database","53":"product_tag-business-mailing-lists","54":"product_tag-buy-email-database","55":"product_tag-buy-email-list","56":"product_tag-buy-email-list-database","57":"product_tag-company-database","58":"product_tag-correo-de-empresas","59":"product_tag-correos-de-empresas","60":"product_tag-correos-electronicos-de-empresas","61":"product_tag-correos-electronicos-empresas","62":"product_tag-correos-empresariales","63":"product_tag-database","64":"product_tag-directorio-emailing","65":"product_tag-directorio-empresarial","66":"product_tag-directorio-empresariales","67":"product_tag-directorio-empresas","68":"product_tag-e-mail-database","69":"product_tag-email-address-list","70":"product_tag-email-database","71":"product_tag-email-lists","72":"product_tag-email-marketing-list","73":"product_tag-engineering-services-databases","74":"product_tag-list-of-email-addresses","75":"product_tag-lista-de-correos","76":"product_tag-lista-de-correos-electronicos","77":"product_tag-mail-marketing","78":"product_tag-mailing-database","79":"product_tag-mailing-list","80":"product_tag-marketing-correo-electronico","81":"product_tag-marketing-lists","82":"product_tag-nuevo-leon-database","83":"product_tag-phone","84":"product_tag-phone-database","85":"product_tag-phone-lists","86":"product_tag-phone-number","87":"product_tag-phone-number-list","88":"product_tag-publicidad-por-base-de-datos-correo-electronico","89":"product_tag-telefono","91":"first","92":"instock","93":"sale","94":"shipping-taxable","95":"purchasable","96":"product-type-simple","97":"entry","98":"content-bg","99":"loop-entry"},"aioseo_notices":[],"_links":{"self":[{"href":"https:\/\/edirectorios.com.mx\/directorios-latinoamerica\/wp-json\/wp\/v2\/product\/36125","targetHints":{"allow":["GET"]}}],"collection":[{"href":"https:\/\/edirectorios.com.mx\/directorios-latinoamerica\/wp-json\/wp\/v2\/product"}],"about":[{"href":"https:\/\/edirectorios.com.mx\/directorios-latinoamerica\/wp-json\/wp\/v2\/types\/product"}],"version-history":[{"count":1,"href":"https:\/\/edirectorios.com.mx\/directorios-latinoamerica\/wp-json\/wp\/v2\/product\/36125\/revisions"}],"predecessor-version":[{"id":36167,"href":"https:\/\/edirectorios.com.mx\/directorios-latinoamerica\/wp-json\/wp\/v2\/product\/36125\/revisions\/36167"}],"wp:featuredmedia":[{"embeddable":true,"href":"https:\/\/edirectorios.com.mx\/directorios-latinoamerica\/wp-json\/wp\/v2\/media\/31017"}],"wp:attachment":[{"href":"https:\/\/edirectorios.com.mx\/directorios-latinoamerica\/wp-json\/wp\/v2\/media?parent=36125"}],"wp:term":[{"taxonomy":"product_brand","embeddable":true,"href":"https:\/\/edirectorios.com.mx\/directorios-latinoamerica\/wp-json\/wp\/v2\/product_brand?post=36125"},{"taxonomy":"product_cat","embeddable":true,"href":"https:\/\/edirectorios.com.mx\/directorios-latinoamerica\/wp-json\/wp\/v2\/product_cat?post=36125"},{"taxonomy":"product_tag","embeddable":true,"href":"https:\/\/edirectorios.com.mx\/directorios-latinoamerica\/wp-json\/wp\/v2\/product_tag?post=36125"},{"taxonomy":"product_brands","embeddable":true,"href":"https:\/\/edirectorios.com.mx\/directorios-latinoamerica\/wp-json\/wp\/v2\/product_brands?post=36125"}],"curies":[{"name":"wp","href":"https:\/\/api.w.org\/{rel}","templated":true}]}}