{"id":36100,"date":"2025-12-12T17:16:50","date_gmt":"2025-12-12T17:16:50","guid":{"rendered":"https:\/\/edirectorios.com.mx\/directorios-latinoamerica\/?post_type=product&#038;p=36100"},"modified":"2025-12-12T17:17:29","modified_gmt":"2025-12-12T17:17:29","slug":"profesionistas-con-ingresos-superiores-a-25000-mensuales-en-ciudad-de-mexico-y-area-metropolitana","status":"publish","type":"product","link":"https:\/\/edirectorios.com.mx\/directorios-latinoamerica\/product\/profesionistas-con-ingresos-superiores-a-25000-mensuales-en-ciudad-de-mexico-y-area-metropolitana\/","title":{"rendered":"Profesionistas Con ingresos superiores a $25000 mensuales  en Ciudad de M\u00e9xico y \u00e1rea metropolitana."},"content":{"rendered":"","protected":false},"excerpt":{"rendered":"<p>&nbsp;<\/p>\n<div class=\"row\">\n<div class=\"col-sm\"><strong>C\u00f3digo:<\/strong> <strong class=\"text-danger\">NBBD-P0<\/strong><\/div>\n<div class=\"col-sm\"><strong>N\u00famero de registros: <\/strong>250<\/div>\n<\/div>\n<div class=\"row\">\n<div class=\"col-sm \"><strong>Folio: <\/strong><span class=\"text-danger\">MA0521B112<\/span><\/div>\n<\/div>\n<p><strong>Segmentaci\u00f3n:<\/strong><\/p>\n<div class=\"row\">\n<div class=\"col-sm \">Profesionistas, de 30 a 38 a\u00f1os de edad, que est\u00e9n solteros Con ingresos superiores a $25000 mensuales por mes que quieran aprender ingl\u00e9s en Ciudad de M\u00e9xico y \u00e1rea metropolitana.<\/div>\n<\/div>\n<p><strong>Campos Contenidos:<\/strong><\/p>\n<div class=\"row\">\n<div class=\"col-sm \">Nombre \/ Celular \/ Profesi\u00f3n.<\/div>\n<\/div>\n<div class=\"row\">\n<div class=\"col-sm\"><strong>Garant\u00eda: <\/strong>80%-85% <strong>Precio Original: <\/strong><del><span style=\"text-decoration: line-through;\">$90 USD <\/span><\/del><strong>Descuento Especial: <\/strong><strong class=\"text-danger\">20%<\/strong><\/div>\n<\/div>\n<div class=\"row\">\n<div class=\"col text-center\"><strong>Total a Pagar: <\/strong><strong class=\"text-danger\">$72 USD<\/strong><\/div>\n<\/div>\n","protected":false},"featured_media":31045,"template":"","meta":{"_bst_post_transparent":"","_bst_post_title":"","_bst_post_layout":"","_bst_post_sidebar_id":"","_bst_post_content_style":"","_bst_post_vertical_padding":"","_bst_post_feature":"","_bst_post_feature_position":"","_bst_post_header":false,"_bst_post_footer":false},"product_brand":[],"product_cat":[1180,1281],"product_tag":[1404,1066,1263,1294,1186,1282,1405,1295,1406,1096,1192,1193,1197,1170,1296,1407,1297,1298,1299,1300,1301,1302,1303],"product_brands":[],"class_list":{"0":"post-36100","1":"product","2":"type-product","3":"status-publish","4":"has-post-thumbnail","6":"product_cat-personas-en-mexico","7":"product_cat-profesionistas","8":"product_tag-base-de-datos-celulares","9":"product_tag-base-de-datos-ciudad-de-mexico","10":"product_tag-base-de-datos-consumidores","11":"product_tag-base-de-datos-de-numeros-celulares","12":"product_tag-base-de-datos-de-personas-fisicas","13":"product_tag-base-de-datos-de-profesionistas","14":"product_tag-base-de-datos-de-telefonos-moviles","15":"product_tag-base-de-datos-numeros-de-telefonos-celulares","16":"product_tag-base-de-datos-telefonos-moviles","17":"product_tag-base-de-datos-zona-metropolitana","18":"product_tag-consumer-database","19":"product_tag-consumer-directory","20":"product_tag-consumer-list","21":"product_tag-database","22":"product_tag-lista-de-numeros-de-telefonos-celulares","23":"product_tag-mobile","24":"product_tag-mobile-database","25":"product_tag-mobile-directory","26":"product_tag-mobile-list","27":"product_tag-mobile-number-database","28":"product_tag-mobile-number-list","29":"product_tag-mobile-phone-number","30":"product_tag-numeros-de-telefonos-celulares","32":"first","33":"instock","34":"sale","35":"virtual","36":"purchasable","37":"product-type-simple","38":"entry","39":"content-bg","40":"loop-entry"},"aioseo_notices":[],"_links":{"self":[{"href":"https:\/\/edirectorios.com.mx\/directorios-latinoamerica\/wp-json\/wp\/v2\/product\/36100","targetHints":{"allow":["GET"]}}],"collection":[{"href":"https:\/\/edirectorios.com.mx\/directorios-latinoamerica\/wp-json\/wp\/v2\/product"}],"about":[{"href":"https:\/\/edirectorios.com.mx\/directorios-latinoamerica\/wp-json\/wp\/v2\/types\/product"}],"version-history":[{"count":1,"href":"https:\/\/edirectorios.com.mx\/directorios-latinoamerica\/wp-json\/wp\/v2\/product\/36100\/revisions"}],"predecessor-version":[{"id":36141,"href":"https:\/\/edirectorios.com.mx\/directorios-latinoamerica\/wp-json\/wp\/v2\/product\/36100\/revisions\/36141"}],"wp:featuredmedia":[{"embeddable":true,"href":"https:\/\/edirectorios.com.mx\/directorios-latinoamerica\/wp-json\/wp\/v2\/media\/31045"}],"wp:attachment":[{"href":"https:\/\/edirectorios.com.mx\/directorios-latinoamerica\/wp-json\/wp\/v2\/media?parent=36100"}],"wp:term":[{"taxonomy":"product_brand","embeddable":true,"href":"https:\/\/edirectorios.com.mx\/directorios-latinoamerica\/wp-json\/wp\/v2\/product_brand?post=36100"},{"taxonomy":"product_cat","embeddable":true,"href":"https:\/\/edirectorios.com.mx\/directorios-latinoamerica\/wp-json\/wp\/v2\/product_cat?post=36100"},{"taxonomy":"product_tag","embeddable":true,"href":"https:\/\/edirectorios.com.mx\/directorios-latinoamerica\/wp-json\/wp\/v2\/product_tag?post=36100"},{"taxonomy":"product_brands","embeddable":true,"href":"https:\/\/edirectorios.com.mx\/directorios-latinoamerica\/wp-json\/wp\/v2\/product_brands?post=36100"}],"curies":[{"name":"wp","href":"https:\/\/api.w.org\/{rel}","templated":true}]}}