{"id":36099,"date":"2025-12-12T17:16:50","date_gmt":"2025-12-12T17:16:50","guid":{"rendered":"https:\/\/edirectorios.com.mx\/directorios-latinoamerica\/?post_type=product&#038;p=36099"},"modified":"2025-12-12T17:17:28","modified_gmt":"2025-12-12T17:17:28","slug":"cadenas-de-tiendas-empresas-de-retail-y-gasolineras-en-cdmx","status":"publish","type":"product","link":"https:\/\/edirectorios.com.mx\/directorios-latinoamerica\/product\/cadenas-de-tiendas-empresas-de-retail-y-gasolineras-en-cdmx\/","title":{"rendered":"Cadenas de tiendas, empresas de retail y Gasolineras en CDMX"},"content":{"rendered":"","protected":false},"excerpt":{"rendered":"<p>&nbsp;<\/p>\n<div class=\"row\">\n<div class=\"col-sm\"><strong>C\u00f3digo:<\/strong> <strong class=\"text-danger\">JTBM-D06<\/strong><\/div>\n<div class=\"col-sm\"><strong>N\u00famero de registros: <\/strong>250<\/div>\n<\/div>\n<div class=\"row\">\n<div class=\"col-sm \"><strong>Folio: <\/strong><span class=\"text-danger\">IA0521B042<\/span><\/div>\n<\/div>\n<p><strong>Segmentaci\u00f3n:<\/strong><\/p>\n<div class=\"row\">\n<div class=\"col-sm \">Cadenas de tiendas que est\u00e1n en centro comerciales , empresas de retail con m\u00e1s de 10 sucursales regadas en todo M\u00e9xico y Gasolineras en Ciudad de M\u00e9xico.<\/div>\n<\/div>\n<p><strong>Campos Contenidos:<\/strong><\/p>\n<div class=\"row\">\n<div class=\"col-sm \">mpresa \/ Giro \/ Direcci\u00f3n \/ Ciudad \/ Estado \/ Contacto \/ Puesto: Encargado de TI o finanzas o compras \/ Tel\u00e9fono \/ Email \/ P\u00e1gina web*opcional.<\/div>\n<\/div>\n<div class=\"row\">\n<div class=\"col-sm\"><strong>Garant\u00eda: <\/strong>80%-85% <strong>Precio Original: <\/strong><del><span style=\"text-decoration: line-through;\">$170 USD<\/span><\/del>\u00a0<strong>Descuento Especial: <\/strong><strong class=\"text-danger\">20%<\/strong><\/div>\n<\/div>\n<div class=\"row\">\n<div class=\"col text-center\"><strong>Total a Pagar: <\/strong><strong class=\"text-danger\">$136 USD<\/strong><\/div>\n<\/div>\n","protected":false},"featured_media":31043,"template":"","meta":{"_bst_post_transparent":"","_bst_post_title":"","_bst_post_layout":"","_bst_post_sidebar_id":"","_bst_post_content_style":"","_bst_post_vertical_padding":"","_bst_post_feature":"","_bst_post_feature_position":"","_bst_post_header":false,"_bst_post_footer":false},"product_brand":[],"product_cat":[1278,1060,1277],"product_tag":[1062,1182,1063,1064,1066,1222,1067,1068,1274,1385,1071,1073,1074,1075,1076,1077,1078,1079,1154,1080,1386,1387,1176,1177,1081,1156,1082,1083,1084,1085,1086,1162,1088,1089,1090,1388,1092,1093,1365,1097,1098,1099,1100,1101,1102,1103,1104,1105,1106,1107,1229,1109,1110,1111,1112,1113,1114,1115,1116,1117,1118,1166,1119,1346,1120,1121,1122,1123,1124,1170,1309,1390,1310,1132,1133,1134,1136,1137,1138,1139,1140,1141,1142,1143,1144,1145,1412,1394,1206,1172,1173,1174,1175,1146,1148],"product_brands":[],"class_list":{"0":"post-36099","1":"product","2":"type-product","3":"status-publish","4":"has-post-thumbnail","6":"product_cat-ciudad-de-mexico","7":"product_cat-empresas-en-mexico","8":"product_cat-zonas-mas-solicitadas","9":"product_tag-b2c-email-database","10":"product_tag-base-de-datos","11":"product_tag-base-de-datos-campana-de-email-marketing","12":"product_tag-base-de-datos-campanas-de-email-marketing","13":"product_tag-base-de-datos-ciudad-de-mexico","14":"product_tag-base-de-datos-compras","15":"product_tag-base-de-datos-correo-masivo","16":"product_tag-base-de-datos-correo-masivos","17":"product_tag-base-de-datos-de-empresas-en-mexico","18":"product_tag-base-de-datos-de-mexico","19":"product_tag-base-de-datos-direct-e-mail-marketing","20":"product_tag-base-de-datos-e-mail-marketing","21":"product_tag-base-de-datos-email-marketer","22":"product_tag-base-de-datos-email-marketing","23":"product_tag-base-de-datos-email-masivos","24":"product_tag-base-de-datos-email-publicidad","25":"product_tag-base-de-datos-email-publicitario","26":"product_tag-base-de-datos-emailing","27":"product_tag-base-de-datos-emails-mexico","28":"product_tag-base-de-datos-empresas-de-email-marketing","29":"product_tag-base-de-datos-empresas-en-mexico","30":"product_tag-base-de-datos-empresas-mexico","31":"product_tag-base-de-datos-encargados","32":"product_tag-base-de-datos-encargados-de-compras","33":"product_tag-base-de-datos-enviar-email-masivo","34":"product_tag-base-de-datos-enviar-mailing","35":"product_tag-base-de-datos-envio-de-email-masivo","36":"product_tag-base-de-datos-envio-masivo-correo","37":"product_tag-base-de-datos-envio-masivo-correos","38":"product_tag-base-de-datos-envio-masivo-de-emails","39":"product_tag-base-de-datos-envios-de-correo-masivos","40":"product_tag-base-de-datos-mailing-masivo","41":"product_tag-base-de-datos-marketing","42":"product_tag-base-de-datos-marketing-por-e-mail","43":"product_tag-base-de-datos-marketing-por-email","44":"product_tag-base-de-datos-mexico","45":"product_tag-base-de-datos-para-marketing","46":"product_tag-base-de-datos-publicidad-por-email","47":"product_tag-base-de-datos-retail","48":"product_tag-bases-de-datos-correos","49":"product_tag-bases-de-datos-correos-electronicos","50":"product_tag-bases-de-datos-de-emails","51":"product_tag-bases-de-datos-de-marketing","52":"product_tag-bases-de-datos-de-telefonos","53":"product_tag-bases-de-datos-email","54":"product_tag-bases-de-datos-email-empresas","55":"product_tag-bases-de-datos-emailing","56":"product_tag-bases-de-datos-numeros-de-telefonos","57":"product_tag-bases-de-datos-telefono","58":"product_tag-bases-de-datos-telefonos-fijos","59":"product_tag-big-corporates-database","60":"product_tag-business-contact-lists","61":"product_tag-business-directory","62":"product_tag-business-email-database","63":"product_tag-business-email-list","64":"product_tag-business-email-lists","65":"product_tag-business-mailing-database","66":"product_tag-business-mailing-lists","67":"product_tag-buy-email-database","68":"product_tag-buy-email-list","69":"product_tag-buy-email-list-database","70":"product_tag-companies-email-address-list","71":"product_tag-company-database","72":"product_tag-comprar-bases-de-datos-mexico","73":"product_tag-correo-de-empresas","74":"product_tag-correos-de-empresas","75":"product_tag-correos-electronicos-de-empresas","76":"product_tag-correos-electronicos-empresas","77":"product_tag-correos-empresariales","78":"product_tag-database","79":"product_tag-directorio-empresarial-mexico","80":"product_tag-directorio-mexico","81":"product_tag-directorios-en-mexico","82":"product_tag-e-mail-database","83":"product_tag-email-address-list","84":"product_tag-email-database","85":"product_tag-email-marketing-list","86":"product_tag-list-of-email-addresses","87":"product_tag-lista-de-correos","88":"product_tag-lista-de-correos-electronicos","89":"product_tag-mail-marketing","90":"product_tag-mailing-database","91":"product_tag-mailing-list","92":"product_tag-marketing","93":"product_tag-marketing-correo-electronico","94":"product_tag-marketing-lists","95":"product_tag-marketing-mexico","96":"product_tag-mexico-business-directory","97":"product_tag-phone","98":"product_tag-phone-database","99":"product_tag-phone-lists","100":"product_tag-phone-number","101":"product_tag-phone-number-list","102":"product_tag-publicidad-por-base-de-datos-correo-electronico","103":"product_tag-tele-marketing-list","105":"first","106":"instock","107":"sale","108":"virtual","109":"purchasable","110":"product-type-simple","111":"entry","112":"content-bg","113":"loop-entry"},"aioseo_notices":[],"_links":{"self":[{"href":"https:\/\/edirectorios.com.mx\/directorios-latinoamerica\/wp-json\/wp\/v2\/product\/36099","targetHints":{"allow":["GET"]}}],"collection":[{"href":"https:\/\/edirectorios.com.mx\/directorios-latinoamerica\/wp-json\/wp\/v2\/product"}],"about":[{"href":"https:\/\/edirectorios.com.mx\/directorios-latinoamerica\/wp-json\/wp\/v2\/types\/product"}],"version-history":[{"count":1,"href":"https:\/\/edirectorios.com.mx\/directorios-latinoamerica\/wp-json\/wp\/v2\/product\/36099\/revisions"}],"predecessor-version":[{"id":36140,"href":"https:\/\/edirectorios.com.mx\/directorios-latinoamerica\/wp-json\/wp\/v2\/product\/36099\/revisions\/36140"}],"wp:featuredmedia":[{"embeddable":true,"href":"https:\/\/edirectorios.com.mx\/directorios-latinoamerica\/wp-json\/wp\/v2\/media\/31043"}],"wp:attachment":[{"href":"https:\/\/edirectorios.com.mx\/directorios-latinoamerica\/wp-json\/wp\/v2\/media?parent=36099"}],"wp:term":[{"taxonomy":"product_brand","embeddable":true,"href":"https:\/\/edirectorios.com.mx\/directorios-latinoamerica\/wp-json\/wp\/v2\/product_brand?post=36099"},{"taxonomy":"product_cat","embeddable":true,"href":"https:\/\/edirectorios.com.mx\/directorios-latinoamerica\/wp-json\/wp\/v2\/product_cat?post=36099"},{"taxonomy":"product_tag","embeddable":true,"href":"https:\/\/edirectorios.com.mx\/directorios-latinoamerica\/wp-json\/wp\/v2\/product_tag?post=36099"},{"taxonomy":"product_brands","embeddable":true,"href":"https:\/\/edirectorios.com.mx\/directorios-latinoamerica\/wp-json\/wp\/v2\/product_brands?post=36099"}],"curies":[{"name":"wp","href":"https:\/\/api.w.org\/{rel}","templated":true}]}}