{"id":36085,"date":"2025-12-12T17:16:26","date_gmt":"2025-12-12T17:16:26","guid":{"rendered":"https:\/\/edirectorios.com.mx\/directorios-latinoamerica\/?post_type=product&#038;p=36085"},"modified":"2025-12-12T17:17:26","modified_gmt":"2025-12-12T17:17:26","slug":"personas-fisicas-mayores-de-edad-economicamente-activas-y-tarjetahabientes-con-salario-mensual-mayor-a-12000-pesos-en-ciudad-de-mexico-excepto-alcandia-tlahuac-y-milpa-alta","status":"publish","type":"product","link":"https:\/\/edirectorios.com.mx\/directorios-latinoamerica\/product\/personas-fisicas-mayores-de-edad-economicamente-activas-y-tarjetahabientes-con-salario-mensual-mayor-a-12000-pesos-en-ciudad-de-mexico-excepto-alcandia-tlahuac-y-milpa-alta\/","title":{"rendered":"Personas F\u00edsicas, mayores de edad, econ\u00f3micamente activas y tarjetahabientes, con salario mensual mayor a 12,000 pesos, en Ciudad de M\u00e9xico (excepto alcand\u00eda Tl\u00e1huac y Milpa Alta)."},"content":{"rendered":"","protected":false},"excerpt":{"rendered":"<p>&nbsp;<\/p>\n<div class=\"row\">\n<div class=\"col-sm\"><strong>C\u00f3digo:<\/strong> <strong class=\"text-danger\">DBTB-D8<\/strong><\/div>\n<div class=\"col-sm\"><strong>N\u00famero de registros: <\/strong>150<\/div>\n<\/div>\n<div class=\"row\">\n<div class=\"col-sm \"><strong>Folio: <\/strong><span class=\"text-danger\">03EPET0321-034\u00a0<\/span><\/div>\n<\/div>\n<p><strong>Segmentaci\u00f3n:<\/strong><\/p>\n<div class=\"row\">\n<div class=\"col-sm \">Personas F\u00edsicas, mayores de edad, econ\u00f3micamente activas y tarjetahabientes, con salario mensual mayor a 12,000 pesos, en Ciudad de M\u00e9xico (excepto alcand\u00eda Tl\u00e1huac y Milpa Alta).<\/div>\n<\/div>\n<p><strong>Campos Contenidos:<\/strong><\/p>\n<div class=\"row\">\n<div class=\"col-sm \">Nombre \/ C\u00f3digo Postal \/ Rango de edad \/ Rango de ingresos \/ Profesi\u00f3n \/ Celular.<\/div>\n<\/div>\n<div class=\"row\">\n<div class=\"col-sm\"><strong>Garant\u00eda: <\/strong>80%-85% <strong>Precio Original: <\/strong><del>$64 USD<\/del> <strong>Descuento Especial: <\/strong><strong class=\"text-danger\">20%<\/strong><\/div>\n<\/div>\n<div class=\"row\">\n<div class=\"col text-center\"><strong>Total a Pagar: <\/strong><strong class=\"text-danger\">$51 USD<\/strong><\/div>\n<\/div>\n","protected":false},"featured_media":31021,"template":"","meta":{"_bst_post_transparent":"","_bst_post_title":"","_bst_post_layout":"","_bst_post_sidebar_id":"","_bst_post_content_style":"","_bst_post_vertical_padding":"","_bst_post_feature":"","_bst_post_feature_position":"","_bst_post_header":false,"_bst_post_footer":false},"product_brand":[],"product_cat":[1266,1180],"product_tag":[1404,1066,1294,1187,1405,1295,1406,1296,1407,1297,1298,1299,1300,1301,1302,1303],"product_brands":[],"class_list":{"0":"post-36085","1":"product","2":"type-product","3":"status-publish","4":"has-post-thumbnail","6":"product_cat-consumidores","7":"product_cat-personas-en-mexico","8":"product_tag-base-de-datos-celulares","9":"product_tag-base-de-datos-ciudad-de-mexico","10":"product_tag-base-de-datos-de-numeros-celulares","11":"product_tag-base-de-datos-de-tarjetahabientes","12":"product_tag-base-de-datos-de-telefonos-moviles","13":"product_tag-base-de-datos-numeros-de-telefonos-celulares","14":"product_tag-base-de-datos-telefonos-moviles","15":"product_tag-lista-de-numeros-de-telefonos-celulares","16":"product_tag-mobile","17":"product_tag-mobile-database","18":"product_tag-mobile-directory","19":"product_tag-mobile-list","20":"product_tag-mobile-number-database","21":"product_tag-mobile-number-list","22":"product_tag-mobile-phone-number","23":"product_tag-numeros-de-telefonos-celulares","25":"first","26":"instock","27":"sale","28":"virtual","29":"purchasable","30":"product-type-simple","31":"entry","32":"content-bg","33":"loop-entry"},"aioseo_notices":[],"_links":{"self":[{"href":"https:\/\/edirectorios.com.mx\/directorios-latinoamerica\/wp-json\/wp\/v2\/product\/36085","targetHints":{"allow":["GET"]}}],"collection":[{"href":"https:\/\/edirectorios.com.mx\/directorios-latinoamerica\/wp-json\/wp\/v2\/product"}],"about":[{"href":"https:\/\/edirectorios.com.mx\/directorios-latinoamerica\/wp-json\/wp\/v2\/types\/product"}],"version-history":[{"count":1,"href":"https:\/\/edirectorios.com.mx\/directorios-latinoamerica\/wp-json\/wp\/v2\/product\/36085\/revisions"}],"predecessor-version":[{"id":36138,"href":"https:\/\/edirectorios.com.mx\/directorios-latinoamerica\/wp-json\/wp\/v2\/product\/36085\/revisions\/36138"}],"wp:featuredmedia":[{"embeddable":true,"href":"https:\/\/edirectorios.com.mx\/directorios-latinoamerica\/wp-json\/wp\/v2\/media\/31021"}],"wp:attachment":[{"href":"https:\/\/edirectorios.com.mx\/directorios-latinoamerica\/wp-json\/wp\/v2\/media?parent=36085"}],"wp:term":[{"taxonomy":"product_brand","embeddable":true,"href":"https:\/\/edirectorios.com.mx\/directorios-latinoamerica\/wp-json\/wp\/v2\/product_brand?post=36085"},{"taxonomy":"product_cat","embeddable":true,"href":"https:\/\/edirectorios.com.mx\/directorios-latinoamerica\/wp-json\/wp\/v2\/product_cat?post=36085"},{"taxonomy":"product_tag","embeddable":true,"href":"https:\/\/edirectorios.com.mx\/directorios-latinoamerica\/wp-json\/wp\/v2\/product_tag?post=36085"},{"taxonomy":"product_brands","embeddable":true,"href":"https:\/\/edirectorios.com.mx\/directorios-latinoamerica\/wp-json\/wp\/v2\/product_brands?post=36085"}],"curies":[{"name":"wp","href":"https:\/\/api.w.org\/{rel}","templated":true}]}}