{"id":36079,"date":"2025-12-12T17:16:25","date_gmt":"2025-12-12T17:16:25","guid":{"rendered":"https:\/\/edirectorios.com.mx\/directorios-latinoamerica\/?post_type=product&#038;p=36079"},"modified":"2025-12-12T17:17:12","modified_gmt":"2025-12-12T17:17:12","slug":"escuelas-privadas-moteles-y-hoteles-que-tengan-un-monto-de-facturacion-mayor-a-1-millon-200-mil-pesos-anuales-en-algunos-estados-de-mexico","status":"publish","type":"product","link":"https:\/\/edirectorios.com.mx\/directorios-latinoamerica\/product\/escuelas-privadas-moteles-y-hoteles-que-tengan-un-monto-de-facturacion-mayor-a-1-millon-200-mil-pesos-anuales-en-algunos-estados-de-mexico\/","title":{"rendered":"Escuelas privadas, Moteles y hoteles que tengan un monto de facturaci\u00f3n mayor a 1 mill\u00f3n 200 mil pesos anuales, en algunos estados de M\u00e9xico."},"content":{"rendered":"","protected":false},"excerpt":{"rendered":"<p>&nbsp;<\/p>\n<div class=\"row\">\n<div class=\"col-sm\"><strong>C\u00f3digo:<\/strong> <strong class=\"text-danger\">FCCP-E1<\/strong><\/div>\n<div class=\"col-sm\"><strong>N\u00famero de registros: <\/strong>9,600<\/div>\n<\/div>\n<div class=\"row\">\n<div class=\"col-sm \"><strong>Folio: <\/strong><span class=\"text-danger\">03CJRV0720-030<\/span><\/div>\n<\/div>\n<p><strong>Segmentaci\u00f3n:<\/strong><\/p>\n<div class=\"row\">\n<div class=\"col-sm \">Escuelas privadas, moteles y hoteles que tengan un monto de facturaci\u00f3n mayor a 1 mill\u00f3n 200 mil pesos anuales, en Monterrey, Nuevo Le\u00f3n, Tijuana, Baja California y los estados de Michoac\u00e1n, Guanajuato, Jalisco, Quer\u00e9taro, Aguascalientes, Quintana Roo, Veracruz, Ciudad de M\u00e9xico y Tabasco.<\/div>\n<\/div>\n<p><strong>Campos Contenidos:<\/strong><\/p>\n<div class=\"row\">\n<div class=\"col-sm \">Empresa \/ Giro \/ Direcci\u00f3n \/ Ciudad \/ Estado \/ Nombre de Contacto \/ Puesto: Due\u00f1o o CEO o Director General o Financiero o Contador o Administrador \/ Tel\u00e9fono \/ Celular *opcional \/ Email directo*opcional (ya que muchos tienen redirecciones gen\u00e9ricas).<\/div>\n<\/div>\n<div class=\"row\">\n<div class=\"col-sm\"><strong>Garant\u00eda: <\/strong>80%-85% <strong>Precio Original: <\/strong><del>$4,177 USD<\/del> <strong>Descuento Especial: <\/strong><strong class=\"text-danger\">20%<\/strong><\/div>\n<\/div>\n<div class=\"row\">\n<div class=\"col text-center\"><strong>Total a Pagar: <\/strong><strong class=\"text-danger\">$3,341 USD<\/strong><\/div>\n<\/div>\n","protected":false},"featured_media":31013,"template":"","meta":{"_bst_post_transparent":"","_bst_post_title":"","_bst_post_layout":"","_bst_post_sidebar_id":"","_bst_post_content_style":"","_bst_post_vertical_padding":"","_bst_post_feature":"","_bst_post_feature_position":"","_bst_post_header":false,"_bst_post_footer":false},"product_brand":[],"product_cat":[1060],"product_tag":[1062,1182,1306,1183,1063,1064,1404,1066,1367,1067,1068,1069,1211,1294,1405,1071,1072,1074,1075,1076,1077,1078,1079,1155,1080,1081,1082,1157,1083,1084,1085,1158,1086,1159,1333,1331,1269,1223,1088,1089,1090,1312,1188,1295,1092,1093,1270,1357,1350,1406,1095,1097,1098,1099,1100,1101,1102,1104,1226,1179,1165,1105,1228,1106,1107,1108,1229,1111,1114,1116,1117,1118,1318,1119,1167,1170,1254,1314,1280,1133,1135,1136,1137,1138,1139,1296,1140,1142,1144,1145,1407,1297,1298,1299,1300,1301,1302,1205,1303,1206,1172,1173,1174,1175,1146,1149],"product_brands":[],"class_list":{"0":"post-36079","1":"product","2":"type-product","3":"status-publish","4":"has-post-thumbnail","6":"product_cat-empresas-en-mexico","7":"product_tag-b2c-email-database","8":"product_tag-base-de-datos","9":"product_tag-base-de-datos-aguascalientes","10":"product_tag-base-de-datos-baja-california","11":"product_tag-base-de-datos-campana-de-email-marketing","12":"product_tag-base-de-datos-campanas-de-email-marketing","13":"product_tag-base-de-datos-celulares","14":"product_tag-base-de-datos-ciudad-de-mexico","15":"product_tag-base-de-datos-contadores","16":"product_tag-base-de-datos-correo-masivo","17":"product_tag-base-de-datos-correo-masivos","18":"product_tag-base-de-datos-de-director-general","19":"product_tag-base-de-datos-de-empresas-b2b","20":"product_tag-base-de-datos-de-numeros-celulares","21":"product_tag-base-de-datos-de-telefonos-moviles","22":"product_tag-base-de-datos-direct-e-mail-marketing","23":"product_tag-base-de-datos-director","24":"product_tag-base-de-datos-email-marketer","25":"product_tag-base-de-datos-email-marketing","26":"product_tag-base-de-datos-email-masivos","27":"product_tag-base-de-datos-email-publicidad","28":"product_tag-base-de-datos-email-publicitario","29":"product_tag-base-de-datos-emailing","30":"product_tag-base-de-datos-empresas","31":"product_tag-base-de-datos-empresas-de-email-marketing","32":"product_tag-base-de-datos-enviar-email-masivo","33":"product_tag-base-de-datos-envio-de-email-masivo","34":"product_tag-base-de-datos-envio-masivo","35":"product_tag-base-de-datos-envio-masivo-correo","36":"product_tag-base-de-datos-envio-masivo-correos","37":"product_tag-base-de-datos-envio-masivo-de-emails","38":"product_tag-base-de-datos-envio-masivos","39":"product_tag-base-de-datos-envios-de-correo-masivos","40":"product_tag-base-de-datos-envios-masivos","41":"product_tag-base-de-datos-escuelas","42":"product_tag-base-de-datos-financieras","43":"product_tag-base-de-datos-guanajuato","44":"product_tag-base-de-datos-hoteles","45":"product_tag-base-de-datos-marketing","46":"product_tag-base-de-datos-marketing-por-e-mail","47":"product_tag-base-de-datos-marketing-por-email","48":"product_tag-base-de-datos-monterrey","49":"product_tag-base-de-datos-nuevo-leon","50":"product_tag-base-de-datos-numeros-de-telefonos-celulares","51":"product_tag-base-de-datos-para-marketing","52":"product_tag-base-de-datos-publicidad-por-email","53":"product_tag-base-de-datos-queretaro","54":"product_tag-base-de-datos-quintana-roo","55":"product_tag-base-de-datos-tabasco","56":"product_tag-base-de-datos-telefonos-moviles","57":"product_tag-base-de-datos-veracruz","58":"product_tag-bases-de-datos-correos","59":"product_tag-bases-de-datos-correos-electronicos","60":"product_tag-bases-de-datos-de-emails","61":"product_tag-bases-de-datos-de-marketing","62":"product_tag-bases-de-datos-de-telefonos","63":"product_tag-bases-de-datos-email","64":"product_tag-bases-de-datos-emailing","65":"product_tag-bases-de-datos-emails","66":"product_tag-bases-de-datos-jalisco","67":"product_tag-bases-de-datos-mailing","68":"product_tag-bases-de-datos-numeros-de-telefonos","69":"product_tag-bases-de-datos-para-ventas","70":"product_tag-bases-de-datos-telefono","71":"product_tag-bases-de-datos-telefonos-fijos","72":"product_tag-bases-de-datos-veracruz","73":"product_tag-big-corporates-database","74":"product_tag-business-email-database","75":"product_tag-business-mailing-database","76":"product_tag-buy-email-database","77":"product_tag-buy-email-list","78":"product_tag-buy-email-list-database","79":"product_tag-ceo","80":"product_tag-company-database","81":"product_tag-company-email-address-list","82":"product_tag-database","83":"product_tag-databases","84":"product_tag-directorios-monterrey","85":"product_tag-duenos","86":"product_tag-email-address-list","87":"product_tag-email-lists","88":"product_tag-email-marketing-list","89":"product_tag-list-of-email-addresses","90":"product_tag-lista-de-correos","91":"product_tag-lista-de-correos-electronicos","92":"product_tag-lista-de-numeros-de-telefonos-celulares","93":"product_tag-mail-marketing","94":"product_tag-mailing-list","95":"product_tag-marketing-correo-electronico","96":"product_tag-marketing-lists","97":"product_tag-mobile","98":"product_tag-mobile-database","99":"product_tag-mobile-directory","100":"product_tag-mobile-list","101":"product_tag-mobile-number-database","102":"product_tag-mobile-number-list","103":"product_tag-mobile-phone-number","104":"product_tag-nuevo-leon-database","105":"product_tag-numeros-de-telefonos-celulares","106":"product_tag-phone","107":"product_tag-phone-database","108":"product_tag-phone-lists","109":"product_tag-phone-number","110":"product_tag-phone-number-list","111":"product_tag-publicidad-por-base-de-datos-correo-electronico","112":"product_tag-telefono","114":"first","115":"instock","116":"sale","117":"virtual","118":"purchasable","119":"product-type-simple","120":"entry","121":"content-bg","122":"loop-entry"},"aioseo_notices":[],"_links":{"self":[{"href":"https:\/\/edirectorios.com.mx\/directorios-latinoamerica\/wp-json\/wp\/v2\/product\/36079","targetHints":{"allow":["GET"]}}],"collection":[{"href":"https:\/\/edirectorios.com.mx\/directorios-latinoamerica\/wp-json\/wp\/v2\/product"}],"about":[{"href":"https:\/\/edirectorios.com.mx\/directorios-latinoamerica\/wp-json\/wp\/v2\/types\/product"}],"version-history":[{"count":1,"href":"https:\/\/edirectorios.com.mx\/directorios-latinoamerica\/wp-json\/wp\/v2\/product\/36079\/revisions"}],"predecessor-version":[{"id":36121,"href":"https:\/\/edirectorios.com.mx\/directorios-latinoamerica\/wp-json\/wp\/v2\/product\/36079\/revisions\/36121"}],"wp:featuredmedia":[{"embeddable":true,"href":"https:\/\/edirectorios.com.mx\/directorios-latinoamerica\/wp-json\/wp\/v2\/media\/31013"}],"wp:attachment":[{"href":"https:\/\/edirectorios.com.mx\/directorios-latinoamerica\/wp-json\/wp\/v2\/media?parent=36079"}],"wp:term":[{"taxonomy":"product_brand","embeddable":true,"href":"https:\/\/edirectorios.com.mx\/directorios-latinoamerica\/wp-json\/wp\/v2\/product_brand?post=36079"},{"taxonomy":"product_cat","embeddable":true,"href":"https:\/\/edirectorios.com.mx\/directorios-latinoamerica\/wp-json\/wp\/v2\/product_cat?post=36079"},{"taxonomy":"product_tag","embeddable":true,"href":"https:\/\/edirectorios.com.mx\/directorios-latinoamerica\/wp-json\/wp\/v2\/product_tag?post=36079"},{"taxonomy":"product_brands","embeddable":true,"href":"https:\/\/edirectorios.com.mx\/directorios-latinoamerica\/wp-json\/wp\/v2\/product_brands?post=36079"}],"curies":[{"name":"wp","href":"https:\/\/api.w.org\/{rel}","templated":true}]}}