{"id":36060,"date":"2025-12-12T17:16:00","date_gmt":"2025-12-12T17:16:00","guid":{"rendered":"https:\/\/edirectorios.com.mx\/directorios-latinoamerica\/?post_type=product&#038;p=36060"},"modified":"2025-12-12T17:16:57","modified_gmt":"2025-12-12T17:16:57","slug":"empresas-en-mexico-150-registros-guatemala-el-salvador-panama-ecuador-peru-y-chile-150-registros","status":"publish","type":"product","link":"https:\/\/edirectorios.com.mx\/directorios-latinoamerica\/product\/empresas-en-mexico-150-registros-guatemala-el-salvador-panama-ecuador-peru-y-chile-150-registros\/","title":{"rendered":"Empresas, en M\u00e9xico (150 registros), Guatemala, El Salvador, Panam\u00e1, Ecuador, Per\u00fa y Chile (150 registros)."},"content":{"rendered":"","protected":false},"excerpt":{"rendered":"<p>&nbsp;<\/p>\n<div class=\"row\">\n<div class=\"col-sm\"><strong>C\u00f3digo:<\/strong> <strong class=\"text-danger\">NBEJ-R5<\/strong><\/div>\n<div class=\"col-sm\"><strong>N\u00famero de registros: <\/strong>300<\/div>\n<\/div>\n<div class=\"row\">\n<div class=\"col-sm \"><strong>Folio: <\/strong><span class=\"text-danger\">03TAJU0321-017<\/span><\/div>\n<\/div>\n<p><strong>Segmentaci\u00f3n:<\/strong><\/p>\n<div class=\"row\">\n<div class=\"col-sm \">Empresas principalmente del sector de la banca, retail, manufactura, laboratorios cl\u00ednicos, farmac\u00e9uticos y salud, con m\u00e1s de 2,000 empleados, en M\u00e9xico (150 registros), Guatemala, El Salvador, Panam\u00e1, Ecuador, Per\u00fa y Chile (150 registros).<\/div>\n<\/div>\n<p><strong>Campos Contenidos:<\/strong><\/p>\n<div class=\"row\">\n<div class=\"col-sm \">Empresa \/ Giro \/ Direcci\u00f3n \/ Ciudad \/ Estado \/ Pa\u00eds \/ Contacto \/ Puesto: Encargado de seguridad inform\u00e1tica (CISO o CIO) \/ Tel\u00e9fono \/ Email \/ P\u00e1gina web.<\/div>\n<\/div>\n<div class=\"row\">\n<div class=\"col-sm\"><strong>Garant\u00eda: <\/strong>80%-85% <strong>Precio Original: <\/strong><del>$329 USD<\/del> <strong>Descuento Especial: <\/strong><strong class=\"text-danger\">20%<\/strong><\/div>\n<\/div>\n<div class=\"row\">\n<div class=\"col text-center\"><strong>Total a Pagar: <\/strong><strong class=\"text-danger\">$263 USD<\/strong><\/div>\n<\/div>\n","protected":false},"featured_media":31013,"template":"","meta":{"_bst_post_transparent":"","_bst_post_title":"","_bst_post_layout":"","_bst_post_sidebar_id":"","_bst_post_content_style":"","_bst_post_vertical_padding":"","_bst_post_feature":"","_bst_post_feature_position":"","_bst_post_header":false,"_bst_post_footer":false},"product_brand":[],"product_cat":[1060],"product_tag":[1062,1182,1063,1064,1238,1067,1068,1370,1211,1385,1071,1240,1452,1074,1075,1076,1077,1078,1079,1155,1080,1241,1176,1081,1082,1157,1083,1084,1085,1158,1086,1159,1214,1453,1244,1261,1088,1089,1090,1393,1092,1245,1093,1365,1097,1098,1099,1100,1101,1102,1104,1226,1290,1165,1105,1228,1106,1107,1229,1111,1114,1116,1117,1118,1247,1119,1167,1170,1254,1249,1250,1133,1135,1136,1504,1251,1252,1137,1138,1139,1140,1142,1144,1145,1395,1253,1206,1172,1173,1174,1175,1447,1149],"product_brands":[],"class_list":{"0":"post-36060","1":"product","2":"type-product","3":"status-publish","4":"has-post-thumbnail","6":"product_cat-empresas-en-mexico","7":"product_tag-b2c-email-database","8":"product_tag-base-de-datos","9":"product_tag-base-de-datos-campana-de-email-marketing","10":"product_tag-base-de-datos-campanas-de-email-marketing","11":"product_tag-base-de-datos-chile","12":"product_tag-base-de-datos-correo-masivo","13":"product_tag-base-de-datos-correo-masivos","14":"product_tag-base-de-datos-de-bancos","15":"product_tag-base-de-datos-de-empresas-b2b","16":"product_tag-base-de-datos-de-mexico","17":"product_tag-base-de-datos-direct-e-mail-marketing","18":"product_tag-base-de-datos-ecuador","19":"product_tag-base-de-datos-el-salvador","20":"product_tag-base-de-datos-email-marketer","21":"product_tag-base-de-datos-email-marketing","22":"product_tag-base-de-datos-email-masivos","23":"product_tag-base-de-datos-email-publicidad","24":"product_tag-base-de-datos-email-publicitario","25":"product_tag-base-de-datos-emailing","26":"product_tag-base-de-datos-empresas","27":"product_tag-base-de-datos-empresas-de-email-marketing","28":"product_tag-base-de-datos-empresas-en-latinoamerica","29":"product_tag-base-de-datos-encargados","30":"product_tag-base-de-datos-enviar-email-masivo","31":"product_tag-base-de-datos-envio-de-email-masivo","32":"product_tag-base-de-datos-envio-masivo","33":"product_tag-base-de-datos-envio-masivo-correo","34":"product_tag-base-de-datos-envio-masivo-correos","35":"product_tag-base-de-datos-envio-masivo-de-emails","36":"product_tag-base-de-datos-envio-masivos","37":"product_tag-base-de-datos-envios-de-correo-masivos","38":"product_tag-base-de-datos-envios-masivos","39":"product_tag-base-de-datos-farmaceutica","40":"product_tag-base-de-datos-guatemala","41":"product_tag-base-de-datos-latam","42":"product_tag-base-de-datos-manufacturera","43":"product_tag-base-de-datos-marketing","44":"product_tag-base-de-datos-marketing-por-e-mail","45":"product_tag-base-de-datos-marketing-por-email","46":"product_tag-base-de-datos-panama","47":"product_tag-base-de-datos-para-marketing","48":"product_tag-base-de-datos-peru","49":"product_tag-base-de-datos-publicidad-por-email","50":"product_tag-base-de-datos-retail","51":"product_tag-bases-de-datos-correos","52":"product_tag-bases-de-datos-correos-electronicos","53":"product_tag-bases-de-datos-de-emails","54":"product_tag-bases-de-datos-de-marketing","55":"product_tag-bases-de-datos-de-telefonos","56":"product_tag-bases-de-datos-email","57":"product_tag-bases-de-datos-emailing","58":"product_tag-bases-de-datos-emails","59":"product_tag-bases-de-datos-laboratorios","60":"product_tag-bases-de-datos-mailing","61":"product_tag-bases-de-datos-numeros-de-telefonos","62":"product_tag-bases-de-datos-para-ventas","63":"product_tag-bases-de-datos-telefono","64":"product_tag-bases-de-datos-telefonos-fijos","65":"product_tag-big-corporates-database","66":"product_tag-business-email-database","67":"product_tag-business-mailing-database","68":"product_tag-buy-email-database","69":"product_tag-buy-email-list","70":"product_tag-buy-email-list-database","71":"product_tag-chile-database","72":"product_tag-company-database","73":"product_tag-company-email-address-list","74":"product_tag-database","75":"product_tag-databases","76":"product_tag-directorios-empresarial-latinoamerica","77":"product_tag-ecuador-database","78":"product_tag-email-address-list","79":"product_tag-email-lists","80":"product_tag-email-marketing-list","81":"product_tag-guatemala-database","82":"product_tag-latam-database","83":"product_tag-latinoamerica-database","84":"product_tag-list-of-email-addresses","85":"product_tag-lista-de-correos","86":"product_tag-lista-de-correos-electronicos","87":"product_tag-mail-marketing","88":"product_tag-mailing-list","89":"product_tag-marketing-correo-electronico","90":"product_tag-marketing-lists","91":"product_tag-panama-database","92":"product_tag-peru-database","93":"product_tag-phone","94":"product_tag-phone-database","95":"product_tag-phone-lists","96":"product_tag-phone-number","97":"product_tag-phone-number-list","98":"product_tag-publicidad-por-base-de-datos-correo-electronico-base-de-datos-america-latina","99":"product_tag-telefono","101":"first","102":"instock","103":"sale","104":"virtual","105":"purchasable","106":"product-type-simple","107":"entry","108":"content-bg","109":"loop-entry"},"aioseo_notices":[],"_links":{"self":[{"href":"https:\/\/edirectorios.com.mx\/directorios-latinoamerica\/wp-json\/wp\/v2\/product\/36060","targetHints":{"allow":["GET"]}}],"collection":[{"href":"https:\/\/edirectorios.com.mx\/directorios-latinoamerica\/wp-json\/wp\/v2\/product"}],"about":[{"href":"https:\/\/edirectorios.com.mx\/directorios-latinoamerica\/wp-json\/wp\/v2\/types\/product"}],"version-history":[{"count":1,"href":"https:\/\/edirectorios.com.mx\/directorios-latinoamerica\/wp-json\/wp\/v2\/product\/36060\/revisions"}],"predecessor-version":[{"id":36114,"href":"https:\/\/edirectorios.com.mx\/directorios-latinoamerica\/wp-json\/wp\/v2\/product\/36060\/revisions\/36114"}],"wp:featuredmedia":[{"embeddable":true,"href":"https:\/\/edirectorios.com.mx\/directorios-latinoamerica\/wp-json\/wp\/v2\/media\/31013"}],"wp:attachment":[{"href":"https:\/\/edirectorios.com.mx\/directorios-latinoamerica\/wp-json\/wp\/v2\/media?parent=36060"}],"wp:term":[{"taxonomy":"product_brand","embeddable":true,"href":"https:\/\/edirectorios.com.mx\/directorios-latinoamerica\/wp-json\/wp\/v2\/product_brand?post=36060"},{"taxonomy":"product_cat","embeddable":true,"href":"https:\/\/edirectorios.com.mx\/directorios-latinoamerica\/wp-json\/wp\/v2\/product_cat?post=36060"},{"taxonomy":"product_tag","embeddable":true,"href":"https:\/\/edirectorios.com.mx\/directorios-latinoamerica\/wp-json\/wp\/v2\/product_tag?post=36060"},{"taxonomy":"product_brands","embeddable":true,"href":"https:\/\/edirectorios.com.mx\/directorios-latinoamerica\/wp-json\/wp\/v2\/product_brands?post=36060"}],"curies":[{"name":"wp","href":"https:\/\/api.w.org\/{rel}","templated":true}]}}