{"id":36058,"date":"2025-12-12T17:16:00","date_gmt":"2025-12-12T17:16:00","guid":{"rendered":"https:\/\/edirectorios.com.mx\/directorios-latinoamerica\/?post_type=product&#038;p=36058"},"modified":"2025-12-12T17:16:55","modified_gmt":"2025-12-12T17:16:55","slug":"personas-fisicas-mayores-de-edad-economicamente-activas-y-tarjetahabientes-en-algunos-codigos-postales-en-ciudad-de-mexico","status":"publish","type":"product","link":"https:\/\/edirectorios.com.mx\/directorios-latinoamerica\/product\/personas-fisicas-mayores-de-edad-economicamente-activas-y-tarjetahabientes-en-algunos-codigos-postales-en-ciudad-de-mexico\/","title":{"rendered":"Personas F\u00edsicas, mayores de edad, econ\u00f3micamente activas y tarjetahabientes, en algunos c\u00f3digos postales en Ciudad de M\u00e9xico."},"content":{"rendered":"","protected":false},"excerpt":{"rendered":"<p>&nbsp;<\/p>\n<div class=\"row\">\n<div class=\"col-sm\"><strong>C\u00f3digo:<\/strong> <strong class=\"text-danger\">UBDV-D6<\/strong><\/div>\n<div class=\"col-sm\"><strong>N\u00famero de registros: <\/strong>300<\/div>\n<\/div>\n<div class=\"row\">\n<div class=\"col-sm \"><strong>Folio: <\/strong><span class=\"text-danger\">03EPTC0521-014\u00a0<\/span><\/div>\n<\/div>\n<p><strong>Segmentaci\u00f3n:<\/strong><\/p>\n<div class=\"row\">\n<div class=\"col-sm \">Personas F\u00edsicas, mayores de edad, econ\u00f3micamente activas y tarjetahabientes, en algunos c\u00f3digos postales en Ciudad de M\u00e9xico.<\/div>\n<\/div>\n<p><strong>Campos Contenidos:<\/strong><\/p>\n<div class=\"row\">\n<div class=\"col-sm \">Nombre \/ Direcci\u00f3n \/ C\u00f3digo Postal \/ Ciudad \/ Estado \/ Celular \/ Email.<\/div>\n<\/div>\n<div class=\"row\">\n<div class=\"col-sm\"><strong>Garant\u00eda: <\/strong>80%-85% <strong>Precio Original: <\/strong><del>$153 USD<\/del> <strong>Descuento Especial: <\/strong><strong class=\"text-danger\">20%<\/strong><\/div>\n<\/div>\n<div class=\"row\">\n<div class=\"col text-center\"><strong>Total a Pagar: <\/strong><strong class=\"text-danger\">$132 USD<\/strong><\/div>\n<\/div>\n","protected":false},"featured_media":31021,"template":"","meta":{"_bst_post_transparent":"","_bst_post_title":"","_bst_post_layout":"","_bst_post_sidebar_id":"","_bst_post_content_style":"","_bst_post_vertical_padding":"","_bst_post_feature":"","_bst_post_feature_position":"","_bst_post_header":false,"_bst_post_footer":false},"product_brand":[],"product_cat":[1266,1180],"product_tag":[1062,1063,1064,1404,1066,1263,1067,1068,1294,1186,1187,1405,1071,1073,1074,1075,1076,1077,1078,1079,1081,1082,1157,1083,1084,1085,1158,1086,1159,1088,1089,1090,1295,1092,1189,1093,1406,1097,1098,1099,1100,1102,1104,1190,1109,1116,1117,1118,1191,1192,1194,1195,1196,1197,1198,1199,1200,1201,1202,1265,1203,1204,1170,1132,1133,1134,1135,1136,1137,1138,1139,1296,1140,1142,1143,1144,1145,1407,1297,1298,1299,1300,1301,1302,1303,1146,1148],"product_brands":[],"class_list":{"0":"post-36058","1":"product","2":"type-product","3":"status-publish","4":"has-post-thumbnail","6":"product_cat-consumidores","7":"product_cat-personas-en-mexico","8":"product_tag-b2c-email-database","9":"product_tag-base-de-datos-campana-de-email-marketing","10":"product_tag-base-de-datos-campanas-de-email-marketing","11":"product_tag-base-de-datos-celulares","12":"product_tag-base-de-datos-ciudad-de-mexico","13":"product_tag-base-de-datos-consumidores","14":"product_tag-base-de-datos-correo-masivo","15":"product_tag-base-de-datos-correo-masivos","16":"product_tag-base-de-datos-de-numeros-celulares","17":"product_tag-base-de-datos-de-personas-fisicas","18":"product_tag-base-de-datos-de-tarjetahabientes","19":"product_tag-base-de-datos-de-telefonos-moviles","20":"product_tag-base-de-datos-direct-e-mail-marketing","21":"product_tag-base-de-datos-e-mail-marketing","22":"product_tag-base-de-datos-email-marketer","23":"product_tag-base-de-datos-email-marketing","24":"product_tag-base-de-datos-email-masivos","25":"product_tag-base-de-datos-email-publicidad","26":"product_tag-base-de-datos-email-publicitario","27":"product_tag-base-de-datos-emailing","28":"product_tag-base-de-datos-enviar-email-masivo","29":"product_tag-base-de-datos-envio-de-email-masivo","30":"product_tag-base-de-datos-envio-masivo","31":"product_tag-base-de-datos-envio-masivo-correo","32":"product_tag-base-de-datos-envio-masivo-correos","33":"product_tag-base-de-datos-envio-masivo-de-emails","34":"product_tag-base-de-datos-envio-masivos","35":"product_tag-base-de-datos-envios-de-correo-masivos","36":"product_tag-base-de-datos-envios-masivos","37":"product_tag-base-de-datos-marketing","38":"product_tag-base-de-datos-marketing-por-e-mail","39":"product_tag-base-de-datos-marketing-por-email","40":"product_tag-base-de-datos-numeros-de-telefonos-celulares","41":"product_tag-base-de-datos-para-marketing","42":"product_tag-base-de-datos-personas-de-email-marketing","43":"product_tag-base-de-datos-publicidad-por-email","44":"product_tag-base-de-datos-telefonos-moviles","45":"product_tag-bases-de-datos-correos","46":"product_tag-bases-de-datos-correos-electronicos","47":"product_tag-bases-de-datos-de-emails","48":"product_tag-bases-de-datos-de-marketing","49":"product_tag-bases-de-datos-email","50":"product_tag-bases-de-datos-emailing","51":"product_tag-big-consumer-database","52":"product_tag-business-contact-lists","53":"product_tag-buy-email-database","54":"product_tag-buy-email-list","55":"product_tag-buy-email-list-database","56":"product_tag-consumer-contact-lists","57":"product_tag-consumer-database","58":"product_tag-consumer-email-database","59":"product_tag-consumer-email-list","60":"product_tag-consumer-email-lists","61":"product_tag-consumer-list","62":"product_tag-consumer-mailing-database","63":"product_tag-consumer-mailing-list","64":"product_tag-consumer-mailing-lists","65":"product_tag-consumer-phone-list","66":"product_tag-correo-de-personas","67":"product_tag-correos-consumidores","68":"product_tag-correos-electronicos-de-personas","69":"product_tag-correos-electronicos-personas","70":"product_tag-database","71":"product_tag-e-mail-database","72":"product_tag-email-address-list","73":"product_tag-email-database","74":"product_tag-email-lists","75":"product_tag-email-marketing-list","76":"product_tag-list-of-email-addresses","77":"product_tag-lista-de-correos","78":"product_tag-lista-de-correos-electronicos","79":"product_tag-lista-de-numeros-de-telefonos-celulares","80":"product_tag-mail-marketing","81":"product_tag-mailing-list","82":"product_tag-marketing","83":"product_tag-marketing-correo-electronico","84":"product_tag-marketing-lists","85":"product_tag-mobile","86":"product_tag-mobile-database","87":"product_tag-mobile-directory","88":"product_tag-mobile-list","89":"product_tag-mobile-number-database","90":"product_tag-mobile-number-list","91":"product_tag-mobile-phone-number","92":"product_tag-numeros-de-telefonos-celulares","93":"product_tag-publicidad-por-base-de-datos-correo-electronico","94":"product_tag-tele-marketing-list","96":"first","97":"instock","98":"sale","99":"virtual","100":"purchasable","101":"product-type-simple","102":"entry","103":"content-bg","104":"loop-entry"},"aioseo_notices":[],"_links":{"self":[{"href":"https:\/\/edirectorios.com.mx\/directorios-latinoamerica\/wp-json\/wp\/v2\/product\/36058","targetHints":{"allow":["GET"]}}],"collection":[{"href":"https:\/\/edirectorios.com.mx\/directorios-latinoamerica\/wp-json\/wp\/v2\/product"}],"about":[{"href":"https:\/\/edirectorios.com.mx\/directorios-latinoamerica\/wp-json\/wp\/v2\/types\/product"}],"version-history":[{"count":1,"href":"https:\/\/edirectorios.com.mx\/directorios-latinoamerica\/wp-json\/wp\/v2\/product\/36058\/revisions"}],"predecessor-version":[{"id":36112,"href":"https:\/\/edirectorios.com.mx\/directorios-latinoamerica\/wp-json\/wp\/v2\/product\/36058\/revisions\/36112"}],"wp:featuredmedia":[{"embeddable":true,"href":"https:\/\/edirectorios.com.mx\/directorios-latinoamerica\/wp-json\/wp\/v2\/media\/31021"}],"wp:attachment":[{"href":"https:\/\/edirectorios.com.mx\/directorios-latinoamerica\/wp-json\/wp\/v2\/media?parent=36058"}],"wp:term":[{"taxonomy":"product_brand","embeddable":true,"href":"https:\/\/edirectorios.com.mx\/directorios-latinoamerica\/wp-json\/wp\/v2\/product_brand?post=36058"},{"taxonomy":"product_cat","embeddable":true,"href":"https:\/\/edirectorios.com.mx\/directorios-latinoamerica\/wp-json\/wp\/v2\/product_cat?post=36058"},{"taxonomy":"product_tag","embeddable":true,"href":"https:\/\/edirectorios.com.mx\/directorios-latinoamerica\/wp-json\/wp\/v2\/product_tag?post=36058"},{"taxonomy":"product_brands","embeddable":true,"href":"https:\/\/edirectorios.com.mx\/directorios-latinoamerica\/wp-json\/wp\/v2\/product_brands?post=36058"}],"curies":[{"name":"wp","href":"https:\/\/api.w.org\/{rel}","templated":true}]}}