{"id":36030,"date":"2025-12-12T17:15:36","date_gmt":"2025-12-12T17:15:36","guid":{"rendered":"https:\/\/edirectorios.com.mx\/directorios-latinoamerica\/?post_type=product&#038;p=36030"},"modified":"2025-12-12T17:16:15","modified_gmt":"2025-12-12T17:16:15","slug":"personas-fisicas-de-un-nse-c-c-y-a-b-que-tengan-uno-o-mas-autos","status":"publish","type":"product","link":"https:\/\/edirectorios.com.mx\/directorios-latinoamerica\/product\/personas-fisicas-de-un-nse-c-c-y-a-b-que-tengan-uno-o-mas-autos\/","title":{"rendered":"Personas f\u00edsicas, de un NSE C, C+ Y A\/B, Que tengan uno o m\u00e1s autos"},"content":{"rendered":"","protected":false},"excerpt":{"rendered":"<p>&nbsp;<\/p>\n<div class=\"row\">\n<div class=\"col-sm\"><strong>C\u00f3digo:<\/strong> <strong class=\"text-danger\">UBQB-D4<\/strong><\/div>\n<div class=\"col-sm\"><strong>N\u00famero de registros: <\/strong>250<\/div>\n<\/div>\n<div class=\"row\">\n<div class=\"col-sm \"><strong>Folio: <\/strong><span class=\"text-danger\">AF0421B094<\/span><\/div>\n<\/div>\n<p><strong>Segmentaci\u00f3n:<\/strong><\/p>\n<div class=\"row\">\n<div class=\"col-sm \">Personas f\u00edsicas, mayores de edad, de un NSE C, C+ Y A\/B que sean tarjetahabientes, Que tengan uno o m\u00e1s autos, modelos 2012 en adelante y Casa propia en Ciudad de M\u00e9xico y \u00c1rea Metropolitana<\/div>\n<\/div>\n<p><strong>Campos Contenidos:<\/strong><\/p>\n<div class=\"row\">\n<div class=\"col-sm \">Nombre \/ Direcci\u00f3n \/ Ciudad \/ Estado \/ Celular.<\/div>\n<\/div>\n<div class=\"row\">\n<div class=\"col-sm\"><strong>Garant\u00eda: <\/strong>80%-85% <strong>Precio Original: <\/strong><del><span style=\"text-decoration: line-through;\">$101 USD<\/span><\/del>\u00a0<strong>Descuento Especial: <\/strong><strong class=\"text-danger\">20%<\/strong><\/div>\n<\/div>\n<div class=\"row\">\n<div class=\"col text-center\"><strong>Total a Pagar: <\/strong><strong class=\"text-danger\">$81 USD<\/strong><\/div>\n<\/div>\n","protected":false},"featured_media":31021,"template":"","meta":{"_bst_post_transparent":"","_bst_post_title":"","_bst_post_layout":"","_bst_post_sidebar_id":"","_bst_post_content_style":"","_bst_post_vertical_padding":"","_bst_post_feature":"","_bst_post_feature_position":"","_bst_post_header":false,"_bst_post_footer":false},"product_brand":[],"product_cat":[1266,1180],"product_tag":[1404,1066,1207,1208,1209,1294,1186,1187,1405,1295,1406,1096,1192,1197,1296,1407,1297,1298,1299,1300,1301,1302,1303],"product_brands":[],"class_list":{"0":"post-36030","1":"product","2":"type-product","3":"status-publish","4":"has-post-thumbnail","6":"product_cat-consumidores","7":"product_cat-personas-en-mexico","8":"product_tag-base-de-datos-celulares","9":"product_tag-base-de-datos-ciudad-de-mexico","10":"product_tag-base-de-datos-de-nse","11":"product_tag-base-de-datos-de-nse-a-b","12":"product_tag-base-de-datos-de-nse-c","13":"product_tag-base-de-datos-de-numeros-celulares","14":"product_tag-base-de-datos-de-personas-fisicas","15":"product_tag-base-de-datos-de-tarjetahabientes","16":"product_tag-base-de-datos-de-telefonos-moviles","17":"product_tag-base-de-datos-numeros-de-telefonos-celulares","18":"product_tag-base-de-datos-telefonos-moviles","19":"product_tag-base-de-datos-zona-metropolitana","20":"product_tag-consumer-database","21":"product_tag-consumer-list","22":"product_tag-lista-de-numeros-de-telefonos-celulares","23":"product_tag-mobile","24":"product_tag-mobile-database","25":"product_tag-mobile-directory","26":"product_tag-mobile-list","27":"product_tag-mobile-number-database","28":"product_tag-mobile-number-list","29":"product_tag-mobile-phone-number","30":"product_tag-numeros-de-telefonos-celulares","32":"first","33":"instock","34":"sale","35":"virtual","36":"purchasable","37":"product-type-simple","38":"entry","39":"content-bg","40":"loop-entry"},"aioseo_notices":[],"_links":{"self":[{"href":"https:\/\/edirectorios.com.mx\/directorios-latinoamerica\/wp-json\/wp\/v2\/product\/36030","targetHints":{"allow":["GET"]}}],"collection":[{"href":"https:\/\/edirectorios.com.mx\/directorios-latinoamerica\/wp-json\/wp\/v2\/product"}],"about":[{"href":"https:\/\/edirectorios.com.mx\/directorios-latinoamerica\/wp-json\/wp\/v2\/types\/product"}],"version-history":[{"count":1,"href":"https:\/\/edirectorios.com.mx\/directorios-latinoamerica\/wp-json\/wp\/v2\/product\/36030\/revisions"}],"predecessor-version":[{"id":36071,"href":"https:\/\/edirectorios.com.mx\/directorios-latinoamerica\/wp-json\/wp\/v2\/product\/36030\/revisions\/36071"}],"wp:featuredmedia":[{"embeddable":true,"href":"https:\/\/edirectorios.com.mx\/directorios-latinoamerica\/wp-json\/wp\/v2\/media\/31021"}],"wp:attachment":[{"href":"https:\/\/edirectorios.com.mx\/directorios-latinoamerica\/wp-json\/wp\/v2\/media?parent=36030"}],"wp:term":[{"taxonomy":"product_brand","embeddable":true,"href":"https:\/\/edirectorios.com.mx\/directorios-latinoamerica\/wp-json\/wp\/v2\/product_brand?post=36030"},{"taxonomy":"product_cat","embeddable":true,"href":"https:\/\/edirectorios.com.mx\/directorios-latinoamerica\/wp-json\/wp\/v2\/product_cat?post=36030"},{"taxonomy":"product_tag","embeddable":true,"href":"https:\/\/edirectorios.com.mx\/directorios-latinoamerica\/wp-json\/wp\/v2\/product_tag?post=36030"},{"taxonomy":"product_brands","embeddable":true,"href":"https:\/\/edirectorios.com.mx\/directorios-latinoamerica\/wp-json\/wp\/v2\/product_brands?post=36030"}],"curies":[{"name":"wp","href":"https:\/\/api.w.org\/{rel}","templated":true}]}}